{"id":966,"date":"2022-11-17T14:16:05","date_gmt":"2022-11-17T13:16:05","guid":{"rendered":"https:\/\/rytmus.se\/stockholm\/?page_id=966"},"modified":"2026-01-12T10:47:29","modified_gmt":"2026-01-12T09:47:29","slug":"medieproduktion","status":"publish","type":"page","link":"https:\/\/rytmus.se\/stockholm\/ansok\/medieproduktion\/","title":{"rendered":"Ans\u00f6k Bild &#038; foto eller Ljuddesign"},"content":{"rendered":"\n\t\n\t\n\t\n\n\t\n\t\n\t\t\n<section  class=\"c-block l-stacked  \" data-color-scheme=\"gra-ljus\">\n\t<div class=\"ams-fifty ams-fifty--container ams-fifty--left ams-fifty--top l-container u-pt-fluid-3xl-6xl u-pb-fluid-3xl-6xl\">\n\t\t<div class=\"ams-fifty__content l-stack l-stack-xl is-left is-left@lg\">\n\t\t\t<div class=\"ams-fifty__text l-stack l-stack-lg\">\n\t\t\t\t\t\n\t<h1\n\tclass=\"c-heading u-font-title-1 \"\n\tstyle=\"\">\n\t\t\n\t\t\t\t\t\t\t\t\tF\u00e4rdighetstest\n\t\t\t\t<span class=\"c-heading__sub is-below u-font-title-3\">\n\t\t\t\t\tBild och foto eller Ljuddesign\n\t\t\t\t<\/span>\n\t\t\t\t\t\t\t\n\t<\/h1>\n\n\t\t\t\t\t\t\t\t\t<div class=\"text l-stack u-font-body\">\n\t\t\t\t\t\t<p>Alla som s\u00f6ker till oss blir kallade till ett f\u00e4rdighetstest som genomf\u00f6rs under v\u00e5rterminen. Kallelsen kommer med epost n\u00e5gra veckor i f\u00f6rv\u00e4g. Det \u00e4r ett tillf\u00e4lle f\u00f6r oss att l\u00e4ra k\u00e4nna dig b\u00e4ttre, och f\u00f6r dig att boosta din meritpo\u00e4ng fr\u00e5n grundskolan med en mediapo\u00e4ng. Du f\u00e5r po\u00e4ng p\u00e5 testet (max 320 po\u00e4ng) som sedan l\u00e4ggs ihop med din meritpo\u00e4ng.<\/p>\n<p>N\u00e4r du kommer till skolan anm\u00e4ler du dig i receptionen och blir h\u00e4nvisad till d\u00e4r du ska vara. Du f\u00e5r sedan tr\u00e4ffa l\u00e4rare som tillsammans med dig genomf\u00f6r testet. Testet tar ungef\u00e4r 20 minuter att genomf\u00f6ra.<\/p>\n\n\t\t\t\t\t<\/div>\n\t\t\t\t\t\t\t<\/div>\n\n\t\t\t\t<div class=\"ams-fifty__action u-inline-items\">\n\t\t\t\t\t\t\t\n\n\n<a href=\"https:\/\/rytmus.se\/stockholm\/oppet-hus\/\"\n\t\n\tclass=\"c-btn \"\n\tdata-style=\"square\"\n\tdata-size=\"md\"\n\tdata-width=\"full-mobile\"\n\tdata-variant=\"default\"\n\ttarget=\"_self\">\n\t\t\t<span class=\"label\"> Bes\u00f6k \u00f6ppet hus<\/span>\n\t\t\t<\/a>\n\t\t\t<\/div>\n\t\t<\/div>\n\n\t\t <div class=\"ams-fifty__media u-ratio-square\">\n\t\t \t\t\t\t\t<img decoding=\"async\" width=\"600\" height=\"600\" src=\"https:\/\/rytmus.se\/wp-content\/uploads\/sites\/3\/2024\/06\/rytmusmedieproduktion052022-600x600.jpg\" class=\"attachment-md size-md\" alt=\"Elever fotar i studio.\" sizes=\"(min-width: 64em) 600px, calc(100vw - 160px)\" srcset=\"https:\/\/rytmus.se\/wp-content\/uploads\/sites\/3\/2024\/06\/rytmusmedieproduktion052022-600x600.jpg 600w, https:\/\/rytmus.se\/wp-content\/uploads\/sites\/3\/2024\/06\/rytmusmedieproduktion052022-150x150.jpg 150w, https:\/\/rytmus.se\/wp-content\/uploads\/sites\/3\/2024\/06\/rytmusmedieproduktion052022-300x300.jpg 300w, https:\/\/rytmus.se\/wp-content\/uploads\/sites\/3\/2024\/06\/rytmusmedieproduktion052022-400x400.jpg 400w, https:\/\/rytmus.se\/wp-content\/uploads\/sites\/3\/2024\/06\/rytmusmedieproduktion052022-800x800.jpg 800w, https:\/\/rytmus.se\/wp-content\/uploads\/sites\/3\/2024\/06\/rytmusmedieproduktion052022-1024x1024.jpg 1024w, https:\/\/rytmus.se\/wp-content\/uploads\/sites\/3\/2024\/06\/rytmusmedieproduktion052022.jpg 1080w\" \/>\n\t\t\t\n\t\t\t\n\t\t\t\t\t<\/div>\n\t<\/div>\n\n\t\t\n\n<\/section>\n\n\n\n\n\n<section  class=\"ams-faq ams_event_module c-block l-stacked js-load-more\" data-color-scheme=\"bakgrund-hover-standard\" data-count=\"3\" data-count-mobile=\"3\">\n\t<div class=\"l-container l-stack l-stack-fluid-2xl u-pt-fluid-3xl-6xl u-pb-fluid-3xl-6xl is-center is-center@md\">\n\t\t\t\t\t<div class=\"ams-faq__intro l-stack l-stack-lg\">\n\t\t\t\t\t\n\t<h2\n\tclass=\"c-heading u-font-title-1 \"\n\tstyle=\"\">\n\t\t\n\t\t\t\t\tF\u00f6rberedelser\n\t\t\t\t\n\t<\/h2>\n\n\t\t\t\t\t\t\t\t\t<div class=\"c-text l-stack u-cs-xl u-font-body\">\n\t\t\t\t\t\t<p>H\u00e4r kan du l\u00e4sa hur ett f\u00e4rdighetstest g\u00e5r till och om de f\u00f6rberedelser du beh\u00f6ver ha gjort inf\u00f6r f\u00e4rdighetstestet. Det \u00e4r viktigt att du kommer f\u00f6rberedd.<\/p>\n\n\t\t\t\t\t<\/div>\n\t\t\t\t\t\t\t<\/div>\n\t\t\n\t\t\n\t\n\t    \n\t\n\t<ul\n\t\tid=\"ams-faq-list-69dfe20289a73\"\n\t\tclass=\"ams-faq__ac ams-accordion_module c-accordion js-results \"\n\t\taria-label=\"Vanliga fr\u00e5gor\"\n\t\tdata-variant=\"border-between\"\n\t\tdata-ajax-action=\"log_faq_view\"\n\t\tdata-ajax-url=\"https:\/\/rytmus.se\/stockholm\/wp-admin\/admin-ajax.php\"\n\t\tdata-ajax-nonce=\"c86d1403cc\"\n\t\tdata-filter-animation=\"off\">\n\n\t\t\n\t\t\t\t\t\t\t\t\t\t\t\t\t\t\t\n\t\t\t\n\t\t\t<li data-ajax-id=\"3222\" class=\"c-accordion__item \"\n\t\t\tdata-filter=\"meprod-fardighetstest januari-2025\"\n\t\t\t>\n\t\t\t\t<h3 class=\"c-accordion__header\">\n\t\t\t\t\t\t\t\t\t\t<button class=\"c-accordion__trigger u-py-sm u-px-fluid-md-xl u-font-title-4\">\n\t\t\t\t\t\t<span>Bild och foto<\/span>\n\t\t\t\t\t\t<svg class=\"ams-icon ams-icon__arrow-down\" width=\"24\" height=\"24\" viewbox=\"0 0 24 24\" fill=\"currentColor\" aria-hidden=\"true\" xmlns=\"http:\/\/www.w3.org\/2000\/svg\">\n\t\t\t\t\t\t\t\t\t\t\t\t\t<path d=\"m11.2033 18.4294-10.872894-10.67584c-.440539-.42594-.440539-1.1147 0-1.54065l.665495-.64345c.440539-.42595 1.152899-.42595 1.593439 0l9.41066 9.27114 9.4107-9.26207c.4405-.42595 1.1529-.42595 1.5934 0l.6655.64345c.4405.42594.4405 1.1147 0 1.54065l-10.8729 10.67587c-.4405.4168-1.1529.4168-1.5934-.0091z\"\/>\n\t\t\t\t\t\n\t\t\t\t\t\t<\/svg>\n\t\t\t\t\t<\/button>\n\t\t\t\t<\/h3>\n\t\t\t\t<div class=\"c-accordion__body l-stack u-font-body\">\n\t\t\t\t\t<div class=\"c-accordion__body__inner u-p-fluid-md-xl l-stack\">\n\t\t\t\t\t\t<p><strong>Arbetsprov\/projekt<\/strong><br \/>\nInf\u00f6r testet ska du f\u00f6rbereda tv\u00e5 arbetsprover av olika typer som du tar med och visar upp vid f\u00e4rdighetstestet. Dessa ska vara i olika, valfria tekniker. Det kan vara fotografi, teckning\/m\u00e5lning, film, ljudproduktion eller animation.<\/p>\n<p>Vi tittar p\u00e5 dina arbeten tillsammans och du f\u00e5r en m\u00f6jlighet ber\u00e4tta f\u00f6r oss om dina tankar och id\u00e9er kring dina verk och hur du har g\u00e5tt tillv\u00e4ga n\u00e4r du har gjort dem.<\/p>\n<p>Vi vill att du tar med dig dina digitala arbeten som en h\u00e5rddisk eller ett USB-minne. Om du har teckningar, m\u00e5lningar eller utskrivna fotografier monterar du dessa p\u00e5 kartong eller liknande. Vi vill inte titta p\u00e5 arbeten p\u00e5 en liten sk\u00e4rm t.ex. mobiltelefon eller ipad.<\/p>\n<p><strong>Diskussion<\/strong><br \/>\nVi tittar ocks\u00e5 p\u00e5 en kort film som vi sedan pratar om tillsammans. I m\u00e5n av tid tittar vi ocks\u00e5 p\u00e5 slumpm\u00e4ssigt utvalda medieproduktioner och f\u00f6r en diskussion kring dessa.<\/p>\n\n\t\t\t\t\t<\/div>\n\t\t\t\t<\/div>\n\t\t\t<\/li>\n\t\t\n\t\t\t\t\t\t\t\t\t\t\t\t\t\t\t\n\t\t\t\n\t\t\t<li data-ajax-id=\"3223\" class=\"c-accordion__item \"\n\t\t\tdata-filter=\"meprod-fardighetstest januari-2025\"\n\t\t\t>\n\t\t\t\t<h3 class=\"c-accordion__header\">\n\t\t\t\t\t\t\t\t\t\t<button class=\"c-accordion__trigger u-py-sm u-px-fluid-md-xl u-font-title-4\">\n\t\t\t\t\t\t<span>Ljuddesign<\/span>\n\t\t\t\t\t\t<svg class=\"ams-icon ams-icon__arrow-down\" width=\"24\" height=\"24\" viewbox=\"0 0 24 24\" fill=\"currentColor\" aria-hidden=\"true\" xmlns=\"http:\/\/www.w3.org\/2000\/svg\">\n\t\t\t\t\t\t\t\t\t\t\t\t\t<path d=\"m11.2033 18.4294-10.872894-10.67584c-.440539-.42594-.440539-1.1147 0-1.54065l.665495-.64345c.440539-.42595 1.152899-.42595 1.593439 0l9.41066 9.27114 9.4107-9.26207c.4405-.42595 1.1529-.42595 1.5934 0l.6655.64345c.4405.42594.4405 1.1147 0 1.54065l-10.8729 10.67587c-.4405.4168-1.1529.4168-1.5934-.0091z\"\/>\n\t\t\t\t\t\n\t\t\t\t\t\t<\/svg>\n\t\t\t\t\t<\/button>\n\t\t\t\t<\/h3>\n\t\t\t\t<div class=\"c-accordion__body l-stack u-font-body\">\n\t\t\t\t\t<div class=\"c-accordion__body__inner u-p-fluid-md-xl l-stack\">\n\t\t\t\t\t\t<p><strong>Arbetsprov\/projekt<\/strong><br \/>\nInf\u00f6r testet ska du f\u00f6rbereda tv\u00e5 arbetsprover av olika typer som du tar med och visar upp vid f\u00e4rdighetstestet. Dessa ska vara i olika, valfria tekniker. Det kan vara fotografi, teckning\/m\u00e5lning, film, ljudproduktion eller animation.<\/p>\n<p>Vi tittar p\u00e5 dina arbeten tillsammans och du f\u00e5r en m\u00f6jlighet ber\u00e4tta f\u00f6r oss om dina tankar och id\u00e9er kring dina verk och hur du har g\u00e5tt tillv\u00e4ga n\u00e4r du har gjort dem.<\/p>\n<p>Vi vill att du tar med dig dina digitala arbeten som en h\u00e5rddisk eller ett USB-minne. Om du har teckningar, m\u00e5lningar eller utskrivna fotografier monterar du dessa p\u00e5 kartong eller liknande. Vi vill inte titta p\u00e5 arbeten p\u00e5 en liten sk\u00e4rm t.ex. mobiltelefon eller ipad.<\/p>\n<p><strong>Diskussion<\/strong><br \/>\nVi tittar ocks\u00e5 p\u00e5 en kort film som vi sedan pratar om tillsammans. I m\u00e5n av tid tittar vi ocks\u00e5 p\u00e5 slumpm\u00e4ssigt utvalda medieproduktioner och f\u00f6r en diskussion kring dessa.<\/p>\n\n\t\t\t\t\t<\/div>\n\t\t\t\t<\/div>\n\t\t\t<\/li>\n\t\t\t<\/ul>\n\n\t<div class=\"no-results u-mt-0 u-hide\" data-filter-fallback-id=\"ams-faq-list-69dfe20289a73\">\n\t<p>Det finns inga resultat som matchar din filtrering.<\/p>\n<\/div>\n\n\t\n\n\t\t\n\t\t\t<\/div>\n\n\t\t\n\n<\/section>\n\n\n\n\t<div class=\"module_wrapper ams_remote_pages_module \">\n\t\t\n<section \n\t\t class=\"\n\t\t ams-contact\n\t\t \n\t\t c-block l-stacked\n\t\t \n\t\t \n\t\t js-load-more\n\t\t \"\n\t\t data-color-scheme=\"bakgrund-hover-lankad-text\"\n\t\t\t\t\tdata-count=\"3\"\n\t\t\t\t\t\t\tdata-count-mobile=\"2\"\n\t\t\t\t>\n\t<div\n\t\t class=\"\n\t\t l-container\n\t\t l-stack l-stack-fluid-2xl\n\t\t u-pt-fluid-2xl-4xl\n\t\t u-pb-fluid-2xl-4xl\n\t\t is-center\n\t\t is-center@md\n\t\t \">\n\t\t\t\t\t<div class=\"ams-contact__intro l-stack l-stack-lg\">\n\t\t\t\t\t\n\t<h2\n\tclass=\"c-heading u-font-title-1 \"\n\tstyle=\"\">\n\t\t\n\t\t\t\t\tHar du fr\u00e5gor?\n\t\t\t\t\n\t<\/h2>\n\n\t\t\t\t\t\t\t\t\t<div class=\"c-text l-stack u-cs-xl u-font-body\">\n\t\t\t\t\t\t<p>Om du har fr\u00e5gor eller funderingar \u00e4r du varmt v\u00e4lkommen att kontakta oss.<\/p>\n\n\t\t\t\t\t<\/div>\n\t\t\t\t\t\t\t<\/div>\n\t\t\n\t\t\n\t\t    \t\n\t\t\n\t\t<ul\n\t\t\tid=\"contact-grid-69dfe2029e575\"\n\t\t\tclass=\"ams-contact__list l-grid u-gap-fluid-2xl-4xl u-justify-center js-results \"\n\t\t\taria-label=\"Kontakter\"\n\t\t\tdata-filter-animation=\"off\"\n\t\t\t>\n\t\t\t\t\t\t\t\t\t\t\t\n\t\t\t\t\n\t\t\t\t<li class=\"l-col-6@md l-col-4@lg \" data-filter=\"ledning\">\n\t\t\t\t\t<article class=\"c-card \" data-variant=\"neutral\">\n\t\t\t\t\t\t<div class=\"c-card__content u-text-center\">\n\t\t\t\t\t\t\t\t\t\t\t\t\t\t\t<h3 class=\"c-card__title u-font-title-3\">\n\t\t\t\t\t\t\t\t\tMalin Hussmo\n\t\t\t\t\t\t\t\t<\/h3>\n\t\t\t\t\t\t\t\n\t\t\t\t\t\t\t\t\t\t\t\t\t\t\t<p class=\"position u-font-body\">Rektor<\/p>\n\t\t\t\t\t\t\t\n\t\t\t\t\t\t\t\t\t\t\t\t\t\t\t<div class=\"contact-info u-font-body\">\n\t\t\t\t\t\t\t\t\t\t\t\t\t\t\t\t\t\t\t\t\t\t\t\t\t\t\t\t\t\t<p class=\"phone\"><a\n\t\t\t\t\t\t\t\t\t\t\t\t\thref=\"tel:0855586299\"\n\t\t\t\t\t\t\t\t\t\t\t\t\tclass=\"u-text-link\">08-555 862 99<\/a>\n\t\t\t\t\t\t\t\t\t\t\t<\/p>\n\t\t\t\t\t\t\t\t\t\t\t\t\t\t\t\t\t\t\t\n\t\t\t\t\t\t\t\t\t\t\t\t\t\t\t\t\t\t\t\t\t\t\t\t\t\t\t\t\t\t<p class=\"email\"><a\n\t\t\t\t\t\t\t\t\t\t\t\t\thref=\"&#109;&#097;ilt&#111;&#058;m&#097;lin.&#104;u&#115;sm&#111;&#064;r&#121;&#116;mu&#115;&#046;&#115;e\"\n\t\t\t\t\t\t\t\t\t\t\t\t\tclass=\"u-text-link\">m&#097;l&#105;n&#046;&#104;us&#115;m&#111;&#064;ryt&#109;&#117;&#115;.s&#101;<\/a>\n\t\t\t\t\t\t\t\t\t\t\t<\/p>\n\t\t\t\t\t\t\t\t\t\t\t\t\t\t\t\t\t\t\t\t\t\t\t\t\t\t\t<\/div>\n\t\t\t\t\t\t\t\n\t\t\t\t\t\t\t\t\t\t\t\t\t<\/div>\n\t\t\t\t\t\t<div class=\"c-card__media\">\n\t\t\t\t\t\t\t\t\t\t\t\t\t\t\t\t\t\t\t\t\t\t\t\t\t\t\t\t\t\t\t\t\t\t\t\t\t\t\t\t\t\t\t\t\t\t\t\t\t<img decoding=\"async\" src=\"https:\/\/rytmus.se\/wp-content\/uploads\/sites\/3\/2022\/10\/rytmus.svg\" class=\"u-radius-square u-ratio-landscape  \" alt=\"Rytmus logga.\" sizes=\"(max-width: 300px) 100vw, 300px\" height=\"330\" width=\"330\" \/>\n\t\t\t\t\t\t<\/div>\n\t\t\t\t\t<\/article>\n\t\t\t\t<\/li>\n\t\t\t\t\t<\/ul>\n\n\t\t\n\t\t    <div class=\"ams-contact__more u-inline-items js-load-more-btn\">\n        <button href=\"#\"\n                class=\"c-btn\"\n                data-style=\"square\"\n                data-size=\"md\"\n                data-width=\"full-mobile\"\n                data-variant=\"outline\">\n        \tVisa mer\n        <\/button>\n    <\/div>\n\n\t\t\t<\/div>\n\n\t\t\n\n\t<div class=\"c-overlay\" style=\"--overlay-bg: #F6F6F6;\"><\/div>\n<\/section>\n\t<\/div>\n\n\t\n\n\n\t<div class=\"module_wrapper ams_remote_pages_module \">\n\t\t\n\n<section  class=\"ams-cta ams-cta--stacked c-block l-stacked\" data-color-scheme=\"white\">\n\t<div class=\"l-container l-stack l-stack-fluid-2xl u-pt-fluid-2xl-4xl u-pb-fluid-2xl-4xl is-center is-center@md\">\n\t\t\t\t\t<div class=\"ams-cta__intro l-stack l-stack-lg\">\n\t\t\t\t\t\n\t<h2\n\tclass=\"c-heading u-font-title-1 \"\n\tstyle=\"\">\n\t\t\n\t\t\t\t\tBes\u00f6k oss\n\t\t\t\t\n\t<\/h2>\n\n\t\t\t\t\t\t\t\t\t<div class=\"c-text l-stack u-cs-xl u-font-body\">\n\t\t\t\t\t\t<p>\u00c4r du nyfiken p\u00e5 Rytmus? Bes\u00f6k oss p\u00e5 \u00d6ppet hus eller p\u00e5 en Prova p\u00e5-dag s\u00e5 f\u00e5r du se v\u00e5ra lokaler, l\u00e4ra dig mer om v\u00e5r skola och k\u00e4nna p\u00e5 Rytmusandan.<\/p>\n\n\t\t\t\t\t<\/div>\n\t\t\t\t\t\t\t<\/div>\n\t\t\n\t\t\n\t\t\t<div class=\"ams-cta__action u-inline-items\">\n\t\t\t\t\t\t\t\n\n\n<a href=\"https:\/\/rytmus.se\/stockholm\/oppet-hus\/\"\n\t\n\tclass=\"c-btn \"\n\tdata-style=\"square\"\n\tdata-size=\"md\"\n\tdata-width=\"full-mobile\"\n\tdata-variant=\"default\"\n\ttarget=\"_self\">\n\t\t\t<span class=\"label\"> Kom p\u00e5 \u00d6ppet hus<\/span>\n\t\t\t<\/a>\n\t\t\t\t\t\t\t\n\n\n<a href=\"https:\/\/rytmus.se\/stockholm\/prova-pa-dag\/\"\n\t\n\tclass=\"c-btn \"\n\tdata-style=\"square\"\n\tdata-size=\"md\"\n\tdata-width=\"full-mobile\"\n\tdata-variant=\"outline\"\n\ttarget=\"_self\">\n\t\t\t<span class=\"label\"> Boka Prova p\u00e5-dag<\/span>\n\t\t\t<\/a>\n\t\t\t<\/div>\n\t<\/div>\n\n\t\t\n\n<\/section>\n\t<\/div>\n\n\t","protected":false},"excerpt":{"rendered":"","protected":false},"author":3,"featured_media":0,"parent":7,"menu_order":0,"comment_status":"closed","ping_status":"closed","template":"","meta":{"footnotes":""},"yoast_head":"<!-- This site is optimized with the Yoast SEO plugin v22.0 - https:\/\/yoast.com\/wordpress\/plugins\/seo\/ -->\n<title>F\u00e4rdighetstest Medieproduktion | Rytmus Stockholm<\/title>\n<meta name=\"description\" content=\"N\u00e4r du ans\u00f6ker till Rytmus blir du ocks\u00e5 kallad till ett f\u00e4rdighetstest. Ett tillf\u00e4lle d\u00e4r vi f\u00e5r tr\u00e4ffa dig och l\u00e4ra k\u00e4nna dig b\u00e4ttre.\" \/>\n<meta name=\"robots\" content=\"index, follow, max-snippet:-1, max-image-preview:large, max-video-preview:-1\" \/>\n<link rel=\"canonical\" href=\"https:\/\/rytmus.se\/stockholm\/ansok\/medieproduktion\/\" \/>\n<meta property=\"og:locale\" content=\"sv_SE\" \/>\n<meta property=\"og:type\" content=\"article\" \/>\n<meta property=\"og:title\" content=\"F\u00e4rdighetstest Medieproduktion | Rytmus Stockholm\" \/>\n<meta property=\"og:description\" content=\"N\u00e4r du ans\u00f6ker till Rytmus blir du ocks\u00e5 kallad till ett f\u00e4rdighetstest. Ett tillf\u00e4lle d\u00e4r vi f\u00e5r tr\u00e4ffa dig och l\u00e4ra k\u00e4nna dig b\u00e4ttre.\" \/>\n<meta property=\"og:url\" content=\"https:\/\/rytmus.se\/stockholm\/ansok\/medieproduktion\/\" \/>\n<meta property=\"og:site_name\" content=\"Stockholm\" \/>\n<meta property=\"article:modified_time\" content=\"2026-01-12T09:47:29+00:00\" \/>\n<meta name=\"twitter:card\" content=\"summary_large_image\" \/>\n<meta name=\"twitter:title\" content=\"F\u00e4rdighetstest Medieproduktion | Rytmus Stockholm\" \/>\n<meta name=\"twitter:description\" content=\"N\u00e4r du ans\u00f6ker till Rytmus blir du ocks\u00e5 kallad till ett f\u00e4rdighetstest. Ett tillf\u00e4lle d\u00e4r vi f\u00e5r tr\u00e4ffa dig och l\u00e4ra k\u00e4nna dig b\u00e4ttre.\" \/>\n<meta name=\"twitter:label1\" content=\"Ber\u00e4knad l\u00e4stid\" \/>\n\t<meta name=\"twitter:data1\" content=\"1 minut\" \/>\n<script type=\"application\/ld+json\" class=\"yoast-schema-graph\">{\"@context\":\"https:\/\/schema.org\",\"@graph\":[{\"@type\":\"WebPage\",\"@id\":\"https:\/\/rytmus.se\/stockholm\/ansok\/medieproduktion\/\",\"url\":\"https:\/\/rytmus.se\/stockholm\/ansok\/medieproduktion\/\",\"name\":\"F\u00e4rdighetstest Medieproduktion | Rytmus Stockholm\",\"isPartOf\":{\"@id\":\"https:\/\/rytmus.se\/stockholm\/#website\"},\"datePublished\":\"2022-11-17T13:16:05+00:00\",\"dateModified\":\"2026-01-12T09:47:29+00:00\",\"description\":\"N\u00e4r du ans\u00f6ker till Rytmus blir du ocks\u00e5 kallad till ett f\u00e4rdighetstest. Ett tillf\u00e4lle d\u00e4r vi f\u00e5r tr\u00e4ffa dig och l\u00e4ra k\u00e4nna dig b\u00e4ttre.\",\"breadcrumb\":{\"@id\":\"https:\/\/rytmus.se\/stockholm\/ansok\/medieproduktion\/#breadcrumb\"},\"inLanguage\":\"sv-SE\",\"potentialAction\":[{\"@type\":\"ReadAction\",\"target\":[\"https:\/\/rytmus.se\/stockholm\/ansok\/medieproduktion\/\"]}]},{\"@type\":\"BreadcrumbList\",\"@id\":\"https:\/\/rytmus.se\/stockholm\/ansok\/medieproduktion\/#breadcrumb\",\"itemListElement\":[{\"@type\":\"ListItem\",\"position\":1,\"name\":\"Start\",\"item\":\"https:\/\/rytmus.se\/stockholm\/\"},{\"@type\":\"ListItem\",\"position\":2,\"name\":\"Ans\u00f6k\",\"item\":\"https:\/\/rytmus.se\/stockholm\/ansok\/\"},{\"@type\":\"ListItem\",\"position\":3,\"name\":\"Ans\u00f6k Bild &#038; foto eller Ljuddesign\"}]},{\"@type\":\"WebSite\",\"@id\":\"https:\/\/rytmus.se\/stockholm\/#website\",\"url\":\"https:\/\/rytmus.se\/stockholm\/\",\"name\":\"Stockholm\",\"description\":\"MAKE | MUSIC | LIVE\",\"potentialAction\":[{\"@type\":\"SearchAction\",\"target\":{\"@type\":\"EntryPoint\",\"urlTemplate\":\"https:\/\/rytmus.se\/stockholm\/?s={search_term_string}\"},\"query-input\":\"required name=search_term_string\"}],\"inLanguage\":\"sv-SE\"}]}<\/script>\n<!-- \/ Yoast SEO plugin. -->","yoast_head_json":{"title":"F\u00e4rdighetstest Medieproduktion | Rytmus Stockholm","description":"N\u00e4r du ans\u00f6ker till Rytmus blir du ocks\u00e5 kallad till ett f\u00e4rdighetstest. Ett tillf\u00e4lle d\u00e4r vi f\u00e5r tr\u00e4ffa dig och l\u00e4ra k\u00e4nna dig b\u00e4ttre.","robots":{"index":"index","follow":"follow","max-snippet":"max-snippet:-1","max-image-preview":"max-image-preview:large","max-video-preview":"max-video-preview:-1"},"canonical":"https:\/\/rytmus.se\/stockholm\/ansok\/medieproduktion\/","og_locale":"sv_SE","og_type":"article","og_title":"F\u00e4rdighetstest Medieproduktion | Rytmus Stockholm","og_description":"N\u00e4r du ans\u00f6ker till Rytmus blir du ocks\u00e5 kallad till ett f\u00e4rdighetstest. Ett tillf\u00e4lle d\u00e4r vi f\u00e5r tr\u00e4ffa dig och l\u00e4ra k\u00e4nna dig b\u00e4ttre.","og_url":"https:\/\/rytmus.se\/stockholm\/ansok\/medieproduktion\/","og_site_name":"Stockholm","article_modified_time":"2026-01-12T09:47:29+00:00","twitter_card":"summary_large_image","twitter_title":"F\u00e4rdighetstest Medieproduktion | Rytmus Stockholm","twitter_description":"N\u00e4r du ans\u00f6ker till Rytmus blir du ocks\u00e5 kallad till ett f\u00e4rdighetstest. Ett tillf\u00e4lle d\u00e4r vi f\u00e5r tr\u00e4ffa dig och l\u00e4ra k\u00e4nna dig b\u00e4ttre.","twitter_misc":{"Ber\u00e4knad l\u00e4stid":"1 minut"},"schema":{"@context":"https:\/\/schema.org","@graph":[{"@type":"WebPage","@id":"https:\/\/rytmus.se\/stockholm\/ansok\/medieproduktion\/","url":"https:\/\/rytmus.se\/stockholm\/ansok\/medieproduktion\/","name":"F\u00e4rdighetstest Medieproduktion | Rytmus Stockholm","isPartOf":{"@id":"https:\/\/rytmus.se\/stockholm\/#website"},"datePublished":"2022-11-17T13:16:05+00:00","dateModified":"2026-01-12T09:47:29+00:00","description":"N\u00e4r du ans\u00f6ker till Rytmus blir du ocks\u00e5 kallad till ett f\u00e4rdighetstest. Ett tillf\u00e4lle d\u00e4r vi f\u00e5r tr\u00e4ffa dig och l\u00e4ra k\u00e4nna dig b\u00e4ttre.","breadcrumb":{"@id":"https:\/\/rytmus.se\/stockholm\/ansok\/medieproduktion\/#breadcrumb"},"inLanguage":"sv-SE","potentialAction":[{"@type":"ReadAction","target":["https:\/\/rytmus.se\/stockholm\/ansok\/medieproduktion\/"]}]},{"@type":"BreadcrumbList","@id":"https:\/\/rytmus.se\/stockholm\/ansok\/medieproduktion\/#breadcrumb","itemListElement":[{"@type":"ListItem","position":1,"name":"Start","item":"https:\/\/rytmus.se\/stockholm\/"},{"@type":"ListItem","position":2,"name":"Ans\u00f6k","item":"https:\/\/rytmus.se\/stockholm\/ansok\/"},{"@type":"ListItem","position":3,"name":"Ans\u00f6k Bild &#038; foto eller Ljuddesign"}]},{"@type":"WebSite","@id":"https:\/\/rytmus.se\/stockholm\/#website","url":"https:\/\/rytmus.se\/stockholm\/","name":"Stockholm","description":"MAKE | MUSIC | LIVE","potentialAction":[{"@type":"SearchAction","target":{"@type":"EntryPoint","urlTemplate":"https:\/\/rytmus.se\/stockholm\/?s={search_term_string}"},"query-input":"required name=search_term_string"}],"inLanguage":"sv-SE"}]}},"_links":{"self":[{"href":"https:\/\/rytmus.se\/stockholm\/wp-json\/wp\/v2\/pages\/966"}],"collection":[{"href":"https:\/\/rytmus.se\/stockholm\/wp-json\/wp\/v2\/pages"}],"about":[{"href":"https:\/\/rytmus.se\/stockholm\/wp-json\/wp\/v2\/types\/page"}],"author":[{"embeddable":true,"href":"https:\/\/rytmus.se\/stockholm\/wp-json\/wp\/v2\/users\/3"}],"replies":[{"embeddable":true,"href":"https:\/\/rytmus.se\/stockholm\/wp-json\/wp\/v2\/comments?post=966"}],"version-history":[{"count":10,"href":"https:\/\/rytmus.se\/stockholm\/wp-json\/wp\/v2\/pages\/966\/revisions"}],"predecessor-version":[{"id":3522,"href":"https:\/\/rytmus.se\/stockholm\/wp-json\/wp\/v2\/pages\/966\/revisions\/3522"}],"up":[{"embeddable":true,"href":"https:\/\/rytmus.se\/stockholm\/wp-json\/wp\/v2\/pages\/7"}],"wp:attachment":[{"href":"https:\/\/rytmus.se\/stockholm\/wp-json\/wp\/v2\/media?parent=966"}],"curies":[{"name":"wp","href":"https:\/\/api.w.org\/{rel}","templated":true}]}}