{"id":33,"date":"2022-07-25T23:09:41","date_gmt":"2022-07-25T21:09:41","guid":{"rendered":"https:\/\/rytmus.se\/stockholm\/?page_id=33"},"modified":"2026-01-23T13:01:05","modified_gmt":"2026-01-23T12:01:05","slug":"lediga-platser","status":"publish","type":"page","link":"https:\/\/rytmus.se\/stockholm\/lediga-platser\/","title":{"rendered":"Lediga platser"},"content":{"rendered":"\n\t\n\t\n\t\n\n\t\n\t\n\t\t\n<section  class=\"c-block l-stacked  \" data-color-scheme=\"\">\n\t<div class=\"ams-fifty ams-fifty--container ams-fifty--right ams-fifty--bottom l-container u-pt-fluid-3xl-6xl u-pb-fluid-3xl-6xl\">\n\t\t<div class=\"ams-fifty__content l-stack l-stack-xl is-left is-left@lg\">\n\t\t\t<div class=\"ams-fifty__text l-stack l-stack-lg\">\n\t\t\t\t\t\n\t<h1\n\tclass=\"c-heading u-font-title-1 \"\n\tstyle=\"\">\n\t\t\n\t\t\t\t\tV\u00e4lkommen till Rytmus Stockholm!\n\t\t\t\t\n\t<\/h1>\n\n\t\t\t\t\t\t\t\t\t<div class=\"text l-stack u-font-body\">\n\t\t\t\t\t\t<p>Vi har n\u00e5gra lediga platser kvar p\u00e5 ett par av v\u00e5ra utbildningar. Om du vill b\u00f6rja hos oss till h\u00f6sten har du allts\u00e5 m\u00f6jlighet att g\u00f6ra det, trots att antagningen st\u00e4ngt! L\u00e4s mer om hur du byter till oss.<\/p>\n\n\t\t\t\t\t<\/div>\n\t\t\t\t\t\t\t<\/div>\n\n\t\t\t\t<div class=\"ams-fifty__action u-inline-items\">\n\t\t\t\t\t\t\t\n\n\n<a href=\"https:\/\/rytmus.se\/stockholm\/byta-till-oss\/\"\n\t\n\tclass=\"c-btn \"\n\tdata-style=\"square\"\n\tdata-size=\"md\"\n\tdata-width=\"full-mobile\"\n\tdata-variant=\"default\"\n\ttarget=\"_self\">\n\t\t\t<span class=\"label\"> Byta till oss<\/span>\n\t\t\t<\/a>\n\t\t\t<\/div>\n\t\t<\/div>\n\n\t\t <div class=\"ams-fifty__media u-ratio-landscape\">\n\t\t \t\t\t\t\t<img decoding=\"async\" width=\"600\" height=\"600\" src=\"https:\/\/rytmus.se\/wp-content\/uploads\/sites\/3\/2022\/11\/rytmus-musik-sam-202204-600x600.jpg\" class=\"attachment-md size-md\" alt=\"H\u00f6gskolebeh\u00f6righet p\u00e5 Estetiska programmet.\" sizes=\"(min-width: 64em) 600px, calc(100vw - 160px)\" srcset=\"https:\/\/rytmus.se\/wp-content\/uploads\/sites\/3\/2022\/11\/rytmus-musik-sam-202204-600x600.jpg 600w, https:\/\/rytmus.se\/wp-content\/uploads\/sites\/3\/2022\/11\/rytmus-musik-sam-202204-150x150.jpg 150w, https:\/\/rytmus.se\/wp-content\/uploads\/sites\/3\/2022\/11\/rytmus-musik-sam-202204-300x300.jpg 300w, https:\/\/rytmus.se\/wp-content\/uploads\/sites\/3\/2022\/11\/rytmus-musik-sam-202204-400x400.jpg 400w, https:\/\/rytmus.se\/wp-content\/uploads\/sites\/3\/2022\/11\/rytmus-musik-sam-202204-800x800.jpg 800w, https:\/\/rytmus.se\/wp-content\/uploads\/sites\/3\/2022\/11\/rytmus-musik-sam-202204-1024x1024.jpg 1024w, https:\/\/rytmus.se\/wp-content\/uploads\/sites\/3\/2022\/11\/rytmus-musik-sam-202204.jpg 1080w\" \/>\n\t\t\t\n\t\t\t\n\t\t\t\t\t<\/div>\n\t<\/div>\n\n\t\t\n\n<\/section>\n\n\n\n<section \n\t\t class=\"\n\t\t ams-contact\n\t\t \n\t\t c-block l-stacked\n\t\t \n\t\t \n\t\t js-load-more\n\t\t \"\n\t\t data-color-scheme=\"gra-ljus\"\n\t\t\t\t\tdata-count=\"3\"\n\t\t\t\t\t\t\tdata-count-mobile=\"2\"\n\t\t\t\t>\n\t<div\n\t\t class=\"\n\t\t l-container\n\t\t l-stack l-stack-fluid-2xl\n\t\t u-pt-fluid-2xl-4xl\n\t\t u-pb-fluid-2xl-4xl\n\t\t is-center\n\t\t is-center@md\n\t\t \">\n\t\t\t\t\t<div class=\"ams-contact__intro l-stack l-stack-lg\">\n\t\t\t\t\t\n\t<h2\n\tclass=\"c-heading u-font-title-1 \"\n\tstyle=\"\">\n\t\t\n\t\t\t\t\tHar du fr\u00e5gor?\n\t\t\t\t\n\t<\/h2>\n\n\t\t\t\t\t\t\t\t\t<div class=\"c-text l-stack u-cs-xl u-font-body\">\n\t\t\t\t\t\t<p>Tveka inte p\u00e5 att h\u00f6ra av dig om du har n\u00e5gra funderingar kring v\u00e5r skola och v\u00e5ra utbildningar!<\/p>\n\n\t\t\t\t\t<\/div>\n\t\t\t\t\t\t\t<\/div>\n\t\t\n\t\t\n\t\t    \t\n\t\t\n\t\t<ul\n\t\t\tid=\"contact-grid-69f8bebe55367\"\n\t\t\tclass=\"ams-contact__list l-grid u-gap-fluid-2xl-4xl u-justify-center js-results \"\n\t\t\taria-label=\"Kontakter\"\n\t\t\tdata-filter-animation=\"off\"\n\t\t\t>\n\t\t\t\t\t\t\t\t\t\t\t\n\t\t\t\t\n\t\t\t\t<li class=\"l-col-6@md l-col-4@lg \" data-filter=\"ledning\">\n\t\t\t\t\t<article class=\"c-card \" data-variant=\"neutral\">\n\t\t\t\t\t\t<div class=\"c-card__content u-text-center\">\n\t\t\t\t\t\t\t\t\t\t\t\t\t\t\t<h3 class=\"c-card__title u-font-title-3\">\n\t\t\t\t\t\t\t\t\tMalin Hussmo\n\t\t\t\t\t\t\t\t<\/h3>\n\t\t\t\t\t\t\t\n\t\t\t\t\t\t\t\t\t\t\t\t\t\t\t<p class=\"position u-font-body\">Rektor<\/p>\n\t\t\t\t\t\t\t\n\t\t\t\t\t\t\t\t\t\t\t\t\t\t\t<div class=\"contact-info u-font-body\">\n\t\t\t\t\t\t\t\t\t\t\t\t\t\t\t\t\t\t\t\t\t\t\t\t\t\t\t\t\t\t<p class=\"phone\"><a\n\t\t\t\t\t\t\t\t\t\t\t\t\thref=\"tel:0855586299\"\n\t\t\t\t\t\t\t\t\t\t\t\t\tclass=\"u-text-link\">08-555 862 99<\/a>\n\t\t\t\t\t\t\t\t\t\t\t<\/p>\n\t\t\t\t\t\t\t\t\t\t\t\t\t\t\t\t\t\t\t\n\t\t\t\t\t\t\t\t\t\t\t\t\t\t\t\t\t\t\t\t\t\t\t\t\t\t\t\t\t\t<p class=\"email\"><a\n\t\t\t\t\t\t\t\t\t\t\t\t\thref=\"&#109;&#097;ilt&#111;&#058;&#109;a&#108;i&#110;&#046;hus&#115;m&#111;&#064;ryt&#109;&#117;s.s&#101;\"\n\t\t\t\t\t\t\t\t\t\t\t\t\tclass=\"u-text-link\">&#109;&#097;l&#105;&#110;&#046;&#104;&#117;s&#115;m&#111;&#064;&#114;&#121;&#116;mu&#115;&#046;s&#101;<\/a>\n\t\t\t\t\t\t\t\t\t\t\t<\/p>\n\t\t\t\t\t\t\t\t\t\t\t\t\t\t\t\t\t\t\t\t\t\t\t\t\t\t\t<\/div>\n\t\t\t\t\t\t\t\n\t\t\t\t\t\t\t\t\t\t\t\t\t<\/div>\n\t\t\t\t\t\t<div class=\"c-card__media\">\n\t\t\t\t\t\t\t\t\t\t\t\t\t\t\t\t\t\t\t\t\t\t\t\t\t\t\t\t\t\t\t\t\t\t\t\t\t\t\t\t\t\t\t\t\t\t\t\t\t<img decoding=\"async\" src=\"https:\/\/rytmus.se\/wp-content\/uploads\/sites\/3\/2022\/10\/rytmus.svg\" class=\"u-radius-square u-ratio-landscape  \" alt=\"Rytmus logga.\" sizes=\"(max-width: 300px) 100vw, 300px\" height=\"330\" width=\"330\" \/>\n\t\t\t\t\t\t<\/div>\n\t\t\t\t\t<\/article>\n\t\t\t\t<\/li>\n\t\t\t\t\t\t\t\t\t\t\t\n\t\t\t\t\n\t\t\t\t<li class=\"l-col-6@md l-col-4@lg \" data-filter=\"elevhalsa\">\n\t\t\t\t\t<article class=\"c-card \" data-variant=\"neutral\">\n\t\t\t\t\t\t<div class=\"c-card__content u-text-center\">\n\t\t\t\t\t\t\t\t\t\t\t\t\t\t\t<h3 class=\"c-card__title u-font-title-3\">\n\t\t\t\t\t\t\t\t\tHelena Graff-Lonnevig\n\t\t\t\t\t\t\t\t<\/h3>\n\t\t\t\t\t\t\t\n\t\t\t\t\t\t\t\t\t\t\t\t\t\t\t<p class=\"position u-font-body\">Studie- och yrkesv\u00e4gledare<\/p>\n\t\t\t\t\t\t\t\n\t\t\t\t\t\t\t\t\t\t\t\t\t\t\t<div class=\"contact-info u-font-body\">\n\t\t\t\t\t\t\t\t\t\t\t\t\t\t\t\t\t\t\t\t\t\t\t\t\t\t\t\t\t\t<p class=\"phone\"><a\n\t\t\t\t\t\t\t\t\t\t\t\t\thref=\"tel:0855586271\"\n\t\t\t\t\t\t\t\t\t\t\t\t\tclass=\"u-text-link\">08-555 862 71<\/a>\n\t\t\t\t\t\t\t\t\t\t\t<\/p>\n\t\t\t\t\t\t\t\t\t\t\t\t\t\t\t\t\t\t\t\n\t\t\t\t\t\t\t\t\t\t\t\t\t\t\t\t\t\t\t\t\t\t\t\t\t\t\t\t\t\t<p class=\"email\"><a\n\t\t\t\t\t\t\t\t\t\t\t\t\thref=\"m&#097;i&#108;t&#111;:&#104;&#101;&#108;&#101;&#110;a&#046;g&#114;a&#102;&#102;&#064;&#114;&#121;t&#109;&#117;s&#046;s&#101;\"\n\t\t\t\t\t\t\t\t\t\t\t\t\tclass=\"u-text-link\">&#104;&#101;&#108;e&#110;a.graff&#064;ry&#116;&#109;us&#046;&#115;&#101;<\/a>\n\t\t\t\t\t\t\t\t\t\t\t<\/p>\n\t\t\t\t\t\t\t\t\t\t\t\t\t\t\t\t\t\t\t\t\t\t\t\t\t\t\t<\/div>\n\t\t\t\t\t\t\t\n\t\t\t\t\t\t\t\t\t\t\t\t\t<\/div>\n\t\t\t\t\t\t<div class=\"c-card__media\">\n\t\t\t\t\t\t\t\t\t\t\t\t\t\t\t\t\t\t\t\t\t\t\t\t\t\t\t\t\t\t\t\t\t\t\t\t\t\t\t\t\t\t\t\t\t\t\t\t\t<img decoding=\"async\" src=\"https:\/\/rytmus.se\/wp-content\/uploads\/sites\/3\/2022\/10\/rytmus.svg\" class=\"u-radius-square u-ratio-landscape  \" alt=\"Rytmus logga.\" sizes=\"(max-width: 300px) 100vw, 300px\" height=\"330\" width=\"330\" \/>\n\t\t\t\t\t\t<\/div>\n\t\t\t\t\t<\/article>\n\t\t\t\t<\/li>\n\t\t\t\t\t\t\t\t\t\t\t\n\t\t\t\t\n\t\t\t\t<li class=\"l-col-6@md l-col-4@lg \" data-filter=\"\">\n\t\t\t\t\t<article class=\"c-card \" data-variant=\"neutral\">\n\t\t\t\t\t\t<div class=\"c-card__content u-text-center\">\n\t\t\t\t\t\t\t\t\t\t\t\t\t\t\t<h3 class=\"c-card__title u-font-title-3\">\n\t\t\t\t\t\t\t\t\tNina Lundgren\n\t\t\t\t\t\t\t\t<\/h3>\n\t\t\t\t\t\t\t\n\t\t\t\t\t\t\t\t\t\t\t\t\t\t\t<p class=\"position u-font-body\">Administrat\u00f6r<\/p>\n\t\t\t\t\t\t\t\n\t\t\t\t\t\t\t\t\t\t\t\t\t\t\t<div class=\"contact-info u-font-body\">\n\t\t\t\t\t\t\t\t\t\t\t\t\t\t\t\t\t\t\t\t\t\t\t\t\t\t\t\t\t\t<p class=\"phone\"><a\n\t\t\t\t\t\t\t\t\t\t\t\t\thref=\"tel:0855586263\"\n\t\t\t\t\t\t\t\t\t\t\t\t\tclass=\"u-text-link\">08-555 862 63<\/a>\n\t\t\t\t\t\t\t\t\t\t\t<\/p>\n\t\t\t\t\t\t\t\t\t\t\t\t\t\t\t\t\t\t\t\n\t\t\t\t\t\t\t\t\t\t\t\t\t\t\t\t\t\t\t\t\t\t\t\t\t\t\t\t\t\t<p class=\"email\"><a\n\t\t\t\t\t\t\t\t\t\t\t\t\thref=\"ma&#105;lto:ni&#110;&#097;.&#108;u&#110;dgr&#101;n&#064;r&#121;tmus.&#115;&#101;\"\n\t\t\t\t\t\t\t\t\t\t\t\t\tclass=\"u-text-link\">nina.&#108;&#117;&#110;&#100;g&#114;e&#110;&#064;&#114;&#121;&#116;&#109;&#117;s&#046;se<\/a>\n\t\t\t\t\t\t\t\t\t\t\t<\/p>\n\t\t\t\t\t\t\t\t\t\t\t\t\t\t\t\t\t\t\t\t\t\t\t\t\t\t\t<\/div>\n\t\t\t\t\t\t\t\n\t\t\t\t\t\t\t\t\t\t\t\t\t<\/div>\n\t\t\t\t\t\t<div class=\"c-card__media\">\n\t\t\t\t\t\t\t\t\t\t\t\t\t\t\t\t\t\t\t\t\t\t\t\t\t\t\t\t\t\t\t\t\t\t\t\t\t\t\t\t\t\t\t\t\t\t\t\t\t<img decoding=\"async\" src=\"https:\/\/rytmus.se\/wp-content\/uploads\/sites\/3\/2022\/10\/rytmus.svg\" class=\"u-radius-square u-ratio-landscape  \" alt=\"Rytmus logga.\" sizes=\"(max-width: 300px) 100vw, 300px\" height=\"330\" width=\"330\" \/>\n\t\t\t\t\t\t<\/div>\n\t\t\t\t\t<\/article>\n\t\t\t\t<\/li>\n\t\t\t\t\t<\/ul>\n\n\t\t\n\t\t    <div class=\"ams-contact__more u-inline-items js-load-more-btn\">\n        <button href=\"#\"\n                class=\"c-btn\"\n                data-style=\"square\"\n                data-size=\"md\"\n                data-width=\"full-mobile\"\n                data-variant=\"outline\">\n        \tVisa mer\n        <\/button>\n    <\/div>\n\n\t\t\t<\/div>\n\n\t\t\n\n<\/section>\n","protected":false},"excerpt":{"rendered":"","protected":false},"author":1,"featured_media":0,"parent":0,"menu_order":0,"comment_status":"closed","ping_status":"closed","template":"","meta":{"footnotes":""},"yoast_head":"<!-- This site is optimized with the Yoast SEO plugin v22.0 - https:\/\/yoast.com\/wordpress\/plugins\/seo\/ -->\n<title>Lediga platser - Rytmus Gymnasium i Stockholm<\/title>\n<meta name=\"description\" content=\"H\u00e4r hittar du lediga platser f\u00f6r Rytmus Gymnasium i Stockholm\" \/>\n<meta name=\"robots\" content=\"index, follow, max-snippet:-1, max-image-preview:large, max-video-preview:-1\" \/>\n<link rel=\"canonical\" href=\"https:\/\/rytmus.se\/stockholm\/lediga-platser\/\" \/>\n<meta property=\"og:locale\" content=\"sv_SE\" \/>\n<meta property=\"og:type\" content=\"article\" \/>\n<meta property=\"og:title\" content=\"Lediga platser - Rytmus Gymnasium i Stockholm\" \/>\n<meta property=\"og:description\" content=\"H\u00e4r hittar du lediga platser f\u00f6r Rytmus Gymnasium i Stockholm\" \/>\n<meta property=\"og:url\" content=\"https:\/\/rytmus.se\/stockholm\/lediga-platser\/\" \/>\n<meta property=\"og:site_name\" content=\"Stockholm\" \/>\n<meta property=\"article:modified_time\" content=\"2026-01-23T12:01:05+00:00\" \/>\n<meta name=\"twitter:card\" content=\"summary_large_image\" \/>\n<meta name=\"twitter:title\" content=\"Lediga platser - Rytmus Gymnasium i Stockholm\" \/>\n<meta name=\"twitter:description\" content=\"H\u00e4r hittar du lediga platser f\u00f6r Rytmus Gymnasium i Stockholm\" \/>\n<meta name=\"twitter:label1\" content=\"Ber\u00e4knad l\u00e4stid\" \/>\n\t<meta name=\"twitter:data1\" content=\"1 minut\" \/>\n<script type=\"application\/ld+json\" class=\"yoast-schema-graph\">{\"@context\":\"https:\/\/schema.org\",\"@graph\":[{\"@type\":\"WebPage\",\"@id\":\"https:\/\/rytmus.se\/stockholm\/lediga-platser\/\",\"url\":\"https:\/\/rytmus.se\/stockholm\/lediga-platser\/\",\"name\":\"Lediga platser - Rytmus Gymnasium i Stockholm\",\"isPartOf\":{\"@id\":\"https:\/\/rytmus.se\/stockholm\/#website\"},\"datePublished\":\"2022-07-25T21:09:41+00:00\",\"dateModified\":\"2026-01-23T12:01:05+00:00\",\"description\":\"H\u00e4r hittar du lediga platser f\u00f6r Rytmus Gymnasium i Stockholm\",\"breadcrumb\":{\"@id\":\"https:\/\/rytmus.se\/stockholm\/lediga-platser\/#breadcrumb\"},\"inLanguage\":\"sv-SE\",\"potentialAction\":[{\"@type\":\"ReadAction\",\"target\":[\"https:\/\/rytmus.se\/stockholm\/lediga-platser\/\"]}]},{\"@type\":\"BreadcrumbList\",\"@id\":\"https:\/\/rytmus.se\/stockholm\/lediga-platser\/#breadcrumb\",\"itemListElement\":[{\"@type\":\"ListItem\",\"position\":1,\"name\":\"Start\",\"item\":\"https:\/\/rytmus.se\/stockholm\/\"},{\"@type\":\"ListItem\",\"position\":2,\"name\":\"Lediga platser\"}]},{\"@type\":\"WebSite\",\"@id\":\"https:\/\/rytmus.se\/stockholm\/#website\",\"url\":\"https:\/\/rytmus.se\/stockholm\/\",\"name\":\"Stockholm\",\"description\":\"MAKE | MUSIC | LIVE\",\"potentialAction\":[{\"@type\":\"SearchAction\",\"target\":{\"@type\":\"EntryPoint\",\"urlTemplate\":\"https:\/\/rytmus.se\/stockholm\/?s={search_term_string}\"},\"query-input\":\"required name=search_term_string\"}],\"inLanguage\":\"sv-SE\"}]}<\/script>\n<!-- \/ Yoast SEO plugin. -->","yoast_head_json":{"title":"Lediga platser - Rytmus Gymnasium i Stockholm","description":"H\u00e4r hittar du lediga platser f\u00f6r Rytmus Gymnasium i Stockholm","robots":{"index":"index","follow":"follow","max-snippet":"max-snippet:-1","max-image-preview":"max-image-preview:large","max-video-preview":"max-video-preview:-1"},"canonical":"https:\/\/rytmus.se\/stockholm\/lediga-platser\/","og_locale":"sv_SE","og_type":"article","og_title":"Lediga platser - Rytmus Gymnasium i Stockholm","og_description":"H\u00e4r hittar du lediga platser f\u00f6r Rytmus Gymnasium i Stockholm","og_url":"https:\/\/rytmus.se\/stockholm\/lediga-platser\/","og_site_name":"Stockholm","article_modified_time":"2026-01-23T12:01:05+00:00","twitter_card":"summary_large_image","twitter_title":"Lediga platser - Rytmus Gymnasium i Stockholm","twitter_description":"H\u00e4r hittar du lediga platser f\u00f6r Rytmus Gymnasium i Stockholm","twitter_misc":{"Ber\u00e4knad l\u00e4stid":"1 minut"},"schema":{"@context":"https:\/\/schema.org","@graph":[{"@type":"WebPage","@id":"https:\/\/rytmus.se\/stockholm\/lediga-platser\/","url":"https:\/\/rytmus.se\/stockholm\/lediga-platser\/","name":"Lediga platser - Rytmus Gymnasium i Stockholm","isPartOf":{"@id":"https:\/\/rytmus.se\/stockholm\/#website"},"datePublished":"2022-07-25T21:09:41+00:00","dateModified":"2026-01-23T12:01:05+00:00","description":"H\u00e4r hittar du lediga platser f\u00f6r Rytmus Gymnasium i Stockholm","breadcrumb":{"@id":"https:\/\/rytmus.se\/stockholm\/lediga-platser\/#breadcrumb"},"inLanguage":"sv-SE","potentialAction":[{"@type":"ReadAction","target":["https:\/\/rytmus.se\/stockholm\/lediga-platser\/"]}]},{"@type":"BreadcrumbList","@id":"https:\/\/rytmus.se\/stockholm\/lediga-platser\/#breadcrumb","itemListElement":[{"@type":"ListItem","position":1,"name":"Start","item":"https:\/\/rytmus.se\/stockholm\/"},{"@type":"ListItem","position":2,"name":"Lediga platser"}]},{"@type":"WebSite","@id":"https:\/\/rytmus.se\/stockholm\/#website","url":"https:\/\/rytmus.se\/stockholm\/","name":"Stockholm","description":"MAKE | MUSIC | LIVE","potentialAction":[{"@type":"SearchAction","target":{"@type":"EntryPoint","urlTemplate":"https:\/\/rytmus.se\/stockholm\/?s={search_term_string}"},"query-input":"required name=search_term_string"}],"inLanguage":"sv-SE"}]}},"_links":{"self":[{"href":"https:\/\/rytmus.se\/stockholm\/wp-json\/wp\/v2\/pages\/33"}],"collection":[{"href":"https:\/\/rytmus.se\/stockholm\/wp-json\/wp\/v2\/pages"}],"about":[{"href":"https:\/\/rytmus.se\/stockholm\/wp-json\/wp\/v2\/types\/page"}],"author":[{"embeddable":true,"href":"https:\/\/rytmus.se\/stockholm\/wp-json\/wp\/v2\/users\/1"}],"replies":[{"embeddable":true,"href":"https:\/\/rytmus.se\/stockholm\/wp-json\/wp\/v2\/comments?post=33"}],"version-history":[{"count":10,"href":"https:\/\/rytmus.se\/stockholm\/wp-json\/wp\/v2\/pages\/33\/revisions"}],"predecessor-version":[{"id":3550,"href":"https:\/\/rytmus.se\/stockholm\/wp-json\/wp\/v2\/pages\/33\/revisions\/3550"}],"wp:attachment":[{"href":"https:\/\/rytmus.se\/stockholm\/wp-json\/wp\/v2\/media?parent=33"}],"curies":[{"name":"wp","href":"https:\/\/api.w.org\/{rel}","templated":true}]}}