{"id":3271,"date":"2025-01-17T15:32:49","date_gmt":"2025-01-17T14:32:49","guid":{"rendered":"https:\/\/rytmus.se\/stockholm\/?page_id=3271"},"modified":"2026-02-11T10:41:40","modified_gmt":"2026-02-11T09:41:40","slug":"fardighetsprov-estetisk-spets","status":"publish","type":"page","link":"https:\/\/rytmus.se\/stockholm\/fardighetsprov-estetisk-spets\/","title":{"rendered":"Estetisk spets"},"content":{"rendered":"\n\n\n<section  class=\"ams-faq ams_event_module c-block l-stacked js-load-more\" data-color-scheme=\"bakgrund-hover-standard\" data-count=\"3\" data-count-mobile=\"3\">\n\t<div class=\"l-container l-stack l-stack-fluid-2xl u-pt-fluid-3xl-6xl u-pb-fluid-3xl-6xl is-center is-center@md\">\n\t\t\t\t\t<div class=\"ams-faq__intro l-stack l-stack-lg\">\n\t\t\t\t\t\n\t<h1\n\tclass=\"c-heading u-font-title-1 \"\n\tstyle=\"\">\n\t\t\n\t\t\t\t\tF\u00e4rdighetstest Estetisk spetsutbildning\n\t\t\t\t\n\t<\/h1>\n\n\t\t\t\t\t\t\t\t\t<div class=\"c-text l-stack u-cs-xl u-font-body\">\n\t\t\t\t\t\t<p>H\u00e4r ser du hur f\u00e4rdighetstestet g\u00e5r till f\u00f6r grenen du s\u00f6kt, samt de f\u00f6rberedelser du beh\u00f6ver ha gjort inf\u00f6r f\u00e4rdighetstestet. Det \u00e4r viktigt att du kommer f\u00f6rberedd.<\/p>\n\n\t\t\t\t\t<\/div>\n\t\t\t\t\t\t\t<\/div>\n\t\t\n\t\t\n\t\n\t    \n\t\n\t<ul\n\t\tid=\"ams-faq-list-69f8af5f192cc\"\n\t\tclass=\"ams-faq__ac ams-accordion_module c-accordion js-results \"\n\t\taria-label=\"Vanliga fr\u00e5gor\"\n\t\tdata-variant=\"border-between\"\n\t\tdata-ajax-action=\"log_faq_view\"\n\t\tdata-ajax-url=\"https:\/\/rytmus.se\/stockholm\/wp-admin\/admin-ajax.php\"\n\t\tdata-ajax-nonce=\"6b402bcfb7\"\n\t\tdata-filter-animation=\"off\">\n\n\t\t\n\t\t\t\t\t\t\t\t\t\t\t\t\t\t\t\n\t\t\t\n\t\t\t<li data-ajax-id=\"3274\" class=\"c-accordion__item \"\n\t\t\tdata-filter=\"musiker-artist-spetsutbildning-fardighetstest januari-2025\"\n\t\t\t>\n\t\t\t\t<h2 class=\"c-accordion__header\">\n\t\t\t\t\t\t\t\t\t\t<button class=\"c-accordion__trigger u-py-sm u-px-fluid-md-xl u-font-title-4\">\n\t\t\t\t\t\t<span>Musikproducent Spetsutbildning<\/span>\n\t\t\t\t\t\t<svg class=\"ams-icon ams-icon__arrow-down\" width=\"24\" height=\"24\" viewbox=\"0 0 24 24\" fill=\"currentColor\" aria-hidden=\"true\" xmlns=\"http:\/\/www.w3.org\/2000\/svg\">\n\t\t\t\t\t\t\t\t\t\t\t\t\t<path d=\"m11.2033 18.4294-10.872894-10.67584c-.440539-.42594-.440539-1.1147 0-1.54065l.665495-.64345c.440539-.42595 1.152899-.42595 1.593439 0l9.41066 9.27114 9.4107-9.26207c.4405-.42595 1.1529-.42595 1.5934 0l.6655.64345c.4405.42594.4405 1.1147 0 1.54065l-10.8729 10.67587c-.4405.4168-1.1529.4168-1.5934-.0091z\"\/>\n\t\t\t\t\t\n\t\t\t\t\t\t<\/svg>\n\t\t\t\t\t<\/button>\n\t\t\t\t<\/h2>\n\t\t\t\t<div class=\"c-accordion__body l-stack u-font-body\">\n\t\t\t\t\t<div class=\"c-accordion__body__inner u-p-fluid-md-xl l-stack\">\n\t\t\t\t\t\t<p><strong>Provet best\u00e5r av fyra delar:<\/strong><\/p>\n<ul>\n<li style=\"font-weight: 400;\" aria-level=\"1\"><span style=\"font-weight: 400;\">F\u00f6rberedd uppgift till en top line<\/span><\/li>\n<li style=\"font-weight: 400;\" aria-level=\"1\"><span style=\"font-weight: 400;\">Egen produktion<\/span><\/li>\n<li style=\"font-weight: 400;\" aria-level=\"1\"><span style=\"font-weight: 400;\">Lyssningsmoment<\/span><\/li>\n<li style=\"font-weight: 400;\" aria-level=\"1\"><span style=\"font-weight: 400;\">\u00d6vriga f\u00e4rdigheter (tsm med l\u00e4rare)<\/span><\/li>\n<\/ul>\n<p><strong>Topline<\/strong><span style=\"font-weight: 400;\"><br \/>\n<\/span><span style=\"font-weight: 400;\">Du f\u00e5r en inspelning av en topline (s\u00e5ngmelodi) som du ska skapa en produktion till. <strong>Materialet skickas till din mejl n\u00e5gra veckor inf\u00f6r f\u00e4rdighetstestet och du kan \u00e4ven hitta det <a href=\"https:\/\/drive.google.com\/drive\/folders\/1jZbN2FTu3oIWcCFWkLgdlUAaZ38AsJYH\">h\u00e4r<\/a>.<\/strong> Du kommer \u00e4ven f\u00e5 materialet p\u00e5 mail n\u00e5gra veckor inf\u00f6r ditt f\u00e4rdighetstest. Det kan t ex handla om att l\u00e4gga till piano eller trummor och bas, ett beat och samplingar, eller n\u00e5got helt annat som du f\u00e5r en id\u00e9 kring. Du \u00e4r fri att g\u00f6ra vad du vill h\u00e4r, vi vill h\u00f6ra vad just du tycker passar till det h\u00e4r s\u00e5ngsp\u00e5ret.<br \/>\n<\/span><\/p>\n<p><strong>Egenproducerad l\u00e5t<\/strong><span style=\"font-weight: 400;\"><br \/>\n<\/span><span style=\"font-weight: 400;\">Vi vill att du har med dig musik som du sj\u00e4lv har producerat. Det kan vara musik som du sj\u00e4lv skrivit, eller en cover eller remix. Det ska vara en hel produktion som du skapat i en DAW som till exempel Logic, Ableton, FL eller annat valfritt program. Vi vill att du spelar upp musiken fr\u00e5n det program du jobbat i. Valfri genre<\/span><\/p>\n<p><strong>Lyssningsmoment<br \/>\n<\/strong><span style=\"font-weight: 400;\">Du kommer bla att f\u00e5 lyssna p\u00e5 och h\u00e4rma rytmer som en l\u00e4rare spelar. Du f\u00e5r \u00e4ven lyssna p\u00e5 en ok\u00e4nd produktion och svara p\u00e5 n\u00e5gra fr\u00e5gor om det du h\u00f6r.<\/span><\/p>\n<p><strong>\u00d6vriga f\u00e4rdigheter<\/strong><span style=\"font-weight: 400;\"><br \/>\n<\/span><span style=\"font-weight: 400;\">Under en del av provet f\u00e5r du chansen att framf\u00f6ra valfritt material p\u00e5 n\u00e5got\/n\u00e5gra instrument eller s\u00e5ng. Piano, gitarr, trummor och bas finns p\u00e5 plats om du vill anv\u00e4nda n\u00e5got av dessa. Du kan ocks\u00e5 visa upp f\u00e4rdigheter med dator + controller om du vill. Ta i s\u00e5 fall med dig utrustning som du beh\u00f6ver f\u00f6r detta. Du kommer ocks\u00e5 f\u00e5 testa att spela lite med l\u00e4rare utifr\u00e5n anvisningar som du f\u00e5r vid provtillf\u00e4llet.<\/span><\/p>\n\n\t\t\t\t\t<\/div>\n\t\t\t\t<\/div>\n\t\t\t<\/li>\n\t\t\n\t\t\t\t\t\t\t\t\t\t\t\t\t\t\t\n\t\t\t\n\t\t\t<li data-ajax-id=\"3273\" class=\"c-accordion__item \"\n\t\t\tdata-filter=\"musiker-artist-spetsutbildning-fardighetstest januari-2025\"\n\t\t\t>\n\t\t\t\t<h2 class=\"c-accordion__header\">\n\t\t\t\t\t\t\t\t\t\t<button class=\"c-accordion__trigger u-py-sm u-px-fluid-md-xl u-font-title-4\">\n\t\t\t\t\t\t<span>L\u00e5tskrivare\/Artist Spetsutbildning<\/span>\n\t\t\t\t\t\t<svg class=\"ams-icon ams-icon__arrow-down\" width=\"24\" height=\"24\" viewbox=\"0 0 24 24\" fill=\"currentColor\" aria-hidden=\"true\" xmlns=\"http:\/\/www.w3.org\/2000\/svg\">\n\t\t\t\t\t\t\t\t\t\t\t\t\t<path d=\"m11.2033 18.4294-10.872894-10.67584c-.440539-.42594-.440539-1.1147 0-1.54065l.665495-.64345c.440539-.42595 1.152899-.42595 1.593439 0l9.41066 9.27114 9.4107-9.26207c.4405-.42595 1.1529-.42595 1.5934 0l.6655.64345c.4405.42594.4405 1.1147 0 1.54065l-10.8729 10.67587c-.4405.4168-1.1529.4168-1.5934-.0091z\"\/>\n\t\t\t\t\t\n\t\t\t\t\t\t<\/svg>\n\t\t\t\t\t<\/button>\n\t\t\t\t<\/h2>\n\t\t\t\t<div class=\"c-accordion__body l-stack u-font-body\">\n\t\t\t\t\t<div class=\"c-accordion__body__inner u-p-fluid-md-xl l-stack\">\n\t\t\t\t\t\t<ul>\n<li aria-level=\"1\"><b>Provet best\u00e5r av fem delar:<\/b>\n<ul>\n<li aria-level=\"2\">Egenskriven l\u00e5t (valfritt om den \u00e4r instrumental eller har text)<\/li>\n<li aria-level=\"2\">F\u00f6rberedd uppgift \u2013 Skriv en l\u00e5t till en given text som redovisas live<\/li>\n<li aria-level=\"2\">\u00d6vriga f\u00e4rdigheter och geh\u00f6rsmoment<\/li>\n<li aria-level=\"2\">Improvisation<\/li>\n<li aria-level=\"2\">Intervju<\/li>\n<\/ul>\n<\/li>\n<li aria-level=\"1\"><b>Egenskriven l\u00e5t<\/b><br \/>\nDu ska framf\u00f6ra en egenskriven l\u00e5t, du kan till exempel kompa dig sj\u00e4lv p\u00e5 piano eller gitarr eller framf\u00f6ra l\u00e5ten till en bakgrund som du har gjort sj\u00e4lv.<\/li>\n<li aria-level=\"1\"><b>F\u00f6rberedd l\u00e5t<\/b><br \/>\nDu kommer ocks\u00e5 f\u00e5 visa upp en uppgift som du f\u00e5tt f\u00f6rbereda veckorna innan f\u00e4rdighetstestet. Du kommer att f\u00e5 tre texter att v\u00e4lja mellan som du ska s\u00e4tta melodi och ackord till. De obligatoriska texterna som du kan v\u00e4lja mellan kommer <strong>skickas till din mejl n\u00e5gra veckor inf\u00f6r ditt f\u00e4rdighetstest och du hittar dom \u00e4ven <a href=\"https:\/\/drive.google.com\/drive\/folders\/1N5SgnkMKG3WILTRoDvZflEhrU9kWrn9v\">h\u00e4r<\/a><\/strong>. Du f\u00e5r lov att \u201dklippa och klistra\u201d lite i texten du v\u00e4ljer. T.ex kan en del komma igen, n\u00e5gon del byta plats med en annan, en fras i texten kanske blir till en hook. Sj\u00e4lvklart kan du ocks\u00e5 ha texten precis som den \u00e4r. L\u00e5t din kreativitet best\u00e4mma vad som k\u00e4nns bra. Den f\u00e4rdiga l\u00e5ten ska p\u00e5 provtillf\u00e4llet redovisas genom att du sjunger och kompar dig sj\u00e4lv, \u00e4ven om du inte \u00f6nskar att ha s\u00e5ng som ditt huvudinstrument, detta d\u00e5 vi arbetar med s\u00e5ngen som ett verktyg i l\u00e5tskrivandet.<\/li>\n<li><b>Improvisation<br \/>\n<\/b>Vi kommer tillsammans improvisera s\u00e5ng \u00f6ver en given blues-text som du f\u00e5r p\u00e5 plats. Denna uppgift kan du inte f\u00f6rbereda mer \u00e4n att du generellt kan \u00f6va p\u00e5 improvisation. Uppgiften handlar fr\u00e4mst om att f\u00f6rst\u00e5 textens rytm och hur man f\u00f6rh\u00e5ller sig till den tillsammans med musiken som spelas, inte att kunna sjunga v\u00e4ldigt bra.<\/li>\n<li aria-level=\"1\"><b>\u00d6vriga f\u00e4rdigheter<\/b><b><br \/>\n<\/b>Du f\u00e5r ocks\u00e5 visa upp dina \u00f6vriga musikaliska f\u00e4rdigheter. Du kan till exempel spela en l\u00e5t p\u00e5 ett annat instrument, visa n\u00e5gra ackord p\u00e5 gitarr eller piano, eller kompa p\u00e5 bas eller trummor. I samband med detta g\u00f6r vi ocks\u00e5 ett geh\u00f6rsmoment.<\/li>\n<li><b>Intervju<br \/>\n<\/b>Provet avslutas med en kort intervju d\u00e4r du f\u00e5r ber\u00e4tta mer om ditt musicerande och din ambition.<\/li>\n<\/ul>\n\n\t\t\t\t\t<\/div>\n\t\t\t\t<\/div>\n\t\t\t<\/li>\n\t\t\n\t\t\t\t\t\t\t\t\t\t\t\t\t\t\t\n\t\t\t\n\t\t\t<li data-ajax-id=\"3272\" class=\"c-accordion__item \"\n\t\t\tdata-filter=\"musiker-artist-spetsutbildning-fardighetstest januari-2025\"\n\t\t\t>\n\t\t\t\t<h2 class=\"c-accordion__header\">\n\t\t\t\t\t\t\t\t\t\t<button class=\"c-accordion__trigger u-py-sm u-px-fluid-md-xl u-font-title-4\">\n\t\t\t\t\t\t<span>Musiker\/Artist Spetsutbildning<\/span>\n\t\t\t\t\t\t<svg class=\"ams-icon ams-icon__arrow-down\" width=\"24\" height=\"24\" viewbox=\"0 0 24 24\" fill=\"currentColor\" aria-hidden=\"true\" xmlns=\"http:\/\/www.w3.org\/2000\/svg\">\n\t\t\t\t\t\t\t\t\t\t\t\t\t<path d=\"m11.2033 18.4294-10.872894-10.67584c-.440539-.42594-.440539-1.1147 0-1.54065l.665495-.64345c.440539-.42595 1.152899-.42595 1.593439 0l9.41066 9.27114 9.4107-9.26207c.4405-.42595 1.1529-.42595 1.5934 0l.6655.64345c.4405.42594.4405 1.1147 0 1.54065l-10.8729 10.67587c-.4405.4168-1.1529.4168-1.5934-.0091z\"\/>\n\t\t\t\t\t\n\t\t\t\t\t\t<\/svg>\n\t\t\t\t\t<\/button>\n\t\t\t\t<\/h2>\n\t\t\t\t<div class=\"c-accordion__body l-stack u-font-body\">\n\t\t\t\t\t<div class=\"c-accordion__body__inner u-p-fluid-md-xl l-stack\">\n\t\t\t\t\t\t<p><strong>Provet best\u00e5r av fyra delar:<\/strong><\/p>\n<ul>\n<li style=\"font-weight: 400;\" aria-level=\"1\"><span style=\"font-weight: 400;\">Egenvald l\u00e5t<\/span><\/li>\n<li style=\"font-weight: 400;\" aria-level=\"1\"><span style=\"font-weight: 400;\">Obligatorisk l\u00e5t<\/span><\/li>\n<li style=\"font-weight: 400;\" aria-level=\"1\"><span style=\"font-weight: 400;\">Geh\u00f6rsmoment<\/span><\/li>\n<li style=\"font-weight: 400;\" aria-level=\"1\"><span style=\"font-weight: 400;\">\u00d6vriga f\u00e4rdigheter<\/span><\/li>\n<\/ul>\n<p><strong>Egenvald l\u00e5t<br \/>\n<\/strong><span style=\"font-weight: 400;\">Du framf\u00f6r en egenvald l\u00e5t som du k\u00e4nner dig trygg med, i valfri genre. Du kan anv\u00e4nda en bakgrund att spela\/sjunga till om du vill. Du kan \u00e4ven ha med noter\/kompskiss om du hellre vill att vi kompar dig.<\/span><\/p>\n<p><strong>Obligatorisk l\u00e5t<br \/>\n<\/strong><span style=\"font-weight: 400;\">Du v\u00e4ljer en av de obligatoriska l\u00e5tarna, samt vilken av de givna tonarterna du vill framf\u00f6ra l\u00e5ten i. Sedan spelar du l\u00e5ten tillsammans med ett kompband som best\u00e5r av l\u00e4rare och elever fr\u00e5n Rytmus. <strong>De obligatoriska l\u00e5tarna du kan v\u00e4lja mellan skickas till din mejl och du finner dem \u00e4ven <a href=\"https:\/\/drive.google.com\/drive\/folders\/12hH83_UBCaZGpyZV3K8oEB2lP0B6-XnM\">h\u00e4r<\/a>.<\/strong><\/span><\/p>\n<p><strong>Geh\u00f6rsmoment<br \/>\n<\/strong><span style=\"font-weight: 400;\">Vi genomf\u00f6r ett geh\u00f6rsmoment anpassat till det instrument\/s\u00e5ng du s\u00f6ker p\u00e5. Det kan vara att hitta en andrast\u00e4mma till en melodi, om du s\u00f6ker p\u00e5 s\u00e5ng eller bl\u00e5s. Om du s\u00f6ker du p\u00e5 gitarr eller piano kan det vara att spela\u00a0 ett passande komp till en ackordf\u00f6ljd du f\u00e5r h\u00f6ra. S\u00f6ker du p\u00e5 bas eller trummor kan du f\u00e5 spela en passande basg\u00e5ng eller ett trumkomp till ett groove eller ackordf\u00f6ljd.<\/span><\/p>\n<p><strong>Intervju\/\u00f6vriga f\u00e4rdigheter<br \/>\n<\/strong><span style=\"font-weight: 400;\">Provet avslutas med en kort intervju d\u00e4r du f\u00e5r ber\u00e4tta mer om ditt musicerande och din ambition. H\u00e4r har du ocks\u00e5 m\u00f6jlighet att visa om du har n\u00e5gra \u00f6vriga f\u00e4rdigheter, till exempel om du kan spela ett annat instrument eller har andra musikaliska f\u00e4rdigheter.<\/span><\/p>\n\n\t\t\t\t\t<\/div>\n\t\t\t\t<\/div>\n\t\t\t<\/li>\n\t\t\t<\/ul>\n\n\t<div class=\"no-results u-mt-0 u-hide\" data-filter-fallback-id=\"ams-faq-list-69f8af5f192cc\">\n\t<p>Det finns inga resultat som matchar din filtrering.<\/p>\n<\/div>\n\n\t\n\n\t\t\n\t\t\t<\/div>\n\n\t\t\n\n<\/section>\n\n\n\n<section \n\t\t class=\"\n\t\t ams-contact\n\t\t \n\t\t c-block l-stacked\n\t\t \n\t\t \n\t\t js-load-more\n\t\t \"\n\t\t data-color-scheme=\"gra-ljus\"\n\t\t\t\t\tdata-count=\"3\"\n\t\t\t\t\t\t\tdata-count-mobile=\"2\"\n\t\t\t\t>\n\t<div\n\t\t class=\"\n\t\t l-container\n\t\t l-stack l-stack-fluid-2xl\n\t\t u-pt-fluid-3xl-6xl\n\t\t u-pb-fluid-3xl-6xl\n\t\t is-center\n\t\t is-center@md\n\t\t \">\n\t\t\t\t\t<div class=\"ams-contact__intro l-stack l-stack-lg\">\n\t\t\t\t\t\n\t<h2\n\tclass=\"c-heading u-font-title-1 \"\n\tstyle=\"\">\n\t\t\n\t\t\t\t\tKontakt\n\t\t\t\t\n\t<\/h2>\n\n\t\t\t\t\t\t\t\t\t<div class=\"c-text l-stack u-cs-xl u-font-body\">\n\t\t\t\t\t\t<p>Om du har fr\u00e5gor eller funderingar om f\u00e4rdighetstestet \u00e4r du v\u00e4lkommen att kontakta mig!<\/p>\n\n\t\t\t\t\t<\/div>\n\t\t\t\t\t\t\t<\/div>\n\t\t\n\t\t\n\t\t    \t\n\t\t\n\t\t<ul\n\t\t\tid=\"contact-grid-69f8af5f2edb4\"\n\t\t\tclass=\"ams-contact__list l-grid u-gap-fluid-2xl-4xl u-justify-center js-results \"\n\t\t\taria-label=\"Kontakter\"\n\t\t\tdata-filter-animation=\"off\"\n\t\t\t>\n\t\t\t\t\t\t\t\t\t\t\t\n\t\t\t\t\n\t\t\t\t<li class=\"l-col-6@md l-col-4@lg \" data-filter=\"ledning\">\n\t\t\t\t\t<article class=\"c-card \" data-variant=\"neutral\">\n\t\t\t\t\t\t<div class=\"c-card__content u-text-center\">\n\t\t\t\t\t\t\t\t\t\t\t\t\t\t\t<h3 class=\"c-card__title u-font-title-3\">\n\t\t\t\t\t\t\t\t\tMalin Hussmo\n\t\t\t\t\t\t\t\t<\/h3>\n\t\t\t\t\t\t\t\n\t\t\t\t\t\t\t\t\t\t\t\t\t\t\t<p class=\"position u-font-body\">Rektor<\/p>\n\t\t\t\t\t\t\t\n\t\t\t\t\t\t\t\t\t\t\t\t\t\t\t<div class=\"contact-info u-font-body\">\n\t\t\t\t\t\t\t\t\t\t\t\t\t\t\t\t\t\t\t\t\t\t\t\t\t\t\t\t\t\t<p class=\"phone\"><a\n\t\t\t\t\t\t\t\t\t\t\t\t\thref=\"tel:0855586299\"\n\t\t\t\t\t\t\t\t\t\t\t\t\tclass=\"u-text-link\">08-555 862 99<\/a>\n\t\t\t\t\t\t\t\t\t\t\t<\/p>\n\t\t\t\t\t\t\t\t\t\t\t\t\t\t\t\t\t\t\t\n\t\t\t\t\t\t\t\t\t\t\t\t\t\t\t\t\t\t\t\t\t\t\t\t\t\t\t\t\t\t<p class=\"email\"><a\n\t\t\t\t\t\t\t\t\t\t\t\t\thref=\"&#109;ail&#116;o:ma&#108;&#105;&#110;&#046;&#104;&#117;s&#115;&#109;&#111;&#064;&#114;&#121;&#116;mu&#115;.&#115;e\"\n\t\t\t\t\t\t\t\t\t\t\t\t\tclass=\"u-text-link\">&#109;&#097;lin&#046;&#104;u&#115;&#115;&#109;&#111;&#064;&#114;&#121;t&#109;us.se<\/a>\n\t\t\t\t\t\t\t\t\t\t\t<\/p>\n\t\t\t\t\t\t\t\t\t\t\t\t\t\t\t\t\t\t\t\t\t\t\t\t\t\t\t<\/div>\n\t\t\t\t\t\t\t\n\t\t\t\t\t\t\t\t\t\t\t\t\t<\/div>\n\t\t\t\t\t\t<div class=\"c-card__media\">\n\t\t\t\t\t\t\t\t\t\t\t\t\t\t\t\t\t\t\t\t\t\t\t\t\t\t\t\t\t\t\t\t\t\t\t\t\t\t\t\t\t\t\t\t\t\t\t\t\t<img decoding=\"async\" src=\"https:\/\/rytmus.se\/wp-content\/uploads\/sites\/3\/2022\/10\/rytmus.svg\" class=\"u-radius-square u-ratio-landscape  \" alt=\"Rytmus logga.\" sizes=\"(max-width: 300px) 100vw, 300px\" height=\"330\" width=\"330\" \/>\n\t\t\t\t\t\t<\/div>\n\t\t\t\t\t<\/article>\n\t\t\t\t<\/li>\n\t\t\t\t\t<\/ul>\n\n\t\t\n\t\t    <div class=\"ams-contact__more u-inline-items js-load-more-btn\">\n        <button href=\"#\"\n                class=\"c-btn\"\n                data-style=\"square\"\n                data-size=\"md\"\n                data-width=\"full-mobile\"\n                data-variant=\"outline\">\n        \tVisa mer\n        <\/button>\n    <\/div>\n\n\t\t\t<\/div>\n\n\t\t\n\n<\/section>\n","protected":false},"excerpt":{"rendered":"","protected":false},"author":3,"featured_media":0,"parent":0,"menu_order":0,"comment_status":"closed","ping_status":"closed","template":"","meta":{"footnotes":""},"yoast_head":"<!-- This site is optimized with the Yoast SEO plugin v22.0 - https:\/\/yoast.com\/wordpress\/plugins\/seo\/ -->\n<title>Stockholm<\/title>\n<meta name=\"robots\" content=\"noindex, nofollow\" \/>\n<meta property=\"og:locale\" content=\"sv_SE\" \/>\n<meta property=\"og:type\" content=\"article\" \/>\n<meta property=\"og:url\" content=\"https:\/\/rytmus.se\/stockholm\/fardighetsprov-estetisk-spets\/\" \/>\n<meta property=\"og:site_name\" content=\"Stockholm\" \/>\n<meta property=\"article:modified_time\" content=\"2026-02-11T09:41:40+00:00\" \/>\n<meta name=\"twitter:card\" content=\"summary_large_image\" \/>\n<meta name=\"twitter:label1\" content=\"Ber\u00e4knad l\u00e4stid\" \/>\n\t<meta name=\"twitter:data1\" content=\"1 minut\" \/>\n<script type=\"application\/ld+json\" class=\"yoast-schema-graph\">{\"@context\":\"https:\/\/schema.org\",\"@graph\":[{\"@type\":\"WebPage\",\"@id\":\"https:\/\/rytmus.se\/stockholm\/fardighetsprov-estetisk-spets\/\",\"url\":\"https:\/\/rytmus.se\/stockholm\/fardighetsprov-estetisk-spets\/\",\"name\":\"Estetisk spets - Stockholm\",\"isPartOf\":{\"@id\":\"https:\/\/rytmus.se\/stockholm\/#website\"},\"datePublished\":\"2025-01-17T14:32:49+00:00\",\"dateModified\":\"2026-02-11T09:41:40+00:00\",\"breadcrumb\":{\"@id\":\"https:\/\/rytmus.se\/stockholm\/fardighetsprov-estetisk-spets\/#breadcrumb\"},\"inLanguage\":\"sv-SE\",\"potentialAction\":[{\"@type\":\"ReadAction\",\"target\":[\"https:\/\/rytmus.se\/stockholm\/fardighetsprov-estetisk-spets\/\"]}]},{\"@type\":\"BreadcrumbList\",\"@id\":\"https:\/\/rytmus.se\/stockholm\/fardighetsprov-estetisk-spets\/#breadcrumb\",\"itemListElement\":[{\"@type\":\"ListItem\",\"position\":1,\"name\":\"Start\",\"item\":\"https:\/\/rytmus.se\/stockholm\/\"},{\"@type\":\"ListItem\",\"position\":2,\"name\":\"Estetisk spets\"}]},{\"@type\":\"WebSite\",\"@id\":\"https:\/\/rytmus.se\/stockholm\/#website\",\"url\":\"https:\/\/rytmus.se\/stockholm\/\",\"name\":\"Stockholm\",\"description\":\"MAKE | MUSIC | LIVE\",\"potentialAction\":[{\"@type\":\"SearchAction\",\"target\":{\"@type\":\"EntryPoint\",\"urlTemplate\":\"https:\/\/rytmus.se\/stockholm\/?s={search_term_string}\"},\"query-input\":\"required name=search_term_string\"}],\"inLanguage\":\"sv-SE\"}]}<\/script>\n<!-- \/ Yoast SEO plugin. -->","yoast_head_json":{"title":"Stockholm","robots":{"index":"noindex","follow":"nofollow"},"og_locale":"sv_SE","og_type":"article","og_url":"https:\/\/rytmus.se\/stockholm\/fardighetsprov-estetisk-spets\/","og_site_name":"Stockholm","article_modified_time":"2026-02-11T09:41:40+00:00","twitter_card":"summary_large_image","twitter_misc":{"Ber\u00e4knad l\u00e4stid":"1 minut"},"schema":{"@context":"https:\/\/schema.org","@graph":[{"@type":"WebPage","@id":"https:\/\/rytmus.se\/stockholm\/fardighetsprov-estetisk-spets\/","url":"https:\/\/rytmus.se\/stockholm\/fardighetsprov-estetisk-spets\/","name":"Estetisk spets - Stockholm","isPartOf":{"@id":"https:\/\/rytmus.se\/stockholm\/#website"},"datePublished":"2025-01-17T14:32:49+00:00","dateModified":"2026-02-11T09:41:40+00:00","breadcrumb":{"@id":"https:\/\/rytmus.se\/stockholm\/fardighetsprov-estetisk-spets\/#breadcrumb"},"inLanguage":"sv-SE","potentialAction":[{"@type":"ReadAction","target":["https:\/\/rytmus.se\/stockholm\/fardighetsprov-estetisk-spets\/"]}]},{"@type":"BreadcrumbList","@id":"https:\/\/rytmus.se\/stockholm\/fardighetsprov-estetisk-spets\/#breadcrumb","itemListElement":[{"@type":"ListItem","position":1,"name":"Start","item":"https:\/\/rytmus.se\/stockholm\/"},{"@type":"ListItem","position":2,"name":"Estetisk spets"}]},{"@type":"WebSite","@id":"https:\/\/rytmus.se\/stockholm\/#website","url":"https:\/\/rytmus.se\/stockholm\/","name":"Stockholm","description":"MAKE | MUSIC | LIVE","potentialAction":[{"@type":"SearchAction","target":{"@type":"EntryPoint","urlTemplate":"https:\/\/rytmus.se\/stockholm\/?s={search_term_string}"},"query-input":"required name=search_term_string"}],"inLanguage":"sv-SE"}]}},"_links":{"self":[{"href":"https:\/\/rytmus.se\/stockholm\/wp-json\/wp\/v2\/pages\/3271"}],"collection":[{"href":"https:\/\/rytmus.se\/stockholm\/wp-json\/wp\/v2\/pages"}],"about":[{"href":"https:\/\/rytmus.se\/stockholm\/wp-json\/wp\/v2\/types\/page"}],"author":[{"embeddable":true,"href":"https:\/\/rytmus.se\/stockholm\/wp-json\/wp\/v2\/users\/3"}],"replies":[{"embeddable":true,"href":"https:\/\/rytmus.se\/stockholm\/wp-json\/wp\/v2\/comments?post=3271"}],"version-history":[{"count":10,"href":"https:\/\/rytmus.se\/stockholm\/wp-json\/wp\/v2\/pages\/3271\/revisions"}],"predecessor-version":[{"id":3581,"href":"https:\/\/rytmus.se\/stockholm\/wp-json\/wp\/v2\/pages\/3271\/revisions\/3581"}],"wp:attachment":[{"href":"https:\/\/rytmus.se\/stockholm\/wp-json\/wp\/v2\/media?parent=3271"}],"curies":[{"name":"wp","href":"https:\/\/api.w.org\/{rel}","templated":true}]}}