{"id":27,"date":"2022-07-25T23:08:14","date_gmt":"2022-07-25T21:08:14","guid":{"rendered":"https:\/\/rytmus.se\/stockholm\/?page_id=27"},"modified":"2024-06-10T15:52:30","modified_gmt":"2024-06-10T13:52:30","slug":"elevhalsa","status":"publish","type":"page","link":"https:\/\/rytmus.se\/stockholm\/om-rytmus-stockholm\/elevhalsa\/","title":{"rendered":"Elevh\u00e4lsa"},"content":{"rendered":"\n\n<section  class=\"ams-cta ams-cta--stacked c-block l-stacked\" data-color-scheme=\"white\">\n\t<div class=\"l-container l-stack l-stack-fluid-2xl u-pt-fluid-2xl-4xl u-pb-fluid-2xl-4xl is-center is-center@md\">\n\t\t\t\t\t<div class=\"ams-cta__intro l-stack l-stack-lg\">\n\t\t\t\t\t\n\t<h1\n\tclass=\"c-heading u-font-title-1 \"\n\tstyle=\"\">\n\t\t\n\t\t\t\t\tElevh\u00e4lsa\n\t\t\t\t\n\t<\/h1>\n\n\t\t\t\t\t\t\t\t\t<div class=\"c-text l-stack u-cs-xl u-font-body\">\n\t\t\t\t\t\t<p><span style=\"font-weight: 400;\">Elevh\u00e4lsa b\u00f6rjar i klassrummet, d\u00e4rf\u00f6r \u00e4r det av stor vikt att samtliga pedagoger har kunskaper om och arbetar f\u00f6r att <\/span><span style=\"font-weight: 400;\">skapa en s\u00e5 positiv l\u00e4randesituation som m\u00f6jligt f\u00f6r v\u00e5ra elever. Med ett elevfokus arbetar vi st\u00e4ndigt med att f\u00f6rb\u00e4ttra v\u00e5ra l\u00e4rmilj\u00f6er i syfte att fr\u00e4mja elevernas l\u00e4rande, utveckling och h\u00e4lsa.<\/span><\/p>\n\n\t\t\t\t\t<\/div>\n\t\t\t\t\t\t\t<\/div>\n\t\t\n\t\t\n\t\t\t<\/div>\n\n\t\t\n\n<\/section>\n\n\n\n\t\n\t\n\t\n\n\t\n\t\n\t\t\n<section  class=\"c-block l-stacked  \" data-color-scheme=\"gra-ljus\">\n\t<div class=\"ams-fifty ams-fifty--container ams-fifty--left ams-fifty--top l-container u-pt-fluid-3xl-6xl u-pb-fluid-3xl-6xl\">\n\t\t<div class=\"ams-fifty__content l-stack l-stack-xl is-left is-left@lg\">\n\t\t\t<div class=\"ams-fifty__text l-stack l-stack-lg\">\n\t\t\t\t\t\n\t<h2\n\tclass=\"c-heading u-font-title-1 \"\n\tstyle=\"\">\n\t\t\n\t\t\t\t\tV\u00e5r elevh\u00e4lsa\n\t\t\t\t\n\t<\/h2>\n\n\t\t\t\t\t\t\t\t\t<div class=\"text l-stack u-font-body\">\n\t\t\t\t\t\t<p>Elevh\u00e4lsans fr\u00e4msta uppdrag \u00e4r att arbeta h\u00e4lsofr\u00e4mjande och f\u00f6rebyggande f\u00f6r att st\u00f6dja elevernas utveckling mot utbildningens m\u00e5l. Personal med olika kompetenser arbetar tillsammans f\u00f6r att n\u00e5 detta m\u00e5l.<\/p>\n<p>I skolans elevh\u00e4lsoteam finns specialpedagog, speciall\u00e4rare, kurator, skolsk\u00f6terska samt skolpsykolog. V\u00e5r skoll\u00e4kare ing\u00e5r i v\u00e5rt utvidgade elevh\u00e4lsoteam och finns p\u00e5 skolan med viss regelbundenhet och n\u00e4r behov finns. Elevh\u00e4lsoteamet tr\u00e4ffas regelbundet f\u00f6r att identifiera utvecklingsomr\u00e5den, behov och insatser i syfte att skapa s\u00e5 goda f\u00f6ruts\u00e4ttningar som m\u00f6jligt f\u00f6r elevernas l\u00e4rande.<\/p>\n<p>Elevh\u00e4lsoteamets insatser sker p\u00e5 organisations-, grupp- och individniv\u00e5. Det kan till exempel handla om att se \u00f6ver hur st\u00f6dinsatser ska organiseras, handleda personal eller att ge riktat st\u00f6d till elever, enskilt eller i grupp. Det riktade st\u00f6det sker i n\u00e4ra samverkan med mentor och undervisande l\u00e4rare.<\/p>\n\n\t\t\t\t\t<\/div>\n\t\t\t\t\t\t\t<\/div>\n\n\t\t\t\t\t<\/div>\n\n\t\t <div class=\"ams-fifty__media u-ratio-square\">\n\t\t \t\t\t\t\t<img decoding=\"async\" width=\"600\" height=\"600\" src=\"https:\/\/rytmus.se\/wp-content\/uploads\/sites\/3\/2024\/06\/rytmusgymnasium052022-600x600.jpg\" class=\"attachment-md size-md\" alt=\"L\u00e4rare med elever i klassrum.\" sizes=\"(min-width: 64em) 600px, calc(100vw - 160px)\" srcset=\"https:\/\/rytmus.se\/wp-content\/uploads\/sites\/3\/2024\/06\/rytmusgymnasium052022-600x600.jpg 600w, https:\/\/rytmus.se\/wp-content\/uploads\/sites\/3\/2024\/06\/rytmusgymnasium052022-150x150.jpg 150w, https:\/\/rytmus.se\/wp-content\/uploads\/sites\/3\/2024\/06\/rytmusgymnasium052022-300x300.jpg 300w, https:\/\/rytmus.se\/wp-content\/uploads\/sites\/3\/2024\/06\/rytmusgymnasium052022-400x400.jpg 400w, https:\/\/rytmus.se\/wp-content\/uploads\/sites\/3\/2024\/06\/rytmusgymnasium052022-800x800.jpg 800w, https:\/\/rytmus.se\/wp-content\/uploads\/sites\/3\/2024\/06\/rytmusgymnasium052022-1024x1024.jpg 1024w, https:\/\/rytmus.se\/wp-content\/uploads\/sites\/3\/2024\/06\/rytmusgymnasium052022.jpg 1080w\" \/>\n\t\t\t\n\t\t\t\n\t\t\t\t\t<\/div>\n\t<\/div>\n\n\t\t\n\n<\/section>\n\n\n\n\n<section  class=\"ams-cta ams-cta--stacked c-block l-stacked\" data-color-scheme=\"white\">\n\t<div class=\"l-container l-stack l-stack-fluid-2xl u-pt-fluid-2xl-4xl u-pb-fluid-2xl-4xl is-center is-center@md\">\n\t\t\t\t\t<div class=\"ams-cta__intro l-stack l-stack-lg\">\n\t\t\t\t\t\n\t<h2\n\tclass=\"c-heading u-font-title-1 \"\n\tstyle=\"\">\n\t\t\n\t\t\t\t\tKontakta v\u00e5rt elevh\u00e4lsoteam\n\t\t\t\t\n\t<\/h2>\n\n\t\t\t\t\t\t\t\t\t<div class=\"c-text l-stack u-cs-xl u-font-body\">\n\t\t\t\t\t\t<p>Har du inte f\u00e5tt svar p\u00e5 alla dina fr\u00e5gor? D\u00e5 \u00e4r du v\u00e4lkommen att kontakta v\u00e5rt elevh\u00e4lsoteam. Kontaktuppgifterna hittar du via knappen nedan.<\/p>\n\n\t\t\t\t\t<\/div>\n\t\t\t\t\t\t\t<\/div>\n\t\t\n\t\t\n\t\t\t<div class=\"ams-cta__action u-inline-items\">\n\t\t\t\t\t\t\t\n\n\n<a href=\"https:\/\/rytmus.se\/stockholm\/kontakt\/\"\n\t\n\tclass=\"c-btn \"\n\tdata-style=\"square\"\n\tdata-size=\"md\"\n\tdata-width=\"full-mobile\"\n\tdata-variant=\"default\"\n\ttarget=\"_self\">\n\t\t\t<span class=\"label\"> Kontakta oss<\/span>\n\t\t\t<\/a>\n\t\t\t<\/div>\n\t<\/div>\n\n\t\t\n\n<\/section>\n","protected":false},"excerpt":{"rendered":"","protected":false},"author":1,"featured_media":0,"parent":19,"menu_order":0,"comment_status":"closed","ping_status":"closed","template":"","meta":{"footnotes":""},"yoast_head":"<!-- This site is optimized with the Yoast SEO plugin v22.0 - https:\/\/yoast.com\/wordpress\/plugins\/seo\/ -->\n<title>Elevh\u00e4lsa p\u00e5 Rytmus musikgymnasium Stockholm<\/title>\n<meta name=\"description\" content=\"Elevh\u00e4lsa b\u00f6rjar i klassrummet, d\u00e4rf\u00f6r \u00e4r det av stor vikt att samtliga pedagoger har kunskaper om och arbetar f\u00f6r att skapa en s\u00e5 positiv l\u00e4randesituation som m\u00f6jligt f\u00f6r v\u00e5ra elever.\" \/>\n<meta name=\"robots\" content=\"index, follow, max-snippet:-1, max-image-preview:large, max-video-preview:-1\" \/>\n<link rel=\"canonical\" href=\"https:\/\/rytmus.se\/stockholm\/om-rytmus-stockholm\/elevhalsa\/\" \/>\n<meta property=\"og:locale\" content=\"sv_SE\" \/>\n<meta property=\"og:type\" content=\"article\" \/>\n<meta property=\"og:title\" content=\"Elevh\u00e4lsa p\u00e5 Rytmus musikgymnasium Stockholm\" \/>\n<meta property=\"og:description\" content=\"Elevh\u00e4lsa b\u00f6rjar i klassrummet, d\u00e4rf\u00f6r \u00e4r det av stor vikt att samtliga pedagoger har kunskaper om och arbetar f\u00f6r att skapa en s\u00e5 positiv l\u00e4randesituation som m\u00f6jligt f\u00f6r v\u00e5ra elever.\" \/>\n<meta property=\"og:url\" content=\"https:\/\/rytmus.se\/stockholm\/om-rytmus-stockholm\/elevhalsa\/\" \/>\n<meta property=\"og:site_name\" content=\"Stockholm\" \/>\n<meta property=\"article:modified_time\" content=\"2024-06-10T13:52:30+00:00\" \/>\n<meta name=\"twitter:card\" content=\"summary_large_image\" \/>\n<meta name=\"twitter:title\" content=\"Elevh\u00e4lsa p\u00e5 Rytmus musikgymnasium Stockholm\" \/>\n<meta name=\"twitter:description\" content=\"Elevh\u00e4lsa b\u00f6rjar i klassrummet, d\u00e4rf\u00f6r \u00e4r det av stor vikt att samtliga pedagoger har kunskaper om och arbetar f\u00f6r att skapa en s\u00e5 positiv l\u00e4randesituation som m\u00f6jligt f\u00f6r v\u00e5ra elever.\" \/>\n<meta name=\"twitter:label1\" content=\"Ber\u00e4knad l\u00e4stid\" \/>\n\t<meta name=\"twitter:data1\" content=\"2 minuter\" \/>\n<script type=\"application\/ld+json\" class=\"yoast-schema-graph\">{\"@context\":\"https:\/\/schema.org\",\"@graph\":[{\"@type\":\"WebPage\",\"@id\":\"https:\/\/rytmus.se\/stockholm\/om-rytmus-stockholm\/elevhalsa\/\",\"url\":\"https:\/\/rytmus.se\/stockholm\/om-rytmus-stockholm\/elevhalsa\/\",\"name\":\"Elevh\u00e4lsa p\u00e5 Rytmus musikgymnasium Stockholm\",\"isPartOf\":{\"@id\":\"https:\/\/rytmus.se\/stockholm\/#website\"},\"datePublished\":\"2022-07-25T21:08:14+00:00\",\"dateModified\":\"2024-06-10T13:52:30+00:00\",\"description\":\"Elevh\u00e4lsa b\u00f6rjar i klassrummet, d\u00e4rf\u00f6r \u00e4r det av stor vikt att samtliga pedagoger har kunskaper om och arbetar f\u00f6r att skapa en s\u00e5 positiv l\u00e4randesituation som m\u00f6jligt f\u00f6r v\u00e5ra elever.\",\"breadcrumb\":{\"@id\":\"https:\/\/rytmus.se\/stockholm\/om-rytmus-stockholm\/elevhalsa\/#breadcrumb\"},\"inLanguage\":\"sv-SE\",\"potentialAction\":[{\"@type\":\"ReadAction\",\"target\":[\"https:\/\/rytmus.se\/stockholm\/om-rytmus-stockholm\/elevhalsa\/\"]}]},{\"@type\":\"BreadcrumbList\",\"@id\":\"https:\/\/rytmus.se\/stockholm\/om-rytmus-stockholm\/elevhalsa\/#breadcrumb\",\"itemListElement\":[{\"@type\":\"ListItem\",\"position\":1,\"name\":\"Start\",\"item\":\"https:\/\/rytmus.se\/stockholm\/\"},{\"@type\":\"ListItem\",\"position\":2,\"name\":\"Om Rytmus Stockholm\",\"item\":\"https:\/\/rytmus.se\/stockholm\/om-rytmus-stockholm\/\"},{\"@type\":\"ListItem\",\"position\":3,\"name\":\"Elevh\u00e4lsa\"}]},{\"@type\":\"WebSite\",\"@id\":\"https:\/\/rytmus.se\/stockholm\/#website\",\"url\":\"https:\/\/rytmus.se\/stockholm\/\",\"name\":\"Stockholm\",\"description\":\"MAKE | MUSIC | LIVE\",\"potentialAction\":[{\"@type\":\"SearchAction\",\"target\":{\"@type\":\"EntryPoint\",\"urlTemplate\":\"https:\/\/rytmus.se\/stockholm\/?s={search_term_string}\"},\"query-input\":\"required name=search_term_string\"}],\"inLanguage\":\"sv-SE\"}]}<\/script>\n<!-- \/ Yoast SEO plugin. -->","yoast_head_json":{"title":"Elevh\u00e4lsa p\u00e5 Rytmus musikgymnasium Stockholm","description":"Elevh\u00e4lsa b\u00f6rjar i klassrummet, d\u00e4rf\u00f6r \u00e4r det av stor vikt att samtliga pedagoger har kunskaper om och arbetar f\u00f6r att skapa en s\u00e5 positiv l\u00e4randesituation som m\u00f6jligt f\u00f6r v\u00e5ra elever.","robots":{"index":"index","follow":"follow","max-snippet":"max-snippet:-1","max-image-preview":"max-image-preview:large","max-video-preview":"max-video-preview:-1"},"canonical":"https:\/\/rytmus.se\/stockholm\/om-rytmus-stockholm\/elevhalsa\/","og_locale":"sv_SE","og_type":"article","og_title":"Elevh\u00e4lsa p\u00e5 Rytmus musikgymnasium Stockholm","og_description":"Elevh\u00e4lsa b\u00f6rjar i klassrummet, d\u00e4rf\u00f6r \u00e4r det av stor vikt att samtliga pedagoger har kunskaper om och arbetar f\u00f6r att skapa en s\u00e5 positiv l\u00e4randesituation som m\u00f6jligt f\u00f6r v\u00e5ra elever.","og_url":"https:\/\/rytmus.se\/stockholm\/om-rytmus-stockholm\/elevhalsa\/","og_site_name":"Stockholm","article_modified_time":"2024-06-10T13:52:30+00:00","twitter_card":"summary_large_image","twitter_title":"Elevh\u00e4lsa p\u00e5 Rytmus musikgymnasium Stockholm","twitter_description":"Elevh\u00e4lsa b\u00f6rjar i klassrummet, d\u00e4rf\u00f6r \u00e4r det av stor vikt att samtliga pedagoger har kunskaper om och arbetar f\u00f6r att skapa en s\u00e5 positiv l\u00e4randesituation som m\u00f6jligt f\u00f6r v\u00e5ra elever.","twitter_misc":{"Ber\u00e4knad l\u00e4stid":"2 minuter"},"schema":{"@context":"https:\/\/schema.org","@graph":[{"@type":"WebPage","@id":"https:\/\/rytmus.se\/stockholm\/om-rytmus-stockholm\/elevhalsa\/","url":"https:\/\/rytmus.se\/stockholm\/om-rytmus-stockholm\/elevhalsa\/","name":"Elevh\u00e4lsa p\u00e5 Rytmus musikgymnasium Stockholm","isPartOf":{"@id":"https:\/\/rytmus.se\/stockholm\/#website"},"datePublished":"2022-07-25T21:08:14+00:00","dateModified":"2024-06-10T13:52:30+00:00","description":"Elevh\u00e4lsa b\u00f6rjar i klassrummet, d\u00e4rf\u00f6r \u00e4r det av stor vikt att samtliga pedagoger har kunskaper om och arbetar f\u00f6r att skapa en s\u00e5 positiv l\u00e4randesituation som m\u00f6jligt f\u00f6r v\u00e5ra elever.","breadcrumb":{"@id":"https:\/\/rytmus.se\/stockholm\/om-rytmus-stockholm\/elevhalsa\/#breadcrumb"},"inLanguage":"sv-SE","potentialAction":[{"@type":"ReadAction","target":["https:\/\/rytmus.se\/stockholm\/om-rytmus-stockholm\/elevhalsa\/"]}]},{"@type":"BreadcrumbList","@id":"https:\/\/rytmus.se\/stockholm\/om-rytmus-stockholm\/elevhalsa\/#breadcrumb","itemListElement":[{"@type":"ListItem","position":1,"name":"Start","item":"https:\/\/rytmus.se\/stockholm\/"},{"@type":"ListItem","position":2,"name":"Om Rytmus Stockholm","item":"https:\/\/rytmus.se\/stockholm\/om-rytmus-stockholm\/"},{"@type":"ListItem","position":3,"name":"Elevh\u00e4lsa"}]},{"@type":"WebSite","@id":"https:\/\/rytmus.se\/stockholm\/#website","url":"https:\/\/rytmus.se\/stockholm\/","name":"Stockholm","description":"MAKE | MUSIC | LIVE","potentialAction":[{"@type":"SearchAction","target":{"@type":"EntryPoint","urlTemplate":"https:\/\/rytmus.se\/stockholm\/?s={search_term_string}"},"query-input":"required name=search_term_string"}],"inLanguage":"sv-SE"}]}},"_links":{"self":[{"href":"https:\/\/rytmus.se\/stockholm\/wp-json\/wp\/v2\/pages\/27"}],"collection":[{"href":"https:\/\/rytmus.se\/stockholm\/wp-json\/wp\/v2\/pages"}],"about":[{"href":"https:\/\/rytmus.se\/stockholm\/wp-json\/wp\/v2\/types\/page"}],"author":[{"embeddable":true,"href":"https:\/\/rytmus.se\/stockholm\/wp-json\/wp\/v2\/users\/1"}],"replies":[{"embeddable":true,"href":"https:\/\/rytmus.se\/stockholm\/wp-json\/wp\/v2\/comments?post=27"}],"version-history":[{"count":10,"href":"https:\/\/rytmus.se\/stockholm\/wp-json\/wp\/v2\/pages\/27\/revisions"}],"predecessor-version":[{"id":2944,"href":"https:\/\/rytmus.se\/stockholm\/wp-json\/wp\/v2\/pages\/27\/revisions\/2944"}],"up":[{"embeddable":true,"href":"https:\/\/rytmus.se\/stockholm\/wp-json\/wp\/v2\/pages\/19"}],"wp:attachment":[{"href":"https:\/\/rytmus.se\/stockholm\/wp-json\/wp\/v2\/media?parent=27"}],"curies":[{"name":"wp","href":"https:\/\/api.w.org\/{rel}","templated":true}]}}