{"id":1994,"date":"2023-07-14T13:53:37","date_gmt":"2023-07-14T11:53:37","guid":{"rendered":"https:\/\/rytmus.se\/stockholm\/?page_id=1994"},"modified":"2024-06-10T15:59:00","modified_gmt":"2024-06-10T13:59:00","slug":"kvalitet","status":"publish","type":"page","link":"https:\/\/rytmus.se\/stockholm\/kvalitet\/","title":{"rendered":"V\u00e5rt kvalitetsarbete"},"content":{"rendered":"\n\n<section  class=\"ams-cta ams-cta--stacked c-block l-stacked\" data-color-scheme=\"gra\">\n\t<div class=\"l-container-narrow l-stack l-stack-fluid-2xl u-pt-fluid-3xl-6xl u-pb-fluid-3xl-6xl is-center is-center@md\">\n\t\t\t\t\t<div class=\"ams-cta__intro l-stack l-stack-lg\">\n\t\t\t\t\t\n\t<h1\n\tclass=\"c-heading u-font-title-1 \"\n\tstyle=\"\">\n\t\t\n\t\t\t\t\tV\u00c5RT KVALITETSARBETE\n\t\t\t\t\n\t<\/h1>\n\n\t\t\t\t\t\t\t\t\t<div class=\"c-text l-stack u-cs-xl u-font-body\">\n\t\t\t\t\t\t<p>P\u00e5 Rytmus \u00e4r vi m\u00e5na om att ge alla elever goda f\u00f6ruts\u00e4ttningar att l\u00e4ra sig och utvecklas. F\u00f6rutom att tillgodose en bra utbildning i en trygg milj\u00f6 \u00e4r det ocks\u00e5 viktigt f\u00f6r oss att ta varje elev ett steg n\u00e4rmare sina framtida m\u00e5l och dr\u00f6mmar.<\/p>\n\n\t\t\t\t\t<\/div>\n\t\t\t\t\t\t\t<\/div>\n\t\t\n\t\t\n\t\t\t<\/div>\n\n\t\t\n\n<\/section>\n\n\n\n\t\n\t\n\t\n\n\t\n\t\n\t\t\n<section  class=\"c-block l-stacked  \" data-color-scheme=\"\">\n\t<div class=\"ams-fifty ams-fifty--container ams-fifty--left ams-fifty--top l-container u-pt-fluid-3xl-6xl u-pb-fluid-3xl-6xl\">\n\t\t<div class=\"ams-fifty__content l-stack l-stack-xl is-left is-left@lg\">\n\t\t\t<div class=\"ams-fifty__text l-stack l-stack-lg\">\n\t\t\t\t\t\n\t<h2\n\tclass=\"c-heading u-font-title-1 \"\n\tstyle=\"\">\n\t\t\n\t\t\t\t\tKvalitetsresultat\n\t\t\t\t\n\t<\/h2>\n\n\t\t\t\t\t\t\t\t\t<div class=\"text l-stack u-font-body\">\n\t\t\t\t\t\t<p>Som en del av det systematiska kvalitetsarbetet sammanfattar varje rektor \u00e5rligen det g\u00e5ngna verksamhets\u00e5ret avseende m\u00e5l, resultat, analyser och strategier i skolans kvalitetsrapport. Kvalitetsrapporten ger en \u00f6versikt av hur vi arbetar med kvalitet p\u00e5 b\u00e5de skolniv\u00e5 och huvudmannaniv\u00e5.<\/p>\n<p>Den genomsnittliga betygspo\u00e4ngen m\u00e4ts p\u00e5 samtliga avg\u00e5ngselever (d.v.s. elever som antingen har erh\u00e5llit gymnasieexamen eller ett studiebevis med omfattningen minst 2500 po\u00e4ng) och ber\u00e4knas p\u00e5 betygen i de kurser som ing\u00e5r i den ordinarie studieplanen f\u00f6r ett fullst\u00e4ndigt program (med undantag f\u00f6r gymnasiearbetet eftersom betyget endast kan vara F eller E).<\/p>\n\n\t\t\t\t\t<\/div>\n\t\t\t\t\t\t\t<\/div>\n\n\t\t\t\t<div class=\"ams-fifty__action u-inline-items\">\n\t\t\t\t\t\t\t\n\n\n<a href=\"https:\/\/rytmus.se\/stockholm\/kvalitet\/kvalitetsresultat\/\"\n\t\n\tclass=\"c-btn \"\n\tdata-style=\"square\"\n\tdata-size=\"md\"\n\tdata-width=\"full-mobile\"\n\tdata-variant=\"default\"\n\ttarget=\"_self\">\n\t\t\t<span class=\"label\"> V\u00e5ra kvalitetsresultat<\/span>\n\t\t\t<\/a>\n\t\t\t<\/div>\n\t\t<\/div>\n\n\t\t <div class=\"ams-fifty__media u-ratio-square\">\n\t\t \t\t\t\t\t<img decoding=\"async\" width=\"600\" height=\"600\" src=\"https:\/\/rytmus.se\/wp-content\/uploads\/sites\/3\/2024\/06\/rytmuskvalitet202204-600x600.jpg\" class=\"attachment-md size-md\" alt=\"L\u00e4rare och elev.\" sizes=\"(min-width: 64em) 600px, calc(100vw - 160px)\" srcset=\"https:\/\/rytmus.se\/wp-content\/uploads\/sites\/3\/2024\/06\/rytmuskvalitet202204-600x600.jpg 600w, https:\/\/rytmus.se\/wp-content\/uploads\/sites\/3\/2024\/06\/rytmuskvalitet202204-150x150.jpg 150w, https:\/\/rytmus.se\/wp-content\/uploads\/sites\/3\/2024\/06\/rytmuskvalitet202204-300x300.jpg 300w, https:\/\/rytmus.se\/wp-content\/uploads\/sites\/3\/2024\/06\/rytmuskvalitet202204-400x400.jpg 400w, https:\/\/rytmus.se\/wp-content\/uploads\/sites\/3\/2024\/06\/rytmuskvalitet202204-800x800.jpg 800w, https:\/\/rytmus.se\/wp-content\/uploads\/sites\/3\/2024\/06\/rytmuskvalitet202204-1024x1024.jpg 1024w, https:\/\/rytmus.se\/wp-content\/uploads\/sites\/3\/2024\/06\/rytmuskvalitet202204.jpg 1080w\" \/>\n\t\t\t\n\t\t\t\n\t\t\t\t\t<\/div>\n\t<\/div>\n\n\t\t\n\n<\/section>\n\n\n\n\t\n\t\n\t\n\n\t\n\t\n\t\t\n<section  class=\"c-block l-stacked  \" data-color-scheme=\"gra-ljus\">\n\t<div class=\"ams-fifty ams-fifty--container ams-fifty--right ams-fifty--top l-container u-pt-fluid-3xl-6xl u-pb-fluid-3xl-6xl\">\n\t\t<div class=\"ams-fifty__content l-stack l-stack-xl is-left is-left@lg\">\n\t\t\t<div class=\"ams-fifty__text l-stack l-stack-lg\">\n\t\t\t\t\t\n\t<h2\n\tclass=\"c-heading u-font-title-1 \"\n\tstyle=\"\">\n\t\t\n\t\t\t\t\tSynpunkt p\u00e5 verksamheten\n\t\t\t\t\n\t<\/h2>\n\n\t\t\t\t\t\t\t\t\t<div class=\"text l-stack u-font-body\">\n\t\t\t\t\t\t<p>Vi vill att v\u00e5r skola ska vara s\u00e5 bra som m\u00f6jligt f\u00f6r alla! V\u00e5rt m\u00e5l \u00e4r att erbjuda en h\u00f6g och god kvalitet i alla v\u00e5ra verksamheter. D\u00e4rf\u00f6r \u00e4r det viktigt att vi f\u00e5r information om eventuella brister, s\u00e5 att vi i dialog med dig kan f\u00f6rb\u00e4ttra och utveckla verksamheten.<\/p>\n\n\t\t\t\t\t<\/div>\n\t\t\t\t\t\t\t<\/div>\n\n\t\t\t\t<div class=\"ams-fifty__action u-inline-items\">\n\t\t\t\t\t\t\t\n\n\n<a href=\"https:\/\/rytmus.se\/kvalitet\/synpunkter-pa-verksamheten\/\"\n\t\n\tclass=\"c-btn \"\n\tdata-style=\"square\"\n\tdata-size=\"md\"\n\tdata-width=\"full-mobile\"\n\tdata-variant=\"default\"\n\ttarget=\"_self\">\n\t\t\t<span class=\"label\"> L\u00e4mna synpunkt<\/span>\n\t\t\t<\/a>\n\t\t\t<\/div>\n\t\t<\/div>\n\n\t\t <div class=\"ams-fifty__media u-ratio-square\">\n\t\t \t\t\t\t\t<img decoding=\"async\" width=\"600\" height=\"600\" src=\"https:\/\/rytmus.se\/wp-content\/uploads\/sites\/3\/2024\/06\/rytmus-musikgymnasium-202204-600x600.jpg\" class=\"attachment-md size-md\" alt=\"Tv\u00e5 elever g\u00f6r high five.\" sizes=\"(min-width: 64em) 600px, calc(100vw - 160px)\" srcset=\"https:\/\/rytmus.se\/wp-content\/uploads\/sites\/3\/2024\/06\/rytmus-musikgymnasium-202204-600x600.jpg 600w, https:\/\/rytmus.se\/wp-content\/uploads\/sites\/3\/2024\/06\/rytmus-musikgymnasium-202204-150x150.jpg 150w, https:\/\/rytmus.se\/wp-content\/uploads\/sites\/3\/2024\/06\/rytmus-musikgymnasium-202204-300x300.jpg 300w, https:\/\/rytmus.se\/wp-content\/uploads\/sites\/3\/2024\/06\/rytmus-musikgymnasium-202204-400x400.jpg 400w, https:\/\/rytmus.se\/wp-content\/uploads\/sites\/3\/2024\/06\/rytmus-musikgymnasium-202204-800x800.jpg 800w, https:\/\/rytmus.se\/wp-content\/uploads\/sites\/3\/2024\/06\/rytmus-musikgymnasium-202204-1024x1024.jpg 1024w, https:\/\/rytmus.se\/wp-content\/uploads\/sites\/3\/2024\/06\/rytmus-musikgymnasium-202204.jpg 1080w\" \/>\n\t\t\t\n\t\t\t\n\t\t\t\t\t<\/div>\n\t<\/div>\n\n\t\t\n\n<\/section>\n","protected":false},"excerpt":{"rendered":"","protected":false},"author":3,"featured_media":0,"parent":0,"menu_order":0,"comment_status":"closed","ping_status":"closed","template":"","meta":{"footnotes":""},"yoast_head":"<!-- This site is optimized with the Yoast SEO plugin v22.0 - https:\/\/yoast.com\/wordpress\/plugins\/seo\/ -->\n<title>V\u00e5rt kvalitetsarbete p\u00e5 Rytmus Stockholm | Rytmus musikgymnasium<\/title>\n<meta name=\"description\" content=\"P\u00e5 Rytmus \u00e4r vi m\u00e5na om att ge alla elever goda f\u00f6ruts\u00e4ttningar att l\u00e4ra sig och utvecklas. V\u00e4lkommen till Rytmus Gymnasium!\" \/>\n<meta name=\"robots\" content=\"index, follow, max-snippet:-1, max-image-preview:large, max-video-preview:-1\" \/>\n<link rel=\"canonical\" href=\"https:\/\/rytmus.se\/kvalitet\/\" \/>\n<meta property=\"og:locale\" content=\"sv_SE\" \/>\n<meta property=\"og:type\" content=\"article\" \/>\n<meta property=\"og:title\" content=\"V\u00e5rt kvalitetsarbete p\u00e5 Rytmus Stockholm | Rytmus musikgymnasium\" \/>\n<meta property=\"og:description\" content=\"P\u00e5 Rytmus \u00e4r vi m\u00e5na om att ge alla elever goda f\u00f6ruts\u00e4ttningar att l\u00e4ra sig och utvecklas. V\u00e4lkommen till Rytmus Gymnasium!\" \/>\n<meta property=\"og:url\" content=\"https:\/\/rytmus.se\/kvalitet\/\" \/>\n<meta property=\"og:site_name\" content=\"Stockholm\" \/>\n<meta property=\"article:modified_time\" content=\"2024-06-10T13:59:00+00:00\" \/>\n<meta name=\"twitter:card\" content=\"summary_large_image\" \/>\n<meta name=\"twitter:title\" content=\"V\u00e5rt kvalitetsarbete p\u00e5 Rytmus Stockholm | Rytmus musikgymnasium\" \/>\n<meta name=\"twitter:description\" content=\"P\u00e5 Rytmus \u00e4r vi m\u00e5na om att ge alla elever goda f\u00f6ruts\u00e4ttningar att l\u00e4ra sig och utvecklas. V\u00e4lkommen till Rytmus Gymnasium!\" \/>\n<meta name=\"twitter:label1\" content=\"Ber\u00e4knad l\u00e4stid\" \/>\n\t<meta name=\"twitter:data1\" content=\"2 minuter\" \/>\n<script type=\"application\/ld+json\" class=\"yoast-schema-graph\">{\"@context\":\"https:\/\/schema.org\",\"@graph\":[{\"@type\":\"WebPage\",\"@id\":\"https:\/\/rytmus.se\/stockholm\/kvalitet\/\",\"url\":\"https:\/\/rytmus.se\/kvalitet\/\",\"name\":\"V\u00e5rt kvalitetsarbete p\u00e5 Rytmus Stockholm | Rytmus musikgymnasium\",\"isPartOf\":{\"@id\":\"https:\/\/rytmus.se\/stockholm\/#website\"},\"datePublished\":\"2023-07-14T11:53:37+00:00\",\"dateModified\":\"2024-06-10T13:59:00+00:00\",\"description\":\"P\u00e5 Rytmus \u00e4r vi m\u00e5na om att ge alla elever goda f\u00f6ruts\u00e4ttningar att l\u00e4ra sig och utvecklas. V\u00e4lkommen till Rytmus Gymnasium!\",\"breadcrumb\":{\"@id\":\"https:\/\/rytmus.se\/kvalitet\/#breadcrumb\"},\"inLanguage\":\"sv-SE\",\"potentialAction\":[{\"@type\":\"ReadAction\",\"target\":[\"https:\/\/rytmus.se\/kvalitet\/\"]}]},{\"@type\":\"BreadcrumbList\",\"@id\":\"https:\/\/rytmus.se\/kvalitet\/#breadcrumb\",\"itemListElement\":[{\"@type\":\"ListItem\",\"position\":1,\"name\":\"Start\",\"item\":\"https:\/\/rytmus.se\/stockholm\/\"},{\"@type\":\"ListItem\",\"position\":2,\"name\":\"V\u00e5rt kvalitetsarbete\"}]},{\"@type\":\"WebSite\",\"@id\":\"https:\/\/rytmus.se\/stockholm\/#website\",\"url\":\"https:\/\/rytmus.se\/stockholm\/\",\"name\":\"Stockholm\",\"description\":\"MAKE | MUSIC | LIVE\",\"potentialAction\":[{\"@type\":\"SearchAction\",\"target\":{\"@type\":\"EntryPoint\",\"urlTemplate\":\"https:\/\/rytmus.se\/stockholm\/?s={search_term_string}\"},\"query-input\":\"required name=search_term_string\"}],\"inLanguage\":\"sv-SE\"}]}<\/script>\n<!-- \/ Yoast SEO plugin. -->","yoast_head_json":{"title":"V\u00e5rt kvalitetsarbete p\u00e5 Rytmus Stockholm | Rytmus musikgymnasium","description":"P\u00e5 Rytmus \u00e4r vi m\u00e5na om att ge alla elever goda f\u00f6ruts\u00e4ttningar att l\u00e4ra sig och utvecklas. V\u00e4lkommen till Rytmus Gymnasium!","robots":{"index":"index","follow":"follow","max-snippet":"max-snippet:-1","max-image-preview":"max-image-preview:large","max-video-preview":"max-video-preview:-1"},"canonical":"https:\/\/rytmus.se\/kvalitet\/","og_locale":"sv_SE","og_type":"article","og_title":"V\u00e5rt kvalitetsarbete p\u00e5 Rytmus Stockholm | Rytmus musikgymnasium","og_description":"P\u00e5 Rytmus \u00e4r vi m\u00e5na om att ge alla elever goda f\u00f6ruts\u00e4ttningar att l\u00e4ra sig och utvecklas. V\u00e4lkommen till Rytmus Gymnasium!","og_url":"https:\/\/rytmus.se\/kvalitet\/","og_site_name":"Stockholm","article_modified_time":"2024-06-10T13:59:00+00:00","twitter_card":"summary_large_image","twitter_title":"V\u00e5rt kvalitetsarbete p\u00e5 Rytmus Stockholm | Rytmus musikgymnasium","twitter_description":"P\u00e5 Rytmus \u00e4r vi m\u00e5na om att ge alla elever goda f\u00f6ruts\u00e4ttningar att l\u00e4ra sig och utvecklas. V\u00e4lkommen till Rytmus Gymnasium!","twitter_misc":{"Ber\u00e4knad l\u00e4stid":"2 minuter"},"schema":{"@context":"https:\/\/schema.org","@graph":[{"@type":"WebPage","@id":"https:\/\/rytmus.se\/stockholm\/kvalitet\/","url":"https:\/\/rytmus.se\/kvalitet\/","name":"V\u00e5rt kvalitetsarbete p\u00e5 Rytmus Stockholm | Rytmus musikgymnasium","isPartOf":{"@id":"https:\/\/rytmus.se\/stockholm\/#website"},"datePublished":"2023-07-14T11:53:37+00:00","dateModified":"2024-06-10T13:59:00+00:00","description":"P\u00e5 Rytmus \u00e4r vi m\u00e5na om att ge alla elever goda f\u00f6ruts\u00e4ttningar att l\u00e4ra sig och utvecklas. V\u00e4lkommen till Rytmus Gymnasium!","breadcrumb":{"@id":"https:\/\/rytmus.se\/kvalitet\/#breadcrumb"},"inLanguage":"sv-SE","potentialAction":[{"@type":"ReadAction","target":["https:\/\/rytmus.se\/kvalitet\/"]}]},{"@type":"BreadcrumbList","@id":"https:\/\/rytmus.se\/kvalitet\/#breadcrumb","itemListElement":[{"@type":"ListItem","position":1,"name":"Start","item":"https:\/\/rytmus.se\/stockholm\/"},{"@type":"ListItem","position":2,"name":"V\u00e5rt kvalitetsarbete"}]},{"@type":"WebSite","@id":"https:\/\/rytmus.se\/stockholm\/#website","url":"https:\/\/rytmus.se\/stockholm\/","name":"Stockholm","description":"MAKE | MUSIC | LIVE","potentialAction":[{"@type":"SearchAction","target":{"@type":"EntryPoint","urlTemplate":"https:\/\/rytmus.se\/stockholm\/?s={search_term_string}"},"query-input":"required name=search_term_string"}],"inLanguage":"sv-SE"}]}},"_links":{"self":[{"href":"https:\/\/rytmus.se\/stockholm\/wp-json\/wp\/v2\/pages\/1994"}],"collection":[{"href":"https:\/\/rytmus.se\/stockholm\/wp-json\/wp\/v2\/pages"}],"about":[{"href":"https:\/\/rytmus.se\/stockholm\/wp-json\/wp\/v2\/types\/page"}],"author":[{"embeddable":true,"href":"https:\/\/rytmus.se\/stockholm\/wp-json\/wp\/v2\/users\/3"}],"replies":[{"embeddable":true,"href":"https:\/\/rytmus.se\/stockholm\/wp-json\/wp\/v2\/comments?post=1994"}],"version-history":[{"count":10,"href":"https:\/\/rytmus.se\/stockholm\/wp-json\/wp\/v2\/pages\/1994\/revisions"}],"predecessor-version":[{"id":2955,"href":"https:\/\/rytmus.se\/stockholm\/wp-json\/wp\/v2\/pages\/1994\/revisions\/2955"}],"wp:attachment":[{"href":"https:\/\/rytmus.se\/stockholm\/wp-json\/wp\/v2\/media?parent=1994"}],"curies":[{"name":"wp","href":"https:\/\/api.w.org\/{rel}","templated":true}]}}