{"id":17,"date":"2022-07-25T23:01:13","date_gmt":"2022-07-25T21:01:13","guid":{"rendered":"https:\/\/rytmus.se\/stockholm\/?page_id=17"},"modified":"2026-03-17T13:55:25","modified_gmt":"2026-03-17T12:55:25","slug":"prova-pa-dag","status":"publish","type":"page","link":"https:\/\/rytmus.se\/stockholm\/prova-pa-dag\/","title":{"rendered":"Prova p\u00e5 dag"},"content":{"rendered":"\n<div class=\"wp-block-columns is-layout-flex wp-container-core-columns-layout-1 wp-block-columns-is-layout-flex\">\n<div class=\"wp-block-column is-layout-flow wp-block-column-is-layout-flow\">\n<h1 class=\"wp-block-heading\">Prova p\u00e5-dagar p\u00e5 Rytmus Stockholm<\/h1>\n\n\n\n<p><strong>Prova p\u00e5-dagar p\u00e5 Rytmus Stockholm<\/strong><\/p>\n\n\n\n<p>Vi erbjuder inga fler prova p\u00e5-tillf\u00e4llen under skoldagar denna v\u00e5r men du \u00e4r v\u00e4lkommen att anm\u00e4la dig till Camp Rytmus som \u00e4r en lite annorlunda prova p\u00e5-dag. Eller kontakta oss med dina fr\u00e5gor.<\/p>\n\n\n\n<p>P\u00e5 Camp Rytmus f\u00e5r du vara lite mer aktiv \u00e4n p\u00e5 v\u00e5ra vanliga prova p\u00e5-dagar. Vi ses l\u00f6rdagen den 25\/4 mellan kl 11-15. Vi kommer spela musik, skriva l\u00e5tar, fotografera, m\u00e5la och umg\u00e5s tillsammans. Men vi kommer \u00e4ven bjuda p\u00e5 musik och sj\u00e4lvklart \u00e4ven lunch. P\u00e5 Camp rytmus f\u00e5r d\u00e5 chansen att l\u00e4ra k\u00e4nna oss b\u00e4ttre och ana lite hur det \u00e4r att vara elev p\u00e5 Rytmus Stockholm.<\/p>\n\n\n\n<p>Camp Rytmus \u00e4r helt enkelt en perfekt dag f\u00f6r dig som ska b\u00f6rja gymnasiet 2026 och vill f\u00e5 en k\u00e4nsla f\u00f6r Rytmus!<\/p>\n\n\n\n<p><a href=\"https:\/\/rytmus.se\/stockholm\/camp-rytmus\/\"><strong>L\u00e4s mer och anm\u00e4l dig h\u00e4r!<\/strong><\/a><\/p>\n\n\n\n<p><\/p>\n<\/div>\n\n\n\n<div class=\"wp-block-column is-layout-flow wp-block-column-is-layout-flow\">\n\n<figure  class=\"ams-media l-container l-stack l-stack-2xs u-pt-fluid-3xl-6xl u-pb-fluid-3xl-6xl is-center is-center@md\" >\n\t\t\t\t\t<img decoding=\"async\" width=\"600\" height=\"600\" src=\"https:\/\/rytmus.se\/wp-content\/uploads\/sites\/3\/2022\/11\/rytmus-artist-latsrkivare-202204-600x600.jpg\" class=\"ams-media__image u-ratio-square u-radius-square\" alt=\"Elev med gitarr sjunger p\u00e5 scen.\" sizes=\"(max-width: 600px) 100vw, 600px\" srcset=\"https:\/\/rytmus.se\/wp-content\/uploads\/sites\/3\/2022\/11\/rytmus-artist-latsrkivare-202204-600x600.jpg 600w, https:\/\/rytmus.se\/wp-content\/uploads\/sites\/3\/2022\/11\/rytmus-artist-latsrkivare-202204-150x150.jpg 150w, https:\/\/rytmus.se\/wp-content\/uploads\/sites\/3\/2022\/11\/rytmus-artist-latsrkivare-202204-300x300.jpg 300w, https:\/\/rytmus.se\/wp-content\/uploads\/sites\/3\/2022\/11\/rytmus-artist-latsrkivare-202204-400x400.jpg 400w, https:\/\/rytmus.se\/wp-content\/uploads\/sites\/3\/2022\/11\/rytmus-artist-latsrkivare-202204-800x800.jpg 800w, https:\/\/rytmus.se\/wp-content\/uploads\/sites\/3\/2022\/11\/rytmus-artist-latsrkivare-202204-1024x1024.jpg 1024w, https:\/\/rytmus.se\/wp-content\/uploads\/sites\/3\/2022\/11\/rytmus-artist-latsrkivare-202204.jpg 1080w\" \/>\n\t\t\n\t\n\t<\/figure>\n<\/div>\n<\/div>\n\n\n\n\n<div    class=\"module_wrapper container-fluid  site__secondary-bg--13  cpt-60 cpb-80 ams_single-contact_module \"\n\t>\n\t<div class=\"noblaskolan-border-6 module-expand\"\n\t\t style=\"border-color:#272727; height:100% width:100%\">\n\t\t<div class=\"row ams_single-contact_module_p_inner\">\n\n\t\t\t<div class=\"col-12 cmb-30 text-center col-md-8 offset-md-2\">\n\t\t\t\t\t\t<h2   class=\"site__heading-size-2 section-title  site__text-color  text-center\">\n\t\t\t\tHar du fr\u00e5gor?\t\t\t<\/h2>\n\t\t\t<\/div>\n\t\t<\/div>\n\t\t<div class=\"anchor_classes_div\"\n\t\t\t data-cta=\" nostyle site__a_cta \"\n\t\t\t data-theme=\" nostyle site__a_text \"\n\t\t\t data-darklight=\" nostyle site__a_dark \">\n\t\t\t\n\t<div class=\"row\">\n\t\t<div class=\"col-12 cmb-50 cmb-sm-25 col-md-6 offset-md-3\">\n\t\t\t<div   class=\"text-center site__body_text-1\">\n\t\t\t\t<p>Om du har fr\u00e5gor om Prova p\u00e5-dag \u00e4r du v\u00e4lkommen att kontakta mig!<\/p>\n\t\t\t<\/div>\n\t\t<\/div>\n\t<\/div>\n\t\t<\/div>\n\t\t<article role=\"contact information\" aria-label=\"Jill Nordin\"   class=\" row ams_single-contact_module_pb_inner\" style=\"align-items: center\" itemscope itemtype=\"http:\/\/schema.org\/Person\">\n\t\t\t<div class=\"col-md-6 col-lg-4  offset-lg-2 text-center text-md-right mb-3 p-0 pr-md-2\">\n\t\t\t\t\t\t\t\t\t<img decoding=\"async\" src=\"https:\/\/rytmus.se\/wp-content\/uploads\/sites\/3\/2022\/10\/rytmus.svg\" class=\"ams_single-contact_module__img mx-auto kontakt__image_size sharp-corners-image-shape kontakt__image_size_330x330 \" alt=\"rytmus\" itemprop=\"image\" height=\"330\" width=\"330\" \/>\t\t\t\t\t\t\t<\/div>\n\n\t\t\t<div class=\"col-md-6 col-lg-4  text-center text-md-left p-0 pl-md-2 \">\n\t\t\t\t<h5    class=\" site__text-color  cmb-5 pb-0 site__heading-size-7\"\n\t\t\t\t\titemprop=\"name\">Jill Nordin<\/h5>\n\n\t\t\t\t<div    class=\"site__subheading-7 cmb-15  site__text-color--dark \"\n\t\t\t\t\t itemprop=\"jobTitle\"\n\t\t\t\t\t style=\"letter-spacing: 0.1rem;\">\n\t\t\t\t\tAnsvarig Prova p\u00e5-dag\t\t\t\t<\/div>\n\n\t\t\t\t\n\t\t\t\t\t\t\t\t\t\t\t\t\t\t\t\t\t\t\t\t\t<div class=\"cmb-10 ams_active_link_state_default  site__text-color--dark \" itemprop=\"email\">\n\t\t\t\t\t\t\t<a    href=\"mailto:jill.nordin@rytmus.se\" class=\"site__text-color--dark site__a_cta\">\n\t\t\t\t\t\t\t\tjill.nordin@rytmus.se\t\t\t\t\t\t\t<\/a>\n\t\t\t\t\t\t<\/div>\n\t\t\t\t\t\t\t\t\t\n\t\t\t<\/div>\n\t\t<\/article>\n\t<\/div>\n<\/div>\n\n\n\n\t<div class=\"module_wrapper ams_remote_pages_module \">\n\t\t\n\t\n\t\n<section  class=\"ams-map ams-map--fifty c-block  media-bottom media-right \" data-color-scheme=\"white\" data-locations=\"[{&quot;id&quot;:&quot;49&quot;,&quot;county&quot;:&quot;Stockholms l\\u00e4n&quot;,&quot;city&quot;:&quot;Nacka &quot;,&quot;school&quot;:&quot;Stockholm&quot;,&quot;title&quot;:&quot;Rytmus Stockholm&quot;,&quot;phone&quot;:&quot;0855586260&quot;,&quot;phone_formatted&quot;:&quot;08-55586260&quot;,&quot;email&quot;:&quot;info.rytmus.sthlm@rytmus.se&quot;,&quot;visiting_address&quot;:{&quot;address&quot;:&quot;Experimentgatan 7&quot;,&quot;zip_code&quot;:&quot;131 54&quot;,&quot;city&quot;:&quot;Nacka&quot;},&quot;postal_address&quot;:{&quot;address&quot;:&quot;Box 754&quot;,&quot;zip_code&quot;:&quot;131 24&quot;,&quot;city&quot;:&quot;Nacka&quot;},&quot;address_map&quot;:&quot;Rytmus, Experimentgatan 7, Nacka, Sverige&quot;,&quot;lat&quot;:59.3037132,&quot;lng&quot;:18.1209842,&quot;link&quot;:{&quot;url&quot;:&quot;https:\\\/\\\/rytmus.se\\\/stockholm\\\/&quot;,&quot;text&quot;:&quot;L\\u00e4s mer om skolan&quot;}}]\">\n\t<div class=\"ams-map__content u-pt-fluid-2xl-4xl u-pb-fluid-2xl-4xl l-stack l-stack-fluid-xl is-left is-left@lg\">\n\t\t\t\n\t<h2\n\tclass=\"c-heading u-font-title-1 \"\n\tstyle=\"\">\n\t\t\n\t\t\t\t\tHitta hit\n\t\t\t\t\n\t<\/h2>\n\n\t\t\n\t\t\t\t\t<div class=\"contact-info l-stack\">\n\t\t\t\t\t\t\t\t\t<div class=\"contact-info__item\">\n\t\t\t\t\t\t<p class=\"contact-info__heading u-font-title-4\">\n\t\t\t\t\t\t\tBes\u00f6ksadress\n\t\t\t\t\t\t<\/p>\n\t\t\t\t\t\t<p>\n\t\t\t\t\t\t\t\t\t\t\t\t\t\t\tExperimentgatan 7<br \/>\n\t\t\t\t\t\t\t\t\t\t\t\t\t\t131 54 Nacka\n\t\t\t\t\t\t<\/p>\n\t\t\t\t\t<\/div>\n\t\t\t\t\n\t\t\t\t\n\t\t\t\t\t\t\t\t\t<div class=\"contact-info__item\">\n\t\t\t\t\t\t<p class=\"contact-info__heading u-font-title-4\">\n\t\t\t\t\t\t\tKontakt\n\t\t\t\t\t\t<\/p>\n\t\t\t\t\t\t<p>\n\t\t\t\t\t\t\t\t\t\t\t\t\t\t\t<a href=\"tel:0855586260\">08-55586260<\/a><br \/>\n\t\t\t\t\t\t\t\t\t\t\t\t\t\t\t\t\t\t\t\t\t\t<a href=\"mailto:info.rytmus.sthlm@rytmus.se\">info.rytmus.sthlm@rytmus.se<\/a>\n\t\t\t\t\t\t\t\t\t\t\t\t\t<\/p>\n\t\t\t\t\t<\/div>\n\t\t\t\t\t\t\t<\/div>\n\t\t\t<\/div>\n\n\t<div class=\"ams-map__media\">\n\t<\/div>\n<\/section>\n\t<\/div>\n\n\t","protected":false},"excerpt":{"rendered":"<p>Prova p\u00e5-dagar p\u00e5 Rytmus Stockholm Prova p\u00e5-dagar p\u00e5 Rytmus Stockholm Vi erbjuder inga fler prova p\u00e5-tillf\u00e4llen under skoldagar denna v\u00e5r men du \u00e4r v\u00e4lkommen att anm\u00e4la dig till Camp Rytmus som \u00e4r en lite annorlunda prova p\u00e5-dag. Eller kontakta oss med dina fr\u00e5gor. P\u00e5 Camp Rytmus f\u00e5r du vara lite mer aktiv \u00e4n p\u00e5 v\u00e5ra&#8230;<\/p>\n","protected":false},"author":1,"featured_media":0,"parent":0,"menu_order":0,"comment_status":"closed","ping_status":"closed","template":"","meta":{"footnotes":""},"yoast_head":"<!-- This site is optimized with the Yoast SEO plugin v22.0 - https:\/\/yoast.com\/wordpress\/plugins\/seo\/ -->\n<title>Prova p\u00e5 att vara elev f\u00f6r en dag | Rytmus Stockholm<\/title>\n<meta name=\"description\" content=\"Prova-p\u00e5-dag Vill du vara elev p\u00e5 Rytmus f\u00f6r en dag? Vi erbjuder alla elever som vill b\u00f6rja p\u00e5 Rytmus Stockholm att g\u00f6ra ett bes\u00f6k.\" \/>\n<meta name=\"robots\" content=\"index, follow, max-snippet:-1, max-image-preview:large, max-video-preview:-1\" \/>\n<link rel=\"canonical\" href=\"https:\/\/rytmus.se\/stockholm\/prova-pa-dag\/\" \/>\n<meta property=\"og:locale\" content=\"sv_SE\" \/>\n<meta property=\"og:type\" content=\"article\" \/>\n<meta property=\"og:title\" content=\"Prova p\u00e5 att vara elev f\u00f6r en dag | Rytmus Stockholm\" \/>\n<meta property=\"og:description\" content=\"Prova-p\u00e5-dag Vill du vara elev p\u00e5 Rytmus f\u00f6r en dag? Vi erbjuder alla elever som vill b\u00f6rja p\u00e5 Rytmus Stockholm att g\u00f6ra ett bes\u00f6k.\" \/>\n<meta property=\"og:url\" content=\"https:\/\/rytmus.se\/stockholm\/prova-pa-dag\/\" \/>\n<meta property=\"og:site_name\" content=\"Stockholm\" \/>\n<meta property=\"article:modified_time\" content=\"2026-03-17T12:55:25+00:00\" \/>\n<meta name=\"twitter:card\" content=\"summary_large_image\" \/>\n<meta name=\"twitter:title\" content=\"Prova p\u00e5 att vara elev f\u00f6r en dag | Rytmus Stockholm\" \/>\n<meta name=\"twitter:description\" content=\"Prova-p\u00e5-dag Vill du vara elev p\u00e5 Rytmus f\u00f6r en dag? Vi erbjuder alla elever som vill b\u00f6rja p\u00e5 Rytmus Stockholm att g\u00f6ra ett bes\u00f6k.\" \/>\n<meta name=\"twitter:label1\" content=\"Ber\u00e4knad l\u00e4stid\" \/>\n\t<meta name=\"twitter:data1\" content=\"2 minuter\" \/>\n<script type=\"application\/ld+json\" class=\"yoast-schema-graph\">{\"@context\":\"https:\/\/schema.org\",\"@graph\":[{\"@type\":\"WebPage\",\"@id\":\"https:\/\/rytmus.se\/stockholm\/prova-pa-dag\/\",\"url\":\"https:\/\/rytmus.se\/stockholm\/prova-pa-dag\/\",\"name\":\"Prova p\u00e5 att vara elev f\u00f6r en dag | Rytmus Stockholm\",\"isPartOf\":{\"@id\":\"https:\/\/rytmus.se\/stockholm\/#website\"},\"datePublished\":\"2022-07-25T21:01:13+00:00\",\"dateModified\":\"2026-03-17T12:55:25+00:00\",\"description\":\"Prova-p\u00e5-dag Vill du vara elev p\u00e5 Rytmus f\u00f6r en dag? Vi erbjuder alla elever som vill b\u00f6rja p\u00e5 Rytmus Stockholm att g\u00f6ra ett bes\u00f6k.\",\"breadcrumb\":{\"@id\":\"https:\/\/rytmus.se\/stockholm\/prova-pa-dag\/#breadcrumb\"},\"inLanguage\":\"sv-SE\",\"potentialAction\":[{\"@type\":\"ReadAction\",\"target\":[\"https:\/\/rytmus.se\/stockholm\/prova-pa-dag\/\"]}]},{\"@type\":\"BreadcrumbList\",\"@id\":\"https:\/\/rytmus.se\/stockholm\/prova-pa-dag\/#breadcrumb\",\"itemListElement\":[{\"@type\":\"ListItem\",\"position\":1,\"name\":\"Start\",\"item\":\"https:\/\/rytmus.se\/stockholm\/\"},{\"@type\":\"ListItem\",\"position\":2,\"name\":\"Prova p\u00e5 dag\"}]},{\"@type\":\"WebSite\",\"@id\":\"https:\/\/rytmus.se\/stockholm\/#website\",\"url\":\"https:\/\/rytmus.se\/stockholm\/\",\"name\":\"Stockholm\",\"description\":\"MAKE | MUSIC | LIVE\",\"potentialAction\":[{\"@type\":\"SearchAction\",\"target\":{\"@type\":\"EntryPoint\",\"urlTemplate\":\"https:\/\/rytmus.se\/stockholm\/?s={search_term_string}\"},\"query-input\":\"required name=search_term_string\"}],\"inLanguage\":\"sv-SE\"}]}<\/script>\n<!-- \/ Yoast SEO plugin. -->","yoast_head_json":{"title":"Prova p\u00e5 att vara elev f\u00f6r en dag | Rytmus Stockholm","description":"Prova-p\u00e5-dag Vill du vara elev p\u00e5 Rytmus f\u00f6r en dag? Vi erbjuder alla elever som vill b\u00f6rja p\u00e5 Rytmus Stockholm att g\u00f6ra ett bes\u00f6k.","robots":{"index":"index","follow":"follow","max-snippet":"max-snippet:-1","max-image-preview":"max-image-preview:large","max-video-preview":"max-video-preview:-1"},"canonical":"https:\/\/rytmus.se\/stockholm\/prova-pa-dag\/","og_locale":"sv_SE","og_type":"article","og_title":"Prova p\u00e5 att vara elev f\u00f6r en dag | Rytmus Stockholm","og_description":"Prova-p\u00e5-dag Vill du vara elev p\u00e5 Rytmus f\u00f6r en dag? Vi erbjuder alla elever som vill b\u00f6rja p\u00e5 Rytmus Stockholm att g\u00f6ra ett bes\u00f6k.","og_url":"https:\/\/rytmus.se\/stockholm\/prova-pa-dag\/","og_site_name":"Stockholm","article_modified_time":"2026-03-17T12:55:25+00:00","twitter_card":"summary_large_image","twitter_title":"Prova p\u00e5 att vara elev f\u00f6r en dag | Rytmus Stockholm","twitter_description":"Prova-p\u00e5-dag Vill du vara elev p\u00e5 Rytmus f\u00f6r en dag? Vi erbjuder alla elever som vill b\u00f6rja p\u00e5 Rytmus Stockholm att g\u00f6ra ett bes\u00f6k.","twitter_misc":{"Ber\u00e4knad l\u00e4stid":"2 minuter"},"schema":{"@context":"https:\/\/schema.org","@graph":[{"@type":"WebPage","@id":"https:\/\/rytmus.se\/stockholm\/prova-pa-dag\/","url":"https:\/\/rytmus.se\/stockholm\/prova-pa-dag\/","name":"Prova p\u00e5 att vara elev f\u00f6r en dag | Rytmus Stockholm","isPartOf":{"@id":"https:\/\/rytmus.se\/stockholm\/#website"},"datePublished":"2022-07-25T21:01:13+00:00","dateModified":"2026-03-17T12:55:25+00:00","description":"Prova-p\u00e5-dag Vill du vara elev p\u00e5 Rytmus f\u00f6r en dag? Vi erbjuder alla elever som vill b\u00f6rja p\u00e5 Rytmus Stockholm att g\u00f6ra ett bes\u00f6k.","breadcrumb":{"@id":"https:\/\/rytmus.se\/stockholm\/prova-pa-dag\/#breadcrumb"},"inLanguage":"sv-SE","potentialAction":[{"@type":"ReadAction","target":["https:\/\/rytmus.se\/stockholm\/prova-pa-dag\/"]}]},{"@type":"BreadcrumbList","@id":"https:\/\/rytmus.se\/stockholm\/prova-pa-dag\/#breadcrumb","itemListElement":[{"@type":"ListItem","position":1,"name":"Start","item":"https:\/\/rytmus.se\/stockholm\/"},{"@type":"ListItem","position":2,"name":"Prova p\u00e5 dag"}]},{"@type":"WebSite","@id":"https:\/\/rytmus.se\/stockholm\/#website","url":"https:\/\/rytmus.se\/stockholm\/","name":"Stockholm","description":"MAKE | MUSIC | LIVE","potentialAction":[{"@type":"SearchAction","target":{"@type":"EntryPoint","urlTemplate":"https:\/\/rytmus.se\/stockholm\/?s={search_term_string}"},"query-input":"required name=search_term_string"}],"inLanguage":"sv-SE"}]}},"_links":{"self":[{"href":"https:\/\/rytmus.se\/stockholm\/wp-json\/wp\/v2\/pages\/17"}],"collection":[{"href":"https:\/\/rytmus.se\/stockholm\/wp-json\/wp\/v2\/pages"}],"about":[{"href":"https:\/\/rytmus.se\/stockholm\/wp-json\/wp\/v2\/types\/page"}],"author":[{"embeddable":true,"href":"https:\/\/rytmus.se\/stockholm\/wp-json\/wp\/v2\/users\/1"}],"replies":[{"embeddable":true,"href":"https:\/\/rytmus.se\/stockholm\/wp-json\/wp\/v2\/comments?post=17"}],"version-history":[{"count":10,"href":"https:\/\/rytmus.se\/stockholm\/wp-json\/wp\/v2\/pages\/17\/revisions"}],"predecessor-version":[{"id":3816,"href":"https:\/\/rytmus.se\/stockholm\/wp-json\/wp\/v2\/pages\/17\/revisions\/3816"}],"wp:attachment":[{"href":"https:\/\/rytmus.se\/stockholm\/wp-json\/wp\/v2\/media?parent=17"}],"curies":[{"name":"wp","href":"https:\/\/api.w.org\/{rel}","templated":true}]}}