{"id":31,"date":"2022-07-25T23:09:14","date_gmt":"2022-07-25T21:09:14","guid":{"rendered":"https:\/\/rytmus.se\/orebro\/?page_id=31"},"modified":"2024-12-02T16:16:05","modified_gmt":"2024-12-02T15:16:05","slug":"om-gymnasievalet","status":"publish","type":"page","link":"https:\/\/rytmus.se\/orebro\/om-gymnasievalet\/","title":{"rendered":"Om gymnasievalet"},"content":{"rendered":"\n\t\n\t\n\t\n\n\t\n\t\n\t\t\n<section  class=\"c-block l-stacked  \" data-color-scheme=\"gra-ljus\">\n\t<div class=\"ams-fifty ams-fifty--container ams-fifty--right ams-fifty--bottom l-container u-pt-fluid-3xl-6xl u-pb-fluid-3xl-6xl\">\n\t\t<div class=\"ams-fifty__content l-stack l-stack-xl is-left is-left@lg\">\n\t\t\t<div class=\"ams-fifty__text l-stack l-stack-lg\">\n\t\t\t\t\t\n\t<h1\n\tclass=\"c-heading u-font-title-1 \"\n\tstyle=\"\">\n\t\t\n\t\t\t\t\tOm gymnasievalet\n\t\t\t\t\n\t<\/h1>\n\n\t\t\t\t\t\t\t\t\t<div class=\"text l-stack u-font-body\">\n\t\t\t\t\t\t<p>Du som vill ans\u00f6ka till Rytmus och bor i \u00d6rebro l\u00e4n g\u00f6r det via gymnasieantagningen \u00d6rebro. Om du bor utanf\u00f6r l\u00e4net ans\u00f6ker du via din hemkommuns gymnasieantagning.<\/p>\n<p>Efter din ans\u00f6kan till Rytmus blir du ocks\u00e5 inbjuden till ett f\u00e4rdighetsprov. <a href=\"https:\/\/rytmus.se\/orebro\/ansok\/\">L\u00e4s mer om f\u00e4rdighetsprov h\u00e4r.<\/a><\/p>\n\n\t\t\t\t\t<\/div>\n\t\t\t\t\t\t\t<\/div>\n\n\t\t\t\t<div class=\"ams-fifty__action u-inline-items\">\n\t\t\t\t\t\t\t\n\n\n<a href=\"https:\/\/extra.orebro.se\/gymnasieantagningen.4.6ad5e21514fe44c621c1adc.html\"\n\t\n\tclass=\"c-btn \"\n\tdata-style=\"square\"\n\tdata-size=\"md\"\n\tdata-width=\"full-mobile\"\n\tdata-variant=\"default\"\n\ttarget=\"_self\">\n\t\t\t<span class=\"label\"> Till gymnasieantagningen<\/span>\n\t\t\t<\/a>\n\t\t\t<\/div>\n\t\t<\/div>\n\n\t\t <div class=\"ams-fifty__media u-ratio-square\">\n\t\t \t\t\t\t\t<img decoding=\"async\" width=\"600\" height=\"600\" src=\"https:\/\/rytmus.se\/wp-content\/uploads\/sites\/6\/2024\/06\/rytmusmusiker052022-600x600.jpg\" class=\"attachment-md size-md\" alt=\"Tjej sjunger i mikrofon.\" sizes=\"(min-width: 64em) 600px, calc(100vw - 160px)\" srcset=\"https:\/\/rytmus.se\/wp-content\/uploads\/sites\/6\/2024\/06\/rytmusmusiker052022-600x600.jpg 600w, https:\/\/rytmus.se\/wp-content\/uploads\/sites\/6\/2024\/06\/rytmusmusiker052022-150x150.jpg 150w, https:\/\/rytmus.se\/wp-content\/uploads\/sites\/6\/2024\/06\/rytmusmusiker052022-300x300.jpg 300w, https:\/\/rytmus.se\/wp-content\/uploads\/sites\/6\/2024\/06\/rytmusmusiker052022-400x400.jpg 400w, https:\/\/rytmus.se\/wp-content\/uploads\/sites\/6\/2024\/06\/rytmusmusiker052022-800x800.jpg 800w, https:\/\/rytmus.se\/wp-content\/uploads\/sites\/6\/2024\/06\/rytmusmusiker052022-1024x1024.jpg 1024w, https:\/\/rytmus.se\/wp-content\/uploads\/sites\/6\/2024\/06\/rytmusmusiker052022.jpg 1080w\" \/>\n\t\t\t\n\t\t\t\n\t\t\t\t\t<\/div>\n\t<\/div>\n\n\t\t\n\n<\/section>\n\n\n\n\n<section  class=\"ams-timeline c-block l-stacked\" data-color-scheme=\"bakgrund-card-primar2-light-hover-standard_standard\">\n\t<div class=\"l-container l-stack l-stack-fluid-2xl u-pt-fluid-3xl-6xl u-pb-fluid-3xl-6xl is-center is-center@md\">\n\t\t\t\t\t<div class=\"ams-timeline__intro l-stack l-stack-lg\">\n\t\t\t\t\t\n\t<h2\n\tclass=\"c-heading u-font-title-1 \"\n\tstyle=\"\">\n\t\t\n\t\t\t\t\tV\u00e4gen till gymnasiet\n\t\t\t\t\n\t<\/h2>\n\n\t\t\t\t\t\t\t\t\t<div class=\"c-text l-stack u-cs-xl u-font-body\">\n\t\t\t\t\t\t<p>Ungef\u00e4r s\u00e5h\u00e4r g\u00e5r gymnasievalet till steg f\u00f6r steg. Via knappen nedan kan du se vilka datum som g\u00e4ller i \u00d6rebro.<\/p>\n\n\t\t\t\t\t<\/div>\n\t\t\t\t\t\t\t<\/div>\n\t\t\n\t\t\t\t\t\n<ol class=\"c-steps\" data-variant=\"horizontal\" data-size=\"md\">\n\t\t\t<li class=\"c-steps__item \"\n\t\t\t\n\t\t\t>\n\t\t\t\t\t\t\t<div class=\"c-steps__circle u-radius-round\">\n\t\t\t\t\t\t\t\t\t\t\t<img decoding=\"async\" src=\"https:\/\/rytmus.se\/wp-content\/uploads\/sites\/6\/2022\/07\/nr-1.svg\" class=\"\" alt=\"1.\" height=\"48\" width=\"22\" \/>\n\t\t\t\t\t\t\t\t\t<\/div>\n\t\t\t\n\t\t\t\t\t\t\t<div class=\"c-steps__content l-stack-xs\">\n\t\t\t\t\t\n\t\t\t\t\t\t\t\t\t\t\t<div class=\"c-steps__text l-stack-sm u-font-body\">\n\t\t\t\t\t\t\t<p>Ans\u00f6kan \u00f6ppnar och det \u00e4r dags f\u00f6r dig att v\u00e4lja gymnasium.<\/p>\n\n\t\t\t\t\t\t<\/div>\n\t\t\t\t\t\t\t\t\t<\/div>\n\t\t\t\t\t<\/li>\n\t\t\t<li class=\"c-steps__item \"\n\t\t\t\n\t\t\t>\n\t\t\t\t\t\t\t<div class=\"c-steps__circle u-radius-round\">\n\t\t\t\t\t\t\t\t\t\t\t<img decoding=\"async\" src=\"https:\/\/rytmus.se\/wp-content\/uploads\/sites\/6\/2022\/07\/nr-2.svg\" class=\"\" alt=\"2.\" height=\"50\" width=\"36\" \/>\n\t\t\t\t\t\t\t\t\t<\/div>\n\t\t\t\n\t\t\t\t\t\t\t<div class=\"c-steps__content l-stack-xs\">\n\t\t\t\t\t\n\t\t\t\t\t\t\t\t\t\t\t<div class=\"c-steps__text l-stack-sm u-font-body\">\n\t\t\t\t\t\t\t<p>Du som ans\u00f6kt till oss blir sedan kallad till ett f\u00e4rdighetstest.<\/p>\n\n\t\t\t\t\t\t<\/div>\n\t\t\t\t\t\t\t\t\t<\/div>\n\t\t\t\t\t<\/li>\n\t\t\t<li class=\"c-steps__item \"\n\t\t\t\n\t\t\t>\n\t\t\t\t\t\t\t<div class=\"c-steps__circle u-radius-round\">\n\t\t\t\t\t\t\t\t\t\t\t<img decoding=\"async\" src=\"https:\/\/rytmus.se\/wp-content\/uploads\/sites\/6\/2022\/07\/nr-3.svg\" class=\"\" alt=\"3.\" height=\"58\" width=\"35\" \/>\n\t\t\t\t\t\t\t\t\t<\/div>\n\t\t\t\n\t\t\t\t\t\t\t<div class=\"c-steps__content l-stack-xs\">\n\t\t\t\t\t\n\t\t\t\t\t\t\t\t\t\t\t<div class=\"c-steps__text l-stack-sm u-font-body\">\n\t\t\t\t\t\t\t<p>Du f\u00e5r ditt prelimin\u00e4ra antagningsbesked.<\/p>\n\n\t\t\t\t\t\t<\/div>\n\t\t\t\t\t\t\t\t\t<\/div>\n\t\t\t\t\t<\/li>\n\t\t\t<li class=\"c-steps__item \"\n\t\t\t\n\t\t\t>\n\t\t\t\t\t\t\t<div class=\"c-steps__circle u-radius-round\">\n\t\t\t\t\t\t\t\t\t\t\t<img decoding=\"async\" src=\"https:\/\/rytmus.se\/wp-content\/uploads\/sites\/6\/2022\/07\/nr-4.svg\" class=\"\" alt=\"4.\" height=\"50\" width=\"38\" \/>\n\t\t\t\t\t\t\t\t\t<\/div>\n\t\t\t\n\t\t\t\t\t\t\t<div class=\"c-steps__content l-stack-xs\">\n\t\t\t\t\t\n\t\t\t\t\t\t\t\t\t\t\t<div class=\"c-steps__text l-stack-sm u-font-body\">\n\t\t\t\t\t\t\t<p>Omvalsperioden b\u00f6rjar och du kan \u00e4ndra din ans\u00f6kan eller g\u00f6ra en helt ny.<\/p>\n\n\t\t\t\t\t\t<\/div>\n\t\t\t\t\t\t\t\t\t<\/div>\n\t\t\t\t\t<\/li>\n\t\t\t<li class=\"c-steps__item \"\n\t\t\t\n\t\t\t>\n\t\t\t\t\t\t\t<div class=\"c-steps__circle u-radius-round\">\n\t\t\t\t\t\t\t\t\t\t\t<img decoding=\"async\" src=\"https:\/\/rytmus.se\/wp-content\/uploads\/sites\/6\/2022\/07\/nr-5.svg\" class=\"\" alt=\"5.\" height=\"48\" width=\"34\" \/>\n\t\t\t\t\t\t\t\t\t<\/div>\n\t\t\t\n\t\t\t\t\t\t\t<div class=\"c-steps__content l-stack-xs\">\n\t\t\t\t\t\n\t\t\t\t\t\t\t\t\t\t\t<div class=\"c-steps__text l-stack-sm u-font-body\">\n\t\t\t\t\t\t\t<p>Till sommaren f\u00e5r du ditt slutliga antagningsbesked.<\/p>\n\n\t\t\t\t\t\t<\/div>\n\t\t\t\t\t\t\t\t\t<\/div>\n\t\t\t\t\t<\/li>\n\t\t\t<li class=\"c-steps__item \"\n\t\t\t\n\t\t\t>\n\t\t\t\t\t\t\t<div class=\"c-steps__circle u-radius-round\">\n\t\t\t\t\t\t\t\t\t\t\t<img decoding=\"async\" src=\"https:\/\/rytmus.se\/wp-content\/uploads\/sites\/6\/2022\/07\/nr-6.svg\" class=\"\" alt=\"6.\" height=\"60\" width=\"40\" \/>\n\t\t\t\t\t\t\t\t\t<\/div>\n\t\t\t\n\t\t\t\t\t\t\t<div class=\"c-steps__content l-stack-xs\">\n\t\t\t\t\t\n\t\t\t\t\t\t\t\t\t\t\t<div class=\"c-steps__text l-stack-sm u-font-body\">\n\t\t\t\t\t\t\t<p>Under sommaren inleds sedan reservantagningen.<\/p>\n\n\t\t\t\t\t\t<\/div>\n\t\t\t\t\t\t\t\t\t<\/div>\n\t\t\t\t\t<\/li>\n\t<\/ol>\n\t\n\t\t\t<div class=\"ams-timeline__action u-inline-items\">\n\t\t\t\t\t\t\t\n\n\n<a href=\"https:\/\/extra.orebro.se\/gymnasieantagningen.4.6ad5e21514fe44c621c1adc.html\"\n\t\n\tclass=\"c-btn \"\n\tdata-style=\"square\"\n\tdata-size=\"md\"\n\tdata-width=\"full-mobile\"\n\tdata-variant=\"default\"\n\ttarget=\"_blank\">\n\t\t\t<span class=\"label\"> Viktiga datum<\/span>\n\t\t\t<\/a>\n\t\t\t<\/div>\n\t<\/div>\n\n\t\t\n\n<\/section>\n\n\n\n\t<div class=\"module_wrapper ams_remote_pages_module \">\n\t\t\n\n<section  class=\"ams-cta ams-cta--stacked c-block l-stacked\" data-color-scheme=\"gra-ljus\">\n\t<div class=\"l-container l-stack l-stack-fluid-2xl u-pt-fluid-2xl-4xl u-pb-fluid-2xl-4xl is-center is-center@md\">\n\t\t\t\t\t<div class=\"ams-cta__intro l-stack l-stack-lg\">\n\t\t\t\t\t\n\t<h2\n\tclass=\"c-heading u-font-title-1 \"\n\tstyle=\"\">\n\t\t\n\t\t\t\t\tBes\u00f6k oss\n\t\t\t\t\n\t<\/h2>\n\n\t\t\t\t\t\t\t\t\t<div class=\"c-text l-stack u-cs-xl u-font-body\">\n\t\t\t\t\t\t<p>\u00c4r du nyfiken p\u00e5 Rytmus? Bes\u00f6k oss p\u00e5 \u00d6ppet hus eller p\u00e5 en Prova p\u00e5-dag s\u00e5 f\u00e5r du se v\u00e5ra lokaler, l\u00e4ra dig mer om v\u00e5r skola och k\u00e4nna p\u00e5 Rytmusandan.<\/p>\n\n\t\t\t\t\t<\/div>\n\t\t\t\t\t\t\t<\/div>\n\t\t\n\t\t\n\t\t\t<div class=\"ams-cta__action u-inline-items\">\n\t\t\t\t\t\t\t\n\n\n<a href=\"https:\/\/rytmus.se\/orebro\/oppet-hus\/\"\n\t\n\tclass=\"c-btn \"\n\tdata-style=\"square\"\n\tdata-size=\"md\"\n\tdata-width=\"full-mobile\"\n\tdata-variant=\"default\"\n\ttarget=\"_self\">\n\t\t\t<span class=\"label\"> Kom p\u00e5 \u00d6ppet hus<\/span>\n\t\t\t<\/a>\n\t\t\t\t\t\t\t\n\n\n<a href=\"https:\/\/rytmus.se\/orebro\/prova-pa-dag\/\"\n\t\n\tclass=\"c-btn \"\n\tdata-style=\"square\"\n\tdata-size=\"md\"\n\tdata-width=\"full-mobile\"\n\tdata-variant=\"outline\"\n\ttarget=\"_self\">\n\t\t\t<span class=\"label\"> Boka Prova p\u00e5-dag<\/span>\n\t\t\t<\/a>\n\t\t\t<\/div>\n\t<\/div>\n\n\t\t\n\n<\/section>\n\t<\/div>\n\n\t","protected":false},"excerpt":{"rendered":"","protected":false},"author":1,"featured_media":0,"parent":0,"menu_order":0,"comment_status":"closed","ping_status":"closed","template":"","meta":{"footnotes":""},"yoast_head":"<!-- This site is optimized with the Yoast SEO plugin v22.0 - https:\/\/yoast.com\/wordpress\/plugins\/seo\/ -->\n<title>Om gymnasievalet i \u00d6rebro | Rytmus musikgymnasium<\/title>\n<meta name=\"description\" content=\"Du som vill ans\u00f6ka till Rytmus musikgymnasium och bor i \u00d6rebro l\u00e4n g\u00f6r det via gymnasieantagningen \u00d6rebro.\" \/>\n<meta name=\"robots\" content=\"index, follow, max-snippet:-1, max-image-preview:large, max-video-preview:-1\" \/>\n<link rel=\"canonical\" href=\"https:\/\/rytmus.se\/orebro\/om-gymnasievalet\/\" \/>\n<meta property=\"og:locale\" content=\"sv_SE\" \/>\n<meta property=\"og:type\" content=\"article\" \/>\n<meta property=\"og:title\" content=\"Om gymnasievalet i \u00d6rebro | Rytmus musikgymnasium\" \/>\n<meta property=\"og:description\" content=\"Du som vill ans\u00f6ka till Rytmus musikgymnasium och bor i \u00d6rebro l\u00e4n g\u00f6r det via gymnasieantagningen \u00d6rebro.\" \/>\n<meta property=\"og:url\" content=\"https:\/\/rytmus.se\/orebro\/om-gymnasievalet\/\" \/>\n<meta property=\"og:site_name\" content=\"\u00d6rebro\" \/>\n<meta property=\"article:modified_time\" content=\"2024-12-02T15:16:05+00:00\" \/>\n<meta name=\"twitter:card\" content=\"summary_large_image\" \/>\n<meta name=\"twitter:title\" content=\"Om gymnasievalet i \u00d6rebro | Rytmus musikgymnasium\" \/>\n<meta name=\"twitter:description\" content=\"Du som vill ans\u00f6ka till Rytmus musikgymnasium och bor i \u00d6rebro l\u00e4n g\u00f6r det via gymnasieantagningen \u00d6rebro.\" \/>\n<meta name=\"twitter:label1\" content=\"Ber\u00e4knad l\u00e4stid\" \/>\n\t<meta name=\"twitter:data1\" content=\"3 minuter\" \/>\n<script type=\"application\/ld+json\" class=\"yoast-schema-graph\">{\"@context\":\"https:\/\/schema.org\",\"@graph\":[{\"@type\":\"WebPage\",\"@id\":\"https:\/\/rytmus.se\/orebro\/om-gymnasievalet\/\",\"url\":\"https:\/\/rytmus.se\/orebro\/om-gymnasievalet\/\",\"name\":\"Om gymnasievalet i \u00d6rebro | Rytmus musikgymnasium\",\"isPartOf\":{\"@id\":\"https:\/\/rytmus.se\/orebro\/#website\"},\"datePublished\":\"2022-07-25T21:09:14+00:00\",\"dateModified\":\"2024-12-02T15:16:05+00:00\",\"description\":\"Du som vill ans\u00f6ka till Rytmus musikgymnasium och bor i \u00d6rebro l\u00e4n g\u00f6r det via gymnasieantagningen \u00d6rebro.\",\"breadcrumb\":{\"@id\":\"https:\/\/rytmus.se\/orebro\/om-gymnasievalet\/#breadcrumb\"},\"inLanguage\":\"sv-SE\",\"potentialAction\":[{\"@type\":\"ReadAction\",\"target\":[\"https:\/\/rytmus.se\/orebro\/om-gymnasievalet\/\"]}]},{\"@type\":\"BreadcrumbList\",\"@id\":\"https:\/\/rytmus.se\/orebro\/om-gymnasievalet\/#breadcrumb\",\"itemListElement\":[{\"@type\":\"ListItem\",\"position\":1,\"name\":\"Start\",\"item\":\"https:\/\/rytmus.se\/orebro\/\"},{\"@type\":\"ListItem\",\"position\":2,\"name\":\"Om gymnasievalet\"}]},{\"@type\":\"WebSite\",\"@id\":\"https:\/\/rytmus.se\/orebro\/#website\",\"url\":\"https:\/\/rytmus.se\/orebro\/\",\"name\":\"\u00d6rebro\",\"description\":\"MAKE | MUSIC | LIVE\",\"potentialAction\":[{\"@type\":\"SearchAction\",\"target\":{\"@type\":\"EntryPoint\",\"urlTemplate\":\"https:\/\/rytmus.se\/orebro\/?s={search_term_string}\"},\"query-input\":\"required name=search_term_string\"}],\"inLanguage\":\"sv-SE\"}]}<\/script>\n<!-- \/ Yoast SEO plugin. -->","yoast_head_json":{"title":"Om gymnasievalet i \u00d6rebro | Rytmus musikgymnasium","description":"Du som vill ans\u00f6ka till Rytmus musikgymnasium och bor i \u00d6rebro l\u00e4n g\u00f6r det via gymnasieantagningen \u00d6rebro.","robots":{"index":"index","follow":"follow","max-snippet":"max-snippet:-1","max-image-preview":"max-image-preview:large","max-video-preview":"max-video-preview:-1"},"canonical":"https:\/\/rytmus.se\/orebro\/om-gymnasievalet\/","og_locale":"sv_SE","og_type":"article","og_title":"Om gymnasievalet i \u00d6rebro | Rytmus musikgymnasium","og_description":"Du som vill ans\u00f6ka till Rytmus musikgymnasium och bor i \u00d6rebro l\u00e4n g\u00f6r det via gymnasieantagningen \u00d6rebro.","og_url":"https:\/\/rytmus.se\/orebro\/om-gymnasievalet\/","og_site_name":"\u00d6rebro","article_modified_time":"2024-12-02T15:16:05+00:00","twitter_card":"summary_large_image","twitter_title":"Om gymnasievalet i \u00d6rebro | Rytmus musikgymnasium","twitter_description":"Du som vill ans\u00f6ka till Rytmus musikgymnasium och bor i \u00d6rebro l\u00e4n g\u00f6r det via gymnasieantagningen \u00d6rebro.","twitter_misc":{"Ber\u00e4knad l\u00e4stid":"3 minuter"},"schema":{"@context":"https:\/\/schema.org","@graph":[{"@type":"WebPage","@id":"https:\/\/rytmus.se\/orebro\/om-gymnasievalet\/","url":"https:\/\/rytmus.se\/orebro\/om-gymnasievalet\/","name":"Om gymnasievalet i \u00d6rebro | Rytmus musikgymnasium","isPartOf":{"@id":"https:\/\/rytmus.se\/orebro\/#website"},"datePublished":"2022-07-25T21:09:14+00:00","dateModified":"2024-12-02T15:16:05+00:00","description":"Du som vill ans\u00f6ka till Rytmus musikgymnasium och bor i \u00d6rebro l\u00e4n g\u00f6r det via gymnasieantagningen \u00d6rebro.","breadcrumb":{"@id":"https:\/\/rytmus.se\/orebro\/om-gymnasievalet\/#breadcrumb"},"inLanguage":"sv-SE","potentialAction":[{"@type":"ReadAction","target":["https:\/\/rytmus.se\/orebro\/om-gymnasievalet\/"]}]},{"@type":"BreadcrumbList","@id":"https:\/\/rytmus.se\/orebro\/om-gymnasievalet\/#breadcrumb","itemListElement":[{"@type":"ListItem","position":1,"name":"Start","item":"https:\/\/rytmus.se\/orebro\/"},{"@type":"ListItem","position":2,"name":"Om gymnasievalet"}]},{"@type":"WebSite","@id":"https:\/\/rytmus.se\/orebro\/#website","url":"https:\/\/rytmus.se\/orebro\/","name":"\u00d6rebro","description":"MAKE | MUSIC | LIVE","potentialAction":[{"@type":"SearchAction","target":{"@type":"EntryPoint","urlTemplate":"https:\/\/rytmus.se\/orebro\/?s={search_term_string}"},"query-input":"required name=search_term_string"}],"inLanguage":"sv-SE"}]}},"_links":{"self":[{"href":"https:\/\/rytmus.se\/orebro\/wp-json\/wp\/v2\/pages\/31"}],"collection":[{"href":"https:\/\/rytmus.se\/orebro\/wp-json\/wp\/v2\/pages"}],"about":[{"href":"https:\/\/rytmus.se\/orebro\/wp-json\/wp\/v2\/types\/page"}],"author":[{"embeddable":true,"href":"https:\/\/rytmus.se\/orebro\/wp-json\/wp\/v2\/users\/1"}],"replies":[{"embeddable":true,"href":"https:\/\/rytmus.se\/orebro\/wp-json\/wp\/v2\/comments?post=31"}],"version-history":[{"count":10,"href":"https:\/\/rytmus.se\/orebro\/wp-json\/wp\/v2\/pages\/31\/revisions"}],"predecessor-version":[{"id":1939,"href":"https:\/\/rytmus.se\/orebro\/wp-json\/wp\/v2\/pages\/31\/revisions\/1939"}],"wp:attachment":[{"href":"https:\/\/rytmus.se\/orebro\/wp-json\/wp\/v2\/media?parent=31"}],"curies":[{"name":"wp","href":"https:\/\/api.w.org\/{rel}","templated":true}]}}