{"id":27,"date":"2022-07-25T23:08:14","date_gmt":"2022-07-25T21:08:14","guid":{"rendered":"https:\/\/rytmus.se\/orebro\/?page_id=27"},"modified":"2024-06-11T08:15:19","modified_gmt":"2024-06-11T06:15:19","slug":"elevhalsa","status":"publish","type":"page","link":"https:\/\/rytmus.se\/orebro\/om-rytmus-orebro\/elevhalsa\/","title":{"rendered":"Elevh\u00e4lsa"},"content":{"rendered":"\n\n<section  class=\"ams-cta ams-cta--stacked c-block l-stacked\" data-color-scheme=\"white\">\n\t<div class=\"l-container l-stack l-stack-fluid-2xl u-pt-fluid-2xl-4xl u-pb-fluid-2xl-4xl is-center is-center@md\">\n\t\t\t\t\t<div class=\"ams-cta__intro l-stack l-stack-lg\">\n\t\t\t\t\t\n\t<h1\n\tclass=\"c-heading u-font-title-1 \"\n\tstyle=\"\">\n\t\t\n\t\t\t\t\tElevh\u00e4lsa\n\t\t\t\t\n\t<\/h1>\n\n\t\t\t\t\t\t\t\t\t<div class=\"c-text l-stack u-cs-xl u-font-body\">\n\t\t\t\t\t\t<p><span style=\"font-weight: 400;\">Elevh\u00e4lsan finns p\u00e5 skolan f\u00f6r att medverka till en s\u00e5 bra skolmilj\u00f6 som m\u00f6jligt och jobbar alltid med elevens b\u00e4sta i fokus!<\/span><\/p>\n\n\t\t\t\t\t<\/div>\n\t\t\t\t\t\t\t<\/div>\n\t\t\n\t\t\n\t\t\t<\/div>\n\n\t\t\n\n<\/section>\n\n\n\n\t\n\t\n\t\n\n\t\n\t\n\t\t\n<section  class=\"c-block l-stacked  \" data-color-scheme=\"gra-ljus\">\n\t<div class=\"ams-fifty ams-fifty--container ams-fifty--left ams-fifty--top l-container u-pt-fluid-3xl-6xl u-pb-fluid-3xl-6xl\">\n\t\t<div class=\"ams-fifty__content l-stack l-stack-xl is-left is-left@lg\">\n\t\t\t<div class=\"ams-fifty__text l-stack l-stack-lg\">\n\t\t\t\t\t\n\t<h2\n\tclass=\"c-heading u-font-title-1 \"\n\tstyle=\"\">\n\t\t\n\t\t\t\t\tV\u00e5r elevh\u00e4lsa\n\t\t\t\t\n\t<\/h2>\n\n\t\t\t\t\t\t\t\t\t<div class=\"text l-stack u-font-body\">\n\t\t\t\t\t\t<p>Elevh\u00e4lsan best\u00e5r av speciall\u00e4rare, specialpedagog, skolsk\u00f6terska och kurator. De finns framf\u00f6rallt till f\u00f6r att jobba med fr\u00e5gor och aktiviteter som \u00e4r f\u00f6rebyggande, allts\u00e5 att skolan \u00e4r en plats d\u00e4r elever kan m\u00e5 bra. Det handlar om exempelvis olika skol- eller klassaktiviteter eller h\u00e4lsosamtal med skolsk\u00f6terskan. Men det handlar ocks\u00e5 om att st\u00f6tta elever som p\u00e5 olika s\u00e4tt st\u00f6ter p\u00e5 motg\u00e5ngar i sin skolg\u00e5ng. Vi jobbar alltid med elevens b\u00e4sta i fokus!<\/p>\n\n\t\t\t\t\t<\/div>\n\t\t\t\t\t\t\t<\/div>\n\n\t\t\t\t\t<\/div>\n\n\t\t <div class=\"ams-fifty__media u-ratio-square\">\n\t\t \t\t\t\t\t<img decoding=\"async\" width=\"600\" height=\"600\" src=\"https:\/\/rytmus.se\/wp-content\/uploads\/sites\/6\/2024\/06\/rytmusmusikstudio052022-600x600.jpg\" class=\"attachment-md size-md\" alt=\"Tjej ler mot kameran med trumpinnar i handen.\" sizes=\"(min-width: 64em) 600px, calc(100vw - 160px)\" srcset=\"https:\/\/rytmus.se\/wp-content\/uploads\/sites\/6\/2024\/06\/rytmusmusikstudio052022-600x600.jpg 600w, https:\/\/rytmus.se\/wp-content\/uploads\/sites\/6\/2024\/06\/rytmusmusikstudio052022-150x150.jpg 150w, https:\/\/rytmus.se\/wp-content\/uploads\/sites\/6\/2024\/06\/rytmusmusikstudio052022-300x300.jpg 300w, https:\/\/rytmus.se\/wp-content\/uploads\/sites\/6\/2024\/06\/rytmusmusikstudio052022-400x400.jpg 400w, https:\/\/rytmus.se\/wp-content\/uploads\/sites\/6\/2024\/06\/rytmusmusikstudio052022-800x800.jpg 800w, https:\/\/rytmus.se\/wp-content\/uploads\/sites\/6\/2024\/06\/rytmusmusikstudio052022-1024x1024.jpg 1024w, https:\/\/rytmus.se\/wp-content\/uploads\/sites\/6\/2024\/06\/rytmusmusikstudio052022.jpg 1080w\" \/>\n\t\t\t\n\t\t\t\n\t\t\t\t\t<\/div>\n\t<\/div>\n\n\t\t\n\n<\/section>\n\n\n\n\n<section  class=\"ams-cta ams-cta--stacked c-block l-stacked\" data-color-scheme=\"white\">\n\t<div class=\"l-container l-stack l-stack-fluid-2xl u-pt-fluid-2xl-4xl u-pb-fluid-2xl-4xl is-center is-center@md\">\n\t\t\t\t\t<div class=\"ams-cta__intro l-stack l-stack-lg\">\n\t\t\t\t\t\n\t<h2\n\tclass=\"c-heading u-font-title-1 \"\n\tstyle=\"\">\n\t\t\n\t\t\t\t\tKontakta v\u00e5rt elevh\u00e4lsoteam\n\t\t\t\t\n\t<\/h2>\n\n\t\t\t\t\t\t\t\t\t<div class=\"c-text l-stack u-cs-xl u-font-body\">\n\t\t\t\t\t\t<p>Har du inte f\u00e5tt svar p\u00e5 alla dina fr\u00e5gor? D\u00e5 \u00e4r du v\u00e4lkommen att kontakta v\u00e5rt elevh\u00e4lsoteam. Kontaktuppgifterna hittar du via knappen nedan.<\/p>\n\n\t\t\t\t\t<\/div>\n\t\t\t\t\t\t\t<\/div>\n\t\t\n\t\t\n\t\t\t<div class=\"ams-cta__action u-inline-items\">\n\t\t\t\t\t\t\t\n\n\n<a href=\"https:\/\/rytmus.se\/orebro\/kontakt\/\"\n\t\n\tclass=\"c-btn \"\n\tdata-style=\"square\"\n\tdata-size=\"md\"\n\tdata-width=\"full-mobile\"\n\tdata-variant=\"default\"\n\ttarget=\"_self\">\n\t\t\t<span class=\"label\"> Kontakta oss<\/span>\n\t\t\t<\/a>\n\t\t\t<\/div>\n\t<\/div>\n\n\t\t\n\n<\/section>\n","protected":false},"excerpt":{"rendered":"","protected":false},"author":1,"featured_media":0,"parent":19,"menu_order":0,"comment_status":"closed","ping_status":"closed","template":"","meta":{"footnotes":""},"yoast_head":"<!-- This site is optimized with the Yoast SEO plugin v22.0 - https:\/\/yoast.com\/wordpress\/plugins\/seo\/ -->\n<title>Elevh\u00e4lsa p\u00e5 Rytmus musikgymnasium \u00d6rebro<\/title>\n<meta name=\"description\" content=\"Elevh\u00e4lsan finns p\u00e5 skolan f\u00f6r att medverka till en s\u00e5 bra skolmilj\u00f6 som m\u00f6jligt och jobbar alltid med elevens b\u00e4sta i fokus!\" \/>\n<meta name=\"robots\" content=\"index, follow, max-snippet:-1, max-image-preview:large, max-video-preview:-1\" \/>\n<link rel=\"canonical\" href=\"https:\/\/rytmus.se\/orebro\/om-rytmus-orebro\/elevhalsa\/\" \/>\n<meta property=\"og:locale\" content=\"sv_SE\" \/>\n<meta property=\"og:type\" content=\"article\" \/>\n<meta property=\"og:title\" content=\"Elevh\u00e4lsa p\u00e5 Rytmus musikgymnasium \u00d6rebro\" \/>\n<meta property=\"og:description\" content=\"Elevh\u00e4lsan finns p\u00e5 skolan f\u00f6r att medverka till en s\u00e5 bra skolmilj\u00f6 som m\u00f6jligt och jobbar alltid med elevens b\u00e4sta i fokus!\" \/>\n<meta property=\"og:url\" content=\"https:\/\/rytmus.se\/orebro\/om-rytmus-orebro\/elevhalsa\/\" \/>\n<meta property=\"og:site_name\" content=\"\u00d6rebro\" \/>\n<meta property=\"article:modified_time\" content=\"2024-06-11T06:15:19+00:00\" \/>\n<meta name=\"twitter:card\" content=\"summary_large_image\" \/>\n<meta name=\"twitter:title\" content=\"Elevh\u00e4lsa p\u00e5 Rytmus musikgymnasium \u00d6rebro\" \/>\n<meta name=\"twitter:description\" content=\"Elevh\u00e4lsan finns p\u00e5 skolan f\u00f6r att medverka till en s\u00e5 bra skolmilj\u00f6 som m\u00f6jligt och jobbar alltid med elevens b\u00e4sta i fokus!\" \/>\n<meta name=\"twitter:label1\" content=\"Ber\u00e4knad l\u00e4stid\" \/>\n\t<meta name=\"twitter:data1\" content=\"1 minut\" \/>\n<script type=\"application\/ld+json\" class=\"yoast-schema-graph\">{\"@context\":\"https:\/\/schema.org\",\"@graph\":[{\"@type\":\"WebPage\",\"@id\":\"https:\/\/rytmus.se\/orebro\/om-rytmus-orebro\/elevhalsa\/\",\"url\":\"https:\/\/rytmus.se\/orebro\/om-rytmus-orebro\/elevhalsa\/\",\"name\":\"Elevh\u00e4lsa p\u00e5 Rytmus musikgymnasium \u00d6rebro\",\"isPartOf\":{\"@id\":\"https:\/\/rytmus.se\/orebro\/#website\"},\"datePublished\":\"2022-07-25T21:08:14+00:00\",\"dateModified\":\"2024-06-11T06:15:19+00:00\",\"description\":\"Elevh\u00e4lsan finns p\u00e5 skolan f\u00f6r att medverka till en s\u00e5 bra skolmilj\u00f6 som m\u00f6jligt och jobbar alltid med elevens b\u00e4sta i fokus!\",\"breadcrumb\":{\"@id\":\"https:\/\/rytmus.se\/orebro\/om-rytmus-orebro\/elevhalsa\/#breadcrumb\"},\"inLanguage\":\"sv-SE\",\"potentialAction\":[{\"@type\":\"ReadAction\",\"target\":[\"https:\/\/rytmus.se\/orebro\/om-rytmus-orebro\/elevhalsa\/\"]}]},{\"@type\":\"BreadcrumbList\",\"@id\":\"https:\/\/rytmus.se\/orebro\/om-rytmus-orebro\/elevhalsa\/#breadcrumb\",\"itemListElement\":[{\"@type\":\"ListItem\",\"position\":1,\"name\":\"Start\",\"item\":\"https:\/\/rytmus.se\/orebro\/\"},{\"@type\":\"ListItem\",\"position\":2,\"name\":\"Om Rytmus \u00d6rebro\",\"item\":\"https:\/\/rytmus.se\/orebro\/om-rytmus-orebro\/\"},{\"@type\":\"ListItem\",\"position\":3,\"name\":\"Elevh\u00e4lsa\"}]},{\"@type\":\"WebSite\",\"@id\":\"https:\/\/rytmus.se\/orebro\/#website\",\"url\":\"https:\/\/rytmus.se\/orebro\/\",\"name\":\"\u00d6rebro\",\"description\":\"MAKE | MUSIC | LIVE\",\"potentialAction\":[{\"@type\":\"SearchAction\",\"target\":{\"@type\":\"EntryPoint\",\"urlTemplate\":\"https:\/\/rytmus.se\/orebro\/?s={search_term_string}\"},\"query-input\":\"required name=search_term_string\"}],\"inLanguage\":\"sv-SE\"}]}<\/script>\n<!-- \/ Yoast SEO plugin. -->","yoast_head_json":{"title":"Elevh\u00e4lsa p\u00e5 Rytmus musikgymnasium \u00d6rebro","description":"Elevh\u00e4lsan finns p\u00e5 skolan f\u00f6r att medverka till en s\u00e5 bra skolmilj\u00f6 som m\u00f6jligt och jobbar alltid med elevens b\u00e4sta i fokus!","robots":{"index":"index","follow":"follow","max-snippet":"max-snippet:-1","max-image-preview":"max-image-preview:large","max-video-preview":"max-video-preview:-1"},"canonical":"https:\/\/rytmus.se\/orebro\/om-rytmus-orebro\/elevhalsa\/","og_locale":"sv_SE","og_type":"article","og_title":"Elevh\u00e4lsa p\u00e5 Rytmus musikgymnasium \u00d6rebro","og_description":"Elevh\u00e4lsan finns p\u00e5 skolan f\u00f6r att medverka till en s\u00e5 bra skolmilj\u00f6 som m\u00f6jligt och jobbar alltid med elevens b\u00e4sta i fokus!","og_url":"https:\/\/rytmus.se\/orebro\/om-rytmus-orebro\/elevhalsa\/","og_site_name":"\u00d6rebro","article_modified_time":"2024-06-11T06:15:19+00:00","twitter_card":"summary_large_image","twitter_title":"Elevh\u00e4lsa p\u00e5 Rytmus musikgymnasium \u00d6rebro","twitter_description":"Elevh\u00e4lsan finns p\u00e5 skolan f\u00f6r att medverka till en s\u00e5 bra skolmilj\u00f6 som m\u00f6jligt och jobbar alltid med elevens b\u00e4sta i fokus!","twitter_misc":{"Ber\u00e4knad l\u00e4stid":"1 minut"},"schema":{"@context":"https:\/\/schema.org","@graph":[{"@type":"WebPage","@id":"https:\/\/rytmus.se\/orebro\/om-rytmus-orebro\/elevhalsa\/","url":"https:\/\/rytmus.se\/orebro\/om-rytmus-orebro\/elevhalsa\/","name":"Elevh\u00e4lsa p\u00e5 Rytmus musikgymnasium \u00d6rebro","isPartOf":{"@id":"https:\/\/rytmus.se\/orebro\/#website"},"datePublished":"2022-07-25T21:08:14+00:00","dateModified":"2024-06-11T06:15:19+00:00","description":"Elevh\u00e4lsan finns p\u00e5 skolan f\u00f6r att medverka till en s\u00e5 bra skolmilj\u00f6 som m\u00f6jligt och jobbar alltid med elevens b\u00e4sta i fokus!","breadcrumb":{"@id":"https:\/\/rytmus.se\/orebro\/om-rytmus-orebro\/elevhalsa\/#breadcrumb"},"inLanguage":"sv-SE","potentialAction":[{"@type":"ReadAction","target":["https:\/\/rytmus.se\/orebro\/om-rytmus-orebro\/elevhalsa\/"]}]},{"@type":"BreadcrumbList","@id":"https:\/\/rytmus.se\/orebro\/om-rytmus-orebro\/elevhalsa\/#breadcrumb","itemListElement":[{"@type":"ListItem","position":1,"name":"Start","item":"https:\/\/rytmus.se\/orebro\/"},{"@type":"ListItem","position":2,"name":"Om Rytmus \u00d6rebro","item":"https:\/\/rytmus.se\/orebro\/om-rytmus-orebro\/"},{"@type":"ListItem","position":3,"name":"Elevh\u00e4lsa"}]},{"@type":"WebSite","@id":"https:\/\/rytmus.se\/orebro\/#website","url":"https:\/\/rytmus.se\/orebro\/","name":"\u00d6rebro","description":"MAKE | MUSIC | LIVE","potentialAction":[{"@type":"SearchAction","target":{"@type":"EntryPoint","urlTemplate":"https:\/\/rytmus.se\/orebro\/?s={search_term_string}"},"query-input":"required name=search_term_string"}],"inLanguage":"sv-SE"}]}},"_links":{"self":[{"href":"https:\/\/rytmus.se\/orebro\/wp-json\/wp\/v2\/pages\/27"}],"collection":[{"href":"https:\/\/rytmus.se\/orebro\/wp-json\/wp\/v2\/pages"}],"about":[{"href":"https:\/\/rytmus.se\/orebro\/wp-json\/wp\/v2\/types\/page"}],"author":[{"embeddable":true,"href":"https:\/\/rytmus.se\/orebro\/wp-json\/wp\/v2\/users\/1"}],"replies":[{"embeddable":true,"href":"https:\/\/rytmus.se\/orebro\/wp-json\/wp\/v2\/comments?post=27"}],"version-history":[{"count":10,"href":"https:\/\/rytmus.se\/orebro\/wp-json\/wp\/v2\/pages\/27\/revisions"}],"predecessor-version":[{"id":1824,"href":"https:\/\/rytmus.se\/orebro\/wp-json\/wp\/v2\/pages\/27\/revisions\/1824"}],"up":[{"embeddable":true,"href":"https:\/\/rytmus.se\/orebro\/wp-json\/wp\/v2\/pages\/19"}],"wp:attachment":[{"href":"https:\/\/rytmus.se\/orebro\/wp-json\/wp\/v2\/media?parent=27"}],"curies":[{"name":"wp","href":"https:\/\/api.w.org\/{rel}","templated":true}]}}