{"id":2153,"date":"2026-02-25T10:33:33","date_gmt":"2026-02-25T09:33:33","guid":{"rendered":"https:\/\/rytmus.se\/orebro\/?page_id=2153"},"modified":"2026-02-26T09:57:17","modified_gmt":"2026-02-26T08:57:17","slug":"ansok-estetisk-spetsutbildning","status":"publish","type":"page","link":"https:\/\/rytmus.se\/orebro\/ansok\/ansok-estetisk-spetsutbildning\/","title":{"rendered":"Ans\u00f6k Estetisk spetsutbildning"},"content":{"rendered":"\n\t\n\t\n\t\n\n\t\n\t\n\t\t\n<section  class=\"c-block l-stacked  \" data-color-scheme=\"gra-ljus\">\n\t<div class=\"ams-fifty ams-fifty--container ams-fifty--left ams-fifty--top l-container u-pt-fluid-3xl-6xl u-pb-fluid-3xl-6xl\">\n\t\t<div class=\"ams-fifty__content l-stack l-stack-xl is-left is-left@lg\">\n\t\t\t<div class=\"ams-fifty__text l-stack l-stack-lg\">\n\t\t\t\t\t\n\t<h1\n\tclass=\"c-heading u-font-title-1 \"\n\tstyle=\"\">\n\t\t\n\t\t\t\t\tF\u00e4rdighetsprov &#8211; Estetisk spetsutbildning\n\t\t\t\t\n\t<\/h1>\n\n\t\t\t\t\t\t\t\t\t<div class=\"text l-stack u-font-body\">\n\t\t\t\t\t\t<p>H\u00e4r hittar du information om hur f\u00e4rdighetstestet f\u00f6r den gren du har s\u00f6kt g\u00e5r till, samt vilka f\u00f6rberedelser du beh\u00f6ver ha gjort inf\u00f6r testet. Se till att vara v\u00e4l f\u00f6rberedd.<\/p>\n\n\t\t\t\t\t<\/div>\n\t\t\t\t\t\t\t<\/div>\n\n\t\t\t\t\t<\/div>\n\n\t\t <div class=\"ams-fifty__media u-ratio-square\">\n\t\t \t\t\t\t\t<img decoding=\"async\" width=\"600\" height=\"600\" src=\"https:\/\/rytmus.se\/wp-content\/uploads\/sites\/6\/2024\/06\/rytmuslatskrivare-artist052022-600x600.jpg\" class=\"attachment-md size-md\" alt=\"Tjej sjunger och spelar gitarr.\" sizes=\"(min-width: 64em) 600px, calc(100vw - 160px)\" srcset=\"https:\/\/rytmus.se\/wp-content\/uploads\/sites\/6\/2024\/06\/rytmuslatskrivare-artist052022-600x600.jpg 600w, https:\/\/rytmus.se\/wp-content\/uploads\/sites\/6\/2024\/06\/rytmuslatskrivare-artist052022-150x150.jpg 150w, https:\/\/rytmus.se\/wp-content\/uploads\/sites\/6\/2024\/06\/rytmuslatskrivare-artist052022-300x300.jpg 300w, https:\/\/rytmus.se\/wp-content\/uploads\/sites\/6\/2024\/06\/rytmuslatskrivare-artist052022-400x400.jpg 400w, https:\/\/rytmus.se\/wp-content\/uploads\/sites\/6\/2024\/06\/rytmuslatskrivare-artist052022-800x800.jpg 800w, https:\/\/rytmus.se\/wp-content\/uploads\/sites\/6\/2024\/06\/rytmuslatskrivare-artist052022-1024x1024.jpg 1024w, https:\/\/rytmus.se\/wp-content\/uploads\/sites\/6\/2024\/06\/rytmuslatskrivare-artist052022.jpg 1080w\" \/>\n\t\t\t\n\t\t\t\n\t\t\t\t\t<\/div>\n\t<\/div>\n\n\t\t\n\n<\/section>\n\n\n\n<div style=\"height:49px\" aria-hidden=\"true\" class=\"wp-block-spacer\"><\/div>\n\n\n\n<h2 class=\"wp-block-heading\"><strong>Grenspecifik information<\/strong>:<\/h2>\n\n\n\n<h3 class=\"wp-block-heading\"><strong>L\u00e5tskrivare\/Artist<\/strong><\/h3>\n\n\n\n<p>Ut\u00f6ver det som ing\u00e5r i testet till den ordinarie inriktningen kommer du ocks\u00e5 f\u00e5 visa upp en uppgift som du f\u00e5tt f\u00f6rbereda veckorna innan f\u00e4rdighetstestet. Du kommer att f\u00e5 tre texter att v\u00e4lja mellan som du ska s\u00e4tta melodi och ackord till. De obligatoriska texterna som du kan v\u00e4lja mellan finns <a href=\"https:\/\/drive.google.com\/drive\/folders\/1TpW5SdxaOi44dKQRMxnCmuQnvz6Qf0-z?usp=sharing\">p\u00e5 denna l\u00e4nk<\/a>. Du f\u00e5r lov att \u201dklippa och klistra\u201d lite i texten du v\u00e4ljer. T.ex kan en del komma igen, n\u00e5gon del byta plats med en annan, en fras i texten kanske blir till en hook. Sj\u00e4lvklart kan du ocks\u00e5 ha texten precis som den \u00e4r. L\u00e5t din kreativitet best\u00e4mma vad som k\u00e4nns bra. Den f\u00e4rdiga l\u00e5ten ska p\u00e5 provtillf\u00e4llet redovisas genom att du sjunger och kompar dig sj\u00e4lv, \u00e4ven om du inte \u00f6nskar att ha s\u00e5ng som ditt huvudinstrument, detta d\u00e5 vi arbetar med s\u00e5ngen som ett verktyg i l\u00e5tskrivandet.<\/p>\n\n\n\n<p>Den egenskrivna l\u00e5ten du framf\u00f6r vill vi ska vara en f\u00e4rdig l\u00e5t, inte bara delar av en l\u00e5t.<\/p>\n\n\n\n<h3 class=\"wp-block-heading\"><strong>Musiker\/Artist<\/strong><\/h3>\n\n\n\n<p>F\u00f6r dig som s\u00f6ker spetsutbildningen g\u00e4ller andra obligatoriska l\u00e5tar f\u00f6r vissa av instrumenten. Dessa finns angivna <a href=\"https:\/\/rytmus.se\/orebro\/ansok\/musiker-artist\/\">p\u00e5 denna sida<\/a>. Ut\u00f6ver det som ing\u00e5r i testet till den ordinarie inriktningen kommer du ocks\u00e5 f\u00e5 musicera tillsammans med l\u00e4rarna i rummet. Vi f\u00f6rv\u00e4ntar oss genrellt en h\u00f6gre niv\u00e5 p\u00e5 ditt musicerande f\u00f6r att bli beh\u00f6rig till spetsutbildningen.<\/p>\n\n\n\n<h3 class=\"wp-block-heading\"><strong>Musikproducent<\/strong><\/h3>\n\n\n\n<p>Ut\u00f6ver det som ing\u00e5r i testet till den ordinarie inriktningen ska du ocks\u00e5 g\u00f6ra en produktion p\u00e5 en topline. Du f\u00e5r en inspelning av en topline (s\u00e5ngmelodi) som du ska skapa en produktion till. <strong>Information och s\u00e5ngsp\u00e5r (topline) hittar du <a href=\"https:\/\/drive.google.com\/drive\/folders\/1eA-2Uec5qmSV29aRCR0bGSzd7yvLcIP2?usp=sharing\">p\u00e5 denna l\u00e4nk<\/a>. <\/strong>Det kan t ex handla om att l\u00e4gga till piano eller trummor och bas, ett beat och samplingar, eller n\u00e5got helt annat som du f\u00e5r en id\u00e9 kring. Du \u00e4r fri att g\u00f6ra vad du vill h\u00e4r, vi vill h\u00f6ra vad just du tycker passar till det h\u00e4r s\u00e5ngsp\u00e5ret.<\/p>\n\n\n\n<div style=\"height:49px\" aria-hidden=\"true\" class=\"wp-block-spacer\"><\/div>\n\n\n\n\t<div class=\"module_wrapper ams_remote_pages_module \">\n\t\t\n<section \n\t\t class=\"\n\t\t ams-contact\n\t\t \n\t\t c-block l-stacked\n\t\t \n\t\t \n\t\t js-load-more\n\t\t \"\n\t\t data-color-scheme=\"bakgrund-hover-lankad-text\"\n\t\t\t\t\tdata-count=\"3\"\n\t\t\t\t\t\t\tdata-count-mobile=\"2\"\n\t\t\t\t>\n\t<div\n\t\t class=\"\n\t\t l-container\n\t\t l-stack l-stack-fluid-2xl\n\t\t u-pt-fluid-2xl-4xl\n\t\t u-pb-fluid-2xl-4xl\n\t\t is-center\n\t\t is-center@md\n\t\t \">\n\t\t\t\t\t<div class=\"ams-contact__intro l-stack l-stack-lg\">\n\t\t\t\t\t\n\t<h2\n\tclass=\"c-heading u-font-title-1 \"\n\tstyle=\"\">\n\t\t\n\t\t\t\t\tHar du fr\u00e5gor?\n\t\t\t\t\n\t<\/h2>\n\n\t\t\t\t\t\t\t\t\t<div class=\"c-text l-stack u-cs-xl u-font-body\">\n\t\t\t\t\t\t<p>Om du har fr\u00e5gor eller funderingar \u00e4r du varmt v\u00e4lkommen att kontakta oss.<\/p>\n\n\t\t\t\t\t<\/div>\n\t\t\t\t\t\t\t<\/div>\n\t\t\n\t\t\n\t\t    \t\n\t\t\n\t\t<ul\n\t\t\tid=\"contact-grid-69e1c46ac7549\"\n\t\t\tclass=\"ams-contact__list l-grid u-gap-fluid-2xl-4xl u-justify-center js-results \"\n\t\t\taria-label=\"Kontakter\"\n\t\t\tdata-filter-animation=\"off\"\n\t\t\t>\n\t\t\t\t\t\t\t\t\t\t\t\n\t\t\t\t\n\t\t\t\t<li class=\"l-col-6@md l-col-4@lg \" data-filter=\"ledning\">\n\t\t\t\t\t<article class=\"c-card \" data-variant=\"neutral\">\n\t\t\t\t\t\t<div class=\"c-card__content u-text-center\">\n\t\t\t\t\t\t\t\t\t\t\t\t\t\t\t<h3 class=\"c-card__title u-font-title-3\">\n\t\t\t\t\t\t\t\t\tDaniel Hambre\n\t\t\t\t\t\t\t\t<\/h3>\n\t\t\t\t\t\t\t\n\t\t\t\t\t\t\t\t\t\t\t\t\t\t\t<p class=\"position u-font-body\">Rektor<\/p>\n\t\t\t\t\t\t\t\n\t\t\t\t\t\t\t\t\t\t\t\t\t\t\t<div class=\"contact-info u-font-body\">\n\t\t\t\t\t\t\t\t\t\t\t\t\t\t\t\t\t\t\t\t\t\t\t\t\t\t\t\t\t\t<p class=\"phone\"><a\n\t\t\t\t\t\t\t\t\t\t\t\t\thref=\"tel:019181751\"\n\t\t\t\t\t\t\t\t\t\t\t\t\tclass=\"u-text-link\">019-18 17 51<\/a>\n\t\t\t\t\t\t\t\t\t\t\t<\/p>\n\t\t\t\t\t\t\t\t\t\t\t\t\t\t\t\t\t\t\t\t\t<p class=\"phone\"><a\n\t\t\t\t\t\t\t\t\t\t\t\t\thref=\"tel:0761105834\"\n\t\t\t\t\t\t\t\t\t\t\t\t\tclass=\"u-text-link\">076-110 58 34<\/a>\n\t\t\t\t\t\t\t\t\t\t\t<\/p>\n\t\t\t\t\t\t\t\t\t\t\t\t\t\t\t\t\t\t\t\n\t\t\t\t\t\t\t\t\t\t\t\t\t\t\t\t\t\t\t\t\t\t\t\t\t\t\t\t\t\t<p class=\"email\"><a\n\t\t\t\t\t\t\t\t\t\t\t\t\thref=\"mai&#108;to&#058;d&#097;ni&#101;&#108;.&#104;a&#109;b&#114;e&#064;&#114;y&#116;&#109;u&#115;.&#115;&#101;\"\n\t\t\t\t\t\t\t\t\t\t\t\t\tclass=\"u-text-link\">d&#097;&#110;iel.h&#097;mb&#114;&#101;&#064;&#114;y&#116;m&#117;s.&#115;e<\/a>\n\t\t\t\t\t\t\t\t\t\t\t<\/p>\n\t\t\t\t\t\t\t\t\t\t\t\t\t\t\t\t\t\t\t\t\t\t\t\t\t\t\t<\/div>\n\t\t\t\t\t\t\t\n\t\t\t\t\t\t\t\t\t\t\t\t\t<\/div>\n\t\t\t\t\t\t<div class=\"c-card__media\">\n\t\t\t\t\t\t\t\t\t\t\t\t\t\t\t\t\t\t\t\t\t\t\t\t\t\t\t\t\t\t\t\t\t\t\t\t\t\t\t\t\t\t\t\t\t\t\t\t\t<img decoding=\"async\" width=\"400\" height=\"400\" src=\"https:\/\/rytmus.se\/wp-content\/uploads\/2024\/04\/rytmus-logo-400x400.jpg\" class=\"u-radius-square u-ratio-landscape  \" alt=\"Rytmus.\" sizes=\"(max-width: 300px) 100vw, 300px\" srcset=\"https:\/\/rytmus.se\/wp-content\/uploads\/2024\/04\/rytmus-logo-400x400.jpg 400w, https:\/\/rytmus.se\/wp-content\/uploads\/2024\/04\/rytmus-logo-150x150.jpg 150w, https:\/\/rytmus.se\/wp-content\/uploads\/2024\/04\/rytmus-logo-300x300.jpg 300w, https:\/\/rytmus.se\/wp-content\/uploads\/2024\/04\/rytmus-logo-600x600.jpg 600w, https:\/\/rytmus.se\/wp-content\/uploads\/2024\/04\/rytmus-logo.jpg 718w\" \/>\n\t\t\t\t\t\t<\/div>\n\t\t\t\t\t<\/article>\n\t\t\t\t<\/li>\n\t\t\t\t\t<\/ul>\n\n\t\t\n\t\t    <div class=\"ams-contact__more u-inline-items js-load-more-btn\">\n        <button href=\"#\"\n                class=\"c-btn\"\n                data-style=\"square\"\n                data-size=\"md\"\n                data-width=\"full-mobile\"\n                data-variant=\"outline\">\n        \tVisa mer\n        <\/button>\n    <\/div>\n\n\t\t\t<\/div>\n\n\t\t\n\n\t<div class=\"c-overlay\" style=\"--overlay-bg: #F6F6F6;\"><\/div>\n<\/section>\n\t<\/div>\n\n\t\n\n\n\t<div class=\"module_wrapper ams_remote_pages_module \">\n\t\t\n\n<section  class=\"ams-cta ams-cta--stacked c-block l-stacked\" data-color-scheme=\"white\">\n\t<div class=\"l-container l-stack l-stack-fluid-2xl u-pt-fluid-2xl-4xl u-pb-fluid-2xl-4xl is-center is-center@md\">\n\t\t\t\t\t<div class=\"ams-cta__intro l-stack l-stack-lg\">\n\t\t\t\t\t\n\t<h2\n\tclass=\"c-heading u-font-title-1 \"\n\tstyle=\"\">\n\t\t\n\t\t\t\t\tBes\u00f6k oss\n\t\t\t\t\n\t<\/h2>\n\n\t\t\t\t\t\t\t\t\t<div class=\"c-text l-stack u-cs-xl u-font-body\">\n\t\t\t\t\t\t<p>\u00c4r du nyfiken p\u00e5 Rytmus? Bes\u00f6k oss p\u00e5 \u00d6ppet hus eller p\u00e5 en Prova p\u00e5-dag s\u00e5 f\u00e5r du se v\u00e5ra lokaler, l\u00e4ra dig mer om v\u00e5r skola och k\u00e4nna p\u00e5 Rytmusandan.<\/p>\n\n\t\t\t\t\t<\/div>\n\t\t\t\t\t\t\t<\/div>\n\t\t\n\t\t\n\t\t\t<div class=\"ams-cta__action u-inline-items\">\n\t\t\t\t\t\t\t\n\n\n<a href=\"https:\/\/rytmus.se\/orebro\/oppet-hus\/\"\n\t\n\tclass=\"c-btn \"\n\tdata-style=\"square\"\n\tdata-size=\"md\"\n\tdata-width=\"full-mobile\"\n\tdata-variant=\"default\"\n\ttarget=\"_self\">\n\t\t\t<span class=\"label\"> Kom p\u00e5 \u00d6ppet hus<\/span>\n\t\t\t<\/a>\n\t\t\t\t\t\t\t\n\n\n<a href=\"https:\/\/rytmus.se\/orebro\/prova-pa-dag\/\"\n\t\n\tclass=\"c-btn \"\n\tdata-style=\"square\"\n\tdata-size=\"md\"\n\tdata-width=\"full-mobile\"\n\tdata-variant=\"outline\"\n\ttarget=\"_self\">\n\t\t\t<span class=\"label\"> Boka Prova p\u00e5-dag<\/span>\n\t\t\t<\/a>\n\t\t\t<\/div>\n\t<\/div>\n\n\t\t\n\n<\/section>\n\t<\/div>\n\n\t","protected":false},"excerpt":{"rendered":"<p>Grenspecifik information: L\u00e5tskrivare\/Artist Ut\u00f6ver det som ing\u00e5r i testet till den ordinarie inriktningen kommer du ocks\u00e5 f\u00e5 visa upp en uppgift som du f\u00e5tt f\u00f6rbereda veckorna innan f\u00e4rdighetstestet. Du kommer att f\u00e5 tre texter att v\u00e4lja mellan som du ska s\u00e4tta melodi och ackord till. De obligatoriska texterna som du kan v\u00e4lja mellan finns p\u00e5&#8230;<\/p>\n","protected":false},"author":18,"featured_media":0,"parent":7,"menu_order":0,"comment_status":"closed","ping_status":"closed","template":"","meta":{"footnotes":""},"yoast_head":"<!-- This site is optimized with the Yoast SEO plugin v22.0 - https:\/\/yoast.com\/wordpress\/plugins\/seo\/ -->\n<title>F\u00e4rdighetstest Estetisk spets i \u00d6rebro | Rytmus gymnasium<\/title>\n<meta name=\"description\" content=\"N\u00e4r du ans\u00f6ker till Rytmus blir du ocks\u00e5 kallad till ett f\u00e4rdighetstest. Ett tillf\u00e4lle d\u00e4r vi f\u00e5r tr\u00e4ffa dig och l\u00e4ra k\u00e4nna dig b\u00e4ttre.\" \/>\n<meta name=\"robots\" content=\"index, follow, max-snippet:-1, max-image-preview:large, max-video-preview:-1\" \/>\n<link rel=\"canonical\" href=\"https:\/\/rytmus.se\/orebro\/ansok\/ansok-estetisk-spetsutbildning\/\" \/>\n<meta property=\"og:locale\" content=\"sv_SE\" \/>\n<meta property=\"og:type\" content=\"article\" \/>\n<meta property=\"og:title\" content=\"F\u00e4rdighetstest Estetisk spets i \u00d6rebro | Rytmus gymnasium\" \/>\n<meta property=\"og:description\" content=\"N\u00e4r du ans\u00f6ker till Rytmus blir du ocks\u00e5 kallad till ett f\u00e4rdighetstest. Ett tillf\u00e4lle d\u00e4r vi f\u00e5r tr\u00e4ffa dig och l\u00e4ra k\u00e4nna dig b\u00e4ttre.\" \/>\n<meta property=\"og:url\" content=\"https:\/\/rytmus.se\/orebro\/ansok\/ansok-estetisk-spetsutbildning\/\" \/>\n<meta property=\"og:site_name\" content=\"\u00d6rebro\" \/>\n<meta property=\"article:modified_time\" content=\"2026-02-26T08:57:17+00:00\" \/>\n<meta name=\"twitter:card\" content=\"summary_large_image\" \/>\n<meta name=\"twitter:title\" content=\"F\u00e4rdighetstest Estetisk spets i \u00d6rebro | Rytmus gymnasium\" \/>\n<meta name=\"twitter:description\" content=\"N\u00e4r du ans\u00f6ker till Rytmus blir du ocks\u00e5 kallad till ett f\u00e4rdighetstest. Ett tillf\u00e4lle d\u00e4r vi f\u00e5r tr\u00e4ffa dig och l\u00e4ra k\u00e4nna dig b\u00e4ttre.\" \/>\n<meta name=\"twitter:label1\" content=\"Ber\u00e4knad l\u00e4stid\" \/>\n\t<meta name=\"twitter:data1\" content=\"2 minuter\" \/>\n<script type=\"application\/ld+json\" class=\"yoast-schema-graph\">{\"@context\":\"https:\/\/schema.org\",\"@graph\":[{\"@type\":\"WebPage\",\"@id\":\"https:\/\/rytmus.se\/orebro\/ansok\/ansok-estetisk-spetsutbildning\/\",\"url\":\"https:\/\/rytmus.se\/orebro\/ansok\/ansok-estetisk-spetsutbildning\/\",\"name\":\"F\u00e4rdighetstest Estetisk spets i \u00d6rebro | Rytmus gymnasium\",\"isPartOf\":{\"@id\":\"https:\/\/rytmus.se\/orebro\/#website\"},\"datePublished\":\"2026-02-25T09:33:33+00:00\",\"dateModified\":\"2026-02-26T08:57:17+00:00\",\"description\":\"N\u00e4r du ans\u00f6ker till Rytmus blir du ocks\u00e5 kallad till ett f\u00e4rdighetstest. Ett tillf\u00e4lle d\u00e4r vi f\u00e5r tr\u00e4ffa dig och l\u00e4ra k\u00e4nna dig b\u00e4ttre.\",\"breadcrumb\":{\"@id\":\"https:\/\/rytmus.se\/orebro\/ansok\/ansok-estetisk-spetsutbildning\/#breadcrumb\"},\"inLanguage\":\"sv-SE\",\"potentialAction\":[{\"@type\":\"ReadAction\",\"target\":[\"https:\/\/rytmus.se\/orebro\/ansok\/ansok-estetisk-spetsutbildning\/\"]}]},{\"@type\":\"BreadcrumbList\",\"@id\":\"https:\/\/rytmus.se\/orebro\/ansok\/ansok-estetisk-spetsutbildning\/#breadcrumb\",\"itemListElement\":[{\"@type\":\"ListItem\",\"position\":1,\"name\":\"Start\",\"item\":\"https:\/\/rytmus.se\/orebro\/\"},{\"@type\":\"ListItem\",\"position\":2,\"name\":\"Ans\u00f6k\",\"item\":\"https:\/\/rytmus.se\/orebro\/ansok\/\"},{\"@type\":\"ListItem\",\"position\":3,\"name\":\"Ans\u00f6k Estetisk spetsutbildning\"}]},{\"@type\":\"WebSite\",\"@id\":\"https:\/\/rytmus.se\/orebro\/#website\",\"url\":\"https:\/\/rytmus.se\/orebro\/\",\"name\":\"\u00d6rebro\",\"description\":\"MAKE | MUSIC | LIVE\",\"potentialAction\":[{\"@type\":\"SearchAction\",\"target\":{\"@type\":\"EntryPoint\",\"urlTemplate\":\"https:\/\/rytmus.se\/orebro\/?s={search_term_string}\"},\"query-input\":\"required name=search_term_string\"}],\"inLanguage\":\"sv-SE\"}]}<\/script>\n<!-- \/ Yoast SEO plugin. -->","yoast_head_json":{"title":"F\u00e4rdighetstest Estetisk spets i \u00d6rebro | Rytmus gymnasium","description":"N\u00e4r du ans\u00f6ker till Rytmus blir du ocks\u00e5 kallad till ett f\u00e4rdighetstest. Ett tillf\u00e4lle d\u00e4r vi f\u00e5r tr\u00e4ffa dig och l\u00e4ra k\u00e4nna dig b\u00e4ttre.","robots":{"index":"index","follow":"follow","max-snippet":"max-snippet:-1","max-image-preview":"max-image-preview:large","max-video-preview":"max-video-preview:-1"},"canonical":"https:\/\/rytmus.se\/orebro\/ansok\/ansok-estetisk-spetsutbildning\/","og_locale":"sv_SE","og_type":"article","og_title":"F\u00e4rdighetstest Estetisk spets i \u00d6rebro | Rytmus gymnasium","og_description":"N\u00e4r du ans\u00f6ker till Rytmus blir du ocks\u00e5 kallad till ett f\u00e4rdighetstest. Ett tillf\u00e4lle d\u00e4r vi f\u00e5r tr\u00e4ffa dig och l\u00e4ra k\u00e4nna dig b\u00e4ttre.","og_url":"https:\/\/rytmus.se\/orebro\/ansok\/ansok-estetisk-spetsutbildning\/","og_site_name":"\u00d6rebro","article_modified_time":"2026-02-26T08:57:17+00:00","twitter_card":"summary_large_image","twitter_title":"F\u00e4rdighetstest Estetisk spets i \u00d6rebro | Rytmus gymnasium","twitter_description":"N\u00e4r du ans\u00f6ker till Rytmus blir du ocks\u00e5 kallad till ett f\u00e4rdighetstest. Ett tillf\u00e4lle d\u00e4r vi f\u00e5r tr\u00e4ffa dig och l\u00e4ra k\u00e4nna dig b\u00e4ttre.","twitter_misc":{"Ber\u00e4knad l\u00e4stid":"2 minuter"},"schema":{"@context":"https:\/\/schema.org","@graph":[{"@type":"WebPage","@id":"https:\/\/rytmus.se\/orebro\/ansok\/ansok-estetisk-spetsutbildning\/","url":"https:\/\/rytmus.se\/orebro\/ansok\/ansok-estetisk-spetsutbildning\/","name":"F\u00e4rdighetstest Estetisk spets i \u00d6rebro | Rytmus gymnasium","isPartOf":{"@id":"https:\/\/rytmus.se\/orebro\/#website"},"datePublished":"2026-02-25T09:33:33+00:00","dateModified":"2026-02-26T08:57:17+00:00","description":"N\u00e4r du ans\u00f6ker till Rytmus blir du ocks\u00e5 kallad till ett f\u00e4rdighetstest. Ett tillf\u00e4lle d\u00e4r vi f\u00e5r tr\u00e4ffa dig och l\u00e4ra k\u00e4nna dig b\u00e4ttre.","breadcrumb":{"@id":"https:\/\/rytmus.se\/orebro\/ansok\/ansok-estetisk-spetsutbildning\/#breadcrumb"},"inLanguage":"sv-SE","potentialAction":[{"@type":"ReadAction","target":["https:\/\/rytmus.se\/orebro\/ansok\/ansok-estetisk-spetsutbildning\/"]}]},{"@type":"BreadcrumbList","@id":"https:\/\/rytmus.se\/orebro\/ansok\/ansok-estetisk-spetsutbildning\/#breadcrumb","itemListElement":[{"@type":"ListItem","position":1,"name":"Start","item":"https:\/\/rytmus.se\/orebro\/"},{"@type":"ListItem","position":2,"name":"Ans\u00f6k","item":"https:\/\/rytmus.se\/orebro\/ansok\/"},{"@type":"ListItem","position":3,"name":"Ans\u00f6k Estetisk spetsutbildning"}]},{"@type":"WebSite","@id":"https:\/\/rytmus.se\/orebro\/#website","url":"https:\/\/rytmus.se\/orebro\/","name":"\u00d6rebro","description":"MAKE | MUSIC | LIVE","potentialAction":[{"@type":"SearchAction","target":{"@type":"EntryPoint","urlTemplate":"https:\/\/rytmus.se\/orebro\/?s={search_term_string}"},"query-input":"required name=search_term_string"}],"inLanguage":"sv-SE"}]}},"_links":{"self":[{"href":"https:\/\/rytmus.se\/orebro\/wp-json\/wp\/v2\/pages\/2153"}],"collection":[{"href":"https:\/\/rytmus.se\/orebro\/wp-json\/wp\/v2\/pages"}],"about":[{"href":"https:\/\/rytmus.se\/orebro\/wp-json\/wp\/v2\/types\/page"}],"author":[{"embeddable":true,"href":"https:\/\/rytmus.se\/orebro\/wp-json\/wp\/v2\/users\/18"}],"replies":[{"embeddable":true,"href":"https:\/\/rytmus.se\/orebro\/wp-json\/wp\/v2\/comments?post=2153"}],"version-history":[{"count":10,"href":"https:\/\/rytmus.se\/orebro\/wp-json\/wp\/v2\/pages\/2153\/revisions"}],"predecessor-version":[{"id":2210,"href":"https:\/\/rytmus.se\/orebro\/wp-json\/wp\/v2\/pages\/2153\/revisions\/2210"}],"up":[{"embeddable":true,"href":"https:\/\/rytmus.se\/orebro\/wp-json\/wp\/v2\/pages\/7"}],"wp:attachment":[{"href":"https:\/\/rytmus.se\/orebro\/wp-json\/wp\/v2\/media?parent=2153"}],"curies":[{"name":"wp","href":"https:\/\/api.w.org\/{rel}","templated":true}]}}