{"id":33,"date":"2022-07-25T23:09:41","date_gmt":"2022-07-25T21:09:41","guid":{"rendered":"https:\/\/rytmus.se\/malmo\/?page_id=33"},"modified":"2026-01-23T13:08:22","modified_gmt":"2026-01-23T12:08:22","slug":"lediga-platser","status":"publish","type":"page","link":"https:\/\/rytmus.se\/malmo\/lediga-platser\/","title":{"rendered":"Lediga platser"},"content":{"rendered":"\n\t\n\t\n\t\n\n\t\n\t\n\t\t\n<section  class=\"c-block l-stacked  \" data-color-scheme=\"\">\n\t<div class=\"ams-fifty ams-fifty--container ams-fifty--right ams-fifty--bottom l-container u-pt-fluid-3xl-6xl u-pb-fluid-3xl-6xl\">\n\t\t<div class=\"ams-fifty__content l-stack l-stack-xl is-left is-left@lg\">\n\t\t\t<div class=\"ams-fifty__text l-stack l-stack-lg\">\n\t\t\t\t\t\n\t<h1\n\tclass=\"c-heading u-font-title-1 \"\n\tstyle=\"\">\n\t\t\n\t\t\t\t\tV\u00e4lkommen till Rytmus Malm\u00f6!\n\t\t\t\t\n\t<\/h1>\n\n\t\t\t\t\t\t\t\t\t<div class=\"text l-stack u-font-body\">\n\t\t\t\t\t\t<p>Vi har n\u00e5gra lediga platser kvar p\u00e5 ett par av v\u00e5ra utbildningar. Om du vill b\u00f6rja hos oss till h\u00f6sten har du allts\u00e5 m\u00f6jlighet att g\u00f6ra det, trots att antagningen st\u00e4ngt! L\u00e4s mer om hur du byter till oss.<\/p>\n\n\t\t\t\t\t<\/div>\n\t\t\t\t\t\t\t<\/div>\n\n\t\t\t\t<div class=\"ams-fifty__action u-inline-items\">\n\t\t\t\t\t\t\t\n\n\n<a href=\"https:\/\/rytmus.se\/malmo\/byta-till-oss\/\"\n\t\n\tclass=\"c-btn \"\n\tdata-style=\"square\"\n\tdata-size=\"md\"\n\tdata-width=\"full-mobile\"\n\tdata-variant=\"default\"\n\ttarget=\"_self\">\n\t\t\t<span class=\"label\"> Byta till oss<\/span>\n\t\t\t<\/a>\n\t\t\t<\/div>\n\t\t<\/div>\n\n\t\t <div class=\"ams-fifty__media u-ratio-landscape\">\n\t\t \t\t\t\t\t<img decoding=\"async\" width=\"600\" height=\"600\" src=\"https:\/\/rytmus.se\/wp-content\/uploads\/sites\/7\/2022\/11\/rytmus-musik-sam-202204-1-600x600.jpg\" class=\"attachment-md size-md\" alt=\"Tre elever i ett klassrum\" sizes=\"(min-width: 64em) 600px, calc(100vw - 160px)\" srcset=\"https:\/\/rytmus.se\/wp-content\/uploads\/sites\/7\/2022\/11\/rytmus-musik-sam-202204-1-600x600.jpg 600w, https:\/\/rytmus.se\/wp-content\/uploads\/sites\/7\/2022\/11\/rytmus-musik-sam-202204-1-150x150.jpg 150w, https:\/\/rytmus.se\/wp-content\/uploads\/sites\/7\/2022\/11\/rytmus-musik-sam-202204-1-300x300.jpg 300w, https:\/\/rytmus.se\/wp-content\/uploads\/sites\/7\/2022\/11\/rytmus-musik-sam-202204-1-400x400.jpg 400w, https:\/\/rytmus.se\/wp-content\/uploads\/sites\/7\/2022\/11\/rytmus-musik-sam-202204-1-800x800.jpg 800w, https:\/\/rytmus.se\/wp-content\/uploads\/sites\/7\/2022\/11\/rytmus-musik-sam-202204-1-1024x1024.jpg 1024w, https:\/\/rytmus.se\/wp-content\/uploads\/sites\/7\/2022\/11\/rytmus-musik-sam-202204-1.jpg 1080w\" \/>\n\t\t\t\n\t\t\t\n\t\t\t\t\t<\/div>\n\t<\/div>\n\n\t\t\n\n<\/section>\n\n\n\n<section \n\t\t class=\"\n\t\t ams-contact\n\t\t \n\t\t c-block l-stacked\n\t\t \n\t\t \n\t\t js-load-more\n\t\t \"\n\t\t data-color-scheme=\"bakgrund-hover-lankad-text\"\n\t\t\t\t\tdata-count=\"3\"\n\t\t\t\t\t\t\tdata-count-mobile=\"2\"\n\t\t\t\t>\n\t<div\n\t\t class=\"\n\t\t l-container\n\t\t l-stack l-stack-fluid-2xl\n\t\t u-pt-fluid-2xl-4xl\n\t\t u-pb-fluid-2xl-4xl\n\t\t is-center\n\t\t is-center@md\n\t\t \">\n\t\t\t\t\t<div class=\"ams-contact__intro l-stack l-stack-lg\">\n\t\t\t\t\t\n\t<h2\n\tclass=\"c-heading u-font-title-1 \"\n\tstyle=\"\">\n\t\t\n\t\t\t\t\tHar du fr\u00e5gor?\n\t\t\t\t\n\t<\/h2>\n\n\t\t\t\t\t\t\t\t\t<div class=\"c-text l-stack u-cs-xl u-font-body\">\n\t\t\t\t\t\t<p>Tveka inte p\u00e5 att h\u00f6ra av dig till oss om det \u00e4r n\u00e5got du funderar p\u00e5!<\/p>\n\n\t\t\t\t\t<\/div>\n\t\t\t\t\t\t\t<\/div>\n\t\t\n\t\t\n\t\t    \t\n\t\t\n\t\t<ul\n\t\t\tid=\"contact-grid-6a044ac76e17f\"\n\t\t\tclass=\"ams-contact__list l-grid u-gap-fluid-2xl-4xl u-justify-center js-results \"\n\t\t\taria-label=\"Kontakter\"\n\t\t\tdata-filter-animation=\"off\"\n\t\t\t>\n\t\t\t\t\t\t\t\t\t\t\t\n\t\t\t\t\n\t\t\t\t<li class=\"l-col-6@md l-col-4@lg \" data-filter=\"administrator\">\n\t\t\t\t\t<article class=\"c-card \" data-variant=\"neutral\">\n\t\t\t\t\t\t<div class=\"c-card__content u-text-center\">\n\t\t\t\t\t\t\t\t\t\t\t\t\t\t\t<h3 class=\"c-card__title u-font-title-3\">\n\t\t\t\t\t\t\t\t\tGiesela Anderholm Hansson\n\t\t\t\t\t\t\t\t<\/h3>\n\t\t\t\t\t\t\t\n\t\t\t\t\t\t\t\t\t\t\t\t\t\t\t<p class=\"position u-font-body\">Administrat\u00f6r<\/p>\n\t\t\t\t\t\t\t\n\t\t\t\t\t\t\t\t\t\t\t\t\t\t\t<div class=\"contact-info u-font-body\">\n\t\t\t\t\t\t\t\t\t\t\t\t\t\t\t\t\t\t\t\t\t\t\t\t\t\t\t\t\t\t<p class=\"phone\"><a\n\t\t\t\t\t\t\t\t\t\t\t\t\thref=\"tel:040107286\"\n\t\t\t\t\t\t\t\t\t\t\t\t\tclass=\"u-text-link\">040-107 286 <\/a>\n\t\t\t\t\t\t\t\t\t\t\t<\/p>\n\t\t\t\t\t\t\t\t\t\t\t\t\t\t\t\t\t\t\t\n\t\t\t\t\t\t\t\t\t\t\t\t\t\t\t\t\t\t\t\t\t\t\t\t\t\t\t\t\t\t<p class=\"email\"><a\n\t\t\t\t\t\t\t\t\t\t\t\t\thref=\"m&#097;&#105;&#108;t&#111;&#058;gie&#115;e&#108;&#097;&#046;a&#110;&#100;&#101;&#114;&#104;o&#108;mh&#097;&#110;&#115;&#115;&#111;n&#064;r&#121;&#116;&#109;u&#115;&#046;se\"\n\t\t\t\t\t\t\t\t\t\t\t\t\tclass=\"u-text-link\">g&#105;&#101;se&#108;&#097;.&#097;&#110;der&#104;olm&#104;&#097;nss&#111;&#110;&#064;&#114;&#121;t&#109;u&#115;&#046;&#115;&#101;<\/a>\n\t\t\t\t\t\t\t\t\t\t\t<\/p>\n\t\t\t\t\t\t\t\t\t\t\t\t\t\t\t\t\t\t\t\t\t\t\t\t\t\t\t<\/div>\n\t\t\t\t\t\t\t\n\t\t\t\t\t\t\t\t\t\t\t\t\t<\/div>\n\t\t\t\t\t\t<div class=\"c-card__media\">\n\t\t\t\t\t\t\t\t\t\t\t\t\t\t\t\t\t\t\t\t\t\t\t\t\t\t\t\t\t\t\t\t\t\t\t\t\t\t\t\t\t\t\t\t\t\t\t\t\t<img decoding=\"async\" width=\"400\" height=\"267\" src=\"https:\/\/rytmus.se\/wp-content\/uploads\/sites\/7\/2022\/11\/giesela-anderholm-hansson-scaled-400x267.jpg\" class=\"u-radius-square u-ratio-landscape  \" alt=\"Personalbild Giesela Anderholm Hansson.\" sizes=\"(max-width: 300px) 100vw, 300px\" srcset=\"https:\/\/rytmus.se\/wp-content\/uploads\/sites\/7\/2022\/11\/giesela-anderholm-hansson-scaled-400x267.jpg 400w, https:\/\/rytmus.se\/wp-content\/uploads\/sites\/7\/2022\/11\/giesela-anderholm-hansson-scaled-300x200.jpg 300w, https:\/\/rytmus.se\/wp-content\/uploads\/sites\/7\/2022\/11\/giesela-anderholm-hansson-scaled-600x400.jpg 600w, https:\/\/rytmus.se\/wp-content\/uploads\/sites\/7\/2022\/11\/giesela-anderholm-hansson-scaled-800x533.jpg 800w, https:\/\/rytmus.se\/wp-content\/uploads\/sites\/7\/2022\/11\/giesela-anderholm-hansson-scaled-1024x683.jpg 1024w, https:\/\/rytmus.se\/wp-content\/uploads\/sites\/7\/2022\/11\/giesela-anderholm-hansson-scaled-1200x800.jpg 1200w\" \/>\n\t\t\t\t\t\t<\/div>\n\t\t\t\t\t<\/article>\n\t\t\t\t<\/li>\n\t\t\t\t\t\t\t\t\t\t\t\n\t\t\t\t\n\t\t\t\t<li class=\"l-col-6@md l-col-4@lg \" data-filter=\"ledning\">\n\t\t\t\t\t<article class=\"c-card \" data-variant=\"neutral\">\n\t\t\t\t\t\t<div class=\"c-card__content u-text-center\">\n\t\t\t\t\t\t\t\t\t\t\t\t\t\t\t<h3 class=\"c-card__title u-font-title-3\">\n\t\t\t\t\t\t\t\t\tJosefin Knagg\n\t\t\t\t\t\t\t\t<\/h3>\n\t\t\t\t\t\t\t\n\t\t\t\t\t\t\t\t\t\t\t\t\t\t\t<p class=\"position u-font-body\">Rektor<\/p>\n\t\t\t\t\t\t\t\n\t\t\t\t\t\t\t\t\t\t\t\t\t\t\t<div class=\"contact-info u-font-body\">\n\t\t\t\t\t\t\t\t\t\t\t\t\t\t\t\t\t\t\t\t\t\t\t\t\t\t\t\t\t\t<p class=\"phone\"><a\n\t\t\t\t\t\t\t\t\t\t\t\t\thref=\"tel:040107282\"\n\t\t\t\t\t\t\t\t\t\t\t\t\tclass=\"u-text-link\">040-107 282 <\/a>\n\t\t\t\t\t\t\t\t\t\t\t<\/p>\n\t\t\t\t\t\t\t\t\t\t\t\t\t\t\t\t\t\t\t\n\t\t\t\t\t\t\t\t\t\t\t\t\t\t\t\t\t\t\t\t\t\t\t\t\t\t\t\t\t\t<p class=\"email\"><a\n\t\t\t\t\t\t\t\t\t\t\t\t\thref=\"&#109;&#097;i&#108;&#116;o&#058;j&#111;sefi&#110;&#046;kn&#097;g&#103;&#064;r&#121;t&#109;&#117;&#115;&#046;&#115;e\"\n\t\t\t\t\t\t\t\t\t\t\t\t\tclass=\"u-text-link\">&#106;os&#101;fin&#046;&#107;na&#103;&#103;&#064;&#114;&#121;tm&#117;s.s&#101;<\/a>\n\t\t\t\t\t\t\t\t\t\t\t<\/p>\n\t\t\t\t\t\t\t\t\t\t\t\t\t\t\t\t\t\t\t\t\t\t\t\t\t\t\t<\/div>\n\t\t\t\t\t\t\t\n\t\t\t\t\t\t\t\t\t\t\t\t\t<\/div>\n\t\t\t\t\t\t<div class=\"c-card__media\">\n\t\t\t\t\t\t\t\t\t\t\t\t\t\t\t\t\t\t\t\t\t\t\t\t\t\t\t\t\t\t\t\t\t\t\t\t\t\t\t\t\t\t\t\t\t\t\t\t\t<img decoding=\"async\" width=\"400\" height=\"267\" src=\"https:\/\/rytmus.se\/wp-content\/uploads\/sites\/7\/2022\/11\/josefin-knagg-scaled-400x267.jpg\" class=\"u-radius-square u-ratio-landscape  \" alt=\"Personalbild Josefin Knagg.\" sizes=\"(max-width: 300px) 100vw, 300px\" srcset=\"https:\/\/rytmus.se\/wp-content\/uploads\/sites\/7\/2022\/11\/josefin-knagg-scaled-400x267.jpg 400w, https:\/\/rytmus.se\/wp-content\/uploads\/sites\/7\/2022\/11\/josefin-knagg-scaled-300x200.jpg 300w, https:\/\/rytmus.se\/wp-content\/uploads\/sites\/7\/2022\/11\/josefin-knagg-scaled-600x400.jpg 600w, https:\/\/rytmus.se\/wp-content\/uploads\/sites\/7\/2022\/11\/josefin-knagg-scaled-800x533.jpg 800w, https:\/\/rytmus.se\/wp-content\/uploads\/sites\/7\/2022\/11\/josefin-knagg-scaled-1024x683.jpg 1024w, https:\/\/rytmus.se\/wp-content\/uploads\/sites\/7\/2022\/11\/josefin-knagg-scaled-1200x800.jpg 1200w\" \/>\n\t\t\t\t\t\t<\/div>\n\t\t\t\t\t<\/article>\n\t\t\t\t<\/li>\n\t\t\t\t\t\t\t\t\t\t\t\n\t\t\t\t\n\t\t\t\t<li class=\"l-col-6@md l-col-4@lg \" data-filter=\"elevhalsa\">\n\t\t\t\t\t<article class=\"c-card \" data-variant=\"neutral\">\n\t\t\t\t\t\t<div class=\"c-card__content u-text-center\">\n\t\t\t\t\t\t\t\t\t\t\t\t\t\t\t<h3 class=\"c-card__title u-font-title-3\">\n\t\t\t\t\t\t\t\t\tMarie Yngbrant\n\t\t\t\t\t\t\t\t<\/h3>\n\t\t\t\t\t\t\t\n\t\t\t\t\t\t\t\t\t\t\t\t\t\t\t<p class=\"position u-font-body\">Studie- och yrkesv\u00e4gledare<\/p>\n\t\t\t\t\t\t\t\n\t\t\t\t\t\t\t\t\t\t\t\t\t\t\t<div class=\"contact-info u-font-body\">\n\t\t\t\t\t\t\t\t\t\t\t\t\t\t\t\t\t\t\t\t\t\t\t\t\t\t\t\t\t\t<p class=\"phone\"><a\n\t\t\t\t\t\t\t\t\t\t\t\t\thref=\"tel:0761012951\"\n\t\t\t\t\t\t\t\t\t\t\t\t\tclass=\"u-text-link\">0761-012 951 <\/a>\n\t\t\t\t\t\t\t\t\t\t\t<\/p>\n\t\t\t\t\t\t\t\t\t\t\t\t\t\t\t\t\t\t\t\n\t\t\t\t\t\t\t\t\t\t\t\t\t\t\t\t\t\t\t\t\t\t\t\t\t\t\t\t\t\t<p class=\"email\"><a\n\t\t\t\t\t\t\t\t\t\t\t\t\thref=\"&#109;&#097;i&#108;to&#058;m&#097;r&#105;e.&#121;n&#103;brant&#064;&#097;&#099;ade&#109;&#101;di&#097;.s&#101;\"\n\t\t\t\t\t\t\t\t\t\t\t\t\tclass=\"u-text-link\">m&#097;ri&#101;&#046;&#121;&#110;g&#098;rant&#064;&#097;&#099;&#097;&#100;emedi&#097;.&#115;e<\/a>\n\t\t\t\t\t\t\t\t\t\t\t<\/p>\n\t\t\t\t\t\t\t\t\t\t\t\t\t\t\t\t\t\t\t\t\t\t\t\t\t\t\t<\/div>\n\t\t\t\t\t\t\t\n\t\t\t\t\t\t\t\t\t\t\t\t\t<\/div>\n\t\t\t\t\t\t<div class=\"c-card__media\">\n\t\t\t\t\t\t\t\t\t\t\t\t\t\t\t\t\t\t\t\t\t\t\t\t\t\t\t\t\t\t\t\t\t\t\t\t\t\t\t\t\t\t\t\t\t\t\t\t\t<img decoding=\"async\" width=\"400\" height=\"267\" src=\"https:\/\/rytmus.se\/wp-content\/uploads\/sites\/7\/2022\/11\/marie-scaled-400x267.jpg\" class=\"u-radius-square u-ratio-landscape  \" alt=\"Personalbild Marie Yngbrant.\" sizes=\"(max-width: 300px) 100vw, 300px\" srcset=\"https:\/\/rytmus.se\/wp-content\/uploads\/sites\/7\/2022\/11\/marie-scaled-400x267.jpg 400w, https:\/\/rytmus.se\/wp-content\/uploads\/sites\/7\/2022\/11\/marie-scaled-300x200.jpg 300w, https:\/\/rytmus.se\/wp-content\/uploads\/sites\/7\/2022\/11\/marie-scaled-600x400.jpg 600w, https:\/\/rytmus.se\/wp-content\/uploads\/sites\/7\/2022\/11\/marie-scaled-800x533.jpg 800w, https:\/\/rytmus.se\/wp-content\/uploads\/sites\/7\/2022\/11\/marie-scaled-1024x683.jpg 1024w, https:\/\/rytmus.se\/wp-content\/uploads\/sites\/7\/2022\/11\/marie-scaled-1200x800.jpg 1200w\" \/>\n\t\t\t\t\t\t<\/div>\n\t\t\t\t\t<\/article>\n\t\t\t\t<\/li>\n\t\t\t\t\t<\/ul>\n\n\t\t\n\t\t    <div class=\"ams-contact__more u-inline-items js-load-more-btn\">\n        <button href=\"#\"\n                class=\"c-btn\"\n                data-style=\"square\"\n                data-size=\"md\"\n                data-width=\"full-mobile\"\n                data-variant=\"outline\">\n        \tVisa mer\n        <\/button>\n    <\/div>\n\n\t\t\t<\/div>\n\n\t\t\n\n<\/section>\n","protected":false},"excerpt":{"rendered":"","protected":false},"author":1,"featured_media":0,"parent":0,"menu_order":0,"comment_status":"closed","ping_status":"closed","template":"","meta":{"footnotes":""},"yoast_head":"<!-- This site is optimized with the Yoast SEO plugin v22.0 - https:\/\/yoast.com\/wordpress\/plugins\/seo\/ -->\n<title>Malm\u00f6<\/title>\n<meta name=\"description\" content=\"Lediga platser p\u00e5 Rytmus Gymnasium Malm\u00f6.\" \/>\n<meta name=\"robots\" content=\"index, follow, max-snippet:-1, max-image-preview:large, max-video-preview:-1\" \/>\n<link rel=\"canonical\" href=\"https:\/\/rytmus.se\/malmo\/lediga-platser\/\" \/>\n<meta property=\"og:locale\" content=\"sv_SE\" \/>\n<meta property=\"og:type\" content=\"article\" \/>\n<meta property=\"og:description\" content=\"Lediga platser p\u00e5 Rytmus Gymnasium Malm\u00f6.\" \/>\n<meta property=\"og:url\" content=\"https:\/\/rytmus.se\/malmo\/lediga-platser\/\" \/>\n<meta property=\"og:site_name\" content=\"Malm\u00f6\" \/>\n<meta property=\"article:modified_time\" content=\"2026-01-23T12:08:22+00:00\" \/>\n<meta name=\"twitter:card\" content=\"summary_large_image\" \/>\n<meta name=\"twitter:description\" content=\"Lediga platser p\u00e5 Rytmus Gymnasium Malm\u00f6.\" \/>\n<meta name=\"twitter:label1\" content=\"Ber\u00e4knad l\u00e4stid\" \/>\n\t<meta name=\"twitter:data1\" content=\"1 minut\" \/>\n<script type=\"application\/ld+json\" class=\"yoast-schema-graph\">{\"@context\":\"https:\/\/schema.org\",\"@graph\":[{\"@type\":\"WebPage\",\"@id\":\"https:\/\/rytmus.se\/malmo\/lediga-platser\/\",\"url\":\"https:\/\/rytmus.se\/malmo\/lediga-platser\/\",\"name\":\"Lediga platser - Malm\u00f6\",\"isPartOf\":{\"@id\":\"https:\/\/rytmus.se\/malmo\/#website\"},\"datePublished\":\"2022-07-25T21:09:41+00:00\",\"dateModified\":\"2026-01-23T12:08:22+00:00\",\"description\":\"Lediga platser p\u00e5 Rytmus Gymnasium Malm\u00f6.\",\"breadcrumb\":{\"@id\":\"https:\/\/rytmus.se\/malmo\/lediga-platser\/#breadcrumb\"},\"inLanguage\":\"sv-SE\",\"potentialAction\":[{\"@type\":\"ReadAction\",\"target\":[\"https:\/\/rytmus.se\/malmo\/lediga-platser\/\"]}]},{\"@type\":\"BreadcrumbList\",\"@id\":\"https:\/\/rytmus.se\/malmo\/lediga-platser\/#breadcrumb\",\"itemListElement\":[{\"@type\":\"ListItem\",\"position\":1,\"name\":\"Start\",\"item\":\"https:\/\/rytmus.se\/malmo\/\"},{\"@type\":\"ListItem\",\"position\":2,\"name\":\"Lediga platser\"}]},{\"@type\":\"WebSite\",\"@id\":\"https:\/\/rytmus.se\/malmo\/#website\",\"url\":\"https:\/\/rytmus.se\/malmo\/\",\"name\":\"Malm\u00f6\",\"description\":\"MAKE | MUSIC | LIVE\",\"potentialAction\":[{\"@type\":\"SearchAction\",\"target\":{\"@type\":\"EntryPoint\",\"urlTemplate\":\"https:\/\/rytmus.se\/malmo\/?s={search_term_string}\"},\"query-input\":\"required name=search_term_string\"}],\"inLanguage\":\"sv-SE\"}]}<\/script>\n<!-- \/ Yoast SEO plugin. -->","yoast_head_json":{"title":"Malm\u00f6","description":"Lediga platser p\u00e5 Rytmus Gymnasium Malm\u00f6.","robots":{"index":"index","follow":"follow","max-snippet":"max-snippet:-1","max-image-preview":"max-image-preview:large","max-video-preview":"max-video-preview:-1"},"canonical":"https:\/\/rytmus.se\/malmo\/lediga-platser\/","og_locale":"sv_SE","og_type":"article","og_description":"Lediga platser p\u00e5 Rytmus Gymnasium Malm\u00f6.","og_url":"https:\/\/rytmus.se\/malmo\/lediga-platser\/","og_site_name":"Malm\u00f6","article_modified_time":"2026-01-23T12:08:22+00:00","twitter_card":"summary_large_image","twitter_description":"Lediga platser p\u00e5 Rytmus Gymnasium Malm\u00f6.","twitter_misc":{"Ber\u00e4knad l\u00e4stid":"1 minut"},"schema":{"@context":"https:\/\/schema.org","@graph":[{"@type":"WebPage","@id":"https:\/\/rytmus.se\/malmo\/lediga-platser\/","url":"https:\/\/rytmus.se\/malmo\/lediga-platser\/","name":"Lediga platser - Malm\u00f6","isPartOf":{"@id":"https:\/\/rytmus.se\/malmo\/#website"},"datePublished":"2022-07-25T21:09:41+00:00","dateModified":"2026-01-23T12:08:22+00:00","description":"Lediga platser p\u00e5 Rytmus Gymnasium Malm\u00f6.","breadcrumb":{"@id":"https:\/\/rytmus.se\/malmo\/lediga-platser\/#breadcrumb"},"inLanguage":"sv-SE","potentialAction":[{"@type":"ReadAction","target":["https:\/\/rytmus.se\/malmo\/lediga-platser\/"]}]},{"@type":"BreadcrumbList","@id":"https:\/\/rytmus.se\/malmo\/lediga-platser\/#breadcrumb","itemListElement":[{"@type":"ListItem","position":1,"name":"Start","item":"https:\/\/rytmus.se\/malmo\/"},{"@type":"ListItem","position":2,"name":"Lediga platser"}]},{"@type":"WebSite","@id":"https:\/\/rytmus.se\/malmo\/#website","url":"https:\/\/rytmus.se\/malmo\/","name":"Malm\u00f6","description":"MAKE | MUSIC | LIVE","potentialAction":[{"@type":"SearchAction","target":{"@type":"EntryPoint","urlTemplate":"https:\/\/rytmus.se\/malmo\/?s={search_term_string}"},"query-input":"required name=search_term_string"}],"inLanguage":"sv-SE"}]}},"_links":{"self":[{"href":"https:\/\/rytmus.se\/malmo\/wp-json\/wp\/v2\/pages\/33"}],"collection":[{"href":"https:\/\/rytmus.se\/malmo\/wp-json\/wp\/v2\/pages"}],"about":[{"href":"https:\/\/rytmus.se\/malmo\/wp-json\/wp\/v2\/types\/page"}],"author":[{"embeddable":true,"href":"https:\/\/rytmus.se\/malmo\/wp-json\/wp\/v2\/users\/1"}],"replies":[{"embeddable":true,"href":"https:\/\/rytmus.se\/malmo\/wp-json\/wp\/v2\/comments?post=33"}],"version-history":[{"count":10,"href":"https:\/\/rytmus.se\/malmo\/wp-json\/wp\/v2\/pages\/33\/revisions"}],"predecessor-version":[{"id":2731,"href":"https:\/\/rytmus.se\/malmo\/wp-json\/wp\/v2\/pages\/33\/revisions\/2731"}],"wp:attachment":[{"href":"https:\/\/rytmus.se\/malmo\/wp-json\/wp\/v2\/media?parent=33"}],"curies":[{"name":"wp","href":"https:\/\/api.w.org\/{rel}","templated":true}]}}