{"id":2797,"date":"2026-02-11T14:05:43","date_gmt":"2026-02-11T13:05:43","guid":{"rendered":"https:\/\/rytmus.se\/malmo\/?page_id=2797"},"modified":"2026-02-12T20:06:46","modified_gmt":"2026-02-12T19:06:46","slug":"filer-for-fardighetstest-spets","status":"publish","type":"page","link":"https:\/\/rytmus.se\/malmo\/ansok\/filer-for-fardighetstest-spets\/","title":{"rendered":"Filer f\u00f6r f\u00e4rdighetstest Spets"},"content":{"rendered":"\n\t\n\t\n\t\n\n\t\n\t\n\t\t\n<section  class=\"c-block l-stacked  \" data-color-scheme=\"gra-ljus\">\n\t<div class=\"ams-fifty ams-fifty--container ams-fifty--left ams-fifty--top l-container u-pt-fluid-3xl-6xl u-pb-fluid-3xl-6xl\">\n\t\t<div class=\"ams-fifty__content l-stack l-stack-xl is-left is-left@lg\">\n\t\t\t<div class=\"ams-fifty__text l-stack l-stack-lg\">\n\t\t\t\t\t\n\t<h1\n\tclass=\"c-heading u-font-title-1 \"\n\tstyle=\"\">\n\t\t\n\t\t\t\t\tFiler att ladda ner inf\u00f6r F\u00e4rdighetstest &#8211; Estetisk Spets\n\t\t\t\t\n\t<\/h1>\n\n\t\t\t\t\t\t\t\t\t<div class=\"text l-stack u-font-body\">\n\t\t\t\t\t\t<p>H\u00e4r finns de filer som ska laddas ner och anv\u00e4ndas i f\u00f6rberedelser inf\u00f6r f\u00e4rdighetstest spets<\/p>\n\n\t\t\t\t\t<\/div>\n\t\t\t\t\t\t\t<\/div>\n\n\t\t\t\t\t<\/div>\n\n\t\t <div class=\"ams-fifty__media u-ratio-square\">\n\t\t \t\t\t\t\t<picture><source media=\"(min-width: 32em)\" srcset=\"https:\/\/rytmus.se\/wp-content\/uploads\/sites\/7\/2022\/10\/kolumn21-600x450.jpg 600w, https:\/\/rytmus.se\/wp-content\/uploads\/sites\/7\/2022\/10\/kolumn21-300x225.jpg 300w, https:\/\/rytmus.se\/wp-content\/uploads\/sites\/7\/2022\/10\/kolumn21-400x300.jpg 400w, https:\/\/rytmus.se\/wp-content\/uploads\/sites\/7\/2022\/10\/kolumn21-800x600.jpg 800w, https:\/\/rytmus.se\/wp-content\/uploads\/sites\/7\/2022\/10\/kolumn21-1024x768.jpg 1024w, https:\/\/rytmus.se\/wp-content\/uploads\/sites\/7\/2022\/10\/kolumn21-1200x900.jpg 1200w, https:\/\/rytmus.se\/wp-content\/uploads\/sites\/7\/2022\/10\/kolumn21-768x576.jpg 768w, https:\/\/rytmus.se\/wp-content\/uploads\/sites\/7\/2022\/10\/kolumn21.jpg 1440w\" sizes=\"(min-width: 64em) 600px, calc(100vw - 160px)\" \/><source srcset=\"https:\/\/rytmus.se\/wp-content\/uploads\/sites\/7\/2022\/10\/kolumn21-400x300.jpg 400w, https:\/\/rytmus.se\/wp-content\/uploads\/sites\/7\/2022\/10\/kolumn21-300x225.jpg 300w, https:\/\/rytmus.se\/wp-content\/uploads\/sites\/7\/2022\/10\/kolumn21-600x450.jpg 600w, https:\/\/rytmus.se\/wp-content\/uploads\/sites\/7\/2022\/10\/kolumn21-800x600.jpg 800w, https:\/\/rytmus.se\/wp-content\/uploads\/sites\/7\/2022\/10\/kolumn21-1024x768.jpg 1024w, https:\/\/rytmus.se\/wp-content\/uploads\/sites\/7\/2022\/10\/kolumn21-1200x900.jpg 1200w, https:\/\/rytmus.se\/wp-content\/uploads\/sites\/7\/2022\/10\/kolumn21-768x576.jpg 768w, https:\/\/rytmus.se\/wp-content\/uploads\/sites\/7\/2022\/10\/kolumn21.jpg 1440w\" sizes=\"(max-width: 63.99875em) calc(100vw - 160px)\" \/><img decoding=\"async\" width=\"600\" height=\"450\" src=\"https:\/\/rytmus.se\/wp-content\/uploads\/sites\/7\/2022\/10\/kolumn21-600x450.jpg\" class=\"attachment-md size-md\" alt=\"Tv\u00e5 h\u00e4nder h\u00e5ller i ett notpapper med titeln Caravan of love.\" sizes=\"(min-width: 64em) 600px, calc(100vw - 160px)\" srcset=\"https:\/\/rytmus.se\/wp-content\/uploads\/sites\/7\/2022\/10\/kolumn21-600x450.jpg 600w, https:\/\/rytmus.se\/wp-content\/uploads\/sites\/7\/2022\/10\/kolumn21-300x225.jpg 300w, https:\/\/rytmus.se\/wp-content\/uploads\/sites\/7\/2022\/10\/kolumn21-400x300.jpg 400w, https:\/\/rytmus.se\/wp-content\/uploads\/sites\/7\/2022\/10\/kolumn21-800x600.jpg 800w, https:\/\/rytmus.se\/wp-content\/uploads\/sites\/7\/2022\/10\/kolumn21-1024x768.jpg 1024w, https:\/\/rytmus.se\/wp-content\/uploads\/sites\/7\/2022\/10\/kolumn21-1200x900.jpg 1200w, https:\/\/rytmus.se\/wp-content\/uploads\/sites\/7\/2022\/10\/kolumn21-768x576.jpg 768w, https:\/\/rytmus.se\/wp-content\/uploads\/sites\/7\/2022\/10\/kolumn21.jpg 1440w\" \/><\/picture>\n\t\t\t\n\t\t\t\n\t\t\t\t\t<\/div>\n\t<\/div>\n\n\t\t\n\n<\/section>\n\n\n\n\n\n<section  class=\"ams-faq ams_event_module c-block l-stacked\" data-color-scheme=\"bakgrund-hover-standard\">\n\t<div class=\"l-container l-stack l-stack-fluid-2xl u-pt-fluid-3xl-6xl u-pb-fluid-3xl-6xl is-center is-center@md\">\n\t\t\t\t\t<div class=\"ams-faq__intro l-stack l-stack-lg\">\n\t\t\t\t\t\n\t<h2\n\tclass=\"c-heading u-font-title-1 \"\n\tstyle=\"\">\n\t\t\n\t\t\t\t\tF\u00f6rberedelser\n\t\t\t\t\n\t<\/h2>\n\n\t\t\t\t\t\t\t\t\t<div class=\"c-text l-stack u-cs-xl u-font-body\">\n\t\t\t\t\t\t<hr data-start=\"232\" data-end=\"235\" \/>\n<h2><strong>Spets &#8211; Musiker\/Artist<\/strong><\/h2>\n<p>Spela eller sjung en av de obligatoriska l\u00e5tarna med komp fr\u00e5n Rytmuselever<\/p>\n<p><strong>L\u00e5tar<br \/>\n<\/strong><\/p>\n<p data-start=\"696\" data-end=\"772\"><strong>1. Nobody&#8217;s Soldier &#8211; <\/strong>Hozier<br \/>\n<i><\/i><strong>2. I&#8217;ll Be Waiting &#8211; <\/strong>Adele <em>(F\u00f6rkortad version)<br \/>\n<\/em><i><\/i><strong>3. Livin&#8217; On The Edge &#8211; <\/strong>Aerosmith <em>(F\u00f6rkortad version)<br \/>\n<\/em><i><\/i><strong>4. Cornflake Girl &#8211; <\/strong>Tori Amos<i><br \/>\n<\/i><\/p>\n<p><a href=\"https:\/\/open.spotify.com\/playlist\/6PwYcEqmwClDKBjH4VnSZN?si=4d2fa7351507417b\">Spotifylista med alla l\u00e5tar<\/a><\/p>\n<p><strong>Noter<br \/>\n<\/strong><i>1. Nobody&#8217;s Soldier &#8211; <a href=\"https:\/\/rytmus.se\/wp-content\/uploads\/sites\/7\/2026\/02\/nobodys-soldier-hozier-g-dur.pdf\" target=\"_blank\" rel=\"noopener\">(Not G-dur)<\/a>\u00a0 \u00a0 \u00a0<a href=\"https:\/\/rytmus.se\/wp-content\/uploads\/sites\/7\/2026\/02\/nobodys-soldier-hozier-d-dur.pdf\" target=\"_blank\" rel=\"noopener\">(Not D-dur)<\/a>\u00a0 \u00a0 \u00a0<a href=\"https:\/\/rytmus.se\/wp-content\/uploads\/sites\/7\/2026\/02\/nobodys-soldier-text.pdf\" target=\"_blank\" rel=\"noopener\">(Text)<\/a>\u00a0 \u00a0 \u00a0<a href=\"https:\/\/open.spotify.com\/track\/0UMGY9KzTESYGstyvypV6z?si=2f069fb307f241e5\">(Spotifyl\u00e4nk)<\/a><br \/>\n2. I&#8217;ll Be Waiting &#8211; <a href=\"https:\/\/rytmus.se\/wp-content\/uploads\/sites\/7\/2026\/02\/ill-be-waiting-plank-spets-a-dur-kortad.pdf\" target=\"_blank\" rel=\"noopener\">(Not A-dur)<\/a>\u00a0 \u00a0 \u00a0<a href=\"https:\/\/rytmus.se\/wp-content\/uploads\/sites\/7\/2026\/02\/ill-be-waiting-plank-spets-e-dur-kortad.pdf\" target=\"_blank\" rel=\"noopener\">(Not E-dur)<\/a>\u00a0 \u00a0 <a href=\"https:\/\/rytmus.se\/wp-content\/uploads\/sites\/7\/2026\/02\/ill-be-waiting-text.pdf\" target=\"_blank\" rel=\"noopener\">(Text)<\/a>\u00a0 \u00a0 \u00a0<a href=\"https:\/\/open.spotify.com\/track\/42Uw9frN5ZVX40mRU3hHFL?si=d471e8033c76495f\">(Spotifyl\u00e4nk)<\/a><br \/>\n3. Livin&#8217; On The Edge &#8211; <a href=\"https:\/\/rytmus.se\/wp-content\/uploads\/sites\/7\/2026\/02\/livin-on-the-edge-spets-kortad.pdf\" target=\"_blank\" rel=\"noopener\">(Not)<\/a>\u00a0 \u00a0 <a href=\"https:\/\/rytmus.se\/wp-content\/uploads\/sites\/7\/2026\/02\/livin-on-the-edge-text.pdf\" target=\"_blank\" rel=\"noopener\">(Text)<\/a>\u00a0 \u00a0 \u00a0<a href=\"https:\/\/open.spotify.com\/track\/6OZAcgTPxmjUTuiatU0Viq?si=309dbb3ba22d4cb8\">(Spotifyl\u00e4nk)<\/a><br \/>\n4. Cornflake Girl &#8211; <a href=\"https:\/\/rytmus.se\/wp-content\/uploads\/sites\/7\/2026\/02\/cornflake-girl-tori-amos-full-score.pdf\" target=\"_blank\" rel=\"noopener\">(Not)<\/a>\u00a0 \u00a0 <a href=\"https:\/\/rytmus.se\/wp-content\/uploads\/sites\/7\/2026\/02\/cornflake-girl-texttori-amos.pdf\" target=\"_blank\" rel=\"noopener\">(Text)<\/a>\u00a0 \u00a0 \u00a0<a href=\"https:\/\/open.spotify.com\/track\/1300POeOaj8qho30FRHjgf?si=9c1df75d2d404127\">(Spotifyl\u00e4nk)<\/a><\/i><strong><br \/>\n<\/strong><\/p>\n<hr data-start=\"232\" data-end=\"235\" \/>\n<h2><strong>Spets &#8211; L\u00e5tskrivare\/Artist<\/strong><\/h2>\n<p>Skriv en l\u00e5t med ackord och melodi till given text<\/p>\n<p><strong><a href=\"https:\/\/rytmus.se\/wp-content\/uploads\/sites\/7\/2026\/02\/1-text-till-latskrivarprov-sve.pdf\" target=\"_blank\" rel=\"noopener\">Text 1 &#8211; Svenska<\/a><\/strong><br \/>\n<strong><a href=\"https:\/\/rytmus.se\/wp-content\/uploads\/sites\/7\/2026\/02\/2-text-till-latskrivarprov-eng.pdf\" target=\"_blank\" rel=\"noopener\">Text 2 &#8211; Engelska<\/a><\/strong><\/p>\n<hr data-start=\"232\" data-end=\"235\" \/>\n<h2><strong>Spets &#8211; Musikproducent<\/strong><\/h2>\n<p>Skapa produktion till en given &#8221;topline&#8221;<\/p>\n<p><strong data-start=\"1087\" data-end=\"1119\"><a href=\"https:\/\/rytmus.se\/wp-content\/uploads\/sites\/7\/2026\/02\/topline-spets.wav\" target=\"_blank\" rel=\"noopener\">Topline<\/a><br \/>\n<a href=\"https:\/\/rytmus.se\/wp-content\/uploads\/sites\/7\/2026\/02\/topline-musikproduktion.pdf\" target=\"_blank\" rel=\"noopener\">Intruktionstext<\/a><\/strong><\/p>\n\n\t\t\t\t\t<\/div>\n\t\t\t\t\t\t\t<\/div>\n\t\t\n\t\t\n\t\n\t    \n\t\n\t<ul\n\t\tid=\"ams-faq-list-69d0c60810ad5\"\n\t\tclass=\"ams-faq__ac ams-accordion_module c-accordion js-results \"\n\t\taria-label=\"Vanliga fr\u00e5gor\"\n\t\tdata-variant=\"border-between\"\n\t\tdata-ajax-action=\"log_faq_view\"\n\t\tdata-ajax-url=\"https:\/\/rytmus.se\/malmo\/wp-admin\/admin-ajax.php\"\n\t\tdata-ajax-nonce=\"9d779c5b89\"\n\t\tdata-filter-animation=\"off\">\n\n\t\t\n\t\t\t\t\t\t\t\t\t\t\t\t\t\t\t\n\t\t\t\n\t\t\t<li data-ajax-id=\"1599\" class=\"c-accordion__item \"\n\t\t\tdata-filter=\"inso-fardighetstest muprod-fardighetstest musam siso-fardighetstest december-2022\"\n\t\t\t>\n\t\t\t\t<h3 class=\"c-accordion__header\">\n\t\t\t\t\t\t\t\t\t\t<button class=\"c-accordion__trigger u-py-sm u-px-fluid-md-xl u-font-title-4\">\n\t\t\t\t\t\t<span>F\u00f6r dig som s\u00f6ker flera inriktningar<\/span>\n\t\t\t\t\t\t<svg class=\"ams-icon ams-icon__arrow-down\" width=\"24\" height=\"24\" viewbox=\"0 0 24 24\" fill=\"currentColor\" aria-hidden=\"true\" xmlns=\"http:\/\/www.w3.org\/2000\/svg\">\n\t\t\t\t\t\t\t\t\t\t\t\t\t<path d=\"m11.2033 18.4294-10.872894-10.67584c-.440539-.42594-.440539-1.1147 0-1.54065l.665495-.64345c.440539-.42595 1.152899-.42595 1.593439 0l9.41066 9.27114 9.4107-9.26207c.4405-.42595 1.1529-.42595 1.5934 0l.6655.64345c.4405.42594.4405 1.1147 0 1.54065l-10.8729 10.67587c-.4405.4168-1.1529.4168-1.5934-.0091z\"\/>\n\t\t\t\t\t\n\t\t\t\t\t\t<\/svg>\n\t\t\t\t\t<\/button>\n\t\t\t\t<\/h3>\n\t\t\t\t<div class=\"c-accordion__body l-stack u-font-body\">\n\t\t\t\t\t<div class=\"c-accordion__body__inner u-p-fluid-md-xl l-stack\">\n\t\t\t\t\t\t<p><b>Om du s\u00f6ker flera grenar g\u00f6r du alla f\u00e4rdighetstester inf\u00f6r samma jury och under ett och samma test.<\/b><b><br \/>\n<\/b><span style=\"font-weight: 400\">Vi fokuserar p\u00e5 den gren du har angett som h\u00f6gsta prioritet.<br \/>\n<\/span><span style=\"font-weight: 400\"><br \/>\n<\/span> <span style=\"font-weight: 400\">Om du s\u00f6kt andra grenar (med l\u00e4gre prioritet) g\u00f6r du f\u00f6ljande moment f\u00f6r respektive s\u00f6kt gren.<\/span><span style=\"font-weight: 400\"><br \/>\n<\/span> <b>Musiker\/Artist <\/b><b>och<\/b> <b>Musik\/Samh\u00e4lle<\/b><b>:<\/b><span style=\"font-weight: 400\"> Spela en valfri l\u00e5t.<\/span><span style=\"font-weight: 400\"><br \/>\n<\/span> <b>L\u00e5tskrivare\/Artist<\/b><b>:<\/b><span style=\"font-weight: 400\"> Spela en egenskriven l\u00e5t.<\/span><span style=\"font-weight: 400\"><br \/>\n<\/span> <b>Musikproducent<\/b><b>:<\/b><span style=\"font-weight: 400\"> Spela upp en produktion du har gjort.<\/span><\/p>\n\n\t\t\t\t\t<\/div>\n\t\t\t\t<\/div>\n\t\t\t<\/li>\n\t\t\t<\/ul>\n\n\t<div class=\"no-results u-mt-0 u-hide\" data-filter-fallback-id=\"ams-faq-list-69d0c60810ad5\">\n\t<p>Det finns inga resultat som matchar din filtrering.<\/p>\n<\/div>\n\n\t\n\n\t\t\n\t\t\t<\/div>\n\n\t\t\n\n<\/section>\n\n\n\n\t<div class=\"module_wrapper ams_remote_pages_module \">\n\t\t\n<section \n\t\t class=\"\n\t\t ams-contact\n\t\t \n\t\t c-block l-stacked\n\t\t \n\t\t \n\t\t js-load-more\n\t\t \"\n\t\t data-color-scheme=\"bakgrund-hover-lankad-text\"\n\t\t\t\t\tdata-count=\"3\"\n\t\t\t\t\t\t\tdata-count-mobile=\"2\"\n\t\t\t\t>\n\t<div\n\t\t class=\"\n\t\t l-container\n\t\t l-stack l-stack-fluid-2xl\n\t\t u-pt-fluid-2xl-4xl\n\t\t u-pb-fluid-2xl-4xl\n\t\t is-center\n\t\t is-center@md\n\t\t \">\n\t\t\t\t\t<div class=\"ams-contact__intro l-stack l-stack-lg\">\n\t\t\t\t\t\n\t<h2\n\tclass=\"c-heading u-font-title-1 \"\n\tstyle=\"\">\n\t\t\n\t\t\t\t\tHar du fr\u00e5gor?\n\t\t\t\t\n\t<\/h2>\n\n\t\t\t\t\t\t\t\t\t<div class=\"c-text l-stack u-cs-xl u-font-body\">\n\t\t\t\t\t\t<p>Om du har fr\u00e5gor eller funderingar \u00e4r du varmt v\u00e4lkommen att kontakta oss.<\/p>\n\n\t\t\t\t\t<\/div>\n\t\t\t\t\t\t\t<\/div>\n\t\t\n\t\t\n\t\t    \t\n\t\t\n\t\t<ul\n\t\t\tid=\"contact-grid-69d0c6082d879\"\n\t\t\tclass=\"ams-contact__list l-grid u-gap-fluid-2xl-4xl u-justify-center js-results \"\n\t\t\taria-label=\"Kontakter\"\n\t\t\tdata-filter-animation=\"off\"\n\t\t\t>\n\t\t\t\t\t\t\t\t\t\t\t\n\t\t\t\t\n\t\t\t\t<li class=\"l-col-6@md l-col-4@lg \" data-filter=\"ledning\">\n\t\t\t\t\t<article class=\"c-card \" data-variant=\"neutral\">\n\t\t\t\t\t\t<div class=\"c-card__content u-text-center\">\n\t\t\t\t\t\t\t\t\t\t\t\t\t\t\t<h3 class=\"c-card__title u-font-title-3\">\n\t\t\t\t\t\t\t\t\tJosefin Knagg\n\t\t\t\t\t\t\t\t<\/h3>\n\t\t\t\t\t\t\t\n\t\t\t\t\t\t\t\t\t\t\t\t\t\t\t<p class=\"position u-font-body\">Rektor<\/p>\n\t\t\t\t\t\t\t\n\t\t\t\t\t\t\t\t\t\t\t\t\t\t\t<div class=\"contact-info u-font-body\">\n\t\t\t\t\t\t\t\t\t\t\t\t\t\t\t\t\t\t\t\t\t\t\t\t\t\t\t\t\t\t<p class=\"phone\"><a\n\t\t\t\t\t\t\t\t\t\t\t\t\thref=\"tel:040107282\"\n\t\t\t\t\t\t\t\t\t\t\t\t\tclass=\"u-text-link\">040-107 282 <\/a>\n\t\t\t\t\t\t\t\t\t\t\t<\/p>\n\t\t\t\t\t\t\t\t\t\t\t\t\t\t\t\t\t\t\t\n\t\t\t\t\t\t\t\t\t\t\t\t\t\t\t\t\t\t\t\t\t\t\t\t\t\t\t\t\t\t<p class=\"email\"><a\n\t\t\t\t\t\t\t\t\t\t\t\t\thref=\"m&#097;&#105;&#108;&#116;&#111;:jo&#115;efin.&#107;n&#097;&#103;g&#064;&#114;y&#116;&#109;&#117;&#115;.s&#101;\"\n\t\t\t\t\t\t\t\t\t\t\t\t\tclass=\"u-text-link\">&#106;&#111;&#115;e&#102;in&#046;k&#110;&#097;&#103;g&#064;&#114;ytmus&#046;se<\/a>\n\t\t\t\t\t\t\t\t\t\t\t<\/p>\n\t\t\t\t\t\t\t\t\t\t\t\t\t\t\t\t\t\t\t\t\t\t\t\t\t\t\t<\/div>\n\t\t\t\t\t\t\t\n\t\t\t\t\t\t\t\t\t\t\t\t\t<\/div>\n\t\t\t\t\t\t<div class=\"c-card__media\">\n\t\t\t\t\t\t\t\t\t\t\t\t\t\t\t\t\t\t\t\t\t\t\t\t\t\t\t\t\t\t\t\t\t\t\t\t\t\t\t\t\t\t\t\t\t\t\t\t\t<img decoding=\"async\" width=\"400\" height=\"267\" src=\"https:\/\/rytmus.se\/wp-content\/uploads\/sites\/7\/2022\/11\/josefin-knagg-scaled-400x267.jpg\" class=\"u-radius-square u-ratio-landscape  \" alt=\"Personalbild Josefin Knagg.\" sizes=\"(max-width: 300px) 100vw, 300px\" srcset=\"https:\/\/rytmus.se\/wp-content\/uploads\/sites\/7\/2022\/11\/josefin-knagg-scaled-400x267.jpg 400w, https:\/\/rytmus.se\/wp-content\/uploads\/sites\/7\/2022\/11\/josefin-knagg-scaled-300x200.jpg 300w, https:\/\/rytmus.se\/wp-content\/uploads\/sites\/7\/2022\/11\/josefin-knagg-scaled-600x400.jpg 600w, https:\/\/rytmus.se\/wp-content\/uploads\/sites\/7\/2022\/11\/josefin-knagg-scaled-800x533.jpg 800w, https:\/\/rytmus.se\/wp-content\/uploads\/sites\/7\/2022\/11\/josefin-knagg-scaled-1024x683.jpg 1024w, https:\/\/rytmus.se\/wp-content\/uploads\/sites\/7\/2022\/11\/josefin-knagg-scaled-1200x800.jpg 1200w\" \/>\n\t\t\t\t\t\t<\/div>\n\t\t\t\t\t<\/article>\n\t\t\t\t<\/li>\n\t\t\t\t\t<\/ul>\n\n\t\t\n\t\t    <div class=\"ams-contact__more u-inline-items js-load-more-btn\">\n        <button href=\"#\"\n                class=\"c-btn\"\n                data-style=\"square\"\n                data-size=\"md\"\n                data-width=\"full-mobile\"\n                data-variant=\"outline\">\n        \tVisa mer\n        <\/button>\n    <\/div>\n\n\t\t\t<\/div>\n\n\t\t\n\n\t<div class=\"c-overlay\" style=\"--overlay-bg: #F6F6F6;\"><\/div>\n<\/section>\n\t<\/div>\n\n\t","protected":false},"excerpt":{"rendered":"","protected":false},"author":22,"featured_media":0,"parent":7,"menu_order":0,"comment_status":"closed","ping_status":"closed","template":"","meta":{"footnotes":""},"yoast_head":"<!-- This site is optimized with the Yoast SEO plugin v22.0 - https:\/\/yoast.com\/wordpress\/plugins\/seo\/ -->\n<title>F\u00e4rdighetstest Estetisk Spets i Malm\u00f6 | Rytmus musikgymnasium<\/title>\n<meta name=\"description\" content=\"N\u00e4r du ans\u00f6ker till Rytmus blir du ocks\u00e5 kallad till ett f\u00e4rdighetstest. Ett tillf\u00e4lle d\u00e4r vi f\u00e5r tr\u00e4ffa dig och l\u00e4ra k\u00e4nna dig b\u00e4ttre.\" \/>\n<meta name=\"robots\" content=\"index, follow, max-snippet:-1, max-image-preview:large, max-video-preview:-1\" \/>\n<link rel=\"canonical\" href=\"https:\/\/rytmus.se\/malmo\/ansok\/filer-for-fardighetstest-spets\/\" \/>\n<meta property=\"og:locale\" content=\"sv_SE\" \/>\n<meta property=\"og:type\" content=\"article\" \/>\n<meta property=\"og:title\" content=\"F\u00e4rdighetstest Estetisk Spets i Malm\u00f6 | Rytmus musikgymnasium\" \/>\n<meta property=\"og:description\" content=\"N\u00e4r du ans\u00f6ker till Rytmus blir du ocks\u00e5 kallad till ett f\u00e4rdighetstest. Ett tillf\u00e4lle d\u00e4r vi f\u00e5r tr\u00e4ffa dig och l\u00e4ra k\u00e4nna dig b\u00e4ttre.\" \/>\n<meta property=\"og:url\" content=\"https:\/\/rytmus.se\/malmo\/ansok\/filer-for-fardighetstest-spets\/\" \/>\n<meta property=\"og:site_name\" content=\"Malm\u00f6\" \/>\n<meta property=\"article:modified_time\" content=\"2026-02-12T19:06:46+00:00\" \/>\n<meta name=\"twitter:card\" content=\"summary_large_image\" \/>\n<meta name=\"twitter:title\" content=\"F\u00e4rdighetstest Estetisk Spets i Malm\u00f6 | Rytmus musikgymnasium\" \/>\n<meta name=\"twitter:description\" content=\"N\u00e4r du ans\u00f6ker till Rytmus blir du ocks\u00e5 kallad till ett f\u00e4rdighetstest. Ett tillf\u00e4lle d\u00e4r vi f\u00e5r tr\u00e4ffa dig och l\u00e4ra k\u00e4nna dig b\u00e4ttre.\" \/>\n<meta name=\"twitter:label1\" content=\"Ber\u00e4knad l\u00e4stid\" \/>\n\t<meta name=\"twitter:data1\" content=\"2 minuter\" \/>\n<script type=\"application\/ld+json\" class=\"yoast-schema-graph\">{\"@context\":\"https:\/\/schema.org\",\"@graph\":[{\"@type\":\"WebPage\",\"@id\":\"https:\/\/rytmus.se\/malmo\/ansok\/filer-for-fardighetstest-spets\/\",\"url\":\"https:\/\/rytmus.se\/malmo\/ansok\/filer-for-fardighetstest-spets\/\",\"name\":\"F\u00e4rdighetstest Estetisk Spets i Malm\u00f6 | Rytmus musikgymnasium\",\"isPartOf\":{\"@id\":\"https:\/\/rytmus.se\/malmo\/#website\"},\"datePublished\":\"2026-02-11T13:05:43+00:00\",\"dateModified\":\"2026-02-12T19:06:46+00:00\",\"description\":\"N\u00e4r du ans\u00f6ker till Rytmus blir du ocks\u00e5 kallad till ett f\u00e4rdighetstest. Ett tillf\u00e4lle d\u00e4r vi f\u00e5r tr\u00e4ffa dig och l\u00e4ra k\u00e4nna dig b\u00e4ttre.\",\"breadcrumb\":{\"@id\":\"https:\/\/rytmus.se\/malmo\/ansok\/filer-for-fardighetstest-spets\/#breadcrumb\"},\"inLanguage\":\"sv-SE\",\"potentialAction\":[{\"@type\":\"ReadAction\",\"target\":[\"https:\/\/rytmus.se\/malmo\/ansok\/filer-for-fardighetstest-spets\/\"]}]},{\"@type\":\"BreadcrumbList\",\"@id\":\"https:\/\/rytmus.se\/malmo\/ansok\/filer-for-fardighetstest-spets\/#breadcrumb\",\"itemListElement\":[{\"@type\":\"ListItem\",\"position\":1,\"name\":\"Start\",\"item\":\"https:\/\/rytmus.se\/malmo\/\"},{\"@type\":\"ListItem\",\"position\":2,\"name\":\"Ans\u00f6k\",\"item\":\"https:\/\/rytmus.se\/malmo\/ansok\/\"},{\"@type\":\"ListItem\",\"position\":3,\"name\":\"Filer f\u00f6r f\u00e4rdighetstest Spets\"}]},{\"@type\":\"WebSite\",\"@id\":\"https:\/\/rytmus.se\/malmo\/#website\",\"url\":\"https:\/\/rytmus.se\/malmo\/\",\"name\":\"Malm\u00f6\",\"description\":\"MAKE | MUSIC | LIVE\",\"potentialAction\":[{\"@type\":\"SearchAction\",\"target\":{\"@type\":\"EntryPoint\",\"urlTemplate\":\"https:\/\/rytmus.se\/malmo\/?s={search_term_string}\"},\"query-input\":\"required name=search_term_string\"}],\"inLanguage\":\"sv-SE\"}]}<\/script>\n<!-- \/ Yoast SEO plugin. -->","yoast_head_json":{"title":"F\u00e4rdighetstest Estetisk Spets i Malm\u00f6 | Rytmus musikgymnasium","description":"N\u00e4r du ans\u00f6ker till Rytmus blir du ocks\u00e5 kallad till ett f\u00e4rdighetstest. Ett tillf\u00e4lle d\u00e4r vi f\u00e5r tr\u00e4ffa dig och l\u00e4ra k\u00e4nna dig b\u00e4ttre.","robots":{"index":"index","follow":"follow","max-snippet":"max-snippet:-1","max-image-preview":"max-image-preview:large","max-video-preview":"max-video-preview:-1"},"canonical":"https:\/\/rytmus.se\/malmo\/ansok\/filer-for-fardighetstest-spets\/","og_locale":"sv_SE","og_type":"article","og_title":"F\u00e4rdighetstest Estetisk Spets i Malm\u00f6 | Rytmus musikgymnasium","og_description":"N\u00e4r du ans\u00f6ker till Rytmus blir du ocks\u00e5 kallad till ett f\u00e4rdighetstest. Ett tillf\u00e4lle d\u00e4r vi f\u00e5r tr\u00e4ffa dig och l\u00e4ra k\u00e4nna dig b\u00e4ttre.","og_url":"https:\/\/rytmus.se\/malmo\/ansok\/filer-for-fardighetstest-spets\/","og_site_name":"Malm\u00f6","article_modified_time":"2026-02-12T19:06:46+00:00","twitter_card":"summary_large_image","twitter_title":"F\u00e4rdighetstest Estetisk Spets i Malm\u00f6 | Rytmus musikgymnasium","twitter_description":"N\u00e4r du ans\u00f6ker till Rytmus blir du ocks\u00e5 kallad till ett f\u00e4rdighetstest. Ett tillf\u00e4lle d\u00e4r vi f\u00e5r tr\u00e4ffa dig och l\u00e4ra k\u00e4nna dig b\u00e4ttre.","twitter_misc":{"Ber\u00e4knad l\u00e4stid":"2 minuter"},"schema":{"@context":"https:\/\/schema.org","@graph":[{"@type":"WebPage","@id":"https:\/\/rytmus.se\/malmo\/ansok\/filer-for-fardighetstest-spets\/","url":"https:\/\/rytmus.se\/malmo\/ansok\/filer-for-fardighetstest-spets\/","name":"F\u00e4rdighetstest Estetisk Spets i Malm\u00f6 | Rytmus musikgymnasium","isPartOf":{"@id":"https:\/\/rytmus.se\/malmo\/#website"},"datePublished":"2026-02-11T13:05:43+00:00","dateModified":"2026-02-12T19:06:46+00:00","description":"N\u00e4r du ans\u00f6ker till Rytmus blir du ocks\u00e5 kallad till ett f\u00e4rdighetstest. Ett tillf\u00e4lle d\u00e4r vi f\u00e5r tr\u00e4ffa dig och l\u00e4ra k\u00e4nna dig b\u00e4ttre.","breadcrumb":{"@id":"https:\/\/rytmus.se\/malmo\/ansok\/filer-for-fardighetstest-spets\/#breadcrumb"},"inLanguage":"sv-SE","potentialAction":[{"@type":"ReadAction","target":["https:\/\/rytmus.se\/malmo\/ansok\/filer-for-fardighetstest-spets\/"]}]},{"@type":"BreadcrumbList","@id":"https:\/\/rytmus.se\/malmo\/ansok\/filer-for-fardighetstest-spets\/#breadcrumb","itemListElement":[{"@type":"ListItem","position":1,"name":"Start","item":"https:\/\/rytmus.se\/malmo\/"},{"@type":"ListItem","position":2,"name":"Ans\u00f6k","item":"https:\/\/rytmus.se\/malmo\/ansok\/"},{"@type":"ListItem","position":3,"name":"Filer f\u00f6r f\u00e4rdighetstest Spets"}]},{"@type":"WebSite","@id":"https:\/\/rytmus.se\/malmo\/#website","url":"https:\/\/rytmus.se\/malmo\/","name":"Malm\u00f6","description":"MAKE | MUSIC | LIVE","potentialAction":[{"@type":"SearchAction","target":{"@type":"EntryPoint","urlTemplate":"https:\/\/rytmus.se\/malmo\/?s={search_term_string}"},"query-input":"required name=search_term_string"}],"inLanguage":"sv-SE"}]}},"_links":{"self":[{"href":"https:\/\/rytmus.se\/malmo\/wp-json\/wp\/v2\/pages\/2797"}],"collection":[{"href":"https:\/\/rytmus.se\/malmo\/wp-json\/wp\/v2\/pages"}],"about":[{"href":"https:\/\/rytmus.se\/malmo\/wp-json\/wp\/v2\/types\/page"}],"author":[{"embeddable":true,"href":"https:\/\/rytmus.se\/malmo\/wp-json\/wp\/v2\/users\/22"}],"replies":[{"embeddable":true,"href":"https:\/\/rytmus.se\/malmo\/wp-json\/wp\/v2\/comments?post=2797"}],"version-history":[{"count":10,"href":"https:\/\/rytmus.se\/malmo\/wp-json\/wp\/v2\/pages\/2797\/revisions"}],"predecessor-version":[{"id":2880,"href":"https:\/\/rytmus.se\/malmo\/wp-json\/wp\/v2\/pages\/2797\/revisions\/2880"}],"up":[{"embeddable":true,"href":"https:\/\/rytmus.se\/malmo\/wp-json\/wp\/v2\/pages\/7"}],"wp:attachment":[{"href":"https:\/\/rytmus.se\/malmo\/wp-json\/wp\/v2\/media?parent=2797"}],"curies":[{"name":"wp","href":"https:\/\/api.w.org\/{rel}","templated":true}]}}