{"id":27,"date":"2022-07-25T23:08:14","date_gmt":"2022-07-25T21:08:14","guid":{"rendered":"https:\/\/rytmus.se\/malmo\/?page_id=27"},"modified":"2024-06-10T14:09:53","modified_gmt":"2024-06-10T12:09:53","slug":"elevhalsa","status":"publish","type":"page","link":"https:\/\/rytmus.se\/malmo\/om-rytmus-malmo\/elevhalsa\/","title":{"rendered":"Elevh\u00e4lsa"},"content":{"rendered":"\n\n<section  class=\"ams-cta ams-cta--stacked c-block l-stacked\" data-color-scheme=\"white\">\n\t<div class=\"l-container l-stack l-stack-fluid-2xl u-pt-fluid-2xl-4xl u-pb-fluid-2xl-4xl is-center is-center@md\">\n\t\t\t\t\t<div class=\"ams-cta__intro l-stack l-stack-lg\">\n\t\t\t\t\t\n\t<h1\n\tclass=\"c-heading u-font-title-1 \"\n\tstyle=\"\">\n\t\t\n\t\t\t\t\tElevh\u00e4lsa\n\t\t\t\t\n\t<\/h1>\n\n\t\t\t\t\t\t\t\t\t<div class=\"c-text l-stack u-cs-xl u-font-body\">\n\t\t\t\t\t\t<p><span style=\"font-weight: 400;\">F\u00f6r oss \u00e4r det viktigt att skapa en trygg och motiverande skolmilj\u00f6 f\u00f6r att v\u00e5ra elever ska ha f\u00f6ruts\u00e4ttningar att n\u00e5 s\u00e5 l\u00e5ngt som m\u00f6jligt och ha modet att utvecklas &#8211; b\u00e5de som m\u00e4nniska, akademiskt och musikaliskt.<\/span><\/p>\n\n\t\t\t\t\t<\/div>\n\t\t\t\t\t\t\t<\/div>\n\t\t\n\t\t\n\t\t\t<\/div>\n\n\t\t\n\n<\/section>\n\n\n\n\t\n\t\n\t\n\n\t\n\t\n\t\t\n<section  class=\"c-block l-stacked  \" data-color-scheme=\"gra-ljus\">\n\t<div class=\"ams-fifty ams-fifty--container ams-fifty--left ams-fifty--top l-container u-pt-fluid-3xl-6xl u-pb-fluid-3xl-6xl\">\n\t\t<div class=\"ams-fifty__content l-stack l-stack-xl is-left is-left@lg\">\n\t\t\t<div class=\"ams-fifty__text l-stack l-stack-lg\">\n\t\t\t\t\t\n\t<h2\n\tclass=\"c-heading u-font-title-1 \"\n\tstyle=\"\">\n\t\t\n\t\t\t\t\tV\u00e5r elevh\u00e4lsa\n\t\t\t\t\n\t<\/h2>\n\n\t\t\t\t\t\t\t\t\t<div class=\"text l-stack u-font-body\">\n\t\t\t\t\t\t<p>Elevh\u00e4lsoteamets fr\u00e4msta uppgift \u00e4r att arbeta fr\u00e4mjande och f\u00f6rebyggande tillsammans med hela skolans personal f\u00f6r att st\u00f6dja elevernas utveckling mot utbildningens m\u00e5l.<\/p>\n<p>I v\u00e5rt elevh\u00e4lsoteam ing\u00e5r specialpedagog, studie- och yrkesv\u00e4gledare, skolsk\u00f6terska, kurator, skoll\u00e4kare, skolpsykolog, bitr\u00e4dande rektor och rektor. Elevh\u00e4lsoteamets gemensamma kompetens arbetar bland annat med specialpedagogiska insatser, h\u00e4lsosamtal, v\u00e4gledning och motivation f\u00f6r p\u00e5g\u00e5ende och framtida studier.<\/p>\n<p>Varje vecka har skolan studiepass som \u00e4r till f\u00f6r elever som beh\u00f6ver extra st\u00f6d och hj\u00e4lp med sina studier. Hit kan man komma om man beh\u00f6ver extra tid till en uppgift eller f\u00e5 hj\u00e4lp med ytterligare f\u00f6rklaring.<\/p>\n<p>Alla l\u00e4rare \u00e4r ocks\u00e5 mentorer och tr\u00e4ffar sina elever varje vecka. H\u00e4r arbetar man till exempel med studiestrategier, planering och struktur f\u00f6r att ta sig an undervisningen.<\/p>\n\n\t\t\t\t\t<\/div>\n\t\t\t\t\t\t\t<\/div>\n\n\t\t\t\t\t<\/div>\n\n\t\t <div class=\"ams-fifty__media u-ratio-square\">\n\t\t \t\t\t\t\t<img decoding=\"async\" width=\"600\" height=\"600\" src=\"https:\/\/rytmus.se\/wp-content\/uploads\/sites\/7\/2024\/06\/rytmusmusikstudio052022-600x600.jpg\" class=\"attachment-md size-md\" alt=\"Tjej vid trumset ler mot kameran.\" sizes=\"(min-width: 64em) 600px, calc(100vw - 160px)\" srcset=\"https:\/\/rytmus.se\/wp-content\/uploads\/sites\/7\/2024\/06\/rytmusmusikstudio052022-600x600.jpg 600w, https:\/\/rytmus.se\/wp-content\/uploads\/sites\/7\/2024\/06\/rytmusmusikstudio052022-150x150.jpg 150w, https:\/\/rytmus.se\/wp-content\/uploads\/sites\/7\/2024\/06\/rytmusmusikstudio052022-300x300.jpg 300w, https:\/\/rytmus.se\/wp-content\/uploads\/sites\/7\/2024\/06\/rytmusmusikstudio052022-400x400.jpg 400w, https:\/\/rytmus.se\/wp-content\/uploads\/sites\/7\/2024\/06\/rytmusmusikstudio052022-800x800.jpg 800w, https:\/\/rytmus.se\/wp-content\/uploads\/sites\/7\/2024\/06\/rytmusmusikstudio052022-1024x1024.jpg 1024w, https:\/\/rytmus.se\/wp-content\/uploads\/sites\/7\/2024\/06\/rytmusmusikstudio052022.jpg 1080w\" \/>\n\t\t\t\n\t\t\t\n\t\t\t\t\t<\/div>\n\t<\/div>\n\n\t\t\n\n<\/section>\n\n\n\n\n<section  class=\"ams-cta ams-cta--stacked c-block l-stacked\" data-color-scheme=\"white\">\n\t<div class=\"l-container l-stack l-stack-fluid-2xl u-pt-fluid-2xl-4xl u-pb-fluid-2xl-4xl is-center is-center@md\">\n\t\t\t\t\t<div class=\"ams-cta__intro l-stack l-stack-lg\">\n\t\t\t\t\t\n\t<h2\n\tclass=\"c-heading u-font-title-1 \"\n\tstyle=\"\">\n\t\t\n\t\t\t\t\tKontakta v\u00e5rt elevh\u00e4lsoteam\n\t\t\t\t\n\t<\/h2>\n\n\t\t\t\t\t\t\t\t\t<div class=\"c-text l-stack u-cs-xl u-font-body\">\n\t\t\t\t\t\t<p>Har du inte f\u00e5tt svar p\u00e5 alla dina fr\u00e5gor? D\u00e5 \u00e4r du v\u00e4lkommen att kontakta v\u00e5rt elevh\u00e4lsoteam. Kontaktuppgifterna hittar du via knappen nedan.<\/p>\n\n\t\t\t\t\t<\/div>\n\t\t\t\t\t\t\t<\/div>\n\t\t\n\t\t\n\t\t\t<div class=\"ams-cta__action u-inline-items\">\n\t\t\t\t\t\t\t\n\n\n<a href=\"https:\/\/rytmus.se\/malmo\/kontakt\/\"\n\t\n\tclass=\"c-btn \"\n\tdata-style=\"square\"\n\tdata-size=\"md\"\n\tdata-width=\"full-mobile\"\n\tdata-variant=\"default\"\n\ttarget=\"_self\">\n\t\t\t<span class=\"label\"> Kontakta oss<\/span>\n\t\t\t<\/a>\n\t\t\t<\/div>\n\t<\/div>\n\n\t\t\n\n<\/section>\n","protected":false},"excerpt":{"rendered":"","protected":false},"author":1,"featured_media":0,"parent":19,"menu_order":0,"comment_status":"closed","ping_status":"closed","template":"","meta":{"footnotes":""},"yoast_head":"<!-- This site is optimized with the Yoast SEO plugin v22.0 - https:\/\/yoast.com\/wordpress\/plugins\/seo\/ -->\n<title>Elevh\u00e4lsa p\u00e5 Rytmus musikgymnasium Malm\u00f6<\/title>\n<meta name=\"description\" content=\"F\u00f6r oss \u00e4r det viktigt att skapa en trygg och motiverande skolmilj\u00f6 f\u00f6r att v\u00e5ra elever ska ha f\u00f6ruts\u00e4ttningar att n\u00e5 s\u00e5 l\u00e5ngt som m\u00f6jligt.\" \/>\n<meta name=\"robots\" content=\"index, follow, max-snippet:-1, max-image-preview:large, max-video-preview:-1\" \/>\n<link rel=\"canonical\" href=\"https:\/\/rytmus.se\/malmo\/om-rytmus-malmo\/elevhalsa\/\" \/>\n<meta property=\"og:locale\" content=\"sv_SE\" \/>\n<meta property=\"og:type\" content=\"article\" \/>\n<meta property=\"og:title\" content=\"Elevh\u00e4lsa p\u00e5 Rytmus musikgymnasium Malm\u00f6\" \/>\n<meta property=\"og:description\" content=\"F\u00f6r oss \u00e4r det viktigt att skapa en trygg och motiverande skolmilj\u00f6 f\u00f6r att v\u00e5ra elever ska ha f\u00f6ruts\u00e4ttningar att n\u00e5 s\u00e5 l\u00e5ngt som m\u00f6jligt.\" \/>\n<meta property=\"og:url\" content=\"https:\/\/rytmus.se\/malmo\/om-rytmus-malmo\/elevhalsa\/\" \/>\n<meta property=\"og:site_name\" content=\"Malm\u00f6\" \/>\n<meta property=\"article:modified_time\" content=\"2024-06-10T12:09:53+00:00\" \/>\n<meta name=\"twitter:card\" content=\"summary_large_image\" \/>\n<meta name=\"twitter:title\" content=\"Elevh\u00e4lsa p\u00e5 Rytmus musikgymnasium Malm\u00f6\" \/>\n<meta name=\"twitter:description\" content=\"F\u00f6r oss \u00e4r det viktigt att skapa en trygg och motiverande skolmilj\u00f6 f\u00f6r att v\u00e5ra elever ska ha f\u00f6ruts\u00e4ttningar att n\u00e5 s\u00e5 l\u00e5ngt som m\u00f6jligt.\" \/>\n<meta name=\"twitter:label1\" content=\"Ber\u00e4knad l\u00e4stid\" \/>\n\t<meta name=\"twitter:data1\" content=\"1 minut\" \/>\n<script type=\"application\/ld+json\" class=\"yoast-schema-graph\">{\"@context\":\"https:\/\/schema.org\",\"@graph\":[{\"@type\":\"WebPage\",\"@id\":\"https:\/\/rytmus.se\/malmo\/om-rytmus-malmo\/elevhalsa\/\",\"url\":\"https:\/\/rytmus.se\/malmo\/om-rytmus-malmo\/elevhalsa\/\",\"name\":\"Elevh\u00e4lsa p\u00e5 Rytmus musikgymnasium Malm\u00f6\",\"isPartOf\":{\"@id\":\"https:\/\/rytmus.se\/malmo\/#website\"},\"datePublished\":\"2022-07-25T21:08:14+00:00\",\"dateModified\":\"2024-06-10T12:09:53+00:00\",\"description\":\"F\u00f6r oss \u00e4r det viktigt att skapa en trygg och motiverande skolmilj\u00f6 f\u00f6r att v\u00e5ra elever ska ha f\u00f6ruts\u00e4ttningar att n\u00e5 s\u00e5 l\u00e5ngt som m\u00f6jligt.\",\"breadcrumb\":{\"@id\":\"https:\/\/rytmus.se\/malmo\/om-rytmus-malmo\/elevhalsa\/#breadcrumb\"},\"inLanguage\":\"sv-SE\",\"potentialAction\":[{\"@type\":\"ReadAction\",\"target\":[\"https:\/\/rytmus.se\/malmo\/om-rytmus-malmo\/elevhalsa\/\"]}]},{\"@type\":\"BreadcrumbList\",\"@id\":\"https:\/\/rytmus.se\/malmo\/om-rytmus-malmo\/elevhalsa\/#breadcrumb\",\"itemListElement\":[{\"@type\":\"ListItem\",\"position\":1,\"name\":\"Start\",\"item\":\"https:\/\/rytmus.se\/malmo\/\"},{\"@type\":\"ListItem\",\"position\":2,\"name\":\"Om Rytmus Malm\u00f6\",\"item\":\"https:\/\/rytmus.se\/malmo\/om-rytmus-malmo\/\"},{\"@type\":\"ListItem\",\"position\":3,\"name\":\"Elevh\u00e4lsa\"}]},{\"@type\":\"WebSite\",\"@id\":\"https:\/\/rytmus.se\/malmo\/#website\",\"url\":\"https:\/\/rytmus.se\/malmo\/\",\"name\":\"Malm\u00f6\",\"description\":\"MAKE | MUSIC | LIVE\",\"potentialAction\":[{\"@type\":\"SearchAction\",\"target\":{\"@type\":\"EntryPoint\",\"urlTemplate\":\"https:\/\/rytmus.se\/malmo\/?s={search_term_string}\"},\"query-input\":\"required name=search_term_string\"}],\"inLanguage\":\"sv-SE\"}]}<\/script>\n<!-- \/ Yoast SEO plugin. -->","yoast_head_json":{"title":"Elevh\u00e4lsa p\u00e5 Rytmus musikgymnasium Malm\u00f6","description":"F\u00f6r oss \u00e4r det viktigt att skapa en trygg och motiverande skolmilj\u00f6 f\u00f6r att v\u00e5ra elever ska ha f\u00f6ruts\u00e4ttningar att n\u00e5 s\u00e5 l\u00e5ngt som m\u00f6jligt.","robots":{"index":"index","follow":"follow","max-snippet":"max-snippet:-1","max-image-preview":"max-image-preview:large","max-video-preview":"max-video-preview:-1"},"canonical":"https:\/\/rytmus.se\/malmo\/om-rytmus-malmo\/elevhalsa\/","og_locale":"sv_SE","og_type":"article","og_title":"Elevh\u00e4lsa p\u00e5 Rytmus musikgymnasium Malm\u00f6","og_description":"F\u00f6r oss \u00e4r det viktigt att skapa en trygg och motiverande skolmilj\u00f6 f\u00f6r att v\u00e5ra elever ska ha f\u00f6ruts\u00e4ttningar att n\u00e5 s\u00e5 l\u00e5ngt som m\u00f6jligt.","og_url":"https:\/\/rytmus.se\/malmo\/om-rytmus-malmo\/elevhalsa\/","og_site_name":"Malm\u00f6","article_modified_time":"2024-06-10T12:09:53+00:00","twitter_card":"summary_large_image","twitter_title":"Elevh\u00e4lsa p\u00e5 Rytmus musikgymnasium Malm\u00f6","twitter_description":"F\u00f6r oss \u00e4r det viktigt att skapa en trygg och motiverande skolmilj\u00f6 f\u00f6r att v\u00e5ra elever ska ha f\u00f6ruts\u00e4ttningar att n\u00e5 s\u00e5 l\u00e5ngt som m\u00f6jligt.","twitter_misc":{"Ber\u00e4knad l\u00e4stid":"1 minut"},"schema":{"@context":"https:\/\/schema.org","@graph":[{"@type":"WebPage","@id":"https:\/\/rytmus.se\/malmo\/om-rytmus-malmo\/elevhalsa\/","url":"https:\/\/rytmus.se\/malmo\/om-rytmus-malmo\/elevhalsa\/","name":"Elevh\u00e4lsa p\u00e5 Rytmus musikgymnasium Malm\u00f6","isPartOf":{"@id":"https:\/\/rytmus.se\/malmo\/#website"},"datePublished":"2022-07-25T21:08:14+00:00","dateModified":"2024-06-10T12:09:53+00:00","description":"F\u00f6r oss \u00e4r det viktigt att skapa en trygg och motiverande skolmilj\u00f6 f\u00f6r att v\u00e5ra elever ska ha f\u00f6ruts\u00e4ttningar att n\u00e5 s\u00e5 l\u00e5ngt som m\u00f6jligt.","breadcrumb":{"@id":"https:\/\/rytmus.se\/malmo\/om-rytmus-malmo\/elevhalsa\/#breadcrumb"},"inLanguage":"sv-SE","potentialAction":[{"@type":"ReadAction","target":["https:\/\/rytmus.se\/malmo\/om-rytmus-malmo\/elevhalsa\/"]}]},{"@type":"BreadcrumbList","@id":"https:\/\/rytmus.se\/malmo\/om-rytmus-malmo\/elevhalsa\/#breadcrumb","itemListElement":[{"@type":"ListItem","position":1,"name":"Start","item":"https:\/\/rytmus.se\/malmo\/"},{"@type":"ListItem","position":2,"name":"Om Rytmus Malm\u00f6","item":"https:\/\/rytmus.se\/malmo\/om-rytmus-malmo\/"},{"@type":"ListItem","position":3,"name":"Elevh\u00e4lsa"}]},{"@type":"WebSite","@id":"https:\/\/rytmus.se\/malmo\/#website","url":"https:\/\/rytmus.se\/malmo\/","name":"Malm\u00f6","description":"MAKE | MUSIC | LIVE","potentialAction":[{"@type":"SearchAction","target":{"@type":"EntryPoint","urlTemplate":"https:\/\/rytmus.se\/malmo\/?s={search_term_string}"},"query-input":"required name=search_term_string"}],"inLanguage":"sv-SE"}]}},"_links":{"self":[{"href":"https:\/\/rytmus.se\/malmo\/wp-json\/wp\/v2\/pages\/27"}],"collection":[{"href":"https:\/\/rytmus.se\/malmo\/wp-json\/wp\/v2\/pages"}],"about":[{"href":"https:\/\/rytmus.se\/malmo\/wp-json\/wp\/v2\/types\/page"}],"author":[{"embeddable":true,"href":"https:\/\/rytmus.se\/malmo\/wp-json\/wp\/v2\/users\/1"}],"replies":[{"embeddable":true,"href":"https:\/\/rytmus.se\/malmo\/wp-json\/wp\/v2\/comments?post=27"}],"version-history":[{"count":10,"href":"https:\/\/rytmus.se\/malmo\/wp-json\/wp\/v2\/pages\/27\/revisions"}],"predecessor-version":[{"id":2325,"href":"https:\/\/rytmus.se\/malmo\/wp-json\/wp\/v2\/pages\/27\/revisions\/2325"}],"up":[{"embeddable":true,"href":"https:\/\/rytmus.se\/malmo\/wp-json\/wp\/v2\/pages\/19"}],"wp:attachment":[{"href":"https:\/\/rytmus.se\/malmo\/wp-json\/wp\/v2\/media?parent=27"}],"curies":[{"name":"wp","href":"https:\/\/api.w.org\/{rel}","templated":true}]}}