{"id":21,"date":"2022-07-25T23:07:08","date_gmt":"2022-07-25T21:07:08","guid":{"rendered":"https:\/\/rytmus.se\/malmo\/?page_id=21"},"modified":"2026-04-13T10:15:26","modified_gmt":"2026-04-13T08:15:26","slug":"live-night","status":"publish","type":"page","link":"https:\/\/rytmus.se\/malmo\/om-rytmus-malmo\/live-night\/","title":{"rendered":"Live Night"},"content":{"rendered":"\n<style>\n\n\t@media only screen and (max-width: 1100px) {\n\t\t.header_five .hero__img-overlay,\n\t\t.header_six .hero__img-overlay {\n\t\t\tbackground-repeat: no-repeat;\n\t\t\tbackground-attachment: fixed;\n\t\t\tbackground-position: center top;\n\t\t}\n\t}\n\n\/* module_wrapper\nmodule-expand *\/\n<\/style>\n<section class=\"entry-header header-mod module_wrapper header_one half_height\" >\n\t<div role=\"banner\" arial-label=\"Hero Banner\"   class=\"ams_hero variant_two  site__secondary-bg--13  \" style=\"background-image:url();\">\n\t\t\n\t\t<div class=\"hero__img-overlay\">\n\t\t\t\t\t\t\t\t\t\t\t\t\n\t\t\t\t\t<picture aria-label=\"Image Banner\" id=\"hero-picture\">\n\t\t\t\t\t\t\t\t\t\t\t<img decoding=\"async\" src=\"https:\/\/rytmus.se\/wp-content\/uploads\/sites\/7\/2026\/03\/livenight-600x600-1.jpg\" class=\"hero__bg \" alt=\"\" srcset=\"https:\/\/rytmus.se\/wp-content\/uploads\/sites\/7\/2026\/03\/livenight-600x600-1.jpg 444w, https:\/\/rytmus.se\/wp-content\/uploads\/sites\/7\/2026\/03\/livenight-600x600-1-300x231.jpg 300w, https:\/\/rytmus.se\/wp-content\/uploads\/sites\/7\/2026\/03\/livenight-600x600-1-400x308.jpg 400w\" sizes=\"(max-width: 444px) 100vw, 444px\" \/>\n\t\t\t\t\t\t\n\t\t\t\t\t\t\t\t\t\t\t<\/picture>\n\t\t\t\t\t\t\t\t\n\t\t\t<div class=\"hero__overlay--school\"><\/div>\n\t\t<\/div>\n\n\t\t\t\t<div class=\"container_width--full_width_conIcon  container-full noblaskolan d-md-block \">\n\t\t\t<div class=\"hero_text_wrapper  cpt-60 noblaskolan-border-6\" style=\"border-color:#272727;\">\n\t\t\t\t<div   class=\"hero_text module-expand\">\n\t\t\t\t\t\t\t\t\t\t\t\t\t\t\t\t\t\t<h1   class=\"heading site__heading-size-1  site__text-color \">\n\t\t\t\t\t\t\t\t<span class=\"highlight  site__cta-color--100 \">Live Night<\/span>\t\t\t\t\t\t\t\t<div tabindex=\"0.01\" class=\"site__subheading-1 font-weight-normal  site__text-color  mb-3 mb-md-4\">\n\t\t\t\t\t\t\t\t\t\t\t\t\t\t\t\t\t<\/div>\n\t\t\t\t\t\t\t<\/h1>\n\t\t\t\t\t\t\t\t\t\t\t\t\t\t\t\t\t\t\t\n\n\t\t\t\t\t\t\t\t\t\t\t\t\t<div class=\"hero__school-intro  site__text-color--dark  cmb-50\">\n\t\t\t\t\t\t\t\t<div   class=\"anchor_classes_div\" data-cta=\" nostyle site__a_cta \"\n\t\t\t\t\t\t\t\t\t\tdata-theme=\" nostyle site__a_text \"\n\t\t\t\t\t\t\t\t\t\tdata-darklight=\" nostyle site__a_dark \">\n\t\t\t\t\t\t\t\t\t<p style=\"text-align: center;\">Upplev Rytmus fantastiska musikfestival <strong data-start=\"40\" data-end=\"54\">Live Night<\/strong> onsdagen den 6 maj kl. 18:00 (d\u00f6rrarna \u00f6ppnar 17:30) p\u00e5 Plan B \u2013 en festival helt skapad och arrangerad av v\u00e5ra elever.<\/p>\n\t\t\t\t\t\t\t\t<\/div>\n\t\t\t\t\t\t\t<\/div>\n\t\t\t\t\t\t\n\t\t\t\t\t\t<p   class=\"lead\">\n\t\t\t\t\t\t\t\n\t\t\t\t\t\t\t\t\t\t\t\t\t<\/p>\n\n\t\t\t\t\t\t<div class=\"hero__space\"><\/div>\n\n\t\t\t\t<\/div>\n\t\t\t<\/div>\n\n\t\t\t\t\t<\/div>\n\n\t\t\t\t\t<div class=\"hero__school-inner-overlay  site__secondary-bg--13  filter_opacity\" style=\"opacity:1\"><\/div>\n\t\t\t<\/div>\n<\/section><!-- .entry-header -->\n\n\n\n<div style=\"height:30px\" aria-hidden=\"true\" class=\"wp-block-spacer\"><\/div>\n\n\n\n<h2 class=\"wp-block-heading has-text-align-left\">Om Live Night<\/h2>\n\n\n\n<p><strong>I \u00e5rskurs tre g\u00f6r eleverna p\u00e5 Rytmus en musikfestival som heter Live Night. H\u00e4r f\u00e5r de anv\u00e4ndning av allt de l\u00e4rt sig under \u00e5ren genom att skapa en egen akt med precis den musik som de brinner f\u00f6r.<\/strong><\/p>\n\n\n\n<p>Under Live Night \u00e4r eleverna inte bara artister utan \u00e4ven arrang\u00f6rer. Musikproducenteleverna driver scenproduktionen och ansvarar f\u00f6r ljud och ljus p\u00e5 scen. Eleverna ansvarar ocks\u00e5 f\u00f6r marknadsf\u00f6ringen. De producerar allt fr\u00e5n crewtr\u00f6jor, affischer och VIP-kort till livestreaming, scengrafik, foto och film. Musikfestivalen och alla f\u00f6rberedelser inf\u00f6r den ger eleverna praktisk tr\u00e4ning i entrepren\u00f6rskap, arrangemang och liveupptr\u00e4danden.<\/p>\n\n\n\n<h3 class=\"wp-block-heading\">Biljetter och information<\/h3>\n\n\n\n<p>Alla \u00e4r varmt v\u00e4lkomna att delta! Biljetter k\u00f6ps <a href=\"https:\/\/billetto.se\/e\/livenight-rytmus-malmo-biljetter-1882971?utm_campaign=5051430&amp;utm_content=1882971&amp;utm_medium=livenight2026&amp;utm_source=affiliates\">h\u00e4r<\/a>.<\/p>\n\n\n\n<p>Vi har tidigare haft fri entr\u00e9 f\u00f6r alla elever som bes\u00f6kt oss i samband med f\u00e4rdighetstest, och planerar att erbjuda samma uppl\u00e4gg i \u00e5r. De som har genomf\u00f6rt f\u00e4rdighetstest kommer d\u00e5 att kunna anv\u00e4nda sitt sparade \u201cpass\u201d fr\u00e5n antagningsprovet som entr\u00e9.<\/p>\n\n\n\n<p>F\u00f6r s\u00f6kande som inte har gjort f\u00e4rdighetstest men \u00e4nd\u00e5 vill delta finns m\u00f6jlighet att ordna fribiljetter.<\/p>\n\n\n\n\t<div class=\"module_wrapper ams_remote_pages_module \">\n\t\t\t\t\t\t\t<div class=\"container core-columns\">\n\t\t\t\t\t\t<div class=\"row\">\n\t\t\t\t\t\t\t<div class=\"col-12\">\n\t\t\t\t\t\t\t\t\n<div class=\"wp-block-columns is-layout-flex wp-container-core-columns-layout-1 wp-block-columns-is-layout-flex\">\n<div class=\"wp-block-column is-layout-flow wp-block-column-is-layout-flow\">\n\t<style>\n\t\t.inner {\n\n\t\t\tmargin: 0 auto;\n\n\n\t\t}\n\t<\/style>\n\t<div\n\t\t class=\"container images-module\" >\n\t\t<div class=\"row images_module__slideshow\">\n\n\t\t\t<div\n\t\t\t\t\tclass=\"col-md-12 p-0 position-relative images_module__slideshow images_module__slideshow-container  \">\n\t\t\t\t<div class=\"images_module__slide\" data-slide=\"\"\n\t\t\t\t\t data-duration=\"\"><\/div>\n\t\t\t\t\t\t\t\t\t<div\n\t\t\t\t\t\t class=\"images_module__slides\n\n\t\t\t\t\t   \"\n\t\t\t\t\t>\n\n\t\t\t\t\t\t<div class=\"images__wrapper\" style=\"aspect-ratio: 851 \/ 851;\">\n\t\t\t\t\t\t\t<img decoding=\"async\" width=\"1080\" height=\"1080\" src=\"https:\/\/rytmus.se\/wp-content\/uploads\/2022\/10\/rytmus-live-night-citat.jpg\" class=\"images__image_ratio  \" alt=\"F\u00f6redetta Rytmuselev p\u00e5 scen.\" style=\"aspect-ratio: 851 \/ 851;object-position: center center;\" srcset=\"https:\/\/rytmus.se\/wp-content\/uploads\/2022\/10\/rytmus-live-night-citat.jpg 1080w, https:\/\/rytmus.se\/wp-content\/uploads\/2022\/10\/rytmus-live-night-citat-150x150.jpg 150w, https:\/\/rytmus.se\/wp-content\/uploads\/2022\/10\/rytmus-live-night-citat-300x300.jpg 300w, https:\/\/rytmus.se\/wp-content\/uploads\/2022\/10\/rytmus-live-night-citat-400x400.jpg 400w, https:\/\/rytmus.se\/wp-content\/uploads\/2022\/10\/rytmus-live-night-citat-600x600.jpg 600w, https:\/\/rytmus.se\/wp-content\/uploads\/2022\/10\/rytmus-live-night-citat-800x800.jpg 800w, https:\/\/rytmus.se\/wp-content\/uploads\/2022\/10\/rytmus-live-night-citat-1024x1024.jpg 1024w\" sizes=\"(max-width: 1080px) 100vw, 1080px\" \/>\t\t\t\t\t\t<\/div>\n\t\t\t\t\t\t\n\n\t\t\t\t\t\t\t\t\t\t\t<\/div>\n\t\t\t\t\n\t\t\t\t<div class=\"images_module__container_dot\">\n\t\t\t\t\t<div style=\"text-align:center\">\n\n\n\t\t\t\t\t\t\t\t\t\t\t\t\t<span   data-i=\"0\"\n\t\t\t\t\t\t\t\t  class=\"\n\t\t\t\t\t\t\timages_module__dot\n\t\t\t\t\t\t\t\t\t\t\t\t\t\t\"\n\t\t\t\t\t\t\t><\/span>\n\t\t\t\t\t\t\t\t\t\t\t<\/div>\n\t\t\t\t<\/div>\n\n\n\t\t\t<\/div>\n\t\t<\/div>\n\t<\/div>\n\n\t\n\n\n<script>\n\tvar images_display_descriptive_text = \"\";\n<\/script>\n<\/div>\n\n\n\n<div class=\"wp-block-column is-vertically-aligned-center is-layout-flow wp-block-column-is-layout-flow\">\n\n<section  class=\"ams-quote c-block l-stacked\" data-color-scheme=\"bakgrund-hover-standard\">\n\t<div class=\"l-container l-stack l-stack-fluid-2xl u-pt-fluid-3xl-6xl u-pb-fluid-3xl-6xl is-center is-center@md\">\n\t\t\n\t\t\t\t\t<ul class=\"ams-quote__list l-grid u-gap-fluid-2xl-4xl u-justify-center\" aria-label=\"Citat\">\n\t\t\t<li class=\"l-col-12@md\">\n\t\t\t<article class=\"c-card\" data-variant=\"quote\" >\n\t\t\t\t<div class=\"c-card__content l-stack u-text-left\">\n\t\t\t\t\t\t\t\t\t\t\t<blockquote class=\"c-card__title u-font-preamble\">\n\t\t\t\t\t\t\t\t\t\t\t\t\t\t\t<p>&#8221;Live Night \u00e4r verkligen det stora under gymnasietiden, att man fick g\u00f6ra sin egna akt och st\u00e5 p\u00e5 egna ben. Det var ocks\u00e5 v\u00e4ldigt roligt och utvecklande att man fick arrangera festivalen tillsammans med sina klasskamrater&#8221;<\/p>\n\t\t\t\t\t\t\t\t\t\t\t\t\t<\/blockquote>\n\t\t\t\t\t\n\t\t\t\t\t\t\t\t\t\t\t<p class=\"c-card__text\">\n\t\t\t\t\t\t\t<span class=\"author u-font-body\">Amanda<\/span>\n\t\t\t\t\t\t\t<span class=\"title u-font-body\">Rytmus alumn<\/span>\n\t\t\t\t\t\t<\/p>\n\t\t\t\t\t\t\t\t\t<\/div>\n\n\t\t\t\t\t\t\t<\/article>\n\t\t<\/li>\n\t<\/ul>\n\t\n\t\t\t<\/div>\n\n\t\t\n\n<\/section>\n<\/div>\n<\/div>\n\t\t\t\t\t\t\t<\/div>\n\t\t\t\t\t\t<\/div>\n\t\t\t\t\t<\/div>\n\t\t\t\t\t\t<\/div>\n\n\t\n\n\n\n<section  class=\"ams-info-card c-block l-stacked\" data-color-scheme=\"standard\">\n\t<div class=\"l-container l-stack l-stack-fluid-2xl u-pt-fluid-md-xl u-pb-fluid-md-xl is-center is-center@md\">\n\t\t\t\t\t<div class=\"ams-info-card__intro l-stack l-stack-lg\">\n\t\t\t\t\t\n\t<h2\n\tclass=\"c-heading u-font-title-1 \"\n\tstyle=\"\">\n\t\t\n\t\t\t\t\tLive Night &#8211; step by step\n\t\t\t\t\n\t<\/h2>\n\n\t\t\t\t\t\t\t<\/div>\n\t\t\n\t\t\t\t\t\n<ul class=\"ams-info-card__list l-grid u-gap-2xl\">\n\t\t\t<li class=\"l-col-6@md\">\n\t\t\t<article\n\t\t\t\tclass=\"\n\t\t\t\tc-card\n\t\t\t\t\n\t\t\t\thas-media-zoom\n\t\t\t\t\n\t\t\t\t\"\n\t\t\t\tdata-variant=\"space\"\n\t\t\t\tdata-style=\"square\"\n\t\t\t\t\n\t\t\t\tdata-color-scheme=gra-ljus\n\t\t\t\t\n\t\t\t\t>\n\t\t\t\t<div class=\"c-card__content l-stack l-stack-sm is-left is-left@md\">\n\t\t\t\t\t\t\t\t\t\t\t<h3 class=\"c-card__title u-font-title-3\">\n\t\t\t\t\t\t\t\t\t\t\t\t\t\t\t1. Akterna\n\t\t\t\t\t\t\t\t\t\t\t\t\t<\/h3>\n\t\t\t\t\t\n\t\t\t\t\t\t\t\t\t\t\t<div class=\"c-card__text l-stack-xs u-font-body\">\n\t\t\t\t\t\t\t<p>Eleverna i \u00e5rskurs 3 anm\u00e4ler akter som de vill g\u00f6ra och b\u00f6rjar repetera.<\/p>\n\n\t\t\t\t\t\t<\/div>\n\t\t\t\t\t\n\t\t\t\t\t\t\t\t\t<\/div>\n\n\t\t\t\t\t\t\t<\/article>\n\t\t<\/li>\n\t\t\t<li class=\"l-col-6@md\">\n\t\t\t<article\n\t\t\t\tclass=\"\n\t\t\t\tc-card\n\t\t\t\t\n\t\t\t\thas-media-zoom\n\t\t\t\t\n\t\t\t\t\"\n\t\t\t\tdata-variant=\"space\"\n\t\t\t\tdata-style=\"square\"\n\t\t\t\t\n\t\t\t\tdata-color-scheme=gra-ljus\n\t\t\t\t\n\t\t\t\t>\n\t\t\t\t<div class=\"c-card__content l-stack l-stack-sm is-left is-left@md\">\n\t\t\t\t\t\t\t\t\t\t\t<h3 class=\"c-card__title u-font-title-3\">\n\t\t\t\t\t\t\t\t\t\t\t\t\t\t\t2. Arbetsf\u00f6rmedling\n\t\t\t\t\t\t\t\t\t\t\t\t\t<\/h3>\n\t\t\t\t\t\n\t\t\t\t\t\t\t\t\t\t\t<div class=\"c-card__text l-stack-xs u-font-body\">\n\t\t\t\t\t\t\t<p>Skolan startar en arbetsf\u00f6rmedling som ser till att alla elever har en syssla till Live Night. Det \u00e4r allt fr\u00e5n service, teknik, s\u00e4kerhet, akter och marknadsf\u00f6ring.<\/p>\n\n\t\t\t\t\t\t<\/div>\n\t\t\t\t\t\n\t\t\t\t\t\t\t\t\t<\/div>\n\n\t\t\t\t\t\t\t<\/article>\n\t\t<\/li>\n\t\t\t<li class=\"l-col-6@md\">\n\t\t\t<article\n\t\t\t\tclass=\"\n\t\t\t\tc-card\n\t\t\t\t\n\t\t\t\thas-media-zoom\n\t\t\t\t\n\t\t\t\t\"\n\t\t\t\tdata-variant=\"space\"\n\t\t\t\tdata-style=\"square\"\n\t\t\t\t\n\t\t\t\tdata-color-scheme=gra-ljus\n\t\t\t\t\n\t\t\t\t>\n\t\t\t\t<div class=\"c-card__content l-stack l-stack-sm is-left is-left@md\">\n\t\t\t\t\t\t\t\t\t\t\t<h3 class=\"c-card__title u-font-title-3\">\n\t\t\t\t\t\t\t\t\t\t\t\t\t\t\t3. Medieproduktion\n\t\t\t\t\t\t\t\t\t\t\t\t\t<\/h3>\n\t\t\t\t\t\n\t\t\t\t\t\t\t\t\t\t\t<div class=\"c-card__text l-stack-xs u-font-body\">\n\t\t\t\t\t\t\t<p>Medieeleverna startar upp sin reklambyr\u00e5, de l\u00e4gger upp en marknadsf\u00f6ringsstrategi och g\u00f6r \u00e5rets Live Night design.<\/p>\n\n\t\t\t\t\t\t<\/div>\n\t\t\t\t\t\n\t\t\t\t\t\t\t\t\t<\/div>\n\n\t\t\t\t\t\t\t<\/article>\n\t\t<\/li>\n\t\t\t<li class=\"l-col-6@md\">\n\t\t\t<article\n\t\t\t\tclass=\"\n\t\t\t\tc-card\n\t\t\t\t\n\t\t\t\thas-media-zoom\n\t\t\t\t\n\t\t\t\t\"\n\t\t\t\tdata-variant=\"space\"\n\t\t\t\tdata-style=\"square\"\n\t\t\t\t\n\t\t\t\tdata-color-scheme=gra-ljus\n\t\t\t\t\n\t\t\t\t>\n\t\t\t\t<div class=\"c-card__content l-stack l-stack-sm is-left is-left@md\">\n\t\t\t\t\t\t\t\t\t\t\t<h3 class=\"c-card__title u-font-title-3\">\n\t\t\t\t\t\t\t\t\t\t\t\t\t\t\t4. Repetition\n\t\t\t\t\t\t\t\t\t\t\t\t\t<\/h3>\n\t\t\t\t\t\n\t\t\t\t\t\t\t\t\t\t\t<div class=\"c-card__text l-stack-xs u-font-body\">\n\t\t\t\t\t\t\t<p>Eleverna som ska upptr\u00e4da tr\u00e4nar p\u00e5 sina akter och f\u00e5r hela tiden st\u00f6ttning fr\u00e5n l\u00e4rare.<\/p>\n\n\t\t\t\t\t\t<\/div>\n\t\t\t\t\t\n\t\t\t\t\t\t\t\t\t<\/div>\n\n\t\t\t\t\t\t\t<\/article>\n\t\t<\/li>\n\t\t\t<li class=\"l-col-6@md\">\n\t\t\t<article\n\t\t\t\tclass=\"\n\t\t\t\tc-card\n\t\t\t\t\n\t\t\t\thas-media-zoom\n\t\t\t\t\n\t\t\t\t\"\n\t\t\t\tdata-variant=\"space\"\n\t\t\t\tdata-style=\"square\"\n\t\t\t\t\n\t\t\t\tdata-color-scheme=gra-ljus\n\t\t\t\t\n\t\t\t\t>\n\t\t\t\t<div class=\"c-card__content l-stack l-stack-sm is-left is-left@md\">\n\t\t\t\t\t\t\t\t\t\t\t<h3 class=\"c-card__title u-font-title-3\">\n\t\t\t\t\t\t\t\t\t\t\t\t\t\t\t5. Gruppdynamik\n\t\t\t\t\t\t\t\t\t\t\t\t\t<\/h3>\n\t\t\t\t\t\n\t\t\t\t\t\t\t\t\t\t\t<div class=\"c-card__text l-stack-xs u-font-body\">\n\t\t\t\t\t\t\t<p>Alla som deltar f\u00e5r en kurs i gruppdynamik f\u00f6r att p\u00e5 b\u00e4sta s\u00e4tt kunna genomf\u00f6ra festivalen tillsammans.<\/p>\n\n\t\t\t\t\t\t<\/div>\n\t\t\t\t\t\n\t\t\t\t\t\t\t\t\t<\/div>\n\n\t\t\t\t\t\t\t<\/article>\n\t\t<\/li>\n\t\t\t<li class=\"l-col-6@md\">\n\t\t\t<article\n\t\t\t\tclass=\"\n\t\t\t\tc-card\n\t\t\t\t\n\t\t\t\thas-media-zoom\n\t\t\t\t\n\t\t\t\t\"\n\t\t\t\tdata-variant=\"space\"\n\t\t\t\tdata-style=\"square\"\n\t\t\t\t\n\t\t\t\tdata-color-scheme=gra-ljus\n\t\t\t\t\n\t\t\t\t>\n\t\t\t\t<div class=\"c-card__content l-stack l-stack-sm is-left is-left@md\">\n\t\t\t\t\t\t\t\t\t\t\t<h3 class=\"c-card__title u-font-title-3\">\n\t\t\t\t\t\t\t\t\t\t\t\t\t\t\t6. Teoretisk festival\n\t\t\t\t\t\t\t\t\t\t\t\t\t<\/h3>\n\t\t\t\t\t\n\t\t\t\t\t\t\t\t\t\t\t<div class=\"c-card__text l-stack-xs u-font-body\">\n\t\t\t\t\t\t\t<p>P\u00e5 skolan g\u00f6r vi en teoretisk festival f\u00f6r att g\u00e5 igenom alla punkter som beh\u00f6ver finnas p\u00e5 plats till den faktiska festivalen.<\/p>\n\n\t\t\t\t\t\t<\/div>\n\t\t\t\t\t\n\t\t\t\t\t\t\t\t\t<\/div>\n\n\t\t\t\t\t\t\t<\/article>\n\t\t<\/li>\n\t\t\t<li class=\"l-col-6@md\">\n\t\t\t<article\n\t\t\t\tclass=\"\n\t\t\t\tc-card\n\t\t\t\t\n\t\t\t\thas-media-zoom\n\t\t\t\t\n\t\t\t\t\"\n\t\t\t\tdata-variant=\"space\"\n\t\t\t\tdata-style=\"square\"\n\t\t\t\t\n\t\t\t\tdata-color-scheme=gra-ljus\n\t\t\t\t\n\t\t\t\t>\n\t\t\t\t<div class=\"c-card__content l-stack l-stack-sm is-left is-left@md\">\n\t\t\t\t\t\t\t\t\t\t\t<h3 class=\"c-card__title u-font-title-3\">\n\t\t\t\t\t\t\t\t\t\t\t\t\t\t\t7. Utbildning\n\t\t\t\t\t\t\t\t\t\t\t\t\t<\/h3>\n\t\t\t\t\t\n\t\t\t\t\t\t\t\t\t\t\t<div class=\"c-card__text l-stack-xs u-font-body\">\n\t\t\t\t\t\t\t<p>Teknikerteamet drillas i att fixa scener, ljud och ljus och s\u00e4kerhetsteamet l\u00e4r sig hur de ska agera p\u00e5 festivalen.<\/p>\n\n\t\t\t\t\t\t<\/div>\n\t\t\t\t\t\n\t\t\t\t\t\t\t\t\t<\/div>\n\n\t\t\t\t\t\t\t<\/article>\n\t\t<\/li>\n\t\t\t<li class=\"l-col-6@md\">\n\t\t\t<article\n\t\t\t\tclass=\"\n\t\t\t\tc-card\n\t\t\t\t\n\t\t\t\thas-media-zoom\n\t\t\t\t\n\t\t\t\t\"\n\t\t\t\tdata-variant=\"space\"\n\t\t\t\tdata-style=\"square\"\n\t\t\t\t\n\t\t\t\tdata-color-scheme=gra-ljus\n\t\t\t\t\n\t\t\t\t>\n\t\t\t\t<div class=\"c-card__content l-stack l-stack-sm is-left is-left@md\">\n\t\t\t\t\t\t\t\t\t\t\t<h3 class=\"c-card__title u-font-title-3\">\n\t\t\t\t\t\t\t\t\t\t\t\t\t\t\t8. Final\n\t\t\t\t\t\t\t\t\t\t\t\t\t<\/h3>\n\t\t\t\t\t\n\t\t\t\t\t\t\t\t\t\t\t<div class=\"c-card__text l-stack-xs u-font-body\">\n\t\t\t\t\t\t\t<p>Festivalen drar ig\u00e5ng som en final p\u00e5 de tre \u00e5r som eleverna har studerat. H\u00e4r f\u00e5r de verkligen m\u00f6jlighet att g\u00f6ra precis den typ av musik de brinner f\u00f6r.<\/p>\n\n\t\t\t\t\t\t<\/div>\n\t\t\t\t\t\n\t\t\t\t\t\t\t\t\t<\/div>\n\n\t\t\t\t\t\t\t<\/article>\n\t\t<\/li>\n\t<\/ul>\n\t\n\t\t\t<\/div>\n\n\t\t\n\n<\/section>\n\n\n\n\t\n\t\n\t\n\n\t\n\t\n\t\t\n<section  class=\"c-block l-stacked  \" data-color-scheme=\"\">\n\t<div class=\"ams-fifty ams-fifty--container ams-fifty--right ams-fifty--bottom l-container u-pt-fluid-md-xl u-pb-fluid-md-xl\">\n\t\t<div class=\"ams-fifty__content l-stack l-stack-xl is-left is-left@lg\">\n\t\t\t<div class=\"ams-fifty__text l-stack l-stack-lg\">\n\t\t\t\t\t\n\t<h3\n\tclass=\"c-heading u-font-title-1 \"\n\tstyle=\"\">\n\t\t\n\t\t\t\t\tUpplev Live Night\n\t\t\t\t\n\t<\/h3>\n\n\t\t\t\t\t\t\t\t\t<div class=\"text l-stack u-font-body\">\n\t\t\t\t\t\t<p>I videon f\u00e5r du uppleva st\u00e4mningen fr\u00e5n Live Night \u2013 med liveframtr\u00e4danden, energi fr\u00e5n scenen och publiken p\u00e5 plats.<\/p>\n\n\t\t\t\t\t<\/div>\n\t\t\t\t\t\t\t<\/div>\n\n\t\t\t\t\t<\/div>\n\n\t\t <div class=\"ams-fifty__media u-ratio-landscape\">\n\t\t \t\n\t\t\t\n\t\t\t\t\t\t\t<lite-youtube videoid=\"nqdnEOD4HjI\" style=\"background-image: url('https:\/\/i.ytimg.com\/vi\/nqdnEOD4HjI\/hqdefault.jpg');\">\n\t\t\t\t\t\t<button href=\"https:\/\/youtube.com\/watch?v=nqdnEOD4HjI\" class=\"lty-playbtn\" title=\"Play Video\">\n\t\t\t\t\t\t\t<span class=\"lyt-visually-hidden\">Play Video<\/span>\n\t\t\t\t\t\t<\/button>\n\t\t\t\t\t<\/lite-youtube>\n\t\t\t\t\t<\/div>\n\t<\/div>\n\n\t\t\n\n<\/section>\n\n\n\n\t<div class=\"module_wrapper ams_remote_pages_module \">\n\t\t\n\n<section  class=\"ams-cta ams-cta--stacked c-block l-stacked\" data-color-scheme=\"gra-ljus\">\n\t<div class=\"l-container l-stack l-stack-fluid-2xl u-pt-fluid-2xl-4xl u-pb-fluid-2xl-4xl is-center is-center@md\">\n\t\t\t\t\t<div class=\"ams-cta__intro l-stack l-stack-lg\">\n\t\t\t\t\t\n\t<h2\n\tclass=\"c-heading u-font-title-1 \"\n\tstyle=\"\">\n\t\t\n\t\t\t\t\tBes\u00f6k oss\n\t\t\t\t\n\t<\/h2>\n\n\t\t\t\t\t\t\t\t\t<div class=\"c-text l-stack u-cs-xl u-font-body\">\n\t\t\t\t\t\t<p>\u00c4r du nyfiken p\u00e5 Rytmus? Bes\u00f6k oss p\u00e5 \u00d6ppet hus eller p\u00e5 en Prova p\u00e5-dag s\u00e5 f\u00e5r du se v\u00e5ra lokaler, l\u00e4ra dig mer om v\u00e5r skola och k\u00e4nna p\u00e5 Rytmusandan.<\/p>\n\n\t\t\t\t\t<\/div>\n\t\t\t\t\t\t\t<\/div>\n\t\t\n\t\t\n\t\t\t<div class=\"ams-cta__action u-inline-items\">\n\t\t\t\t\t\t\t\n\n\n<a href=\"https:\/\/rytmus.se\/malmo\/oppet-hus\/\"\n\t\n\tclass=\"c-btn \"\n\tdata-style=\"square\"\n\tdata-size=\"md\"\n\tdata-width=\"full-mobile\"\n\tdata-variant=\"default\"\n\ttarget=\"_self\">\n\t\t\t<span class=\"label\"> Kom p\u00e5 \u00d6ppet hus<\/span>\n\t\t\t<\/a>\n\t\t\t\t\t\t\t\n\n\n<a href=\"https:\/\/rytmus.se\/malmo\/prova-pa-dag\/\"\n\t\n\tclass=\"c-btn \"\n\tdata-style=\"square\"\n\tdata-size=\"md\"\n\tdata-width=\"full-mobile\"\n\tdata-variant=\"outline\"\n\ttarget=\"_self\">\n\t\t\t<span class=\"label\"> Boka Prova p\u00e5-dag<\/span>\n\t\t\t<\/a>\n\t\t\t<\/div>\n\t<\/div>\n\n\t\t\n\n<\/section>\n\t<\/div>\n\n\t","protected":false},"excerpt":{"rendered":"<p>Om Live Night I \u00e5rskurs tre g\u00f6r eleverna p\u00e5 Rytmus en musikfestival som heter Live Night. H\u00e4r f\u00e5r de anv\u00e4ndning av allt de l\u00e4rt sig under \u00e5ren genom att skapa en egen akt med precis den musik som de brinner f\u00f6r. Under Live Night \u00e4r eleverna inte bara artister utan \u00e4ven arrang\u00f6rer. Musikproducenteleverna driver scenproduktionen&#8230;<\/p>\n","protected":false},"author":1,"featured_media":0,"parent":19,"menu_order":0,"comment_status":"closed","ping_status":"closed","template":"","meta":{"footnotes":""},"yoast_head":"<!-- This site is optimized with the Yoast SEO plugin v22.0 - https:\/\/yoast.com\/wordpress\/plugins\/seo\/ -->\n<title>Live Night i Malm\u00f6 | Rytmus musikgymnasium<\/title>\n<meta name=\"description\" content=\"Du kan sj\u00e4lv f\u00e5 uppleva Livenight p\u00e5 alla Rytmus skolor under v\u00e5ren. H\u00e5ll utkik efter datum h\u00e4r eller p\u00e5 v\u00e5r Instagram. V\u00e4lkommen!\" \/>\n<meta name=\"robots\" content=\"index, follow, max-snippet:-1, max-image-preview:large, max-video-preview:-1\" \/>\n<link rel=\"canonical\" href=\"https:\/\/rytmus.se\/malmo\/om-rytmus-malmo\/live-night\/\" \/>\n<meta property=\"og:locale\" content=\"sv_SE\" \/>\n<meta property=\"og:type\" content=\"article\" \/>\n<meta property=\"og:title\" content=\"Live Night i Malm\u00f6 | Rytmus musikgymnasium\" \/>\n<meta property=\"og:description\" content=\"Du kan sj\u00e4lv f\u00e5 uppleva Livenight p\u00e5 alla Rytmus skolor under v\u00e5ren. H\u00e5ll utkik efter datum h\u00e4r eller p\u00e5 v\u00e5r Instagram. V\u00e4lkommen!\" \/>\n<meta property=\"og:url\" content=\"https:\/\/rytmus.se\/malmo\/om-rytmus-malmo\/live-night\/\" \/>\n<meta property=\"og:site_name\" content=\"Malm\u00f6\" \/>\n<meta property=\"article:modified_time\" content=\"2026-04-13T08:15:26+00:00\" \/>\n<meta name=\"twitter:card\" content=\"summary_large_image\" \/>\n<meta name=\"twitter:title\" content=\"Live Night i Malm\u00f6 | Rytmus musikgymnasium\" \/>\n<meta name=\"twitter:description\" content=\"Du kan sj\u00e4lv f\u00e5 uppleva Livenight p\u00e5 alla Rytmus skolor under v\u00e5ren. H\u00e5ll utkik efter datum h\u00e4r eller p\u00e5 v\u00e5r Instagram. V\u00e4lkommen!\" \/>\n<meta name=\"twitter:image\" content=\"https:\/\/rytmus.se\/wp-content\/uploads\/sites\/7\/2026\/03\/livenight-600x600-1.jpg\" \/>\n<meta name=\"twitter:label1\" content=\"Ber\u00e4knad l\u00e4stid\" \/>\n\t<meta name=\"twitter:data1\" content=\"3 minuter\" \/>\n<script type=\"application\/ld+json\" class=\"yoast-schema-graph\">{\"@context\":\"https:\/\/schema.org\",\"@graph\":[{\"@type\":\"WebPage\",\"@id\":\"https:\/\/rytmus.se\/malmo\/om-rytmus-malmo\/live-night\/\",\"url\":\"https:\/\/rytmus.se\/malmo\/om-rytmus-malmo\/live-night\/\",\"name\":\"Live Night i Malm\u00f6 | Rytmus musikgymnasium\",\"isPartOf\":{\"@id\":\"https:\/\/rytmus.se\/malmo\/#website\"},\"datePublished\":\"2022-07-25T21:07:08+00:00\",\"dateModified\":\"2026-04-13T08:15:26+00:00\",\"description\":\"Du kan sj\u00e4lv f\u00e5 uppleva Livenight p\u00e5 alla Rytmus skolor under v\u00e5ren. H\u00e5ll utkik efter datum h\u00e4r eller p\u00e5 v\u00e5r Instagram. V\u00e4lkommen!\",\"breadcrumb\":{\"@id\":\"https:\/\/rytmus.se\/malmo\/om-rytmus-malmo\/live-night\/#breadcrumb\"},\"inLanguage\":\"sv-SE\",\"potentialAction\":[{\"@type\":\"ReadAction\",\"target\":[\"https:\/\/rytmus.se\/malmo\/om-rytmus-malmo\/live-night\/\"]}]},{\"@type\":\"BreadcrumbList\",\"@id\":\"https:\/\/rytmus.se\/malmo\/om-rytmus-malmo\/live-night\/#breadcrumb\",\"itemListElement\":[{\"@type\":\"ListItem\",\"position\":1,\"name\":\"Start\",\"item\":\"https:\/\/rytmus.se\/malmo\/\"},{\"@type\":\"ListItem\",\"position\":2,\"name\":\"Om Rytmus Malm\u00f6\",\"item\":\"https:\/\/rytmus.se\/malmo\/om-rytmus-malmo\/\"},{\"@type\":\"ListItem\",\"position\":3,\"name\":\"Live Night\"}]},{\"@type\":\"WebSite\",\"@id\":\"https:\/\/rytmus.se\/malmo\/#website\",\"url\":\"https:\/\/rytmus.se\/malmo\/\",\"name\":\"Malm\u00f6\",\"description\":\"MAKE | MUSIC | LIVE\",\"potentialAction\":[{\"@type\":\"SearchAction\",\"target\":{\"@type\":\"EntryPoint\",\"urlTemplate\":\"https:\/\/rytmus.se\/malmo\/?s={search_term_string}\"},\"query-input\":\"required name=search_term_string\"}],\"inLanguage\":\"sv-SE\"}]}<\/script>\n<!-- \/ Yoast SEO plugin. -->","yoast_head_json":{"title":"Live Night i Malm\u00f6 | Rytmus musikgymnasium","description":"Du kan sj\u00e4lv f\u00e5 uppleva Livenight p\u00e5 alla Rytmus skolor under v\u00e5ren. H\u00e5ll utkik efter datum h\u00e4r eller p\u00e5 v\u00e5r Instagram. V\u00e4lkommen!","robots":{"index":"index","follow":"follow","max-snippet":"max-snippet:-1","max-image-preview":"max-image-preview:large","max-video-preview":"max-video-preview:-1"},"canonical":"https:\/\/rytmus.se\/malmo\/om-rytmus-malmo\/live-night\/","og_locale":"sv_SE","og_type":"article","og_title":"Live Night i Malm\u00f6 | Rytmus musikgymnasium","og_description":"Du kan sj\u00e4lv f\u00e5 uppleva Livenight p\u00e5 alla Rytmus skolor under v\u00e5ren. H\u00e5ll utkik efter datum h\u00e4r eller p\u00e5 v\u00e5r Instagram. V\u00e4lkommen!","og_url":"https:\/\/rytmus.se\/malmo\/om-rytmus-malmo\/live-night\/","og_site_name":"Malm\u00f6","article_modified_time":"2026-04-13T08:15:26+00:00","twitter_card":"summary_large_image","twitter_title":"Live Night i Malm\u00f6 | Rytmus musikgymnasium","twitter_description":"Du kan sj\u00e4lv f\u00e5 uppleva Livenight p\u00e5 alla Rytmus skolor under v\u00e5ren. H\u00e5ll utkik efter datum h\u00e4r eller p\u00e5 v\u00e5r Instagram. V\u00e4lkommen!","twitter_image":"https:\/\/rytmus.se\/wp-content\/uploads\/sites\/7\/2026\/03\/livenight-600x600-1.jpg","twitter_misc":{"Ber\u00e4knad l\u00e4stid":"3 minuter"},"schema":{"@context":"https:\/\/schema.org","@graph":[{"@type":"WebPage","@id":"https:\/\/rytmus.se\/malmo\/om-rytmus-malmo\/live-night\/","url":"https:\/\/rytmus.se\/malmo\/om-rytmus-malmo\/live-night\/","name":"Live Night i Malm\u00f6 | Rytmus musikgymnasium","isPartOf":{"@id":"https:\/\/rytmus.se\/malmo\/#website"},"datePublished":"2022-07-25T21:07:08+00:00","dateModified":"2026-04-13T08:15:26+00:00","description":"Du kan sj\u00e4lv f\u00e5 uppleva Livenight p\u00e5 alla Rytmus skolor under v\u00e5ren. H\u00e5ll utkik efter datum h\u00e4r eller p\u00e5 v\u00e5r Instagram. V\u00e4lkommen!","breadcrumb":{"@id":"https:\/\/rytmus.se\/malmo\/om-rytmus-malmo\/live-night\/#breadcrumb"},"inLanguage":"sv-SE","potentialAction":[{"@type":"ReadAction","target":["https:\/\/rytmus.se\/malmo\/om-rytmus-malmo\/live-night\/"]}]},{"@type":"BreadcrumbList","@id":"https:\/\/rytmus.se\/malmo\/om-rytmus-malmo\/live-night\/#breadcrumb","itemListElement":[{"@type":"ListItem","position":1,"name":"Start","item":"https:\/\/rytmus.se\/malmo\/"},{"@type":"ListItem","position":2,"name":"Om Rytmus Malm\u00f6","item":"https:\/\/rytmus.se\/malmo\/om-rytmus-malmo\/"},{"@type":"ListItem","position":3,"name":"Live Night"}]},{"@type":"WebSite","@id":"https:\/\/rytmus.se\/malmo\/#website","url":"https:\/\/rytmus.se\/malmo\/","name":"Malm\u00f6","description":"MAKE | MUSIC | LIVE","potentialAction":[{"@type":"SearchAction","target":{"@type":"EntryPoint","urlTemplate":"https:\/\/rytmus.se\/malmo\/?s={search_term_string}"},"query-input":"required name=search_term_string"}],"inLanguage":"sv-SE"}]}},"_links":{"self":[{"href":"https:\/\/rytmus.se\/malmo\/wp-json\/wp\/v2\/pages\/21"}],"collection":[{"href":"https:\/\/rytmus.se\/malmo\/wp-json\/wp\/v2\/pages"}],"about":[{"href":"https:\/\/rytmus.se\/malmo\/wp-json\/wp\/v2\/types\/page"}],"author":[{"embeddable":true,"href":"https:\/\/rytmus.se\/malmo\/wp-json\/wp\/v2\/users\/1"}],"replies":[{"embeddable":true,"href":"https:\/\/rytmus.se\/malmo\/wp-json\/wp\/v2\/comments?post=21"}],"version-history":[{"count":10,"href":"https:\/\/rytmus.se\/malmo\/wp-json\/wp\/v2\/pages\/21\/revisions"}],"predecessor-version":[{"id":2914,"href":"https:\/\/rytmus.se\/malmo\/wp-json\/wp\/v2\/pages\/21\/revisions\/2914"}],"up":[{"embeddable":true,"href":"https:\/\/rytmus.se\/malmo\/wp-json\/wp\/v2\/pages\/19"}],"wp:attachment":[{"href":"https:\/\/rytmus.se\/malmo\/wp-json\/wp\/v2\/media?parent=21"}],"curies":[{"name":"wp","href":"https:\/\/api.w.org\/{rel}","templated":true}]}}