{"id":1910,"date":"2023-09-18T15:06:54","date_gmt":"2023-09-18T13:06:54","guid":{"rendered":"https:\/\/rytmus.se\/malmo\/?page_id=1910"},"modified":"2024-04-30T08:34:24","modified_gmt":"2024-04-30T06:34:24","slug":"30-ar","status":"publish","type":"page","link":"https:\/\/rytmus.se\/malmo\/30-ar\/","title":{"rendered":"30 \u00e5r"},"content":{"rendered":"\n\t\n\t\n\t\n\t\n\t\n\n<section \n\tclass=\"ams-hero ams-hero--classic ams-hero--75 c-block l-stacked  \"\n\tdata-color-scheme=\"\"\n\tstyle=\"\">\n\t<div class=\"ams-hero__container u-items-center u-justify-center\">\n\t\t<div\n\t\t\tclass=\"ams-hero__content l-stack l-stack-xl is-center is-center@md\" >\n\t\t\t<div class=\"l-stack l-stack-lg\">\n\t\t\t\t\n\t\t\t\t\t\t\t<\/div>\n\n\t\t\t\t\t<\/div>\n\t<\/div>\n\n\t\n\t\t\t\n\t\t\t\t\t\t\t\n\t\t\t\t<div class=\"c-bg c-bg--img\" data-settings=\"{&quot;desktop_settings&quot;:{&quot;size&quot;:&quot;cover&quot;,&quot;position&quot;:&quot;middle-center&quot;},&quot;mobile_settings&quot;:{&quot;size&quot;:&quot;cover&quot;,&quot;position&quot;:&quot;middle-center&quot;}}\" data-position=\"middle-center\" data-size=\"cover\">\n\t\t\t<img decoding=\"async\" width=\"1080\" height=\"1080\" src=\"https:\/\/rytmus.se\/wp-content\/uploads\/sites\/7\/2022\/10\/livenight.jpg\" class=\"attachment-hero-lg size-hero-lg\" alt=\"En grupp elever framf\u00f6r en l\u00e5t p\u00e5 en scen ljussatt med lila och rosa ljus.\" sizes=\"(max-width: 1080px) 100vw, 1080px\" srcset=\"https:\/\/rytmus.se\/wp-content\/uploads\/sites\/7\/2022\/10\/livenight.jpg 1080w, https:\/\/rytmus.se\/wp-content\/uploads\/sites\/7\/2022\/10\/livenight-150x150.jpg 150w, https:\/\/rytmus.se\/wp-content\/uploads\/sites\/7\/2022\/10\/livenight-300x300.jpg 300w, https:\/\/rytmus.se\/wp-content\/uploads\/sites\/7\/2022\/10\/livenight-400x400.jpg 400w, https:\/\/rytmus.se\/wp-content\/uploads\/sites\/7\/2022\/10\/livenight-600x600.jpg 600w, https:\/\/rytmus.se\/wp-content\/uploads\/sites\/7\/2022\/10\/livenight-800x800.jpg 800w, https:\/\/rytmus.se\/wp-content\/uploads\/sites\/7\/2022\/10\/livenight-1024x1024.jpg 1024w\" \/>\n\t\t<\/div>\n\t\n<\/section>\n\n\n\n\n<section  class=\"ams-cta ams-cta--stacked c-block l-stacked\" data-color-scheme=\"gra-ljus\">\n\t<div class=\"l-container l-stack l-stack-fluid-2xl u-pt-fluid-2xl-4xl u-pb-fluid-2xl-4xl is-center is-center@md\">\n\t\t\t\t\t<div class=\"ams-cta__intro l-stack l-stack-lg\">\n\t\t\t\t\t\n\t<h1\n\tclass=\"c-heading u-font-title-1 \"\n\tstyle=\"\">\n\t\t\n\t\t\t\t\tRytmus 30 \u00e5r \u2013 Konsertvecka Malm\u00f6\n\t\t\t\t\n\t<\/h1>\n\n\t\t\t\t\t\t\t\t\t<div class=\"c-text l-stack u-cs-xl u-font-body\">\n\t\t\t\t\t\t<p>Rytmus musikgymnasium startade 1993 och har utbildat unga musiker i \u00f6ver 30 \u00e5r. Det firades under en hel vecka med att Rytmus fem skolor gjorde fem olika konserter p\u00e5 fem dagar. P\u00e5 m\u00e5ndagen invigde Rytmus Malm\u00f6 genom att inta Moriskan i Folkets park.<\/p>\n\n\t\t\t\t\t<\/div>\n\t\t\t\t\t\t\t<\/div>\n\t\t\n\t\t\n\t\t\t<\/div>\n\n\t\t\n\n<\/section>\n\n\n\n\n<section  class=\"ams-logos c-block l-stacked\">\n\t<div class=\"l-container l-stack l-stack-fluid-2xl u-pt-fluid-2xl-4xl u-pb-fluid-2xl-4xl is-center is-center@md\">\n\t\t\n\t\t\t\t<div class=\"ams-logos__list c-carousel u-gap-fluid-sm\"\n\t\t\t data-type=\"image\"\n\t\t\t data-animated=\"true\"\n\t\t\t data-direction=\"horizontal\"\n\t\t\t data-reverse=\"false\"\n\t\t\t data-speed=\"medium\"\n\t\t\t data-fade=\"false\"\n\t\t\t style=\"--count: 5; --image-width-mobile: 100; --image-width-desktop: 200;\">\n\t\t\t\t\t\t\t<img decoding=\"async\" width=\"300\" height=\"300\" src=\"https:\/\/rytmus.se\/wp-content\/uploads\/sites\/7\/2024\/03\/rytmalmo30-arsomeartisterthomas-oberg2.png\" class=\"attachment-sm size-sm\" alt=\"Thomas O\u0308berg Bob Hund.\" style=\"--item: 0\" srcset=\"https:\/\/rytmus.se\/wp-content\/uploads\/sites\/7\/2024\/03\/rytmalmo30-arsomeartisterthomas-oberg2.png 300w, https:\/\/rytmus.se\/wp-content\/uploads\/sites\/7\/2024\/03\/rytmalmo30-arsomeartisterthomas-oberg2-150x150.png 150w\" sizes=\"(max-width: 300px) 100vw, 300px\" \/>\n\t\t\t\t\t\t\t<img decoding=\"async\" width=\"300\" height=\"300\" src=\"https:\/\/rytmus.se\/wp-content\/uploads\/sites\/7\/2024\/03\/rytmalmo30-arsomeartisternoelle-jade-robin.png\" class=\"attachment-sm size-sm\" alt=\"Noelle Jade Robin.\" style=\"--item: 1\" srcset=\"https:\/\/rytmus.se\/wp-content\/uploads\/sites\/7\/2024\/03\/rytmalmo30-arsomeartisternoelle-jade-robin.png 300w, https:\/\/rytmus.se\/wp-content\/uploads\/sites\/7\/2024\/03\/rytmalmo30-arsomeartisternoelle-jade-robin-150x150.png 150w\" sizes=\"(max-width: 300px) 100vw, 300px\" \/>\n\t\t\t\t\t\t\t<img decoding=\"async\" width=\"300\" height=\"300\" src=\"https:\/\/rytmus.se\/wp-content\/uploads\/sites\/7\/2024\/03\/rytmalmo30-arsomeartistermiriam.png\" class=\"attachment-sm size-sm\" alt=\"Miriam.\" style=\"--item: 2\" srcset=\"https:\/\/rytmus.se\/wp-content\/uploads\/sites\/7\/2024\/03\/rytmalmo30-arsomeartistermiriam.png 300w, https:\/\/rytmus.se\/wp-content\/uploads\/sites\/7\/2024\/03\/rytmalmo30-arsomeartistermiriam-150x150.png 150w\" sizes=\"(max-width: 300px) 100vw, 300px\" \/>\n\t\t\t\t\t\t\t<img decoding=\"async\" width=\"300\" height=\"300\" src=\"https:\/\/rytmus.se\/wp-content\/uploads\/sites\/7\/2024\/03\/rytmalmo30-arsomeartisterigar.png\" class=\"attachment-sm size-sm\" alt=\"Iga\u030ar.\" style=\"--item: 3\" srcset=\"https:\/\/rytmus.se\/wp-content\/uploads\/sites\/7\/2024\/03\/rytmalmo30-arsomeartisterigar.png 300w, https:\/\/rytmus.se\/wp-content\/uploads\/sites\/7\/2024\/03\/rytmalmo30-arsomeartisterigar-150x150.png 150w\" sizes=\"(max-width: 300px) 100vw, 300px\" \/>\n\t\t\t\t\t\t\t<img decoding=\"async\" width=\"300\" height=\"300\" src=\"https:\/\/rytmus.se\/wp-content\/uploads\/sites\/7\/2024\/03\/rytmalmo30-arsomeartisterangelicca.png\" class=\"attachment-sm size-sm\" alt=\"Angelicca.\" style=\"--item: 4\" srcset=\"https:\/\/rytmus.se\/wp-content\/uploads\/sites\/7\/2024\/03\/rytmalmo30-arsomeartisterangelicca.png 300w, https:\/\/rytmus.se\/wp-content\/uploads\/sites\/7\/2024\/03\/rytmalmo30-arsomeartisterangelicca-150x150.png 150w\" sizes=\"(max-width: 300px) 100vw, 300px\" \/>\n\t\t\t\t\t<\/div>\n\n\t\t\t<\/div>\n\n\t\t\n\n<\/section>\n\n\n\n\n<section  class=\"ams-cta ams-cta--stacked c-block l-stacked\" data-color-scheme=\"gra-ljus\">\n\t<div class=\"l-container l-stack l-stack-fluid-2xl u-pt-fluid-3xl-6xl u-pb-fluid-3xl-6xl is-center is-center@md\">\n\t\t\t\t\t<div class=\"ams-cta__intro l-stack l-stack-lg\">\n\t\t\t\t\t\n\t<h2\n\tclass=\"c-heading u-font-title-1 \"\n\tstyle=\"\">\n\t\t\n\t\t\t\t\tRytmus Prize musikt\u00e4vling\n\t\t\t\t\n\t<\/h2>\n\n\t\t\t\t\t\t\t\t\t<div class=\"c-text l-stack u-cs-xl u-font-body\">\n\t\t\t\t\t\t<p>Den nyinstiftade och \u00e5rliga t\u00e4vlingen Rytmus Prize gjorde premi\u00e4r under 30 \u00e5rskonserterna. H\u00e4r uts\u00e5gs vinnarna som fick ta emot sina priser p\u00e5 scen. L\u00e4s mer om Rytmus Prize och samarbetet med Denniz Pop Awards.<\/p>\n\n\t\t\t\t\t<\/div>\n\t\t\t\t\t\t\t<\/div>\n\t\t\n\t\t\n\t\t\t<div class=\"ams-cta__action u-inline-items\">\n\t\t\t\t\t\t\t\n\n\n<a href=\"https:\/\/rytmus.se\/malmo\/rytmus-prize\/\"\n\t\n\tclass=\"c-btn \"\n\tdata-style=\"square\"\n\tdata-size=\"md\"\n\tdata-width=\"full-mobile\"\n\tdata-variant=\"default\"\n\ttarget=\"_self\">\n\t\t\t<span class=\"label\"> Mer om Rytmus Prize<\/span>\n\t\t\t<\/a>\n\t\t\t<\/div>\n\t<\/div>\n\n\t\t\n\n<\/section>\n","protected":false},"excerpt":{"rendered":"","protected":false},"author":3,"featured_media":0,"parent":0,"menu_order":0,"comment_status":"closed","ping_status":"closed","template":"","meta":{"footnotes":""},"yoast_head":"<!-- This site is optimized with the Yoast SEO plugin v22.0 - https:\/\/yoast.com\/wordpress\/plugins\/seo\/ -->\n<title>Rytmus Malm\u00f6 konsert p\u00e5 Moriskan | Rytmus 30 \u00e5r<\/title>\n<meta name=\"description\" content=\"M\u00e5ndag den 23 oktober 2023\u00a0 firade Rytmus 30 \u00e5rsjubileum med en maxad konsertkv\u00e4ll med fantastisk lineup. L\u00e4s mer om den h\u00e4r!\" \/>\n<meta name=\"robots\" content=\"index, follow, max-snippet:-1, max-image-preview:large, max-video-preview:-1\" \/>\n<link rel=\"canonical\" href=\"https:\/\/rytmus.se\/malmo\/30-ar\/\" \/>\n<meta property=\"og:locale\" content=\"sv_SE\" \/>\n<meta property=\"og:type\" content=\"article\" \/>\n<meta property=\"og:title\" content=\"Rytmus Malm\u00f6 konsert p\u00e5 Moriskan | Rytmus 30 \u00e5r\" \/>\n<meta property=\"og:description\" content=\"M\u00e5ndag den 23 oktober 2023\u00a0 firade Rytmus 30 \u00e5rsjubileum med en maxad konsertkv\u00e4ll med fantastisk lineup. L\u00e4s mer om den h\u00e4r!\" \/>\n<meta property=\"og:url\" content=\"https:\/\/rytmus.se\/malmo\/30-ar\/\" \/>\n<meta property=\"og:site_name\" content=\"Malm\u00f6\" \/>\n<meta property=\"article:modified_time\" content=\"2024-04-30T06:34:24+00:00\" \/>\n<meta name=\"twitter:card\" content=\"summary_large_image\" \/>\n<meta name=\"twitter:title\" content=\"Rytmus Malm\u00f6 konsert p\u00e5 Moriskan | Rytmus 30 \u00e5r\" \/>\n<meta name=\"twitter:description\" content=\"M\u00e5ndag den 23 oktober 2023\u00a0 firade Rytmus 30 \u00e5rsjubileum med en maxad konsertkv\u00e4ll med fantastisk lineup. L\u00e4s mer om den h\u00e4r!\" \/>\n<meta name=\"twitter:label1\" content=\"Ber\u00e4knad l\u00e4stid\" \/>\n\t<meta name=\"twitter:data1\" content=\"2 minuter\" \/>\n<script type=\"application\/ld+json\" class=\"yoast-schema-graph\">{\"@context\":\"https:\/\/schema.org\",\"@graph\":[{\"@type\":\"WebPage\",\"@id\":\"https:\/\/rytmus.se\/malmo\/30-ar\/\",\"url\":\"https:\/\/rytmus.se\/malmo\/30-ar\/\",\"name\":\"Rytmus Malm\u00f6 konsert p\u00e5 Moriskan | Rytmus 30 \u00e5r\",\"isPartOf\":{\"@id\":\"https:\/\/rytmus.se\/malmo\/#website\"},\"datePublished\":\"2023-09-18T13:06:54+00:00\",\"dateModified\":\"2024-04-30T06:34:24+00:00\",\"description\":\"M\u00e5ndag den 23 oktober 2023\u00a0 firade Rytmus 30 \u00e5rsjubileum med en maxad konsertkv\u00e4ll med fantastisk lineup. L\u00e4s mer om den h\u00e4r!\",\"breadcrumb\":{\"@id\":\"https:\/\/rytmus.se\/malmo\/30-ar\/#breadcrumb\"},\"inLanguage\":\"sv-SE\",\"potentialAction\":[{\"@type\":\"ReadAction\",\"target\":[\"https:\/\/rytmus.se\/malmo\/30-ar\/\"]}]},{\"@type\":\"BreadcrumbList\",\"@id\":\"https:\/\/rytmus.se\/malmo\/30-ar\/#breadcrumb\",\"itemListElement\":[{\"@type\":\"ListItem\",\"position\":1,\"name\":\"Start\",\"item\":\"https:\/\/rytmus.se\/malmo\/\"},{\"@type\":\"ListItem\",\"position\":2,\"name\":\"30 \u00e5r\"}]},{\"@type\":\"WebSite\",\"@id\":\"https:\/\/rytmus.se\/malmo\/#website\",\"url\":\"https:\/\/rytmus.se\/malmo\/\",\"name\":\"Malm\u00f6\",\"description\":\"MAKE | MUSIC | LIVE\",\"potentialAction\":[{\"@type\":\"SearchAction\",\"target\":{\"@type\":\"EntryPoint\",\"urlTemplate\":\"https:\/\/rytmus.se\/malmo\/?s={search_term_string}\"},\"query-input\":\"required name=search_term_string\"}],\"inLanguage\":\"sv-SE\"}]}<\/script>\n<!-- \/ Yoast SEO plugin. -->","yoast_head_json":{"title":"Rytmus Malm\u00f6 konsert p\u00e5 Moriskan | Rytmus 30 \u00e5r","description":"M\u00e5ndag den 23 oktober 2023\u00a0 firade Rytmus 30 \u00e5rsjubileum med en maxad konsertkv\u00e4ll med fantastisk lineup. L\u00e4s mer om den h\u00e4r!","robots":{"index":"index","follow":"follow","max-snippet":"max-snippet:-1","max-image-preview":"max-image-preview:large","max-video-preview":"max-video-preview:-1"},"canonical":"https:\/\/rytmus.se\/malmo\/30-ar\/","og_locale":"sv_SE","og_type":"article","og_title":"Rytmus Malm\u00f6 konsert p\u00e5 Moriskan | Rytmus 30 \u00e5r","og_description":"M\u00e5ndag den 23 oktober 2023\u00a0 firade Rytmus 30 \u00e5rsjubileum med en maxad konsertkv\u00e4ll med fantastisk lineup. L\u00e4s mer om den h\u00e4r!","og_url":"https:\/\/rytmus.se\/malmo\/30-ar\/","og_site_name":"Malm\u00f6","article_modified_time":"2024-04-30T06:34:24+00:00","twitter_card":"summary_large_image","twitter_title":"Rytmus Malm\u00f6 konsert p\u00e5 Moriskan | Rytmus 30 \u00e5r","twitter_description":"M\u00e5ndag den 23 oktober 2023\u00a0 firade Rytmus 30 \u00e5rsjubileum med en maxad konsertkv\u00e4ll med fantastisk lineup. L\u00e4s mer om den h\u00e4r!","twitter_misc":{"Ber\u00e4knad l\u00e4stid":"2 minuter"},"schema":{"@context":"https:\/\/schema.org","@graph":[{"@type":"WebPage","@id":"https:\/\/rytmus.se\/malmo\/30-ar\/","url":"https:\/\/rytmus.se\/malmo\/30-ar\/","name":"Rytmus Malm\u00f6 konsert p\u00e5 Moriskan | Rytmus 30 \u00e5r","isPartOf":{"@id":"https:\/\/rytmus.se\/malmo\/#website"},"datePublished":"2023-09-18T13:06:54+00:00","dateModified":"2024-04-30T06:34:24+00:00","description":"M\u00e5ndag den 23 oktober 2023\u00a0 firade Rytmus 30 \u00e5rsjubileum med en maxad konsertkv\u00e4ll med fantastisk lineup. L\u00e4s mer om den h\u00e4r!","breadcrumb":{"@id":"https:\/\/rytmus.se\/malmo\/30-ar\/#breadcrumb"},"inLanguage":"sv-SE","potentialAction":[{"@type":"ReadAction","target":["https:\/\/rytmus.se\/malmo\/30-ar\/"]}]},{"@type":"BreadcrumbList","@id":"https:\/\/rytmus.se\/malmo\/30-ar\/#breadcrumb","itemListElement":[{"@type":"ListItem","position":1,"name":"Start","item":"https:\/\/rytmus.se\/malmo\/"},{"@type":"ListItem","position":2,"name":"30 \u00e5r"}]},{"@type":"WebSite","@id":"https:\/\/rytmus.se\/malmo\/#website","url":"https:\/\/rytmus.se\/malmo\/","name":"Malm\u00f6","description":"MAKE | MUSIC | LIVE","potentialAction":[{"@type":"SearchAction","target":{"@type":"EntryPoint","urlTemplate":"https:\/\/rytmus.se\/malmo\/?s={search_term_string}"},"query-input":"required name=search_term_string"}],"inLanguage":"sv-SE"}]}},"_links":{"self":[{"href":"https:\/\/rytmus.se\/malmo\/wp-json\/wp\/v2\/pages\/1910"}],"collection":[{"href":"https:\/\/rytmus.se\/malmo\/wp-json\/wp\/v2\/pages"}],"about":[{"href":"https:\/\/rytmus.se\/malmo\/wp-json\/wp\/v2\/types\/page"}],"author":[{"embeddable":true,"href":"https:\/\/rytmus.se\/malmo\/wp-json\/wp\/v2\/users\/3"}],"replies":[{"embeddable":true,"href":"https:\/\/rytmus.se\/malmo\/wp-json\/wp\/v2\/comments?post=1910"}],"version-history":[{"count":10,"href":"https:\/\/rytmus.se\/malmo\/wp-json\/wp\/v2\/pages\/1910\/revisions"}],"predecessor-version":[{"id":2225,"href":"https:\/\/rytmus.se\/malmo\/wp-json\/wp\/v2\/pages\/1910\/revisions\/2225"}],"wp:attachment":[{"href":"https:\/\/rytmus.se\/malmo\/wp-json\/wp\/v2\/media?parent=1910"}],"curies":[{"name":"wp","href":"https:\/\/api.w.org\/{rel}","templated":true}]}}