{"id":33,"date":"2022-07-25T23:09:41","date_gmt":"2022-07-25T21:09:41","guid":{"rendered":"https:\/\/rytmus.se\/goteborg\/?page_id=33"},"modified":"2026-01-23T13:09:03","modified_gmt":"2026-01-23T12:09:03","slug":"lediga-platser","status":"publish","type":"page","link":"https:\/\/rytmus.se\/goteborg\/lediga-platser\/","title":{"rendered":"Lediga platser"},"content":{"rendered":"\n\t\n\t\n\t\n\n\t\n\t\n\t\t\n<section  class=\"c-block l-stacked  \" data-color-scheme=\"\">\n\t<div class=\"ams-fifty ams-fifty--container ams-fifty--right ams-fifty--bottom l-container u-pt-fluid-3xl-6xl u-pb-fluid-3xl-6xl\">\n\t\t<div class=\"ams-fifty__content l-stack l-stack-xl is-left is-left@lg\">\n\t\t\t<div class=\"ams-fifty__text l-stack l-stack-lg\">\n\t\t\t\t\t\n\t<h1\n\tclass=\"c-heading u-font-title-1 \"\n\tstyle=\"\">\n\t\t\n\t\t\t\t\tV\u00e4lkommen till Rytmus G\u00f6teborg!\n\t\t\t\t\n\t<\/h1>\n\n\t\t\t\t\t\t\t\t\t<div class=\"text l-stack u-font-body\">\n\t\t\t\t\t\t<p>Vi har n\u00e5gra lediga platser kvar p\u00e5 ett par av v\u00e5ra utbildningar. Om du vill b\u00f6rja hos oss till h\u00f6sten har du allts\u00e5 m\u00f6jlighet att g\u00f6ra det! L\u00e4s mer om hur du byter till oss.<\/p>\n\n\t\t\t\t\t<\/div>\n\t\t\t\t\t\t\t<\/div>\n\n\t\t\t\t<div class=\"ams-fifty__action u-inline-items\">\n\t\t\t\t\t\t\t\n\n\n<a href=\"https:\/\/rytmus.se\/goteborg\/byta-till-oss\/\"\n\t\n\tclass=\"c-btn \"\n\tdata-style=\"square\"\n\tdata-size=\"md\"\n\tdata-width=\"full-mobile\"\n\tdata-variant=\"default\"\n\ttarget=\"_self\">\n\t\t\t<span class=\"label\"> Byta till oss<\/span>\n\t\t\t<\/a>\n\t\t\t<\/div>\n\t\t<\/div>\n\n\t\t <div class=\"ams-fifty__media u-ratio-landscape\">\n\t\t \t\t\t\t\t<img decoding=\"async\" width=\"600\" height=\"338\" src=\"https:\/\/rytmus.se\/wp-content\/uploads\/sites\/5\/2024\/06\/rytinstrument-sang0081-600x338.jpg\" class=\"attachment-md size-md\" alt=\"Elever p\u00e5 Rytmus musikgymnasium G\u00f6teborg.\" sizes=\"(min-width: 64em) 600px, calc(100vw - 160px)\" srcset=\"https:\/\/rytmus.se\/wp-content\/uploads\/sites\/5\/2024\/06\/rytinstrument-sang0081-600x338.jpg 600w, https:\/\/rytmus.se\/wp-content\/uploads\/sites\/5\/2024\/06\/rytinstrument-sang0081-300x169.jpg 300w, https:\/\/rytmus.se\/wp-content\/uploads\/sites\/5\/2024\/06\/rytinstrument-sang0081-400x225.jpg 400w, https:\/\/rytmus.se\/wp-content\/uploads\/sites\/5\/2024\/06\/rytinstrument-sang0081-800x450.jpg 800w, https:\/\/rytmus.se\/wp-content\/uploads\/sites\/5\/2024\/06\/rytinstrument-sang0081-1024x576.jpg 1024w, https:\/\/rytmus.se\/wp-content\/uploads\/sites\/5\/2024\/06\/rytinstrument-sang0081-1200x675.jpg 1200w, https:\/\/rytmus.se\/wp-content\/uploads\/sites\/5\/2024\/06\/rytinstrument-sang0081-1920x1080.jpg 1920w\" \/>\n\t\t\t\n\t\t\t\n\t\t\t\t\t<\/div>\n\t<\/div>\n\n\t\t\n\n<\/section>\n\n\n\n<section \n\t\t class=\"\n\t\t ams-contact\n\t\t \n\t\t c-block l-stacked\n\t\t \n\t\t \n\t\t js-load-more\n\t\t \"\n\t\t data-color-scheme=\"gra-ljus\"\n\t\t\t\t\tdata-count=\"3\"\n\t\t\t\t\t\t\tdata-count-mobile=\"2\"\n\t\t\t\t>\n\t<div\n\t\t class=\"\n\t\t l-container\n\t\t l-stack l-stack-fluid-2xl\n\t\t u-pt-fluid-2xl-4xl\n\t\t u-pb-fluid-2xl-4xl\n\t\t is-center\n\t\t is-center@md\n\t\t \">\n\t\t\t\t\t<div class=\"ams-contact__intro l-stack l-stack-lg\">\n\t\t\t\t\t\n\t<h2\n\tclass=\"c-heading u-font-title-1 \"\n\tstyle=\"\">\n\t\t\n\t\t\t\t\tHar du fr\u00e5gor?\n\t\t\t\t\n\t<\/h2>\n\n\t\t\t\t\t\t\t\t\t<div class=\"c-text l-stack u-cs-xl u-font-body\">\n\t\t\t\t\t\t<p>Tveka inte p\u00e5 att h\u00f6ra av till oss om du har funderingar om v\u00e5ra utbildningar eller v\u00e5r skola!<\/p>\n\n\t\t\t\t\t<\/div>\n\t\t\t\t\t\t\t<\/div>\n\t\t\n\t\t\n\t\t    \t\n\t\t\n\t\t<ul\n\t\t\tid=\"contact-grid-6a044acf7d87c\"\n\t\t\tclass=\"ams-contact__list l-grid u-gap-fluid-2xl-4xl u-justify-center js-results \"\n\t\t\taria-label=\"Kontakter\"\n\t\t\tdata-filter-animation=\"off\"\n\t\t\t>\n\t\t\t\t\t\t\t\t\t\t\t\n\t\t\t\t\n\t\t\t\t<li class=\"l-col-6@md \" data-filter=\"ledning\">\n\t\t\t\t\t<article class=\"c-card \" data-variant=\"neutral\">\n\t\t\t\t\t\t<div class=\"c-card__content u-text-center\">\n\t\t\t\t\t\t\t\t\t\t\t\t\t\t\t<h3 class=\"c-card__title u-font-title-3\">\n\t\t\t\t\t\t\t\t\tJeanette Mellqvist\n\t\t\t\t\t\t\t\t<\/h3>\n\t\t\t\t\t\t\t\n\t\t\t\t\t\t\t\t\t\t\t\t\t\t\t<p class=\"position u-font-body\">Rektor<\/p>\n\t\t\t\t\t\t\t\n\t\t\t\t\t\t\t\t\t\t\t\t\t\t\t<div class=\"contact-info u-font-body\">\n\t\t\t\t\t\t\t\t\t\t\t\t\t\t\t\t\t\t\t\t\t\t\t\t\t\t\t\t\t\t<p class=\"phone\"><a\n\t\t\t\t\t\t\t\t\t\t\t\t\thref=\"tel:031170197\"\n\t\t\t\t\t\t\t\t\t\t\t\t\tclass=\"u-text-link\">031-17 01 97<\/a>\n\t\t\t\t\t\t\t\t\t\t\t<\/p>\n\t\t\t\t\t\t\t\t\t\t\t\t\t\t\t\t\t\t\t\n\t\t\t\t\t\t\t\t\t\t\t\t\t\t\t\t\t\t\t\t\t\t\t\t\t\t\t\t\t\t<p class=\"email\"><a\n\t\t\t\t\t\t\t\t\t\t\t\t\thref=\"&#109;&#097;i&#108;t&#111;:jea&#110;&#101;&#116;&#116;e&#046;&#109;el&#108;q&#118;&#105;s&#116;&#064;&#114;y&#116;&#109;us.&#115;e\"\n\t\t\t\t\t\t\t\t\t\t\t\t\tclass=\"u-text-link\">&#106;ean&#101;&#116;t&#101;&#046;m&#101;llqvi&#115;t&#064;&#114;ytm&#117;&#115;.&#115;e<\/a>\n\t\t\t\t\t\t\t\t\t\t\t<\/p>\n\t\t\t\t\t\t\t\t\t\t\t\t\t\t\t\t\t\t\t\t\t\t\t\t\t\t\t<\/div>\n\t\t\t\t\t\t\t\n\t\t\t\t\t\t\t\t\t\t\t\t\t<\/div>\n\t\t\t\t\t\t<div class=\"c-card__media\">\n\t\t\t\t\t\t\t\t\t\t\t\t\t\t\t\t\t\t\t\t\t\t\t\t\t\t\t\t\t\t\t\t\t\t\t\t\t\t\t\t\t\t\t\t\t\t\t\t\t<img decoding=\"async\" width=\"400\" height=\"278\" src=\"https:\/\/rytmus.se\/wp-content\/uploads\/sites\/5\/2022\/11\/jeanetterytrektorgbg-e1697524767362-400x278.jpg\" class=\"u-radius-square u-ratio-landscape  \" alt=\"Personalbild Jeanette Mellqvist.\" sizes=\"(max-width: 300px) 100vw, 300px\" srcset=\"https:\/\/rytmus.se\/wp-content\/uploads\/sites\/5\/2022\/11\/jeanetterytrektorgbg-e1697524767362-400x278.jpg 400w, https:\/\/rytmus.se\/wp-content\/uploads\/sites\/5\/2022\/11\/jeanetterytrektorgbg-e1697524767362-300x208.jpg 300w, https:\/\/rytmus.se\/wp-content\/uploads\/sites\/5\/2022\/11\/jeanetterytrektorgbg-e1697524767362.jpg 500w\" \/>\n\t\t\t\t\t\t<\/div>\n\t\t\t\t\t<\/article>\n\t\t\t\t<\/li>\n\t\t\t\t\t\t\t\t\t\t\t\n\t\t\t\t\n\t\t\t\t<li class=\"l-col-6@md \" data-filter=\"administrator\">\n\t\t\t\t\t<article class=\"c-card \" data-variant=\"neutral\">\n\t\t\t\t\t\t<div class=\"c-card__content u-text-center\">\n\t\t\t\t\t\t\t\t\t\t\t\t\t\t\t<h3 class=\"c-card__title u-font-title-3\">\n\t\t\t\t\t\t\t\t\tAnneli Mehlin\n\t\t\t\t\t\t\t\t<\/h3>\n\t\t\t\t\t\t\t\n\t\t\t\t\t\t\t\t\t\t\t\t\t\t\t<p class=\"position u-font-body\">Administrat\u00f6r<\/p>\n\t\t\t\t\t\t\t\n\t\t\t\t\t\t\t\t\t\t\t\t\t\t\t<div class=\"contact-info u-font-body\">\n\t\t\t\t\t\t\t\t\t\t\t\t\t\t\t\t\t\t\t\t\t\t\t\t\t\t\t\t\t\t<p class=\"phone\"><a\n\t\t\t\t\t\t\t\t\t\t\t\t\thref=\"tel:031652530\"\n\t\t\t\t\t\t\t\t\t\t\t\t\tclass=\"u-text-link\">031-65 25 30<\/a>\n\t\t\t\t\t\t\t\t\t\t\t<\/p>\n\t\t\t\t\t\t\t\t\t\t\t\t\t\t\t\t\t\t\t\t\t<p class=\"phone\"><a\n\t\t\t\t\t\t\t\t\t\t\t\t\thref=\"tel:0722004836\"\n\t\t\t\t\t\t\t\t\t\t\t\t\tclass=\"u-text-link\">0722-00 48 36<\/a>\n\t\t\t\t\t\t\t\t\t\t\t<\/p>\n\t\t\t\t\t\t\t\t\t\t\t\t\t\t\t\t\t\t\t\n\t\t\t\t\t\t\t\t\t\t\t\t\t\t\t\t\t\t\t\t\t\t\t\t\t\t\t\t\t\t<p class=\"email\"><a\n\t\t\t\t\t\t\t\t\t\t\t\t\thref=\"mail&#116;o:ann&#101;&#108;i.m&#101;h&#108;i&#110;&#064;ry&#116;m&#117;s.&#115;e\"\n\t\t\t\t\t\t\t\t\t\t\t\t\tclass=\"u-text-link\">&#097;n&#110;&#101;l&#105;.&#109;e&#104;&#108;in&#064;&#114;&#121;&#116;&#109;us.s&#101;<\/a>\n\t\t\t\t\t\t\t\t\t\t\t<\/p>\n\t\t\t\t\t\t\t\t\t\t\t\t\t\t\t\t\t\t\t\t\t<p class=\"email\"><a\n\t\t\t\t\t\t\t\t\t\t\t\t\thref=\"m&#097;&#105;l&#116;o&#058;\"\n\t\t\t\t\t\t\t\t\t\t\t\t\tclass=\"u-text-link\"><\/a>\n\t\t\t\t\t\t\t\t\t\t\t<\/p>\n\t\t\t\t\t\t\t\t\t\t\t\t\t\t\t\t\t\t\t\t\t<p class=\"email\"><a\n\t\t\t\t\t\t\t\t\t\t\t\t\thref=\"m&#097;ilto&#058;\"\n\t\t\t\t\t\t\t\t\t\t\t\t\tclass=\"u-text-link\"><\/a>\n\t\t\t\t\t\t\t\t\t\t\t<\/p>\n\t\t\t\t\t\t\t\t\t\t\t\t\t\t\t\t\t\t\t\t\t\t\t\t\t\t\t<\/div>\n\t\t\t\t\t\t\t\n\t\t\t\t\t\t\t\t\t\t\t\t\t<\/div>\n\t\t\t\t\t\t<div class=\"c-card__media\">\n\t\t\t\t\t\t\t\t\t\t\t\t\t\t\t\t\t\t\t\t\t\t\t\t\t\t\t\t\t\t\t\t\t\t\t\t\t\t\t\t\t\t\t\t\t\t\t\t\t<img decoding=\"async\" width=\"400\" height=\"313\" src=\"https:\/\/rytmus.se\/wp-content\/uploads\/sites\/5\/2022\/11\/img5678-1-e1699858812175-400x313.jpg\" class=\"u-radius-square u-ratio-landscape  \" alt=\"Personalbild Anneli Mehlin.\" sizes=\"(max-width: 300px) 100vw, 300px\" srcset=\"https:\/\/rytmus.se\/wp-content\/uploads\/sites\/5\/2022\/11\/img5678-1-e1699858812175-400x313.jpg 400w, https:\/\/rytmus.se\/wp-content\/uploads\/sites\/5\/2022\/11\/img5678-1-e1699858812175-300x234.jpg 300w, https:\/\/rytmus.se\/wp-content\/uploads\/sites\/5\/2022\/11\/img5678-1-e1699858812175-600x469.jpg 600w, https:\/\/rytmus.se\/wp-content\/uploads\/sites\/5\/2022\/11\/img5678-1-e1699858812175-800x625.jpg 800w, https:\/\/rytmus.se\/wp-content\/uploads\/sites\/5\/2022\/11\/img5678-1-e1699858812175-1024x800.jpg 1024w, https:\/\/rytmus.se\/wp-content\/uploads\/sites\/5\/2022\/11\/img5678-1-e1699858812175-1200x938.jpg 1200w, https:\/\/rytmus.se\/wp-content\/uploads\/sites\/5\/2022\/11\/img5678-1-e1699858812175.jpg 1600w\" \/>\n\t\t\t\t\t\t<\/div>\n\t\t\t\t\t<\/article>\n\t\t\t\t<\/li>\n\t\t\t\t\t<\/ul>\n\n\t\t\n\t\t    <div class=\"ams-contact__more u-inline-items js-load-more-btn\">\n        <button href=\"#\"\n                class=\"c-btn\"\n                data-style=\"square\"\n                data-size=\"md\"\n                data-width=\"full-mobile\"\n                data-variant=\"outline\">\n        \tVisa mer\n        <\/button>\n    <\/div>\n\n\t\t\t<\/div>\n\n\t\t\n\n<\/section>\n","protected":false},"excerpt":{"rendered":"","protected":false},"author":1,"featured_media":0,"parent":0,"menu_order":0,"comment_status":"closed","ping_status":"closed","template":"","meta":{"footnotes":""},"yoast_head":"<!-- This site is optimized with the Yoast SEO plugin v22.0 - https:\/\/yoast.com\/wordpress\/plugins\/seo\/ -->\n<title>G\u00f6teborg<\/title>\n<meta name=\"description\" content=\"H\u00e4r hittar du lediga platser f\u00f6r Rytmus Gymnasium G\u00f6teborg.\" \/>\n<meta name=\"robots\" content=\"index, follow, max-snippet:-1, max-image-preview:large, max-video-preview:-1\" \/>\n<link rel=\"canonical\" href=\"https:\/\/rytmus.se\/goteborg\/lediga-platser\/\" \/>\n<meta property=\"og:locale\" content=\"sv_SE\" \/>\n<meta property=\"og:type\" content=\"article\" \/>\n<meta property=\"og:description\" content=\"H\u00e4r hittar du lediga platser f\u00f6r Rytmus Gymnasium G\u00f6teborg.\" \/>\n<meta property=\"og:url\" content=\"https:\/\/rytmus.se\/goteborg\/lediga-platser\/\" \/>\n<meta property=\"og:site_name\" content=\"G\u00f6teborg\" \/>\n<meta property=\"article:modified_time\" content=\"2026-01-23T12:09:03+00:00\" \/>\n<meta name=\"twitter:card\" content=\"summary_large_image\" \/>\n<meta name=\"twitter:description\" content=\"H\u00e4r hittar du lediga platser f\u00f6r Rytmus Gymnasium G\u00f6teborg.\" \/>\n<meta name=\"twitter:label1\" content=\"Ber\u00e4knad l\u00e4stid\" \/>\n\t<meta name=\"twitter:data1\" content=\"1 minut\" \/>\n<script type=\"application\/ld+json\" class=\"yoast-schema-graph\">{\"@context\":\"https:\/\/schema.org\",\"@graph\":[{\"@type\":\"WebPage\",\"@id\":\"https:\/\/rytmus.se\/goteborg\/lediga-platser\/\",\"url\":\"https:\/\/rytmus.se\/goteborg\/lediga-platser\/\",\"name\":\"Lediga platser - G\u00f6teborg\",\"isPartOf\":{\"@id\":\"https:\/\/rytmus.se\/goteborg\/#website\"},\"datePublished\":\"2022-07-25T21:09:41+00:00\",\"dateModified\":\"2026-01-23T12:09:03+00:00\",\"description\":\"H\u00e4r hittar du lediga platser f\u00f6r Rytmus Gymnasium G\u00f6teborg.\",\"breadcrumb\":{\"@id\":\"https:\/\/rytmus.se\/goteborg\/lediga-platser\/#breadcrumb\"},\"inLanguage\":\"sv-SE\",\"potentialAction\":[{\"@type\":\"ReadAction\",\"target\":[\"https:\/\/rytmus.se\/goteborg\/lediga-platser\/\"]}]},{\"@type\":\"BreadcrumbList\",\"@id\":\"https:\/\/rytmus.se\/goteborg\/lediga-platser\/#breadcrumb\",\"itemListElement\":[{\"@type\":\"ListItem\",\"position\":1,\"name\":\"Start\",\"item\":\"https:\/\/rytmus.se\/goteborg\/\"},{\"@type\":\"ListItem\",\"position\":2,\"name\":\"Lediga platser\"}]},{\"@type\":\"WebSite\",\"@id\":\"https:\/\/rytmus.se\/goteborg\/#website\",\"url\":\"https:\/\/rytmus.se\/goteborg\/\",\"name\":\"G\u00f6teborg\",\"description\":\"MAKE | MUSIC | LIVE\",\"potentialAction\":[{\"@type\":\"SearchAction\",\"target\":{\"@type\":\"EntryPoint\",\"urlTemplate\":\"https:\/\/rytmus.se\/goteborg\/?s={search_term_string}\"},\"query-input\":\"required name=search_term_string\"}],\"inLanguage\":\"sv-SE\"}]}<\/script>\n<!-- \/ Yoast SEO plugin. -->","yoast_head_json":{"title":"G\u00f6teborg","description":"H\u00e4r hittar du lediga platser f\u00f6r Rytmus Gymnasium G\u00f6teborg.","robots":{"index":"index","follow":"follow","max-snippet":"max-snippet:-1","max-image-preview":"max-image-preview:large","max-video-preview":"max-video-preview:-1"},"canonical":"https:\/\/rytmus.se\/goteborg\/lediga-platser\/","og_locale":"sv_SE","og_type":"article","og_description":"H\u00e4r hittar du lediga platser f\u00f6r Rytmus Gymnasium G\u00f6teborg.","og_url":"https:\/\/rytmus.se\/goteborg\/lediga-platser\/","og_site_name":"G\u00f6teborg","article_modified_time":"2026-01-23T12:09:03+00:00","twitter_card":"summary_large_image","twitter_description":"H\u00e4r hittar du lediga platser f\u00f6r Rytmus Gymnasium G\u00f6teborg.","twitter_misc":{"Ber\u00e4knad l\u00e4stid":"1 minut"},"schema":{"@context":"https:\/\/schema.org","@graph":[{"@type":"WebPage","@id":"https:\/\/rytmus.se\/goteborg\/lediga-platser\/","url":"https:\/\/rytmus.se\/goteborg\/lediga-platser\/","name":"Lediga platser - G\u00f6teborg","isPartOf":{"@id":"https:\/\/rytmus.se\/goteborg\/#website"},"datePublished":"2022-07-25T21:09:41+00:00","dateModified":"2026-01-23T12:09:03+00:00","description":"H\u00e4r hittar du lediga platser f\u00f6r Rytmus Gymnasium G\u00f6teborg.","breadcrumb":{"@id":"https:\/\/rytmus.se\/goteborg\/lediga-platser\/#breadcrumb"},"inLanguage":"sv-SE","potentialAction":[{"@type":"ReadAction","target":["https:\/\/rytmus.se\/goteborg\/lediga-platser\/"]}]},{"@type":"BreadcrumbList","@id":"https:\/\/rytmus.se\/goteborg\/lediga-platser\/#breadcrumb","itemListElement":[{"@type":"ListItem","position":1,"name":"Start","item":"https:\/\/rytmus.se\/goteborg\/"},{"@type":"ListItem","position":2,"name":"Lediga platser"}]},{"@type":"WebSite","@id":"https:\/\/rytmus.se\/goteborg\/#website","url":"https:\/\/rytmus.se\/goteborg\/","name":"G\u00f6teborg","description":"MAKE | MUSIC | LIVE","potentialAction":[{"@type":"SearchAction","target":{"@type":"EntryPoint","urlTemplate":"https:\/\/rytmus.se\/goteborg\/?s={search_term_string}"},"query-input":"required name=search_term_string"}],"inLanguage":"sv-SE"}]}},"_links":{"self":[{"href":"https:\/\/rytmus.se\/goteborg\/wp-json\/wp\/v2\/pages\/33"}],"collection":[{"href":"https:\/\/rytmus.se\/goteborg\/wp-json\/wp\/v2\/pages"}],"about":[{"href":"https:\/\/rytmus.se\/goteborg\/wp-json\/wp\/v2\/types\/page"}],"author":[{"embeddable":true,"href":"https:\/\/rytmus.se\/goteborg\/wp-json\/wp\/v2\/users\/1"}],"replies":[{"embeddable":true,"href":"https:\/\/rytmus.se\/goteborg\/wp-json\/wp\/v2\/comments?post=33"}],"version-history":[{"count":10,"href":"https:\/\/rytmus.se\/goteborg\/wp-json\/wp\/v2\/pages\/33\/revisions"}],"predecessor-version":[{"id":2573,"href":"https:\/\/rytmus.se\/goteborg\/wp-json\/wp\/v2\/pages\/33\/revisions\/2573"}],"wp:attachment":[{"href":"https:\/\/rytmus.se\/goteborg\/wp-json\/wp\/v2\/media?parent=33"}],"curies":[{"name":"wp","href":"https:\/\/api.w.org\/{rel}","templated":true}]}}