{"id":456,"date":"2022-09-22T11:19:34","date_gmt":"2022-09-22T09:19:34","guid":{"rendered":"https:\/\/rytmus.se\/borlange\/?page_id=456"},"modified":"2025-08-22T13:34:29","modified_gmt":"2025-08-22T11:34:29","slug":"program","status":"publish","type":"page","link":"https:\/\/rytmus.se\/borlange\/program\/","title":{"rendered":"Program"},"content":{"rendered":"\n\n<section  class=\"ams-cta ams-cta--stacked c-block l-stacked\" data-color-scheme=\"gra-ljus\">\n\t<div class=\"l-container l-stack l-stack-fluid-2xl u-pt-fluid-2xl-4xl u-pb-fluid-2xl-4xl is-center is-center@md\">\n\t\t\t\t\t<div class=\"ams-cta__intro l-stack l-stack-lg\">\n\t\t\t\t\t\n\t<h1\n\tclass=\"c-heading u-font-title-1 \"\n\tstyle=\"\">\n\t\t\n\t\t\t\t\tV\u00e5ra gymnasieprogram\n\t\t\t\t\n\t<\/h1>\n\n\t\t\t\t\t\t\t\t\t<div class=\"c-text l-stack u-cs-xl u-font-body\">\n\t\t\t\t\t\t<p>P\u00e5 Rytmus Borl\u00e4nge erbjuder vi det Estetiska programmet med inriktning Musik. Vi har flera olika grenar inom musiken som alla ger h\u00f6gskolebeh\u00f6righet.<\/p>\n\n\t\t\t\t\t<\/div>\n\t\t\t\t\t\t\t<\/div>\n\t\t\n\t\t\n\t\t\t<\/div>\n\n\t\t\n\n<\/section>\n\n\n\n\n<section  class=\"ams-courses-list c-block l-stacked\" data-color-scheme=\"standard\">\n\t<div class=\"l-container l-stack l-stack-fluid-2xl u-pt-fluid-3xl-6xl u-pb-fluid-3xl-6xl is-center is-center@md\">\n\t\t\t\t\t<div class=\"ams-courses-list__intro l-stack l-stack-lg\">\n\t\t\t\t\t\n\t<h2\n\tclass=\"c-heading u-font-title-1 \"\n\tstyle=\"\">\n\t\t\n\t\t\t\t\tV\u00e5ra inriktningar\n\t\t\t\t\n\t<\/h2>\n\n\t\t\t\t\t\t\t\t\t<div class=\"c-text l-stack u-cs-xl u-font-body\">\n\t\t\t\t\t\t<p>G\u00e5 vidare till den gren du \u00e4r intresserad av f\u00f6r att l\u00e4sa mer om den.<\/p>\n\n\t\t\t\t\t<\/div>\n\t\t\t\t\t\t\t<\/div>\n\t\t\n\t\t\n\t\t\t\n<ul class=\"ams-courses-list__list l-grid u-gap-fluid-2xl-4xl u-justify-center\">\n\t\t\t<li class=\"l-col-6@md l-col-4@lg\">\n\t\t\t<article class=\"c-card has-media-zoom  \"\n\t\t\t\t\t\tdata-variant=\"\"\n\t\t\t\t\t\tdata-style=\"square\"\n\t\t\t\t\t\tdata-click-area>\n\t\t\t\t<div class=\"c-card__content l-stack l-stack-sm\">\n\t\t\t\t\t\t\t\t\t\t\t<h3 class=\"c-card__title u-font-title-3\">\n\t\t\t\t\t\t\t\t\t\t\t\t\t\t\t<a class=\"c-card__title-link\" href=\"https:\/\/rytmus.se\/borlange\/program\/estetiska-programmet\/estetisk-spets\/\">\n\t\t\t\t\t\t\t\t\tEstetisk spets\n\t\t\t\t\t\t\t\t<\/a>\n\t\t\t\t\t\t\t\t\t\t\t\t\t<\/h3>\n\t\t\t\t\t\n\t\t\t\t\t\t\t\t\t\t\t<p class=\"c-card__text l-stack-xs u-font-body \">\n\t\t\t\t\t\t\tRiksrekryterande\n\t\t\t\t\t\t<\/p>\n\t\t\t\t\t\n\t\t\t\t\t\t\t\t\t\t\t\t\t\t\t\t<ul class=\"c-card__list u-list-none l-stack-grow u-divider-top u-font-body\">\n\t\t\t\t\t\t\t\t\t\t\t\t\t\t\t<li>\n\t\t\t\t\t\t\t\t\t<strong>Program<\/strong>\n\t\t\t\t\t\t\t\t\t<ul class=\"u-list-dash\">\n\t\t\t\t\t\t\t\t\t\t\t\t\t\t\t\t\t\t\t\t\t<li>Estetiska programmet<\/li>\n\t\t\t\t\t\t\t\t\t\t\t\t\t\t\t\t\t\t\t<\/ul>\n\t\t\t\t\t\t\t\t<\/li>\n\t\t\t\t\t\t\t\n\t\t\t\t\t\t\t\t\t\t\t\t\t\t\t\t\t\t\t\t\t\t\t\t<li>\n\t\t\t\t\t\t\t\t\t\t<strong>Inriktning<\/strong>\n\t\t\t\t\t\t\t\t\t\t<ul class=\"u-list-dash\">\n\t\t\t\t\t\t\t\t\t\t\t\t\t\t\t\t\t\t\t\t\t\t\t<li>Musik<\/li>\n\t\t\t\t\t\t\t\t\t\t\t\t\t\t\t\t\t\t\t\t\t<\/ul>\n\t\t\t\t\t\t\t\t\t<\/li>\n\t\t\t\t\t\t\t\t\t\t\t\t\t\t\t\t\t\t\t\t\t<\/ul>\n\n\t\t\t\t\t\t<div class=\"c-card__icon c-card__icon--nl\">\n\t\t\t\t\t\t\t\t\t\t\t\t\t\t<svg class=\"ams-icon ams-icon--arrow-right\" width=\"32\" height=\"32\" viewbox=\"0 0 32 32\" fill=\"currentColor\" aria-hidden=\"true\" xmlns=\"http:\/\/www.w3.org\/2000\/svg\">\n\t\t\t\t\t\t\t\t\t\t\t\t\t\t\t\t<path d=\"M15.4617 0.252159L14.9567 0.75931C14.6219 1.09545 14.6219 1.64048 14.9567 1.97669L27.7062 14.7806H0.857144C0.383786 14.7806 0 15.166 0 15.6414V16.3587C0 16.8341 0.383786 17.2195 0.857144 17.2195H27.7062L14.9567 30.0234C14.6219 30.3595 14.6219 30.9045 14.9567 31.2407L15.4617 31.7479C15.7964 32.084 16.3392 32.084 16.6739 31.7479L31.749 16.6087C32.0837 16.2725 32.0837 15.7275 31.749 15.3913L16.6739 0.252159C16.3392 -0.084053 15.7964 -0.084053 15.4617 0.252159Z\"\/>\n\t\t\t\t\t\t\t\n\t\t\t\t\t\t\t<\/svg>\n\t\t\t\t\t\t<\/div>\n\t\t\t\t\t\t\t\t\t<\/div>\n\t\t\t\t<div class=\"c-card__media \" style=\" \">\n\t\t\t\t\t<img decoding=\"async\" width=\"400\" height=\"400\" src=\"https:\/\/rytmus.se\/wp-content\/uploads\/sites\/4\/2025\/10\/rytmus-estetisk-spets-202204-2-400x400.jpg\" class=\"attachment-sm size-sm wp-post-image\" alt=\"Elev sjunger och spelar piano.\" sizes=\"(min-width: 64em) 300px, (min-width: 48em) calc(.50 * (100vw - 240px)), calc(100vw - 160px)\" srcset=\"https:\/\/rytmus.se\/wp-content\/uploads\/sites\/4\/2025\/10\/rytmus-estetisk-spets-202204-2-400x400.jpg 400w, https:\/\/rytmus.se\/wp-content\/uploads\/sites\/4\/2025\/10\/rytmus-estetisk-spets-202204-2-150x150.jpg 150w, https:\/\/rytmus.se\/wp-content\/uploads\/sites\/4\/2025\/10\/rytmus-estetisk-spets-202204-2-300x300.jpg 300w, https:\/\/rytmus.se\/wp-content\/uploads\/sites\/4\/2025\/10\/rytmus-estetisk-spets-202204-2-600x600.jpg 600w, https:\/\/rytmus.se\/wp-content\/uploads\/sites\/4\/2025\/10\/rytmus-estetisk-spets-202204-2-800x800.jpg 800w, https:\/\/rytmus.se\/wp-content\/uploads\/sites\/4\/2025\/10\/rytmus-estetisk-spets-202204-2-1024x1024.jpg 1024w, https:\/\/rytmus.se\/wp-content\/uploads\/sites\/4\/2025\/10\/rytmus-estetisk-spets-202204-2.jpg 1080w\" \/>\n\t\t\t\t<\/div>\n\t\t\t<\/article>\n\t\t<\/li>\n\t\t\t<li class=\"l-col-6@md l-col-4@lg\">\n\t\t\t<article class=\"c-card has-media-zoom  \"\n\t\t\t\t\t\tdata-variant=\"\"\n\t\t\t\t\t\tdata-style=\"square\"\n\t\t\t\t\t\tdata-click-area>\n\t\t\t\t<div class=\"c-card__content l-stack l-stack-sm\">\n\t\t\t\t\t\t\t\t\t\t\t<h3 class=\"c-card__title u-font-title-3\">\n\t\t\t\t\t\t\t\t\t\t\t\t\t\t\t<a class=\"c-card__title-link\" href=\"https:\/\/rytmus.se\/borlange\/program\/estetiska-programmet\/latskrivare-artist\/\">\n\t\t\t\t\t\t\t\t\tL\u00e5tskrivare\/Artist\n\t\t\t\t\t\t\t\t<\/a>\n\t\t\t\t\t\t\t\t\t\t\t\t\t<\/h3>\n\t\t\t\t\t\n\t\t\t\t\t\n\t\t\t\t\t\t\t\t\t\t\t\t\t\t\t\t<ul class=\"c-card__list u-list-none l-stack-grow u-divider-top u-font-body\">\n\t\t\t\t\t\t\t\t\t\t\t\t\t\t\t<li>\n\t\t\t\t\t\t\t\t\t<strong>Program<\/strong>\n\t\t\t\t\t\t\t\t\t<ul class=\"u-list-dash\">\n\t\t\t\t\t\t\t\t\t\t\t\t\t\t\t\t\t\t\t\t\t<li>Estetiska programmet<\/li>\n\t\t\t\t\t\t\t\t\t\t\t\t\t\t\t\t\t\t\t<\/ul>\n\t\t\t\t\t\t\t\t<\/li>\n\t\t\t\t\t\t\t\n\t\t\t\t\t\t\t\t\t\t\t\t\t\t\t\t\t\t\t\t\t\t\t\t<li>\n\t\t\t\t\t\t\t\t\t\t<strong>Inriktning<\/strong>\n\t\t\t\t\t\t\t\t\t\t<ul class=\"u-list-dash\">\n\t\t\t\t\t\t\t\t\t\t\t\t\t\t\t\t\t\t\t\t\t\t\t<li>Musik<\/li>\n\t\t\t\t\t\t\t\t\t\t\t\t\t\t\t\t\t\t\t\t\t<\/ul>\n\t\t\t\t\t\t\t\t\t<\/li>\n\t\t\t\t\t\t\t\t\t\t\t\t\t\t\t\t\t\t\t\t\t<\/ul>\n\n\t\t\t\t\t\t<div class=\"c-card__icon c-card__icon--nl\">\n\t\t\t\t\t\t\t\t\t\t\t\t\t\t<svg class=\"ams-icon ams-icon--arrow-right\" width=\"32\" height=\"32\" viewbox=\"0 0 32 32\" fill=\"currentColor\" aria-hidden=\"true\" xmlns=\"http:\/\/www.w3.org\/2000\/svg\">\n\t\t\t\t\t\t\t\t\t\t\t\t\t\t\t\t<path d=\"M15.4617 0.252159L14.9567 0.75931C14.6219 1.09545 14.6219 1.64048 14.9567 1.97669L27.7062 14.7806H0.857144C0.383786 14.7806 0 15.166 0 15.6414V16.3587C0 16.8341 0.383786 17.2195 0.857144 17.2195H27.7062L14.9567 30.0234C14.6219 30.3595 14.6219 30.9045 14.9567 31.2407L15.4617 31.7479C15.7964 32.084 16.3392 32.084 16.6739 31.7479L31.749 16.6087C32.0837 16.2725 32.0837 15.7275 31.749 15.3913L16.6739 0.252159C16.3392 -0.084053 15.7964 -0.084053 15.4617 0.252159Z\"\/>\n\t\t\t\t\t\t\t\n\t\t\t\t\t\t\t<\/svg>\n\t\t\t\t\t\t<\/div>\n\t\t\t\t\t\t\t\t\t<\/div>\n\t\t\t\t<div class=\"c-card__media \" style=\" \">\n\t\t\t\t\t<img decoding=\"async\" width=\"400\" height=\"300\" src=\"https:\/\/rytmus.se\/wp-content\/uploads\/sites\/4\/2022\/11\/rytwebbbildkortsingersongwriter-400x300.jpg\" class=\"attachment-sm size-sm wp-post-image\" alt=\"En elev sjunger i en mikrofon p\u00e5 en scen medan hon spelar akustisk gitarr.\" sizes=\"(min-width: 64em) 300px, (min-width: 48em) calc(.50 * (100vw - 240px)), calc(100vw - 160px)\" srcset=\"https:\/\/rytmus.se\/wp-content\/uploads\/sites\/4\/2022\/11\/rytwebbbildkortsingersongwriter-400x300.jpg 400w, https:\/\/rytmus.se\/wp-content\/uploads\/sites\/4\/2022\/11\/rytwebbbildkortsingersongwriter-300x225.jpg 300w, https:\/\/rytmus.se\/wp-content\/uploads\/sites\/4\/2022\/11\/rytwebbbildkortsingersongwriter-600x450.jpg 600w, https:\/\/rytmus.se\/wp-content\/uploads\/sites\/4\/2022\/11\/rytwebbbildkortsingersongwriter-800x600.jpg 800w, https:\/\/rytmus.se\/wp-content\/uploads\/sites\/4\/2022\/11\/rytwebbbildkortsingersongwriter-1024x768.jpg 1024w, https:\/\/rytmus.se\/wp-content\/uploads\/sites\/4\/2022\/11\/rytwebbbildkortsingersongwriter-1200x900.jpg 1200w, https:\/\/rytmus.se\/wp-content\/uploads\/sites\/4\/2022\/11\/rytwebbbildkortsingersongwriter-768x576.jpg 768w, https:\/\/rytmus.se\/wp-content\/uploads\/sites\/4\/2022\/11\/rytwebbbildkortsingersongwriter.jpg 1440w\" \/>\n\t\t\t\t<\/div>\n\t\t\t<\/article>\n\t\t<\/li>\n\t\t\t<li class=\"l-col-6@md l-col-4@lg\">\n\t\t\t<article class=\"c-card has-media-zoom  \"\n\t\t\t\t\t\tdata-variant=\"\"\n\t\t\t\t\t\tdata-style=\"square\"\n\t\t\t\t\t\tdata-click-area>\n\t\t\t\t<div class=\"c-card__content l-stack l-stack-sm\">\n\t\t\t\t\t\t\t\t\t\t\t<h3 class=\"c-card__title u-font-title-3\">\n\t\t\t\t\t\t\t\t\t\t\t\t\t\t\t<a class=\"c-card__title-link\" href=\"https:\/\/rytmus.se\/borlange\/program\/estetiska-programmet\/musik-samhalle\/\">\n\t\t\t\t\t\t\t\t\tMusik\/Samh\u00e4lle\n\t\t\t\t\t\t\t\t<\/a>\n\t\t\t\t\t\t\t\t\t\t\t\t\t<\/h3>\n\t\t\t\t\t\n\t\t\t\t\t\n\t\t\t\t\t\t\t\t\t\t\t\t\t\t\t\t<ul class=\"c-card__list u-list-none l-stack-grow u-divider-top u-font-body\">\n\t\t\t\t\t\t\t\t\t\t\t\t\t\t\t<li>\n\t\t\t\t\t\t\t\t\t<strong>Program<\/strong>\n\t\t\t\t\t\t\t\t\t<ul class=\"u-list-dash\">\n\t\t\t\t\t\t\t\t\t\t\t\t\t\t\t\t\t\t\t\t\t<li>Estetiska programmet<\/li>\n\t\t\t\t\t\t\t\t\t\t\t\t\t\t\t\t\t\t\t<\/ul>\n\t\t\t\t\t\t\t\t<\/li>\n\t\t\t\t\t\t\t\n\t\t\t\t\t\t\t\t\t\t\t\t\t\t\t\t\t\t\t\t\t\t\t\t<li>\n\t\t\t\t\t\t\t\t\t\t<strong>Inriktning<\/strong>\n\t\t\t\t\t\t\t\t\t\t<ul class=\"u-list-dash\">\n\t\t\t\t\t\t\t\t\t\t\t\t\t\t\t\t\t\t\t\t\t\t\t<li>Musik<\/li>\n\t\t\t\t\t\t\t\t\t\t\t\t\t\t\t\t\t\t\t\t\t<\/ul>\n\t\t\t\t\t\t\t\t\t<\/li>\n\t\t\t\t\t\t\t\t\t\t\t\t\t\t\t\t\t\t\t\t\t<\/ul>\n\n\t\t\t\t\t\t<div class=\"c-card__icon c-card__icon--nl\">\n\t\t\t\t\t\t\t\t\t\t\t\t\t\t<svg class=\"ams-icon ams-icon--arrow-right\" width=\"32\" height=\"32\" viewbox=\"0 0 32 32\" fill=\"currentColor\" aria-hidden=\"true\" xmlns=\"http:\/\/www.w3.org\/2000\/svg\">\n\t\t\t\t\t\t\t\t\t\t\t\t\t\t\t\t<path d=\"M15.4617 0.252159L14.9567 0.75931C14.6219 1.09545 14.6219 1.64048 14.9567 1.97669L27.7062 14.7806H0.857144C0.383786 14.7806 0 15.166 0 15.6414V16.3587C0 16.8341 0.383786 17.2195 0.857144 17.2195H27.7062L14.9567 30.0234C14.6219 30.3595 14.6219 30.9045 14.9567 31.2407L15.4617 31.7479C15.7964 32.084 16.3392 32.084 16.6739 31.7479L31.749 16.6087C32.0837 16.2725 32.0837 15.7275 31.749 15.3913L16.6739 0.252159C16.3392 -0.084053 15.7964 -0.084053 15.4617 0.252159Z\"\/>\n\t\t\t\t\t\t\t\n\t\t\t\t\t\t\t<\/svg>\n\t\t\t\t\t\t<\/div>\n\t\t\t\t\t\t\t\t\t<\/div>\n\t\t\t\t<div class=\"c-card__media \" style=\" \">\n\t\t\t\t\t<img decoding=\"async\" width=\"400\" height=\"300\" src=\"https:\/\/rytmus.se\/wp-content\/uploads\/sites\/4\/2022\/11\/rytwebbbildkortmusiksam-400x300.jpg\" class=\"attachment-sm size-sm wp-post-image\" alt=\"Tre elever leer och arbetar tillsammans vid ett bord i ett klassrum.\" sizes=\"(min-width: 64em) 300px, (min-width: 48em) calc(.50 * (100vw - 240px)), calc(100vw - 160px)\" srcset=\"https:\/\/rytmus.se\/wp-content\/uploads\/sites\/4\/2022\/11\/rytwebbbildkortmusiksam-400x300.jpg 400w, https:\/\/rytmus.se\/wp-content\/uploads\/sites\/4\/2022\/11\/rytwebbbildkortmusiksam-300x225.jpg 300w, https:\/\/rytmus.se\/wp-content\/uploads\/sites\/4\/2022\/11\/rytwebbbildkortmusiksam-600x450.jpg 600w, https:\/\/rytmus.se\/wp-content\/uploads\/sites\/4\/2022\/11\/rytwebbbildkortmusiksam-800x600.jpg 800w, https:\/\/rytmus.se\/wp-content\/uploads\/sites\/4\/2022\/11\/rytwebbbildkortmusiksam-1024x768.jpg 1024w, https:\/\/rytmus.se\/wp-content\/uploads\/sites\/4\/2022\/11\/rytwebbbildkortmusiksam-1200x900.jpg 1200w, https:\/\/rytmus.se\/wp-content\/uploads\/sites\/4\/2022\/11\/rytwebbbildkortmusiksam-768x576.jpg 768w, https:\/\/rytmus.se\/wp-content\/uploads\/sites\/4\/2022\/11\/rytwebbbildkortmusiksam.jpg 1440w\" \/>\n\t\t\t\t<\/div>\n\t\t\t<\/article>\n\t\t<\/li>\n\t\t\t<li class=\"l-col-6@md l-col-4@lg\">\n\t\t\t<article class=\"c-card has-media-zoom  \"\n\t\t\t\t\t\tdata-variant=\"\"\n\t\t\t\t\t\tdata-style=\"square\"\n\t\t\t\t\t\tdata-click-area>\n\t\t\t\t<div class=\"c-card__content l-stack l-stack-sm\">\n\t\t\t\t\t\t\t\t\t\t\t<h3 class=\"c-card__title u-font-title-3\">\n\t\t\t\t\t\t\t\t\t\t\t\t\t\t\t<a class=\"c-card__title-link\" href=\"https:\/\/rytmus.se\/borlange\/program\/estetiska-programmet\/musiker-artist\/\">\n\t\t\t\t\t\t\t\t\tMusiker\/Artist\n\t\t\t\t\t\t\t\t<\/a>\n\t\t\t\t\t\t\t\t\t\t\t\t\t<\/h3>\n\t\t\t\t\t\n\t\t\t\t\t\n\t\t\t\t\t\t\t\t\t\t\t\t\t\t\t\t<ul class=\"c-card__list u-list-none l-stack-grow u-divider-top u-font-body\">\n\t\t\t\t\t\t\t\t\t\t\t\t\t\t\t<li>\n\t\t\t\t\t\t\t\t\t<strong>Program<\/strong>\n\t\t\t\t\t\t\t\t\t<ul class=\"u-list-dash\">\n\t\t\t\t\t\t\t\t\t\t\t\t\t\t\t\t\t\t\t\t\t<li>Estetiska programmet<\/li>\n\t\t\t\t\t\t\t\t\t\t\t\t\t\t\t\t\t\t\t<\/ul>\n\t\t\t\t\t\t\t\t<\/li>\n\t\t\t\t\t\t\t\n\t\t\t\t\t\t\t\t\t\t\t\t\t\t\t\t\t\t\t\t\t\t\t\t<li>\n\t\t\t\t\t\t\t\t\t\t<strong>Inriktning<\/strong>\n\t\t\t\t\t\t\t\t\t\t<ul class=\"u-list-dash\">\n\t\t\t\t\t\t\t\t\t\t\t\t\t\t\t\t\t\t\t\t\t\t\t<li>Musik<\/li>\n\t\t\t\t\t\t\t\t\t\t\t\t\t\t\t\t\t\t\t\t\t<\/ul>\n\t\t\t\t\t\t\t\t\t<\/li>\n\t\t\t\t\t\t\t\t\t\t\t\t\t\t\t\t\t\t\t\t\t<\/ul>\n\n\t\t\t\t\t\t<div class=\"c-card__icon c-card__icon--nl\">\n\t\t\t\t\t\t\t\t\t\t\t\t\t\t<svg class=\"ams-icon ams-icon--arrow-right\" width=\"32\" height=\"32\" viewbox=\"0 0 32 32\" fill=\"currentColor\" aria-hidden=\"true\" xmlns=\"http:\/\/www.w3.org\/2000\/svg\">\n\t\t\t\t\t\t\t\t\t\t\t\t\t\t\t\t<path d=\"M15.4617 0.252159L14.9567 0.75931C14.6219 1.09545 14.6219 1.64048 14.9567 1.97669L27.7062 14.7806H0.857144C0.383786 14.7806 0 15.166 0 15.6414V16.3587C0 16.8341 0.383786 17.2195 0.857144 17.2195H27.7062L14.9567 30.0234C14.6219 30.3595 14.6219 30.9045 14.9567 31.2407L15.4617 31.7479C15.7964 32.084 16.3392 32.084 16.6739 31.7479L31.749 16.6087C32.0837 16.2725 32.0837 15.7275 31.749 15.3913L16.6739 0.252159C16.3392 -0.084053 15.7964 -0.084053 15.4617 0.252159Z\"\/>\n\t\t\t\t\t\t\t\n\t\t\t\t\t\t\t<\/svg>\n\t\t\t\t\t\t<\/div>\n\t\t\t\t\t\t\t\t\t<\/div>\n\t\t\t\t<div class=\"c-card__media \" style=\" \">\n\t\t\t\t\t<img decoding=\"async\" width=\"400\" height=\"225\" src=\"https:\/\/rytmus.se\/wp-content\/uploads\/sites\/4\/2022\/11\/headerinstrument-sang-ny-400x225.jpg\" class=\"attachment-sm size-sm wp-post-image\" alt=\"En elev spelar elgitarr under ett framtr\u00e4dande.\" sizes=\"(min-width: 64em) 300px, (min-width: 48em) calc(.50 * (100vw - 240px)), calc(100vw - 160px)\" srcset=\"https:\/\/rytmus.se\/wp-content\/uploads\/sites\/4\/2022\/11\/headerinstrument-sang-ny-400x225.jpg 400w, https:\/\/rytmus.se\/wp-content\/uploads\/sites\/4\/2022\/11\/headerinstrument-sang-ny-300x169.jpg 300w, https:\/\/rytmus.se\/wp-content\/uploads\/sites\/4\/2022\/11\/headerinstrument-sang-ny-600x338.jpg 600w, https:\/\/rytmus.se\/wp-content\/uploads\/sites\/4\/2022\/11\/headerinstrument-sang-ny-800x450.jpg 800w, https:\/\/rytmus.se\/wp-content\/uploads\/sites\/4\/2022\/11\/headerinstrument-sang-ny-1024x576.jpg 1024w, https:\/\/rytmus.se\/wp-content\/uploads\/sites\/4\/2022\/11\/headerinstrument-sang-ny-1200x675.jpg 1200w, https:\/\/rytmus.se\/wp-content\/uploads\/sites\/4\/2022\/11\/headerinstrument-sang-ny.jpg 1920w\" \/>\n\t\t\t\t<\/div>\n\t\t\t<\/article>\n\t\t<\/li>\n\t\t\t<li class=\"l-col-6@md l-col-4@lg\">\n\t\t\t<article class=\"c-card has-media-zoom  \"\n\t\t\t\t\t\tdata-variant=\"\"\n\t\t\t\t\t\tdata-style=\"square\"\n\t\t\t\t\t\tdata-click-area>\n\t\t\t\t<div class=\"c-card__content l-stack l-stack-sm\">\n\t\t\t\t\t\t\t\t\t\t\t<h3 class=\"c-card__title u-font-title-3\">\n\t\t\t\t\t\t\t\t\t\t\t\t\t\t\t<a class=\"c-card__title-link\" href=\"https:\/\/rytmus.se\/borlange\/program\/estetiska-programmet\/musikproducent\/\">\n\t\t\t\t\t\t\t\t\tMusikproducent\n\t\t\t\t\t\t\t\t<\/a>\n\t\t\t\t\t\t\t\t\t\t\t\t\t<\/h3>\n\t\t\t\t\t\n\t\t\t\t\t\n\t\t\t\t\t\t\t\t\t\t\t\t\t\t\t\t<ul class=\"c-card__list u-list-none l-stack-grow u-divider-top u-font-body\">\n\t\t\t\t\t\t\t\t\t\t\t\t\t\t\t<li>\n\t\t\t\t\t\t\t\t\t<strong>Program<\/strong>\n\t\t\t\t\t\t\t\t\t<ul class=\"u-list-dash\">\n\t\t\t\t\t\t\t\t\t\t\t\t\t\t\t\t\t\t\t\t\t<li>Estetiska programmet<\/li>\n\t\t\t\t\t\t\t\t\t\t\t\t\t\t\t\t\t\t\t<\/ul>\n\t\t\t\t\t\t\t\t<\/li>\n\t\t\t\t\t\t\t\n\t\t\t\t\t\t\t\t\t\t\t\t\t\t\t\t\t\t\t\t\t\t\t\t<li>\n\t\t\t\t\t\t\t\t\t\t<strong>Inriktning<\/strong>\n\t\t\t\t\t\t\t\t\t\t<ul class=\"u-list-dash\">\n\t\t\t\t\t\t\t\t\t\t\t\t\t\t\t\t\t\t\t\t\t\t\t<li>Musik<\/li>\n\t\t\t\t\t\t\t\t\t\t\t\t\t\t\t\t\t\t\t\t\t<\/ul>\n\t\t\t\t\t\t\t\t\t<\/li>\n\t\t\t\t\t\t\t\t\t\t\t\t\t\t\t\t\t\t\t\t\t<\/ul>\n\n\t\t\t\t\t\t<div class=\"c-card__icon c-card__icon--nl\">\n\t\t\t\t\t\t\t\t\t\t\t\t\t\t<svg class=\"ams-icon ams-icon--arrow-right\" width=\"32\" height=\"32\" viewbox=\"0 0 32 32\" fill=\"currentColor\" aria-hidden=\"true\" xmlns=\"http:\/\/www.w3.org\/2000\/svg\">\n\t\t\t\t\t\t\t\t\t\t\t\t\t\t\t\t<path d=\"M15.4617 0.252159L14.9567 0.75931C14.6219 1.09545 14.6219 1.64048 14.9567 1.97669L27.7062 14.7806H0.857144C0.383786 14.7806 0 15.166 0 15.6414V16.3587C0 16.8341 0.383786 17.2195 0.857144 17.2195H27.7062L14.9567 30.0234C14.6219 30.3595 14.6219 30.9045 14.9567 31.2407L15.4617 31.7479C15.7964 32.084 16.3392 32.084 16.6739 31.7479L31.749 16.6087C32.0837 16.2725 32.0837 15.7275 31.749 15.3913L16.6739 0.252159C16.3392 -0.084053 15.7964 -0.084053 15.4617 0.252159Z\"\/>\n\t\t\t\t\t\t\t\n\t\t\t\t\t\t\t<\/svg>\n\t\t\t\t\t\t<\/div>\n\t\t\t\t\t\t\t\t\t<\/div>\n\t\t\t\t<div class=\"c-card__media \" style=\" \">\n\t\t\t\t\t<img decoding=\"async\" width=\"400\" height=\"300\" src=\"https:\/\/rytmus.se\/wp-content\/uploads\/sites\/4\/2022\/11\/rytwebbbildkortmusikproduktion-400x300.jpg\" class=\"attachment-sm size-sm wp-post-image\" alt=\"Fyra elever mixar en l\u00e5t tillsammans i en studio.\" sizes=\"(min-width: 64em) 300px, (min-width: 48em) calc(.50 * (100vw - 240px)), calc(100vw - 160px)\" srcset=\"https:\/\/rytmus.se\/wp-content\/uploads\/sites\/4\/2022\/11\/rytwebbbildkortmusikproduktion-400x300.jpg 400w, https:\/\/rytmus.se\/wp-content\/uploads\/sites\/4\/2022\/11\/rytwebbbildkortmusikproduktion-300x225.jpg 300w, https:\/\/rytmus.se\/wp-content\/uploads\/sites\/4\/2022\/11\/rytwebbbildkortmusikproduktion-600x450.jpg 600w, https:\/\/rytmus.se\/wp-content\/uploads\/sites\/4\/2022\/11\/rytwebbbildkortmusikproduktion-800x600.jpg 800w, https:\/\/rytmus.se\/wp-content\/uploads\/sites\/4\/2022\/11\/rytwebbbildkortmusikproduktion-1024x768.jpg 1024w, https:\/\/rytmus.se\/wp-content\/uploads\/sites\/4\/2022\/11\/rytwebbbildkortmusikproduktion-1200x900.jpg 1200w, https:\/\/rytmus.se\/wp-content\/uploads\/sites\/4\/2022\/11\/rytwebbbildkortmusikproduktion-768x576.jpg 768w, https:\/\/rytmus.se\/wp-content\/uploads\/sites\/4\/2022\/11\/rytwebbbildkortmusikproduktion.jpg 1440w\" \/>\n\t\t\t\t<\/div>\n\t\t\t<\/article>\n\t\t<\/li>\n\t<\/ul>\n\t\n\n\t\t\t<\/div>\n\n\t\t\n\n<\/section>\n","protected":false},"excerpt":{"rendered":"","protected":false},"author":1,"featured_media":0,"parent":0,"menu_order":0,"comment_status":"closed","ping_status":"closed","template":"","meta":{"footnotes":""},"yoast_head":"<!-- This site is optimized with the Yoast SEO plugin v22.0 - https:\/\/yoast.com\/wordpress\/plugins\/seo\/ -->\n<title>V\u00e5ra gymnasieprogram i Borl\u00e4nge | Rytmus musikgymnasium<\/title>\n<meta name=\"description\" content=\"P\u00e5 Rytmus Borl\u00e4nge erbjuder vi det Estetiska programmet med inriktning Musik. Vi har fem olika grenar inom musiken.\" \/>\n<meta name=\"robots\" content=\"index, follow, max-snippet:-1, max-image-preview:large, max-video-preview:-1\" \/>\n<link rel=\"canonical\" href=\"https:\/\/rytmus.se\/borlange\/program\/\" \/>\n<meta property=\"og:locale\" content=\"sv_SE\" \/>\n<meta property=\"og:type\" content=\"article\" \/>\n<meta property=\"og:title\" content=\"V\u00e5ra gymnasieprogram i Borl\u00e4nge | Rytmus musikgymnasium\" \/>\n<meta property=\"og:description\" content=\"P\u00e5 Rytmus Borl\u00e4nge erbjuder vi det Estetiska programmet med inriktning Musik. Vi har fem olika grenar inom musiken.\" \/>\n<meta property=\"og:url\" content=\"https:\/\/rytmus.se\/borlange\/program\/\" \/>\n<meta property=\"og:site_name\" content=\"Borl\u00e4nge\" \/>\n<meta property=\"article:modified_time\" content=\"2025-08-22T11:34:29+00:00\" \/>\n<meta name=\"twitter:card\" content=\"summary_large_image\" \/>\n<meta name=\"twitter:title\" content=\"V\u00e5ra gymnasieprogram i Borl\u00e4nge | Rytmus musikgymnasium\" \/>\n<meta name=\"twitter:description\" content=\"P\u00e5 Rytmus Borl\u00e4nge erbjuder vi det Estetiska programmet med inriktning Musik. Vi har fem olika grenar inom musiken.\" \/>\n<meta name=\"twitter:label1\" content=\"Ber\u00e4knad l\u00e4stid\" \/>\n\t<meta name=\"twitter:data1\" content=\"1 minut\" \/>\n<script type=\"application\/ld+json\" class=\"yoast-schema-graph\">{\"@context\":\"https:\/\/schema.org\",\"@graph\":[{\"@type\":\"WebPage\",\"@id\":\"https:\/\/rytmus.se\/borlange\/program\/\",\"url\":\"https:\/\/rytmus.se\/borlange\/program\/\",\"name\":\"V\u00e5ra gymnasieprogram i Borl\u00e4nge | Rytmus musikgymnasium\",\"isPartOf\":{\"@id\":\"https:\/\/rytmus.se\/borlange\/#website\"},\"datePublished\":\"2022-09-22T09:19:34+00:00\",\"dateModified\":\"2025-08-22T11:34:29+00:00\",\"description\":\"P\u00e5 Rytmus Borl\u00e4nge erbjuder vi det Estetiska programmet med inriktning Musik. Vi har fem olika grenar inom musiken.\",\"breadcrumb\":{\"@id\":\"https:\/\/rytmus.se\/borlange\/program\/#breadcrumb\"},\"inLanguage\":\"sv-SE\",\"potentialAction\":[{\"@type\":\"ReadAction\",\"target\":[\"https:\/\/rytmus.se\/borlange\/program\/\"]}]},{\"@type\":\"BreadcrumbList\",\"@id\":\"https:\/\/rytmus.se\/borlange\/program\/#breadcrumb\",\"itemListElement\":[{\"@type\":\"ListItem\",\"position\":1,\"name\":\"Start\",\"item\":\"https:\/\/rytmus.se\/borlange\/\"},{\"@type\":\"ListItem\",\"position\":2,\"name\":\"Program\"}]},{\"@type\":\"WebSite\",\"@id\":\"https:\/\/rytmus.se\/borlange\/#website\",\"url\":\"https:\/\/rytmus.se\/borlange\/\",\"name\":\"Borl\u00e4nge\",\"description\":\"MAKE | MUSIC | LIVE\",\"potentialAction\":[{\"@type\":\"SearchAction\",\"target\":{\"@type\":\"EntryPoint\",\"urlTemplate\":\"https:\/\/rytmus.se\/borlange\/?s={search_term_string}\"},\"query-input\":\"required name=search_term_string\"}],\"inLanguage\":\"sv-SE\"}]}<\/script>\n<!-- \/ Yoast SEO plugin. -->","yoast_head_json":{"title":"V\u00e5ra gymnasieprogram i Borl\u00e4nge | Rytmus musikgymnasium","description":"P\u00e5 Rytmus Borl\u00e4nge erbjuder vi det Estetiska programmet med inriktning Musik. Vi har fem olika grenar inom musiken.","robots":{"index":"index","follow":"follow","max-snippet":"max-snippet:-1","max-image-preview":"max-image-preview:large","max-video-preview":"max-video-preview:-1"},"canonical":"https:\/\/rytmus.se\/borlange\/program\/","og_locale":"sv_SE","og_type":"article","og_title":"V\u00e5ra gymnasieprogram i Borl\u00e4nge | Rytmus musikgymnasium","og_description":"P\u00e5 Rytmus Borl\u00e4nge erbjuder vi det Estetiska programmet med inriktning Musik. Vi har fem olika grenar inom musiken.","og_url":"https:\/\/rytmus.se\/borlange\/program\/","og_site_name":"Borl\u00e4nge","article_modified_time":"2025-08-22T11:34:29+00:00","twitter_card":"summary_large_image","twitter_title":"V\u00e5ra gymnasieprogram i Borl\u00e4nge | Rytmus musikgymnasium","twitter_description":"P\u00e5 Rytmus Borl\u00e4nge erbjuder vi det Estetiska programmet med inriktning Musik. Vi har fem olika grenar inom musiken.","twitter_misc":{"Ber\u00e4knad l\u00e4stid":"1 minut"},"schema":{"@context":"https:\/\/schema.org","@graph":[{"@type":"WebPage","@id":"https:\/\/rytmus.se\/borlange\/program\/","url":"https:\/\/rytmus.se\/borlange\/program\/","name":"V\u00e5ra gymnasieprogram i Borl\u00e4nge | Rytmus musikgymnasium","isPartOf":{"@id":"https:\/\/rytmus.se\/borlange\/#website"},"datePublished":"2022-09-22T09:19:34+00:00","dateModified":"2025-08-22T11:34:29+00:00","description":"P\u00e5 Rytmus Borl\u00e4nge erbjuder vi det Estetiska programmet med inriktning Musik. Vi har fem olika grenar inom musiken.","breadcrumb":{"@id":"https:\/\/rytmus.se\/borlange\/program\/#breadcrumb"},"inLanguage":"sv-SE","potentialAction":[{"@type":"ReadAction","target":["https:\/\/rytmus.se\/borlange\/program\/"]}]},{"@type":"BreadcrumbList","@id":"https:\/\/rytmus.se\/borlange\/program\/#breadcrumb","itemListElement":[{"@type":"ListItem","position":1,"name":"Start","item":"https:\/\/rytmus.se\/borlange\/"},{"@type":"ListItem","position":2,"name":"Program"}]},{"@type":"WebSite","@id":"https:\/\/rytmus.se\/borlange\/#website","url":"https:\/\/rytmus.se\/borlange\/","name":"Borl\u00e4nge","description":"MAKE | MUSIC | LIVE","potentialAction":[{"@type":"SearchAction","target":{"@type":"EntryPoint","urlTemplate":"https:\/\/rytmus.se\/borlange\/?s={search_term_string}"},"query-input":"required name=search_term_string"}],"inLanguage":"sv-SE"}]}},"_links":{"self":[{"href":"https:\/\/rytmus.se\/borlange\/wp-json\/wp\/v2\/pages\/456"}],"collection":[{"href":"https:\/\/rytmus.se\/borlange\/wp-json\/wp\/v2\/pages"}],"about":[{"href":"https:\/\/rytmus.se\/borlange\/wp-json\/wp\/v2\/types\/page"}],"author":[{"embeddable":true,"href":"https:\/\/rytmus.se\/borlange\/wp-json\/wp\/v2\/users\/1"}],"replies":[{"embeddable":true,"href":"https:\/\/rytmus.se\/borlange\/wp-json\/wp\/v2\/comments?post=456"}],"version-history":[{"count":10,"href":"https:\/\/rytmus.se\/borlange\/wp-json\/wp\/v2\/pages\/456\/revisions"}],"predecessor-version":[{"id":2520,"href":"https:\/\/rytmus.se\/borlange\/wp-json\/wp\/v2\/pages\/456\/revisions\/2520"}],"wp:attachment":[{"href":"https:\/\/rytmus.se\/borlange\/wp-json\/wp\/v2\/media?parent=456"}],"curies":[{"name":"wp","href":"https:\/\/api.w.org\/{rel}","templated":true}]}}