{"id":1848,"date":"2023-12-07T08:39:11","date_gmt":"2023-12-07T07:39:11","guid":{"rendered":"https:\/\/rytmus.se\/borlange\/?page_id=1848"},"modified":"2023-12-07T08:39:12","modified_gmt":"2023-12-07T07:39:12","slug":"rytmus-prize","status":"publish","type":"page","link":"https:\/\/rytmus.se\/borlange\/rytmus-prize\/","title":{"rendered":"Rytmus Prize"},"content":{"rendered":"\n\t<div class=\"module_wrapper ams_remote_pages_module \">\n\t\t\n\t\n\t\n\t\n\n\t\n\t\n\t\t\n<section  class=\"c-block l-stacked  \" data-color-scheme=\"gra-mork\">\n\t<div class=\"ams-fifty ams-fifty--container ams-fifty--left ams-fifty--top l-container u-pt-fluid-3xl-6xl u-pb-fluid-3xl-6xl\">\n\t\t<div class=\"ams-fifty__content l-stack l-stack-xl is-left is-left@lg\">\n\t\t\t<div class=\"ams-fifty__text l-stack l-stack-lg\">\n\t\t\t\t\t\n\t<h1\n\tclass=\"c-heading u-font-title-1 \"\n\tstyle=\"\">\n\t\t\n\t\t\t\t\tRytmus Prize\n\t\t\t\t\n\t<\/h1>\n\n\t\t\t\t\t\t\t\t\t<div class=\"text l-stack u-font-body\">\n\t\t\t\t\t\t<p>Rytmus Prize \u00e4r en musikt\u00e4vling i samarbete med Denniz Pop Awards. Rytmus elever i \u00e5k 3 f\u00e5r t\u00e4vla med just sin musik och skicka in bidrag i form av en l\u00e5t.<\/p>\n<p>F\u00f6r att kora vinnarna av Rytmus Prize tar vi hj\u00e4lp av branschfolk p\u00e5 Denniz Pop Awards, med namn som bland annat Tove Lo, Max Martin och Lisa Miskovski.<br \/>\n2024 fick vinnarna av Rytmus Prize bland annat en biljett till Denniz Pop Backstage, ett stort mingel med branschfolk!<\/p>\n<p><!-- \/wp:paragraph --><\/p>\n\n\t\t\t\t\t<\/div>\n\t\t\t\t\t\t\t<\/div>\n\n\t\t\t\t\t<\/div>\n\n\t\t <div class=\"ams-fifty__media u-ratio-widescreen\">\n\t\t \t\t\t\t\t<img decoding=\"async\" width=\"600\" height=\"320\" src=\"https:\/\/rytmus.se\/wp-content\/uploads\/2023\/12\/rytrytmus-prizelogomed-padding-600x320.png\" class=\"attachment-md size-md\" alt=\"Rytmus Prize logotyp.\" sizes=\"(min-width: 64em) 600px, calc(100vw - 160px)\" srcset=\"https:\/\/rytmus.se\/wp-content\/uploads\/2023\/12\/rytrytmus-prizelogomed-padding-600x320.png 600w, https:\/\/rytmus.se\/wp-content\/uploads\/2023\/12\/rytrytmus-prizelogomed-padding-300x160.png 300w, https:\/\/rytmus.se\/wp-content\/uploads\/2023\/12\/rytrytmus-prizelogomed-padding-400x213.png 400w, https:\/\/rytmus.se\/wp-content\/uploads\/2023\/12\/rytrytmus-prizelogomed-padding-800x427.png 800w, https:\/\/rytmus.se\/wp-content\/uploads\/2023\/12\/rytrytmus-prizelogomed-padding-1024x546.png 1024w, https:\/\/rytmus.se\/wp-content\/uploads\/2023\/12\/rytrytmus-prizelogomed-padding-1200x640.png 1200w, https:\/\/rytmus.se\/wp-content\/uploads\/2023\/12\/rytrytmus-prizelogomed-padding.png 1500w\" \/>\n\t\t\t\n\t\t\t\n\t\t\t\t\t<\/div>\n\t<\/div>\n\n\t\t\n\n<\/section>\n\n\t\n\t\n\t\n\n\t\n\t\n\t\t\n<section  class=\"c-block l-stacked  \" data-color-scheme=\"\">\n\t<div class=\"ams-fifty ams-fifty--container ams-fifty--right ams-fifty--top l-container u-pt-fluid-3xl-6xl u-pb-fluid-3xl-6xl\">\n\t\t<div class=\"ams-fifty__content l-stack l-stack-xl is-left is-left@lg\">\n\t\t\t<div class=\"ams-fifty__text l-stack l-stack-lg\">\n\t\t\t\t\t\n\t<h2\n\tclass=\"c-heading u-font-title-1 \"\n\tstyle=\"\">\n\t\t\n\t\t\t\t\tOm Denniz Pop Awards\n\t\t\t\t\n\t<\/h2>\n\n\t\t\t\t\t\t\t\t\t<div class=\"text l-stack u-font-body\">\n\t\t\t\t\t\t<p>Denniz Pop Awards \u00e4r en samling musikpriser som \u00e5rligen delas ut till nya talanger och stora framg\u00e5ngar inom branschen. T\u00e4vlingen grundades 2013 med \u00f6nskan att hj\u00e4lpa nya l\u00e5tskrivare, producenter och artister.<\/p>\n<p><!-- \/wp:paragraph --> <!-- wp:paragraph --><\/p>\n<p>I juryn f\u00f6r Denniz Pop Awards finns stora namn fr\u00e5n branschen med bland annat Max Martin och Tove Lo som jurymedlemmar.<\/p>\n<p><!-- \/wp:paragraph --><\/p>\n\n\t\t\t\t\t<\/div>\n\t\t\t\t\t\t\t<\/div>\n\n\t\t\t\t<div class=\"ams-fifty__action u-inline-items\">\n\t\t\t\t\t\t\t\n\n\n<a href=\"https:\/\/dennizpopawards.com\/Start\"\n\t\n\tclass=\"c-btn \"\n\tdata-style=\"square\"\n\tdata-size=\"md\"\n\tdata-width=\"full-mobile\"\n\tdata-variant=\"default\"\n\ttarget=\"_self\">\n\t\t\t<span class=\"label\"> Mer om Denniz Pop Awards<\/span>\n\t\t\t<\/a>\n\t\t\t<\/div>\n\t\t<\/div>\n\n\t\t <div class=\"ams-fifty__media u-ratio-square\">\n\t\t \t\t\t\t\t<img decoding=\"async\" width=\"600\" height=\"450\" src=\"https:\/\/rytmus.se\/wp-content\/uploads\/2023\/05\/dpalogo-600x450.jpeg\" class=\"attachment-md size-md\" alt=\"Denniz Pop Awards.\" sizes=\"(min-width: 64em) 600px, calc(100vw - 160px)\" srcset=\"https:\/\/rytmus.se\/wp-content\/uploads\/2023\/05\/dpalogo-600x450.jpeg 600w, https:\/\/rytmus.se\/wp-content\/uploads\/2023\/05\/dpalogo-300x225.jpeg 300w, https:\/\/rytmus.se\/wp-content\/uploads\/2023\/05\/dpalogo-400x300.jpeg 400w, https:\/\/rytmus.se\/wp-content\/uploads\/2023\/05\/dpalogo-800x600.jpeg 800w, https:\/\/rytmus.se\/wp-content\/uploads\/2023\/05\/dpalogo-768x576.jpeg 768w, https:\/\/rytmus.se\/wp-content\/uploads\/2023\/05\/dpalogo.jpeg 1024w\" \/>\n\t\t\t\n\t\t\t\n\t\t\t\t\t<\/div>\n\t<\/div>\n\n\t\t\n\n<\/section>\n\n\n<section  class=\"ams-cta ams-cta--stacked c-block l-stacked\" data-color-scheme=\"gra-ljus\">\n\t<div class=\"l-container l-stack l-stack-fluid-2xl u-pt-fluid-2xl-4xl u-pb-fluid-2xl-4xl is-center is-center@md\">\n\t\t\t\t\t<div class=\"ams-cta__intro l-stack l-stack-lg\">\n\t\t\t\t\t\n\t<h2\n\tclass=\"c-heading u-font-title-1 \"\n\tstyle=\"\">\n\t\t\n\t\t\t\t\tVinnarna 2024\n\t\t\t\t\n\t<\/h2>\n\n\t\t\t\t\t\t\t\t\t<div class=\"c-text l-stack u-cs-xl u-font-body\">\n\t\t\t\t\t\t<p>Vinnarna fr\u00e5n f\u00f6rra \u00e5rets Rytmus Prize. En vinnare per kategori uts\u00e5gs bland hundratals bidrag!<\/p>\n<p><strong>Vinnare i kategorin L\u00e5tskrivare: <\/strong>Mathilda Bohman, L\u00e5t &#8221;Who Knows?&#8221;, Rytmus \u00d6rebro<\/p>\n<p data-pm-slice=\"1 1 []\"><strong>Vinnare i kategorin Producent:<\/strong> Melvin Sandkvist, artistnamn MELZ, L\u00e5t: &#8221;Morning Light&#8221;, Rytmus Stockholm<\/p>\n<p data-pm-slice=\"1 1 []\"><strong>Vinnare i kategorin Artist: <\/strong>Minna Handley,\u00a0 L\u00e5t &#8221;v\u00e5gor&#8221;, Rytmus Stockholm<\/p>\n\n\t\t\t\t\t<\/div>\n\t\t\t\t\t\t\t<\/div>\n\t\t\n\t\t\n\t\t\t<\/div>\n\n\t\t\n\n<\/section>\n\t<\/div>\n\n\t","protected":false},"excerpt":{"rendered":"","protected":false},"author":3,"featured_media":0,"parent":0,"menu_order":0,"comment_status":"closed","ping_status":"closed","template":"","meta":{"footnotes":""},"yoast_head":"<!-- This site is optimized with the Yoast SEO plugin v22.0 - https:\/\/yoast.com\/wordpress\/plugins\/seo\/ -->\n<title>Rytmus Prize - Borl\u00e4nge | Musikt\u00e4vling<\/title>\n<meta name=\"description\" content=\"Rytmus Prize \u00e4r en \u00e5rlig musikt\u00e4vling i samarbete med Denniz Pop Awards. Elever p\u00e5 Rytmus Borl\u00e4nge f\u00e5r t\u00e4vla med just sin musik.\" \/>\n<meta name=\"robots\" content=\"index, follow, max-snippet:-1, max-image-preview:large, max-video-preview:-1\" \/>\n<link rel=\"canonical\" href=\"https:\/\/rytmus.se\/borlange\/rytmus-prize\/\" \/>\n<meta property=\"og:locale\" content=\"sv_SE\" \/>\n<meta property=\"og:type\" content=\"article\" \/>\n<meta property=\"og:title\" content=\"Rytmus Prize - Borl\u00e4nge | Musikt\u00e4vling\" \/>\n<meta property=\"og:description\" content=\"Rytmus Prize \u00e4r en \u00e5rlig musikt\u00e4vling i samarbete med Denniz Pop Awards. Elever p\u00e5 Rytmus Borl\u00e4nge f\u00e5r t\u00e4vla med just sin musik.\" \/>\n<meta property=\"og:url\" content=\"https:\/\/rytmus.se\/borlange\/rytmus-prize\/\" \/>\n<meta property=\"og:site_name\" content=\"Borl\u00e4nge\" \/>\n<meta property=\"article:modified_time\" content=\"2023-12-07T07:39:12+00:00\" \/>\n<meta name=\"twitter:card\" content=\"summary_large_image\" \/>\n<meta name=\"twitter:title\" content=\"Rytmus Prize - Borl\u00e4nge | Musikt\u00e4vling\" \/>\n<meta name=\"twitter:description\" content=\"Rytmus Prize \u00e4r en \u00e5rlig musikt\u00e4vling i samarbete med Denniz Pop Awards. Elever p\u00e5 Rytmus Borl\u00e4nge f\u00e5r t\u00e4vla med just sin musik.\" \/>\n<script type=\"application\/ld+json\" class=\"yoast-schema-graph\">{\"@context\":\"https:\/\/schema.org\",\"@graph\":[{\"@type\":\"WebPage\",\"@id\":\"https:\/\/rytmus.se\/borlange\/rytmus-prize\/\",\"url\":\"https:\/\/rytmus.se\/borlange\/rytmus-prize\/\",\"name\":\"Rytmus Prize - Borl\u00e4nge | Musikt\u00e4vling\",\"isPartOf\":{\"@id\":\"https:\/\/rytmus.se\/borlange\/#website\"},\"datePublished\":\"2023-12-07T07:39:11+00:00\",\"dateModified\":\"2023-12-07T07:39:12+00:00\",\"description\":\"Rytmus Prize \u00e4r en \u00e5rlig musikt\u00e4vling i samarbete med Denniz Pop Awards. Elever p\u00e5 Rytmus Borl\u00e4nge f\u00e5r t\u00e4vla med just sin musik.\",\"breadcrumb\":{\"@id\":\"https:\/\/rytmus.se\/borlange\/rytmus-prize\/#breadcrumb\"},\"inLanguage\":\"sv-SE\",\"potentialAction\":[{\"@type\":\"ReadAction\",\"target\":[\"https:\/\/rytmus.se\/borlange\/rytmus-prize\/\"]}]},{\"@type\":\"BreadcrumbList\",\"@id\":\"https:\/\/rytmus.se\/borlange\/rytmus-prize\/#breadcrumb\",\"itemListElement\":[{\"@type\":\"ListItem\",\"position\":1,\"name\":\"Start\",\"item\":\"https:\/\/rytmus.se\/borlange\/\"},{\"@type\":\"ListItem\",\"position\":2,\"name\":\"Rytmus Prize\"}]},{\"@type\":\"WebSite\",\"@id\":\"https:\/\/rytmus.se\/borlange\/#website\",\"url\":\"https:\/\/rytmus.se\/borlange\/\",\"name\":\"Borl\u00e4nge\",\"description\":\"MAKE | MUSIC | LIVE\",\"potentialAction\":[{\"@type\":\"SearchAction\",\"target\":{\"@type\":\"EntryPoint\",\"urlTemplate\":\"https:\/\/rytmus.se\/borlange\/?s={search_term_string}\"},\"query-input\":\"required name=search_term_string\"}],\"inLanguage\":\"sv-SE\"}]}<\/script>\n<!-- \/ Yoast SEO plugin. -->","yoast_head_json":{"title":"Rytmus Prize - Borl\u00e4nge | Musikt\u00e4vling","description":"Rytmus Prize \u00e4r en \u00e5rlig musikt\u00e4vling i samarbete med Denniz Pop Awards. Elever p\u00e5 Rytmus Borl\u00e4nge f\u00e5r t\u00e4vla med just sin musik.","robots":{"index":"index","follow":"follow","max-snippet":"max-snippet:-1","max-image-preview":"max-image-preview:large","max-video-preview":"max-video-preview:-1"},"canonical":"https:\/\/rytmus.se\/borlange\/rytmus-prize\/","og_locale":"sv_SE","og_type":"article","og_title":"Rytmus Prize - Borl\u00e4nge | Musikt\u00e4vling","og_description":"Rytmus Prize \u00e4r en \u00e5rlig musikt\u00e4vling i samarbete med Denniz Pop Awards. Elever p\u00e5 Rytmus Borl\u00e4nge f\u00e5r t\u00e4vla med just sin musik.","og_url":"https:\/\/rytmus.se\/borlange\/rytmus-prize\/","og_site_name":"Borl\u00e4nge","article_modified_time":"2023-12-07T07:39:12+00:00","twitter_card":"summary_large_image","twitter_title":"Rytmus Prize - Borl\u00e4nge | Musikt\u00e4vling","twitter_description":"Rytmus Prize \u00e4r en \u00e5rlig musikt\u00e4vling i samarbete med Denniz Pop Awards. Elever p\u00e5 Rytmus Borl\u00e4nge f\u00e5r t\u00e4vla med just sin musik.","schema":{"@context":"https:\/\/schema.org","@graph":[{"@type":"WebPage","@id":"https:\/\/rytmus.se\/borlange\/rytmus-prize\/","url":"https:\/\/rytmus.se\/borlange\/rytmus-prize\/","name":"Rytmus Prize - Borl\u00e4nge | Musikt\u00e4vling","isPartOf":{"@id":"https:\/\/rytmus.se\/borlange\/#website"},"datePublished":"2023-12-07T07:39:11+00:00","dateModified":"2023-12-07T07:39:12+00:00","description":"Rytmus Prize \u00e4r en \u00e5rlig musikt\u00e4vling i samarbete med Denniz Pop Awards. Elever p\u00e5 Rytmus Borl\u00e4nge f\u00e5r t\u00e4vla med just sin musik.","breadcrumb":{"@id":"https:\/\/rytmus.se\/borlange\/rytmus-prize\/#breadcrumb"},"inLanguage":"sv-SE","potentialAction":[{"@type":"ReadAction","target":["https:\/\/rytmus.se\/borlange\/rytmus-prize\/"]}]},{"@type":"BreadcrumbList","@id":"https:\/\/rytmus.se\/borlange\/rytmus-prize\/#breadcrumb","itemListElement":[{"@type":"ListItem","position":1,"name":"Start","item":"https:\/\/rytmus.se\/borlange\/"},{"@type":"ListItem","position":2,"name":"Rytmus Prize"}]},{"@type":"WebSite","@id":"https:\/\/rytmus.se\/borlange\/#website","url":"https:\/\/rytmus.se\/borlange\/","name":"Borl\u00e4nge","description":"MAKE | MUSIC | LIVE","potentialAction":[{"@type":"SearchAction","target":{"@type":"EntryPoint","urlTemplate":"https:\/\/rytmus.se\/borlange\/?s={search_term_string}"},"query-input":"required name=search_term_string"}],"inLanguage":"sv-SE"}]}},"_links":{"self":[{"href":"https:\/\/rytmus.se\/borlange\/wp-json\/wp\/v2\/pages\/1848"}],"collection":[{"href":"https:\/\/rytmus.se\/borlange\/wp-json\/wp\/v2\/pages"}],"about":[{"href":"https:\/\/rytmus.se\/borlange\/wp-json\/wp\/v2\/types\/page"}],"author":[{"embeddable":true,"href":"https:\/\/rytmus.se\/borlange\/wp-json\/wp\/v2\/users\/3"}],"replies":[{"embeddable":true,"href":"https:\/\/rytmus.se\/borlange\/wp-json\/wp\/v2\/comments?post=1848"}],"version-history":[{"count":1,"href":"https:\/\/rytmus.se\/borlange\/wp-json\/wp\/v2\/pages\/1848\/revisions"}],"predecessor-version":[{"id":1849,"href":"https:\/\/rytmus.se\/borlange\/wp-json\/wp\/v2\/pages\/1848\/revisions\/1849"}],"wp:attachment":[{"href":"https:\/\/rytmus.se\/borlange\/wp-json\/wp\/v2\/media?parent=1848"}],"curies":[{"name":"wp","href":"https:\/\/api.w.org\/{rel}","templated":true}]}}