{"id":1596,"date":"2023-06-09T13:56:20","date_gmt":"2023-06-09T11:56:20","guid":{"rendered":"https:\/\/rytmus.se\/borlange\/?page_id=1596"},"modified":"2024-09-24T13:00:44","modified_gmt":"2024-09-24T11:00:44","slug":"rytmus-prize-info","status":"publish","type":"page","link":"https:\/\/rytmus.se\/borlange\/rytmus-prize-info\/","title":{"rendered":"Rytmus Prize info"},"content":{"rendered":"\n\t<div class=\"module_wrapper ams_remote_pages_module \">\n\t\t\n\t\n\t\n\t\n\n\t\n\t\n\t\t\n<section  class=\"c-block l-stacked  \" data-color-scheme=\"gra-ljus\">\n\t<div class=\"ams-fifty ams-fifty--container ams-fifty--right ams-fifty--top l-container u-pt-fluid-3xl-6xl u-pb-fluid-3xl-6xl\">\n\t\t<div class=\"ams-fifty__content l-stack l-stack-xl is-left is-left@lg\">\n\t\t\t<div class=\"ams-fifty__text l-stack l-stack-lg\">\n\t\t\t\t\t\n\t<h1\n\tclass=\"c-heading u-font-title-1 \"\n\tstyle=\"\">\n\t\t\n\t\t\t\t\tRytmus <span class=\"highlight\">Prize<\/span> 2026\n\t\t\t\t\n\t<\/h1>\n\n\t\t\t\t\t\t\t\t\t<div class=\"text l-stack u-font-body\">\n\t\t\t\t\t\t<p>Vi presenterar Rytmus Prize, en musikt\u00e4vling i samarbete med Denniz Pop Awards som \u00e5rligen delar ut pris till nya talanger inom svensk musikindustri. F\u00f6r att kora vinnarna f\u00f6r Rytmus Prize tar vi hj\u00e4lp av branschfolk p\u00e5 Denniz Pop Awards, med namn som bland annat Tove Lo, Max Martin och Lisa Miskowski. Rytmus Prize \u00e4r en m\u00f6jlighet f\u00f6r dig att t\u00e4vla med just din musik och vinna h\u00e4ftiga priser.<\/p>\n\n\t\t\t\t\t<\/div>\n\t\t\t\t\t\t\t<\/div>\n\n\t\t\t\t\t<\/div>\n\n\t\t <div class=\"ams-fifty__media u-ratio-widescreen\">\n\t\t \t\t\t\t\t<img decoding=\"async\" width=\"600\" height=\"338\" src=\"https:\/\/rytmus.se\/wp-content\/uploads\/2023\/05\/logos-med-bakgrund-600x338.jpg\" class=\"attachment-md size-md\" alt=\"Rytmus Prize.\" sizes=\"(min-width: 64em) 600px, calc(100vw - 160px)\" srcset=\"https:\/\/rytmus.se\/wp-content\/uploads\/2023\/05\/logos-med-bakgrund-600x338.jpg 600w, https:\/\/rytmus.se\/wp-content\/uploads\/2023\/05\/logos-med-bakgrund-300x169.jpg 300w, https:\/\/rytmus.se\/wp-content\/uploads\/2023\/05\/logos-med-bakgrund-400x225.jpg 400w, https:\/\/rytmus.se\/wp-content\/uploads\/2023\/05\/logos-med-bakgrund-800x450.jpg 800w, https:\/\/rytmus.se\/wp-content\/uploads\/2023\/05\/logos-med-bakgrund.jpg 960w\" \/>\n\t\t\t\n\t\t\t\n\t\t\t\t\t<\/div>\n\t<\/div>\n\n\t\t\n\n<\/section>\n\n\t\n\t\n\t\n\n\t\n\t\n\t\t\n<section  class=\"c-block l-stacked  \" data-color-scheme=\"standard\">\n\t<div class=\"ams-fifty ams-fifty--container ams-fifty--left ams-fifty--top l-container u-pt-fluid-3xl-6xl u-pb-fluid-3xl-6xl\">\n\t\t<div class=\"ams-fifty__content l-stack l-stack-xl is-left is-left@lg\">\n\t\t\t<div class=\"ams-fifty__text l-stack l-stack-lg\">\n\t\t\t\t\t\n\t<h2\n\tclass=\"c-heading u-font-title-1 \"\n\tstyle=\"\">\n\t\t\n\t\t\t\t\tT\u00e4vlingen\n\t\t\t\t\n\t<\/h2>\n\n\t\t\t\t\t\t\t\t\t<div class=\"text l-stack u-font-body\">\n\t\t\t\t\t\t<p data-pm-slice=\"1 1 []\"><strong>Vem kan s\u00f6ka?<\/strong><\/p>\n<p style=\"text-align: left;\">Alla elever i \u00e5rskurs 3 p\u00e5 Rytmus f\u00e5r delta i t\u00e4vlingen. Du kan s\u00f6ka inom kategorierna: artist, l\u00e5tskrivare eller producent och f\u00e5r endast lov att l\u00e4mna in ett bidrag per kategori. L\u00e5ten kan vara framf\u00f6r av vem som helst. S\u00f6ker ni som band m\u00e5ste minst 50% av medlemmarna vara elever i \u00e5rskurs 3 p\u00e5 Rytmus.<\/p>\n<p data-pm-slice=\"1 1 []\"><strong>Hur s\u00f6ker man?<\/strong><\/p>\n<p data-pm-slice=\"1 1 []\">Genom att fylla i formul\u00e4ret du hittar l\u00e4ngre ned h\u00e4r p\u00e5 sidan med namn, skola, bio (en kort beskrivning av dig\/er som artist\/l\u00e5tskrivare\/producent) samt l\u00e4nk till social kanal.<\/p>\n<p style=\"text-align: left;\">F\u00f6r att delta i t\u00e4vlingen ska du skicka in ett bidrag i form av en l\u00e5t, senast fredag den 8 maj.<\/p>\n<p style=\"text-align: left;\">En vinnare per kategori kommer att utses i samband med \u00e5rets studentfirande.<\/p>\n<p><strong>Vinnaren f\u00e5r:<\/strong><\/p>\n<p data-pm-slice=\"1 1 []\">Stipendium p\u00e5 10 000kr (per bidrag\/grupp, ej individuellt)<\/p>\n<p>Biljetter till Denniz Pop Backstage i Stockholm,\u00a0<span style=\"font-weight: 400;\">en musikalisk speed-dating mellan lovande talanger och Sveriges mest inflytelserika profiler inom musikindustrin.<\/span><\/p>\n<p>Vinnaren\/vinnarna kommer att promotas i Denniz Pops egna kanaler.<\/p>\n\n\t\t\t\t\t<\/div>\n\t\t\t\t\t\t\t<\/div>\n\n\t\t\t\t\t<\/div>\n\n\t\t <div class=\"ams-fifty__media u-ratio-widescreen\">\n\t\t \t\t\t\t\t<img decoding=\"async\" width=\"600\" height=\"400\" src=\"https:\/\/rytmus.se\/wp-content\/uploads\/2024\/04\/rytmus-musikgymnasium-600x400.jpg\" class=\"attachment-md size-md\" alt=\"Tv\u00e5 elever sjunger tillsammans p\u00e5 Rytmus.\" sizes=\"(min-width: 64em) 600px, calc(100vw - 160px)\" srcset=\"https:\/\/rytmus.se\/wp-content\/uploads\/2024\/04\/rytmus-musikgymnasium-600x400.jpg 600w, https:\/\/rytmus.se\/wp-content\/uploads\/2024\/04\/rytmus-musikgymnasium-300x200.jpg 300w, https:\/\/rytmus.se\/wp-content\/uploads\/2024\/04\/rytmus-musikgymnasium-400x267.jpg 400w, https:\/\/rytmus.se\/wp-content\/uploads\/2024\/04\/rytmus-musikgymnasium-800x533.jpg 800w, https:\/\/rytmus.se\/wp-content\/uploads\/2024\/04\/rytmus-musikgymnasium-1024x683.jpg 1024w, https:\/\/rytmus.se\/wp-content\/uploads\/2024\/04\/rytmus-musikgymnasium-1200x800.jpg 1200w\" \/>\n\t\t\t\n\t\t\t\n\t\t\t\t\t<\/div>\n\t<\/div>\n\n\t\t\n\n<\/section>\n\n\n<section  class=\"ams-cta ams-cta--stacked c-block l-stacked\" data-color-scheme=\"gra-ljus\">\n\t<div class=\"l-container l-stack l-stack-fluid-2xl u-pt-fluid-2xl-4xl u-pb-fluid-2xl-4xl is-center is-center@md\">\n\t\t\t\t\t<div class=\"ams-cta__intro l-stack l-stack-lg\">\n\t\t\t\t\t\n\t<h2\n\tclass=\"c-heading u-font-title-1 \"\n\tstyle=\"\">\n\t\t\n\t\t\t\t\tL\u00e4mna in bidrag\n\t\t\t\t\n\t<\/h2>\n\n\t\t\t\t\t\t\t\t\t<div class=\"c-text l-stack u-cs-xl u-font-body\">\n\t\t\t\t\t\t<p>Via knappen nedan kommer du till ett formul\u00e4r d\u00e4r du l\u00e4mnar in ditt bidrag. Lycka till!<\/p>\n\n\t\t\t\t\t<\/div>\n\t\t\t\t\t\t\t<\/div>\n\t\t\n\t\t\n\t\t\t<div class=\"ams-cta__action u-inline-items\">\n\t\t\t\t\t\t\t\n\n\n<a href=\"https:\/\/docs.google.com\/forms\/d\/e\/1FAIpQLSchDXHLJstJ3P6y0BtYU1xNw5Eqtet4O0o0k_4dr5GrtaRPMw\/viewform\"\n\t\n\tclass=\"c-btn \"\n\tdata-style=\"square\"\n\tdata-size=\"md\"\n\tdata-width=\"full-mobile\"\n\tdata-variant=\"default\"\n\ttarget=\"_blank\">\n\t\t\t<span class=\"label\"> L\u00e4mna in bidrag<\/span>\n\t\t\t<\/a>\n\t\t\t<\/div>\n\t<\/div>\n\n\t\t\n\n<\/section>\n\t<\/div>\n\n\t\n\n\n\t<div class=\"module_wrapper ams_remote_pages_module \">\n\t\t\n\t\n\t\n\t\n\n\n\t\n\t\t\n<section  class=\"c-block l-stacked  \" data-color-scheme=\"standard\">\n\t<div class=\"ams-fifty ams-fifty--container ams-fifty--right ams-fifty--top l-container u-pt-fluid-3xl-6xl u-pb-fluid-3xl-6xl\">\n\t\t<div class=\"ams-fifty__content l-stack l-stack-xl is-left@lg\">\n\t\t\t<div class=\"ams-fifty__text l-stack l-stack-lg\">\n\t\t\t\t\t\n\t<h2\n\tclass=\"c-heading u-font-title-1 \"\n\tstyle=\"\">\n\t\t\n\t\t\t\t\tOm Denniz Pop Awards\n\t\t\t\t\n\t<\/h2>\n\n\t\t\t\t\t\t\t\t\t<div class=\"text l-stack u-font-body\">\n\t\t\t\t\t\t<p style=\"text-align: left;\">Denniz Pop Awards \u00e4r en samling musikpriser som \u00e5rligen delas ut till nya talanger och stora framg\u00e5ngar inom branschen. T\u00e4vlingen grundades 2013 med \u00f6nskan att hj\u00e4lpa nya l\u00e5tskrivare, producenter och artister.<\/p>\n<p style=\"text-align: left;\">I juryn f\u00f6r Denniz Pop Awards finns stora namn fr\u00e5n branschen med bland annat Max Martin och Tove Lo som jurymedlemmar.<\/p>\n<p style=\"text-align: left;\"><a href=\"https:\/\/dennizpopawards.com\/Start\" target=\"_blank\" rel=\"noopener\">L\u00e4s mer om Denniz Pop Awards h\u00e4r.<\/a><\/p>\n\n\t\t\t\t\t<\/div>\n\t\t\t\t\t\t\t<\/div>\n\n\t\t\t\t\t<\/div>\n\n\t\t <div class=\"ams-fifty__media u-ratio-landscape\">\n\t\t \t\t\t\t\t<img decoding=\"async\" width=\"600\" height=\"450\" src=\"https:\/\/rytmus.se\/wp-content\/uploads\/2023\/05\/dpalogo-600x450.jpeg\" class=\"attachment-md size-md\" alt=\"Denniz Pop Awards.\" sizes=\"(min-width: 64em) 600px, calc(100vw - 160px)\" srcset=\"https:\/\/rytmus.se\/wp-content\/uploads\/2023\/05\/dpalogo-600x450.jpeg 600w, https:\/\/rytmus.se\/wp-content\/uploads\/2023\/05\/dpalogo-300x225.jpeg 300w, https:\/\/rytmus.se\/wp-content\/uploads\/2023\/05\/dpalogo-400x300.jpeg 400w, https:\/\/rytmus.se\/wp-content\/uploads\/2023\/05\/dpalogo-800x600.jpeg 800w, https:\/\/rytmus.se\/wp-content\/uploads\/2023\/05\/dpalogo-768x576.jpeg 768w, https:\/\/rytmus.se\/wp-content\/uploads\/2023\/05\/dpalogo.jpeg 1024w\" \/>\n\t\t\t\n\t\t\t\n\t\t\t\t\t<\/div>\n\t<\/div>\n\n\t\t\n\n<\/section>\n\t<\/div>\n\n\t\n\n\n\n<section  class=\"ams-cta ams-cta--stacked c-block l-stacked\" data-color-scheme=\"standard\">\n\t<div class=\"l-container l-stack l-stack-fluid-2xl u-pt-fluid-3xl-6xl u-pb-fluid-3xl-6xl is-center is-center@md\">\n\t\t\t\t\t<div class=\"ams-cta__intro l-stack l-stack-lg\">\n\t\t\t\t\t\n\t<h2\n\tclass=\"c-heading u-font-title-1 \"\n\tstyle=\"\">\n\t\t\n\t\t\t\t\tHar du fr\u00e5gor?\n\t\t\t\t\n\t<\/h2>\n\n\t\t\t\t\t\t\t\t\t<div class=\"c-text l-stack u-cs-xl u-font-body\">\n\t\t\t\t\t\t<p>Om du har fr\u00e5gor om t\u00e4vlingen eller inl\u00e4mning av bidrag kan du kontakta din musikl\u00e4rare.<\/p>\n\n\t\t\t\t\t<\/div>\n\t\t\t\t\t\t\t<\/div>\n\t\t\n\t\t\n\t\t\t<\/div>\n\n\t\t\n\n\t<div class=\"c-overlay\" style=\"--overlay-bg: #F6F6F6;\"><\/div>\n<\/section>\n","protected":false},"excerpt":{"rendered":"","protected":false},"author":3,"featured_media":0,"parent":0,"menu_order":0,"comment_status":"closed","ping_status":"closed","template":"","meta":{"footnotes":""},"yoast_head":"<!-- This site is optimized with the Yoast SEO plugin v22.0 - https:\/\/yoast.com\/wordpress\/plugins\/seo\/ -->\n<title>Borl\u00e4nge<\/title>\n<meta name=\"robots\" content=\"index, follow, max-snippet:-1, max-image-preview:large, max-video-preview:-1\" \/>\n<link rel=\"canonical\" href=\"https:\/\/rytmus.se\/borlange\/rytmus-prize-info\/\" \/>\n<meta property=\"og:locale\" content=\"sv_SE\" \/>\n<meta property=\"og:type\" content=\"article\" \/>\n<meta property=\"og:url\" content=\"https:\/\/rytmus.se\/borlange\/rytmus-prize-info\/\" \/>\n<meta property=\"og:site_name\" content=\"Borl\u00e4nge\" \/>\n<meta property=\"article:modified_time\" content=\"2024-09-24T11:00:44+00:00\" \/>\n<meta name=\"twitter:card\" content=\"summary_large_image\" \/>\n<script type=\"application\/ld+json\" class=\"yoast-schema-graph\">{\"@context\":\"https:\/\/schema.org\",\"@graph\":[{\"@type\":\"WebPage\",\"@id\":\"https:\/\/rytmus.se\/borlange\/rytmus-prize-info\/\",\"url\":\"https:\/\/rytmus.se\/borlange\/rytmus-prize-info\/\",\"name\":\"Rytmus Prize info - Borl\u00e4nge\",\"isPartOf\":{\"@id\":\"https:\/\/rytmus.se\/borlange\/#website\"},\"datePublished\":\"2023-06-09T11:56:20+00:00\",\"dateModified\":\"2024-09-24T11:00:44+00:00\",\"breadcrumb\":{\"@id\":\"https:\/\/rytmus.se\/borlange\/rytmus-prize-info\/#breadcrumb\"},\"inLanguage\":\"sv-SE\",\"potentialAction\":[{\"@type\":\"ReadAction\",\"target\":[\"https:\/\/rytmus.se\/borlange\/rytmus-prize-info\/\"]}]},{\"@type\":\"BreadcrumbList\",\"@id\":\"https:\/\/rytmus.se\/borlange\/rytmus-prize-info\/#breadcrumb\",\"itemListElement\":[{\"@type\":\"ListItem\",\"position\":1,\"name\":\"Start\",\"item\":\"https:\/\/rytmus.se\/borlange\/\"},{\"@type\":\"ListItem\",\"position\":2,\"name\":\"Rytmus Prize info\"}]},{\"@type\":\"WebSite\",\"@id\":\"https:\/\/rytmus.se\/borlange\/#website\",\"url\":\"https:\/\/rytmus.se\/borlange\/\",\"name\":\"Borl\u00e4nge\",\"description\":\"MAKE | MUSIC | LIVE\",\"potentialAction\":[{\"@type\":\"SearchAction\",\"target\":{\"@type\":\"EntryPoint\",\"urlTemplate\":\"https:\/\/rytmus.se\/borlange\/?s={search_term_string}\"},\"query-input\":\"required name=search_term_string\"}],\"inLanguage\":\"sv-SE\"}]}<\/script>\n<!-- \/ Yoast SEO plugin. -->","yoast_head_json":{"title":"Borl\u00e4nge","robots":{"index":"index","follow":"follow","max-snippet":"max-snippet:-1","max-image-preview":"max-image-preview:large","max-video-preview":"max-video-preview:-1"},"canonical":"https:\/\/rytmus.se\/borlange\/rytmus-prize-info\/","og_locale":"sv_SE","og_type":"article","og_url":"https:\/\/rytmus.se\/borlange\/rytmus-prize-info\/","og_site_name":"Borl\u00e4nge","article_modified_time":"2024-09-24T11:00:44+00:00","twitter_card":"summary_large_image","schema":{"@context":"https:\/\/schema.org","@graph":[{"@type":"WebPage","@id":"https:\/\/rytmus.se\/borlange\/rytmus-prize-info\/","url":"https:\/\/rytmus.se\/borlange\/rytmus-prize-info\/","name":"Rytmus Prize info - Borl\u00e4nge","isPartOf":{"@id":"https:\/\/rytmus.se\/borlange\/#website"},"datePublished":"2023-06-09T11:56:20+00:00","dateModified":"2024-09-24T11:00:44+00:00","breadcrumb":{"@id":"https:\/\/rytmus.se\/borlange\/rytmus-prize-info\/#breadcrumb"},"inLanguage":"sv-SE","potentialAction":[{"@type":"ReadAction","target":["https:\/\/rytmus.se\/borlange\/rytmus-prize-info\/"]}]},{"@type":"BreadcrumbList","@id":"https:\/\/rytmus.se\/borlange\/rytmus-prize-info\/#breadcrumb","itemListElement":[{"@type":"ListItem","position":1,"name":"Start","item":"https:\/\/rytmus.se\/borlange\/"},{"@type":"ListItem","position":2,"name":"Rytmus Prize info"}]},{"@type":"WebSite","@id":"https:\/\/rytmus.se\/borlange\/#website","url":"https:\/\/rytmus.se\/borlange\/","name":"Borl\u00e4nge","description":"MAKE | MUSIC | LIVE","potentialAction":[{"@type":"SearchAction","target":{"@type":"EntryPoint","urlTemplate":"https:\/\/rytmus.se\/borlange\/?s={search_term_string}"},"query-input":"required name=search_term_string"}],"inLanguage":"sv-SE"}]}},"_links":{"self":[{"href":"https:\/\/rytmus.se\/borlange\/wp-json\/wp\/v2\/pages\/1596"}],"collection":[{"href":"https:\/\/rytmus.se\/borlange\/wp-json\/wp\/v2\/pages"}],"about":[{"href":"https:\/\/rytmus.se\/borlange\/wp-json\/wp\/v2\/types\/page"}],"author":[{"embeddable":true,"href":"https:\/\/rytmus.se\/borlange\/wp-json\/wp\/v2\/users\/3"}],"replies":[{"embeddable":true,"href":"https:\/\/rytmus.se\/borlange\/wp-json\/wp\/v2\/comments?post=1596"}],"version-history":[{"count":6,"href":"https:\/\/rytmus.se\/borlange\/wp-json\/wp\/v2\/pages\/1596\/revisions"}],"predecessor-version":[{"id":1847,"href":"https:\/\/rytmus.se\/borlange\/wp-json\/wp\/v2\/pages\/1596\/revisions\/1847"}],"wp:attachment":[{"href":"https:\/\/rytmus.se\/borlange\/wp-json\/wp\/v2\/media?parent=1596"}],"curies":[{"name":"wp","href":"https:\/\/api.w.org\/{rel}","templated":true}]}}